{"id":13662,"date":"2024-11-13T14:07:17","date_gmt":"2024-11-13T12:07:17","guid":{"rendered":"https:\/\/test.imprimetresde.com\/?page_id=13662"},"modified":"2024-11-13T14:07:22","modified_gmt":"2024-11-13T12:07:22","slug":"inscripcion-cursos-imprimetresde","status":"publish","type":"page","link":"https:\/\/test.imprimetresde.com\/gl\/inscripcion-cursos-imprimetresde\/","title":{"rendered":"Inscripci\u00f3n  Cursos Imprimetresde"},"content":{"rendered":"<p>[vc_row font_color=&#8221;#ec801b&#8221; css=&#8221;.vc_custom_1461494363522{padding-top: 250px !important;padding-bottom: 250px !important;background-image: url(https:\/\/test.imprimetresde.com\/wp-content\/uploads\/2016\/04\/cursos_OPT.jpg?id=2880) !important;}&#8221; background_style=&#8221;parallax&#8221;][vc_column][vc_text_separator title=&#8221;Cursos impresi\u00f3n 3D&#8221; color=&#8221;#ec801b&#8221; subtitle=&#8221;Marca de Impresi\u00f3n en tres dimensi\u00f3ns con sede na Coru\u00f1a&#8221; el_class=&#8221; h1orange&#8221;][\/vc_column][\/vc_row][vc_row type=&#8221;boxed&#8221; css=&#8221;.vc_custom_1400146784650{margin-top: 5% !important;margin-bottom: 5% !important;}&#8221;][vc_column width=&#8221;2\/3&#8243;]<\/p><p>[vc_column_text css=&#8221;.vc_custom_1461514227312{padding-right: 3% !important;}&#8221;]<\/p><h3 class=\"wp-block-heading\">Cursos de impresi\u00f3n 3d , dese\u00f1o e modelado 3d<\/h3><p>Aqui podes realizar a inscripci\u00f3n cursos de <a href=\"https:\/\/test.imprimetresde.com\">imprimetresde.com<\/a>, de impresi\u00f3n 3d e dese\u00f1o-modelado 3d. Ofrecen un primeiro contacto e posterior desenrolo cara a impresi\u00f3n 3D mediante tecnolog\u00eda <a href=\"https:\/\/es.wikipedia.org\/wiki\/Modelado_por_deposici%C3%B3n_fundida\">FDM<\/a> (Fused Deposition Modeling) co obxectivo de obter unha visi\u00f3n xeral do abano de tecnolox\u00edas existentes, co\u00f1ecer as m\u00e1quinas e materiales m\u00e1is empregados, as\u00ed como o software de modelado e impresi\u00f3n, descubrir as posibles aplicaci\u00f3ns presentes e futuras e, en xeral, obter os fundamentos tecnol\u00f3xicos necesarios para introducirse na impresi\u00f3n 3D.<\/p><p>[\/vc_column_text][vc_row_inner css=&#8221;.vc_custom_1461514269872{margin-bottom: 5% !important;}&#8221;][vc_column_inner width=&#8221;1\/2&#8243;][vc_column_text]<\/p><h3 class=\"wp-block-heading\">CURSO de IMPRESION 3D 1. NIVEL B\u00c1SICO (4h)<\/h3><p>Qu\u00e9 \u00e9 a impresi\u00f3n 3D<\/p><p>Tipo, tecnolox\u00edas e materiais<\/p><p>Aplicaci\u00f3ns<\/p><p>Estructura de impresi\u00f3n<\/p><p>Utilizaci\u00f3n b\u00e1sica de unha impresora FDM<\/p><p>Software de modelado<\/p><p>Acabados<\/p><p>Compartir os teus modelos<\/p><p>[\/vc_column_text][\/vc_column_inner][vc_column_inner width=&#8221;1\/2&#8243;][vc_column_text]<\/p><h3 class=\"wp-block-heading\">CURSO de IMPRESION 3D 2. NIVEL AVANZADO (6h)<\/h3><p>-Reparaci\u00f3n e optimizaci\u00f3n de archivos.<br>An\u00e1lise, descripci\u00f3n e uso de materiais t\u00e9cnicos.<\/p><p>-Configuraci\u00f3n avanzada de arquivos:<br>IMPRESI\u00d3N FDM con Ultimaker CURA.<br>IMPRESI\u00d3N RESINA UV con Prusaslicer.<br>T\u00e9cnicas avanzadas de impresi\u00f3n.<br>Modelos multi-part y varios materiales.<\/p><p>-Calibraci\u00f3n da impresora. T\u00e9cnicas.<br>Reparaci\u00f3n b\u00e1sica de problemas.<br>Mantemento e posta a punto.<\/p><p>[\/vc_column_text][\/vc_column_inner][\/vc_row_inner]\n<div class=\"wpcf7 no-js\" id=\"wpcf7-f6461-o1\" lang=\"en-US\" dir=\"ltr\" data-wpcf7-id=\"6461\">\n<div class=\"screen-reader-response\"><p role=\"status\" aria-live=\"polite\" aria-atomic=\"true\"><\/p> <ul><\/ul><\/div>\n<form action=\"\/gl\/wp-json\/wp\/v2\/pages\/13662#wpcf7-f6461-o1\" method=\"post\" class=\"wpcf7-form init\" aria-label=\"Contact form\" novalidate=\"novalidate\" data-status=\"init\">\n<fieldset class=\"hidden-fields-container\"><input type=\"hidden\" name=\"_wpcf7\" value=\"6461\" \/><input type=\"hidden\" name=\"_wpcf7_version\" value=\"6.1.3\" \/><input type=\"hidden\" name=\"_wpcf7_locale\" value=\"en_US\" \/><input type=\"hidden\" name=\"_wpcf7_unit_tag\" value=\"wpcf7-f6461-o1\" \/><input type=\"hidden\" name=\"_wpcf7_container_post\" value=\"0\" \/><input type=\"hidden\" name=\"_wpcf7_posted_data_hash\" value=\"\" \/><input type=\"hidden\" name=\"_wpcf7_recaptcha_response\" value=\"\" \/>\n<\/fieldset>\n<p><b>Inscripci\u00f3n en Cursos de Imprimetresde-I3Dtech<\/b>\n<\/p>\n<p>TARIFAS- Selecciona curso(obligatorio)\n<\/p>\n<p><span class=\"wpcf7-form-control-wrap\" data-name=\"selector-curso\"><select class=\"wpcf7-form-control wpcf7-select wpcf7-validates-as-required\" aria-required=\"true\" aria-invalid=\"false\" name=\"selector-curso\"><option value=\"\">&#8212;Please choose an option&#8212;<\/option><option value=\"Curso B\u00e1sico impresi\u00f3n 3d - 4h (50\u20ac)\">Curso B\u00e1sico impresi\u00f3n 3d - 4h (50\u20ac)<\/option><option value=\"Curso Avanzado Impres\u00f3n 3d - 6h (90\u20ac)\">Curso Avanzado Impres\u00f3n 3d - 6h (90\u20ac)<\/option><option value=\"Curso de modelado con Blender e impresi\u00f3n 3D - 15h (200\u20ac)\">Curso de modelado con Blender e impresi\u00f3n 3D - 15h (200\u20ac)<\/option><option value=\"Curso Nivel B\u00e1sico Rhinoceros 7 - 18h (210\u20ac)\">Curso Nivel B\u00e1sico Rhinoceros 7 - 18h (210\u20ac)<\/option><option value=\"Curso Nivel Avanzado Rhinoceros 7 - 24h (280\u20ac)\">Curso Nivel Avanzado Rhinoceros 7 - 24h (280\u20ac)<\/option><option value=\"Curso Nivel B\u00e1sico-Intermedio ZBrush 2020 - 44h (540\u20ac)\">Curso Nivel B\u00e1sico-Intermedio ZBrush 2020 - 44h (540\u20ac)<\/option><option value=\"Curso Personalizado ZBrush Core (Consultar)\">Curso Personalizado ZBrush Core (Consultar)<\/option><\/select><\/span>\n<\/p>\n<p>Nombre completo (obligatorio)\n<\/p>\n<p><span class=\"wpcf7-form-control-wrap\" data-name=\"your-name\"><input size=\"40\" maxlength=\"400\" class=\"wpcf7-form-control wpcf7-text wpcf7-validates-as-required\" aria-required=\"true\" aria-invalid=\"false\" value=\"\" type=\"text\" name=\"your-name\" \/><\/span>\n<\/p>\n<p>Apellidos (obligatorio)\n<\/p>\n<p><span class=\"wpcf7-form-control-wrap\" data-name=\"your-lastname\"><input size=\"40\" maxlength=\"400\" class=\"wpcf7-form-control wpcf7-text wpcf7-validates-as-required\" aria-required=\"true\" aria-invalid=\"false\" value=\"\" type=\"text\" name=\"your-lastname\" \/><\/span>\n<\/p>\n<p>Direcci\u00f3n (obligatorio)\n<\/p>\n<p><span class=\"wpcf7-form-control-wrap\" data-name=\"your-address\"><input size=\"40\" maxlength=\"400\" class=\"wpcf7-form-control wpcf7-text wpcf7-validates-as-required\" aria-required=\"true\" aria-invalid=\"false\" value=\"\" type=\"text\" name=\"your-address\" \/><\/span>\n<\/p>\n<p>DNI\/pasaporte -sin guiones- (obligatorio)\n<\/p>\n<p><span class=\"wpcf7-form-control-wrap\" data-name=\"your-dni\"><input size=\"40\" maxlength=\"400\" class=\"wpcf7-form-control wpcf7-text wpcf7-validates-as-required\" aria-required=\"true\" aria-invalid=\"false\" value=\"\" type=\"text\" name=\"your-dni\" \/><\/span>\n<\/p>\n<p>Email (obligatorio)\n<\/p>\n<p><span class=\"wpcf7-form-control-wrap\" data-name=\"your-email\"><input size=\"40\" maxlength=\"400\" class=\"wpcf7-form-control wpcf7-email wpcf7-validates-as-required wpcf7-text wpcf7-validates-as-email\" aria-required=\"true\" aria-invalid=\"false\" value=\"\" type=\"email\" name=\"your-email\" \/><\/span>\n<\/p>\n<p>M\u00f3vil de contacto(obligatorio)\n<\/p>\n<p><span class=\"wpcf7-form-control-wrap\" data-name=\"your-movil\"><input size=\"40\" maxlength=\"400\" class=\"wpcf7-form-control wpcf7-tel wpcf7-validates-as-required wpcf7-text wpcf7-validates-as-tel\" aria-required=\"true\" aria-invalid=\"false\" value=\"\" type=\"tel\" name=\"your-movil\" \/><\/span>\n<\/p>\n<p>Nivel de conocimiento Inform\u00e1tico (obligatorio)\n<\/p>\n<p><span class=\"wpcf7-form-control-wrap\" data-name=\"conocimientos\"><select class=\"wpcf7-form-control wpcf7-select wpcf7-validates-as-required\" aria-required=\"true\" aria-invalid=\"false\" name=\"conocimientos\"><option value=\"\">&#8212;Please choose an option&#8212;<\/option><option value=\"Ninguno\">Ninguno<\/option><option value=\"B\u00e1sico. Nivel Usuario\">B\u00e1sico. Nivel Usuario<\/option><option value=\"Avanzado\">Avanzado<\/option><\/select><\/span>\n<\/p>\n<p>Equipamento Inform\u00e1tico disponible (obligatorio)\n<\/p>\n<p><span class=\"wpcf7-form-control-wrap\" data-name=\"equipamiento\"><select class=\"wpcf7-form-control wpcf7-select wpcf7-validates-as-required\" aria-required=\"true\" aria-invalid=\"false\" name=\"equipamiento\"><option value=\"\">&#8212;Please choose an option&#8212;<\/option><option value=\"Ordenador Portatil con Windows (Recomendado)\">Ordenador Portatil con Windows (Recomendado)<\/option><option value=\"Ordenador Portatil con Linux\">Ordenador Portatil con Linux<\/option><option value=\"Ordenador Portatil con Mac OS\">Ordenador Portatil con Mac OS<\/option><option value=\"Ninguno\">Ninguno<\/option><\/select><\/span>\n<\/p>\n<p>M\u00e9todo de pago por antipado (obligatorio)\n<\/p>\n<p><span class=\"wpcf7-form-control-wrap\" data-name=\"pago\"><select class=\"wpcf7-form-control wpcf7-select wpcf7-validates-as-required\" aria-required=\"true\" aria-invalid=\"false\" name=\"pago\"><option value=\"\">&#8212;Please choose an option&#8212;<\/option><option value=\"Tarjeta bancaria\">Tarjeta bancaria<\/option><option value=\"Bizum\">Bizum<\/option><option value=\"Transferencia bancaria\/Ingreso en Cuenta Corrente\">Transferencia bancaria\/Ingreso en Cuenta Corrente<\/option><\/select><\/span>\n<\/p>\n<p>Deseo recibir factura<br \/>\n<span class=\"wpcf7-form-control-wrap\" data-name=\"factura\"><span class=\"wpcf7-form-control wpcf7-radio\"><span class=\"wpcf7-list-item first\"><span class=\"wpcf7-list-item-label\">Si<\/span><input type=\"radio\" name=\"factura\" value=\"Si\" \/><\/span><span class=\"wpcf7-list-item last\"><span class=\"wpcf7-list-item-label\">No<\/span><input type=\"radio\" name=\"factura\" value=\"No\" checked=\"checked\" \/><\/span><\/span><\/span>\n<\/p>\n<p><input class=\"wpcf7-form-control wpcf7-submit has-spinner\" type=\"submit\" value=\"Enviar\" \/>\n<\/p><div class=\"wpcf7-response-output\" aria-hidden=\"true\"><\/div>\n<\/form>\n<\/div>\n[\/vc_column][vc_column width=&#8221;1\/3&#8243;][vc_column_text]<\/p><h6 class=\"wp-block-heading\">Os cursos impartense en formato de grupo reducido (2-8 personas)<\/h6><h6 class=\"wp-block-heading\"><strong>HORARIOS :<\/strong><\/h6><p>VENNES\u00a0TARDE<br>SABADOS\u00a0MA\u00d1\u00c1[\/vc_column_text][vc_column_text]<\/p><h6 class=\"wp-block-heading\"><strong>INSCRIPCIONS:<\/strong><\/h6><p>Si estas interesado en\u00a0participar<br>en alg\u00fan dos nosos cursos\u00a0cont\u00e1ctanos:<br><a href=\"mailto:cursos@imprimetresde.com\">cursos@imprimetresde.com<\/a>[\/vc_column_text]\n    <div class=\"site-social-icons-shortcode\">\n        <ul class=\"left\" >\n            <li class=\"site-social-icons-facebook\"><a target=\"_blank\" href=\"https:\/\/www.facebook.com\/imprimetresde\" ><i class=\"fa fa-facebook\"><\/i><span>Facebook<\/span><\/a><\/li>            <li class=\"site-social-icons-twitter\"><a target=\"_blank\" href=\"http:\/\/twitter.com\/imprimetresde_\" ><i class=\"fa fa-twitter\"><\/i><span>Twitter<\/span><\/a><\/li>                        <li class=\"site-social-icons-pinterest\"><a target=\"_blank\" href=\"https:\/\/www.pinterest.com\/imprimetresde\/\" ><i class=\"fa fa-pinterest\"><\/i><span>Pinterest<\/span><\/a><\/li>                                                            <li class=\"site-social-icons-instagram\"><a target=\"_blank\" href=\"https:\/\/www.instagram.com\/imprimetresde\/\" ><i class=\"fa fa-instagram\"><\/i><span>Instagram<\/span><\/a><\/li>                                <\/ul>\n    <\/div>\n    \n    [\/vc_column][\/vc_row]<\/p>","protected":false},"excerpt":{"rendered":"<p>[vc_row font_color=&#8221;#ec801b&#8221; css=&#8221;.vc_custom_1461494363522{padding-top: 250px !important;padding-bottom: 250px !important;background-image: url(https:\/\/test.imprimetresde.com\/wp-content\/uploads\/2016\/04\/cursos_OPT.jpg?id=2880) !important;}&#8221; background_style=&#8221;parallax&#8221;][vc_column][vc_text_separator title=&#8221;Cursos impresi\u00f3n 3D&#8221; color=&#8221;#ec801b&#8221; subtitle=&#8221;Marca de Impresi\u00f3n en tres dimensi\u00f3ns con sede na Coru\u00f1a&#8221; el_class=&#8221; h1orange&#8221;][\/vc_column][\/vc_row][vc_row type=&#8221;boxed&#8221; css=&#8221;.vc_custom_1400146784650{margin-top: 5% !important;margin-bottom: 5% !important;}&#8221;][vc_column width=&#8221;2\/3&#8243;] [vc_column_text css=&#8221;.vc_custom_1461514227312{padding-right: 3% !important;}&#8221;] Cursos de impresi\u00f3n 3d , dese\u00f1o e modelado 3d Aqui podes realizar a inscripci\u00f3n cursos de imprimetresde.com, de [&hellip;]<\/p>\n","protected":false},"author":1,"featured_media":0,"parent":0,"menu_order":0,"comment_status":"closed","ping_status":"closed","template":"page-full-width.php","meta":{"_vp_format_video_url":"","_vp_image_focal_point":[],"footnotes":""},"class_list":["post-13662","page","type-page","status-publish","hentry"],"_links":{"self":[{"href":"https:\/\/test.imprimetresde.com\/gl\/wp-json\/wp\/v2\/pages\/13662","targetHints":{"allow":["GET"]}}],"collection":[{"href":"https:\/\/test.imprimetresde.com\/gl\/wp-json\/wp\/v2\/pages"}],"about":[{"href":"https:\/\/test.imprimetresde.com\/gl\/wp-json\/wp\/v2\/types\/page"}],"author":[{"embeddable":true,"href":"https:\/\/test.imprimetresde.com\/gl\/wp-json\/wp\/v2\/users\/1"}],"replies":[{"embeddable":true,"href":"https:\/\/test.imprimetresde.com\/gl\/wp-json\/wp\/v2\/comments?post=13662"}],"version-history":[{"count":0,"href":"https:\/\/test.imprimetresde.com\/gl\/wp-json\/wp\/v2\/pages\/13662\/revisions"}],"wp:attachment":[{"href":"https:\/\/test.imprimetresde.com\/gl\/wp-json\/wp\/v2\/media?parent=13662"}],"curies":[{"name":"wp","href":"https:\/\/api.w.org\/{rel}","templated":true}]}}