{"id":5170,"date":"2017-03-23T11:34:45","date_gmt":"2017-03-23T10:34:45","guid":{"rendered":"https:\/\/test.imprimetresde.com\/?page_id=5170\/"},"modified":"2021-06-26T13:21:56","modified_gmt":"2021-06-26T11:21:56","slug":"condicions-de-venda","status":"publish","type":"page","link":"https:\/\/test.imprimetresde.com\/gl\/condicions-de-venda\/","title":{"rendered":"Condici\u00f3ns de Venda"},"content":{"rendered":"<p>Obxecto e \u00e1mbito de aplicaci\u00f3n<\/p>\n<p>As presentes Condici\u00f3ns Xerais de contrataci\u00f3n e utilizaci\u00f3n, te\u00f1en como obxecto regular a posta a disposici\u00f3n da informacion fornecida na tenda online de Imprimetresde, asi como as transacci\u00f3ns comerciais que xurdan entre Imprimetresde e os usuarios do dominio www.imprimetresde.com. Tanto a navegaci\u00f3n pola tenda online como a adquisici\u00f3n de calquera dos produtos ofertados nela, supo\u00f1en a aceptaci\u00f3n como usuario, sen reservas de ningunha clase, de todas e cada unha das presentes condici\u00f3ns xerais de contrataci\u00f3n e utilizaci\u00f3n. Imprimetresde poder\u00e1 en todo momento e sen previo aviso, modificar as presentes condici\u00f3ns xerais de contrataci\u00f3n e uso, asi como as condici\u00f3ns particulares que, no seu caso, se incl\u00faan, mediante a publicaci\u00f3n das devanditas modificaci\u00f3ns na tenda co fin de que poidan ser co\u00f1ecidas polas persoas usuarias, e quedando constancia da data das devanditas modificaci\u00f3ns.<\/p>\n<p>Informaci\u00f3n fornecida no website<\/p>\n<p>Imprimetresde res\u00e9rvase o dereito de modificar a oferta comercial (produtos, prezos, promoci\u00f3ns e outras condici\u00f3ns comerciais e de servizo) presentada en www.imprimetresde.com en calquera momento. Facemos todo os esforzos para ofrecer a informaci\u00f3n contida no website de forma veraz e sen erros tipogr\u00e1ficos. No caso de que nalg\u00fan momento se producise alg\u00fan erro deste tipo, alleo en todo momento \u00e1 vontade de www.imprimetresde.com, proceder\u00edase inmediatamente \u00e1 s\u00faa correcci\u00f3n. De existir un erro tipografico nalg\u00fan dos prezos amosados e alg\u00fan cliente tomase unha decisi\u00f3n de compra baseada nese erro, comunicar\u00e9moslle devandito erro e o cliente ter\u00e1 dereito a rescindir a s\u00faa compra sen ning\u00fan custo pola s\u00faa banda. Do mesmo xeito, \u00e9 posible que os contidos do website poidan mostrar, en ocasi\u00f3ns, informaci\u00f3n provisional sobre alg\u00fans produtos. No caso que a informaci\u00f3n facilitada non correspondese \u00e1s caracter\u00edsticas do produto, o cliente ter\u00e1 dereito a rescindir a s\u00faa compra sen ning\u00fan custo pola s\u00faa banda.<\/p>\n<p>Imprimetresde non \u00e9 responsable nin directa nin indirectamente de ningunha das informaci\u00f3ns, contidos, afirmaci\u00f3ns e expresi\u00f3ns que conte\u00f1an os produtos comercializados no website. Dita responsabilidade recae en todo momento nos editores ou distribuidores dos devanditos produtos.<\/p>\n<p>Responsabilidade de Imprimetresde<\/p>\n<p>Os produtos presentados no website son conformes \u00e1 lexislaci\u00f3n espa\u00f1ola. A responsabilidade de Imprimetresde non pode invocarse no caso de produtos non conformes \u00e1 lexislaci\u00f3n dos pa\u00edses aos que puidesen ser enviados en funci\u00f3n do pedido do cliente. Corresponde, pois, aos clientes de f\u00f3ra de Espa\u00f1a o verificar a posibilidade de importar ou utilizar os produtos que nos soliciten. As\u00ed mesmo, Imprimetresde non se responsabiliza do uso fraudulento ou delituoso que os usuarios poidan facer dos produtos adquiridos no noso website.<\/p>\n<p>O usuario asume toda a responsabilidade derivada do uso do noso website, sendo o \u00fanico responsable de todo efecto directo ou indirecto que sobre o website se derivar, inclu\u00edndo, de forma enunciativa e non limitativa, todo resultado econ\u00f3mico, t\u00e9cnico e\/ou xur\u00eddico adverso, as\u00ed como a defraudaci\u00f3n das expectativas xeradas polo noso website, obrig\u00e1ndose o usuario a manter indemne a Imprimetresde por calquera reclamaci\u00f3ns derivadas, directa ou indirectamente, de tales feitos.<\/p>\n<p>Imprimetresde non se fai responsable dos prexu\u00edzos que se puidesen derivar de interferencias, omisi\u00f3ns, interrupci\u00f3ns, virus inform\u00e1ticos, avar\u00edas e\/ou desconexi\u00f3ns no funcionamento operativo deste sistema electr\u00f3nico ou nos aparellos e equipos inform\u00e1ticos dos usuarios, motivadas por causas alleas a Imprimetresde, que impidan ou atrasen a prestaci\u00f3n dos servizos ou a navegacion pola tenda, nin de atrasos ou bloqueos no uso causados por deficiencias ou sobrecargas da internet ou noutros sistemas electr\u00f3nicos, nin da imposibilidade de dar o servizo ou permitir o acceso por causas non imputables a Imprimetresde, debidas ao usuario, a terceiros, ou a supostos de forza maior. Imprimetresde non controla, con car\u00e1cter xeral, a utilizaci\u00f3n que os usuarios fan do website. En particular, Imprimetresde non garante baixo ning\u00fan extremo que os usuarios utilicen o website de conformidade coa lei, as presentes Condici\u00f3ns Xerais, a moral e bos costumes xeralmente aceptados e a orde p\u00fablica, nin tampouco que o fagan de forma dilixente e prudente.<\/p>\n<p>Obrigas de clientes e usuarios<\/p>\n<p>Con car\u00e1cter xeral, o usuario obr\u00edgase ao cumprimento das presentes condici\u00f3ns xerais, as\u00ed como a cumprir as especiais advertencias ou instruci\u00f3ns de uso contidas nas mesmas ou no website e obrar sempre conforme \u00e1 lei, aos bos costumes e \u00e1s esixencias da boa fe, empregando a dilixencia debida, e abst\u00e9ndose de empregar o website de calquera forma que poida impedir, danar ou deteriorar o normal funcionamento do mesmo, os bens ou dereitos de Imprimetresde, os seus provedores, o resto de usuarios ou en xeral de calquera terceiro. Queda prohibido o acceso e uso do portal aos menores de idade sen o consentimento expreso dos seus pais, Imprimetresde non se responsabiliza da veracidade e exactitude dos datos enchidos polo usuario e, por tanto, non pode constatar a idade dos mesmos.<\/p>\n<p>Concretamente, e sen que iso implique restrici\u00f3n algunha ao apartado anterior, durante a utilizaci\u00f3n do website www.imprimetresde.com o usuario obr\u00edgase a:<\/p>\n<p>a) Facilitar informaci\u00f3n veraz sobre os datos solicitados no formulario de rexistro de usuario ou de realizaci\u00f3n do pedido, e a mantelos actualizados.<\/p>\n<p>b) Non introducir, almacenar ou difundir en ou desde o website, calquera informaci\u00f3n ou material que fose difamatorio, inxurioso, obsceno, ameazador, xen\u00f3fobo, incite \u00e1 violencia \u00e1 discriminaci\u00f3n por raz\u00f3n de raza, sexo, ideolox\u00eda, relixi\u00f3n ou que de calquera forma atente contra a moral, a orde p\u00fablica, os dereitos fundamentais, as liberdades p\u00fablicas, a honra, a intimidade ou a imaxe de terceiros e en xeral a normativa vixente.<\/p>\n<p>c) Non introducir, almacenar ou difundir mediante a tenda ning\u00fan programa, datos, virus, c\u00f3digo, ou calquera outro dispositivo electr\u00f3nico ou f\u00edsico que sexa susceptible de causar danos no website, en calquera dos servizos, ou en calquera dos equipos, sistemas ou redes de Imprimetresde, de calquera outro usuario, dos provedores de Imprimetresde ou en xeral de calquera terceiro.<\/p>\n<p>d) Gardar dilixentemente o &#8220;nome de usuario&#8221; e o &#8220;contrasinal&#8221; que lle sexa facilitada por Imprimetresde, asumindo a responsabilidade polos datos e prexu\u00edzos que puidesen derivarse dun uso indebido dos mesmos.<\/p>\n<p>e) Non realizar actividades publicitarias ou de explotaci\u00f3n comercial a trav\u00e9s do website, e a non utilizar os contidos e a informaci\u00f3n do mesmo para remitir publicidade, ou enviar mensaxes con calquera outro fin comercial, nin para recoller ou almacenar datos persoais de terceiros.<\/p>\n<p>f) Non utilizar identidades falsas, nin suplantar a identidade doutros na utilizaci\u00f3n do website ou na utilizaci\u00f3n de calquera dos servizos do mesmo, inclu\u00edndo a utilizaci\u00f3n no seu caso de contrasinais ou claves de acceso de terceiros ou de calquera outra forma.<\/p>\n<p>g) Non destru\u00edr, alterar, utilizar para o seu uso, inutilizar ou danar os datos, informaci\u00f3ns, programas ou documentos electr\u00f3nicos de Imprimetresde, os seus provedores ou terceiros.<\/p>\n<p>h) Non introducir, almacenar ou difundir mediante a tenda, calquera contido que infrinxa dereitos de propiedade intelectual, industrial ou segredos empresariais de terceiros, nin en xeral ning\u00fan contido do cal non ostentase, de conformidade coa lei, o dereito para po\u00f1elo a disposici\u00f3n de terceiros.<\/p>\n<p>O cliente comprom\u00e9tese a posibilitar a entrega do pedido solicitado facilitando un enderezo de entrega no que poida ser entregado o pedido solicitado dentro do horario habitual de entrega de mercador\u00edas. En caso de incumprimento por parte do cliente desta obriga, Imprimetresde non ter\u00e1 ningunha responsabilidade sobre a demora ou imposibilidade de entrega do pedido solicitado polo cliente.<\/p>\n<p>Realizaci\u00f3n do pedido<\/p>\n<p>Para realizar un pedido \u00e9 necesario conectarse a www.imprimetresde.com, e rexistrarse como usuario, cumprimentando o formulario electr\u00f3nico que en cada momento apareza na tenda e seguindo as instruci\u00f3ns indicadas no mesmo. Tras o rexistro, e para proceder \u00e1 compra de produtos, deber\u00e1 inclu\u00edr o produto que desexa mercar no carri\u00f1o, segundo as indicaci\u00f3ns recollidas en pantalla, cumprimentando a estes efectos o formulario de pedido fornecido e validando o mesmo.<\/p>\n<p>Os prezos e ofertas presentados no website son v\u00e1lidos \u00fanica e exclusivamente para pedidos online realizados en www.Imprimetresde.es e poden non coincidir cos prezos e ofertas vixentes noutras tendas de Imprimetresde.<\/p>\n<p>A validaci\u00f3n do pedido por parte do cliente sup\u00f3n expresamente o co\u00f1ecemento e aceptaci\u00f3n destas condici\u00f3ns xerais de contrataci\u00f3n como parte da celebraci\u00f3n do contrato. Salvo proba en contrario, os datos rexistrados por Imprimetresde constit\u00faen a proba do conxunto de transacci\u00f3ns realizadas entre Imprimetresde e os seus clientes. Imprimetresde arquivar\u00e1 o documento electr\u00f3nico en que se formalice o contrato e este ser\u00e1 accesible.<\/p>\n<p>Unha vez efectuada a compra e no prazo m\u00e1is breve posible, o Servizo de Atenci\u00f3n ao Cliente de Imprimetresde remitiralle por e-mail un comprobante da compra. Se non est\u00e1 dacordo cos datos consignados en dita confirmaci\u00f3n, o cliente poder\u00e1 solicitar a modificacion dos mesmos ou a anulaci\u00f3n do contrato.<\/p>\n<p>Dispo\u00f1ibilidade dos produtos<\/p>\n<p>A selecci\u00f3n de produtos ofrecidos en www.imprimetresde.com \u00e9 v\u00e1lida en tanto que os produtos estean visibles no website, con l\u00edmites de stock dispo\u00f1ibles.<\/p>\n<p>No caso de que existise algunha ruptura de stock ou indispo\u00f1ibilidade puntual dun artigo, Imprimetresde porase en contacto con vostede para comunicarllo de inmediato e darlle un novo prazo de entrega ou proceder \u00e1 anulaci\u00f3n do pedido sen cargo alg\u00fan. En calquera caso, unha demora na entrega respecto dos prazos indicados non dar\u00e1 dereito ao cliente para esixir indemnizaci\u00f3n algunha. A preparaci\u00f3n do pedido faise o mesmo dia h\u00e1bil da recepci\u00f3n do pedido e a confirmaci\u00f3n do pago. O pedido ser\u00e1 enviado o seguinte d\u00eda h\u00e1bil \u00e1o remate da fabricaci\u00f3n do pedido.<\/p>\n<p>Formas de pago<\/p>\n<p>Dispo\u00f1emos de varias modalidades de pago, para que escolla a que m\u00e1is lle conve\u00f1a:<\/p>\n<p>1.- Trasferencia Bancaria:<\/p>\n<p>Pode realizar o seu pedido a trav\u00e9s da nosa web e seleccionar esta forma de pago. Para que poidamos enviar o pedido \u00e9 necesario que nos env\u00ede o xustificante da transferencia por email a administracion@imprimetresde.com<\/p>\n<p>2.- Pago por PayPal<\/p>\n<p>Esta forma de pago ten unha recarga do 2% cun m\u00ednimo de 1 Euro, e \u00e9 completamente segura para o cliente, dado que Imprimetresde desco\u00f1ece o medio de pago utilizado, simplemente recibe confirmaci\u00f3n do mesmo por parte de PayPal para proceder ao env\u00edo do pedido.<\/p>\n<p>Gastos de env\u00edo<\/p>\n<p>Os gastos de env\u00edo e\/ou xesti\u00f3n non est\u00e1n comprendidos no prezo e che ser\u00e1n mostrados antes de finalizar a s\u00faa compra, en funcion do enderezo de env\u00edo de cada pedido. Os custos de env\u00edo a Canarias, Ceuta, Melilla e zonas non pertencentes \u00e1 Uni\u00f3n Aduaneira Europa non incl\u00faen os custos aduaneiros de importaci\u00f3n, que ser\u00e1n pagados en met\u00e1lico en destino polo receptor da mercador\u00eda.<\/p>\n<p>Reclamaci\u00f3ns<\/p>\n<p>Se non queda satisfeito coa s\u00faa compra, pode contactar connosco por e-mail: contacto@imprimetresde.com, ou por tel\u00e9fono, no n\u00famero 717718506, nun prazo m\u00e1ximo de 7 d\u00edas naturais desde a recepci\u00f3n do pedido, indicando claramente cal \u00e9 o problema.<\/p>\n<p>Se o paquete chega en mal estado por culpa do transporte, isto debe constar no albar\u00e1 do transportista ou mesmo non aceptar a entrega. \u00c9 imprescindible que se po\u00f1a en contacto connosco nun prazo m\u00e1ximo de 24 horas desde a entrega. Deste xeito pode xestionarse a pertinente reclamaci\u00f3n ao seguro de transporte.<\/p>\n<p>Devoluci\u00f3ns<\/p>\n<p>O prazo para tramitar unha devoluci\u00f3n ser\u00e1 de 7 d\u00edas a partir da data de recepci\u00f3n por parte do cliente. Para realizar unha devoluci\u00f3n sempre ten que po\u00f1erse en contacto connosco previamente para aceptar a devoluci\u00f3n. S\u00f3 se aceptan devoluci\u00f3ns previamente autorizadas. Unha vez autorizada, as\u00edgnaselle un n\u00famero de devoluci\u00f3n e ind\u00edc\u00e1nselle os datos para o env\u00edo.<\/p>\n<p>As circunstancias que poden provocar unha devoluci\u00f3n son as seguintes:<\/p>\n<p>a) Produto defectuoso de orixe: unha vez que Imprimetresde recepcione o produto defectuoso env\u00edaselle outro. Neste caso o cambio efectuarase sempre polo mesmo artigo ou referencia. Somente lle ser\u00e1 facturado o primeiro env\u00edo, fac\u00e9ndose cargo Imprimetresde dos portes correspondentes \u00e1 devoluci\u00f3n e novo env\u00edo.<\/p>\n<p>b) Produto que, por erro, non corresponde ao do pedido: Imprimetresde correr\u00e1 cos gastos de recollida do produto errado e entrega do correspondente ao do pedido realizado.<\/p>\n<p>Toda mercador\u00eda debe ser devolta na s\u00faa embalaxe orixinal, en perfecto estado e protexida de forma que non se reciba con precintos ou cintas adhesivas de transporte. En caso contrario, Imprimetresde res\u00e9rvase o dereito de rexeitar a devoluci\u00f3n. As devoluci\u00f3ns deben ser entregadas en destino dentro dos 7 d\u00edas posteriores \u00e1 data de aceptaci\u00f3n da devoluci\u00f3n. En caso contrario, ser\u00e1 rexeitada e devolta. Unha vez recibida a mercador\u00eda e comprobado o seu perfecto estado, procederase ao abono do importe se as\u00ed \u00e9 solicitado. Os gastos de transporte orixinados pola devoluci\u00f3n correr\u00e1n a cargo do cliente. O importe do transporte da entrega inicial ser\u00e1 descontado do importe da devoluci\u00f3n.<\/p>\n<p>Reembolso dos importes pagos<\/p>\n<p>O reembolso efectuarase a trav\u00e9s do medio de pago que empregou na compra, excepto no caso de pagar contra reembolso. Neste caso realizarase a devoluci\u00f3n v\u00eda transferencia bancaria. No caso dos pagos totais ou parciais realizados mediante cheques-regalo, estes non poden ser reembolsados nin en efectivo, nin por transferencias, nin mediante cart\u00f3n de cr\u00e9dito. O reembolso das compras realizadas mediante cheque-regalo realizarase exclusivamente mediante un cheque-regalo do mesmo importe ao pago con devandito medio de pago.<\/p>\n<p>Imprimetresde non devolver\u00e1 o importe ou realizar\u00e1 ning\u00fan reenvio de mercancia mentres non se verificase a recepci\u00f3n e estado de embalaxe e accesorios do artigo obxecto da devoluci\u00f3n ou cambio nos nosos almac\u00e9ns. O prezo para devolver \u00e9 o que orixinalmente figuraba no pedido, excepto os gastos de transporte, que s\u00f3 ser\u00e1n devoltos en caso que Imprimetresde sexa responsable da causa de devoluci\u00f3n do produto. Unha vez verificado o correcto estado do produto devolto, Imprimetresde proceder\u00e1 ao reembolso do importe no prazo m\u00e1ximo de 30 d\u00edas.<\/p>\n<p>Garant\u00edas<\/p>\n<p>Os produtos te\u00f1en as garant\u00edas legais aplicables segundo a lei vixente.<\/p>\n<p>Lexislaci\u00f3n aplicable. Submisi\u00f3n a foros<\/p>\n<p>As compravendas realizadas en www.imprimetresde.com som\u00e9tense \u00e1 lexislaci\u00f3n vixente. No caso de que xurda calquera conflito ou discrepancia na interpretaci\u00f3n ou aplicaci\u00f3n das presentes condici\u00f3ns, ambas as d\u00faas partes som\u00e9tense, con renuncia expresa a calquera outro foro, aos Xulgados e Tribunais da Coru\u00f1a (Galiza).<\/p>\n<p>As presentes Condici\u00f3ns Xerais de Contratacion at\u00f3panse actualizadas a data 1-12-2015.<\/p>\n","protected":false},"excerpt":{"rendered":"<p>Obxecto e \u00e1mbito de aplicaci\u00f3n As presentes Condici\u00f3ns Xerais de contrataci\u00f3n e utilizaci\u00f3n, te\u00f1en como obxecto regular a posta a disposici\u00f3n da informacion fornecida na tenda online de Imprimetresde, asi como as transacci\u00f3ns comerciais que xurdan entre Imprimetresde e os usuarios do dominio www.imprimetresde.com. Tanto a navegaci\u00f3n pola tenda online como a adquisici\u00f3n de calquera [&hellip;]<\/p>\n","protected":false},"author":1,"featured_media":0,"parent":0,"menu_order":0,"comment_status":"closed","ping_status":"closed","template":"","meta":{"_vp_format_video_url":"","_vp_image_focal_point":[],"footnotes":""},"class_list":["post-5170","page","type-page","status-publish","hentry"],"_links":{"self":[{"href":"https:\/\/test.imprimetresde.com\/gl\/wp-json\/wp\/v2\/pages\/5170","targetHints":{"allow":["GET"]}}],"collection":[{"href":"https:\/\/test.imprimetresde.com\/gl\/wp-json\/wp\/v2\/pages"}],"about":[{"href":"https:\/\/test.imprimetresde.com\/gl\/wp-json\/wp\/v2\/types\/page"}],"author":[{"embeddable":true,"href":"https:\/\/test.imprimetresde.com\/gl\/wp-json\/wp\/v2\/users\/1"}],"replies":[{"embeddable":true,"href":"https:\/\/test.imprimetresde.com\/gl\/wp-json\/wp\/v2\/comments?post=5170"}],"version-history":[{"count":0,"href":"https:\/\/test.imprimetresde.com\/gl\/wp-json\/wp\/v2\/pages\/5170\/revisions"}],"wp:attachment":[{"href":"https:\/\/test.imprimetresde.com\/gl\/wp-json\/wp\/v2\/media?parent=5170"}],"curies":[{"name":"wp","href":"https:\/\/api.w.org\/{rel}","templated":true}]}}