{"id":5178,"date":"2017-03-23T12:37:03","date_gmt":"2017-03-23T11:37:03","guid":{"rendered":"https:\/\/test.imprimetresde.com\/?page_id=5178\/"},"modified":"2022-12-09T19:55:45","modified_gmt":"2022-12-09T17:55:45","slug":"contacta-connosco","status":"publish","type":"page","link":"https:\/\/test.imprimetresde.com\/gl\/contacta-connosco\/","title":{"rendered":"Contacta connosco"},"content":{"rendered":"<p>[vc_row][vc_column width=&#8221;2\/3&#8243; css=&#8221;.vc_custom_1400323394451{padding-right: 5% !important;}&#8221;][vc_column_text css=&#8221;.vc_custom_1449421353949{padding-bottom: 30px !important;}&#8221;]<\/p>\n<h3>Contacta connosco. Ach\u00e9ganos calquera consulta ou d\u00fabida mediante o seguinte formulario de contacto, incluso algunha idea ou concepto que queiras materializar e respostar\u00e9mosche axi\u00f1a.<\/h3>\n<p>[\/vc_column_text]\n<div class=\"wpcf7 no-js\" id=\"wpcf7-f446-o1\" lang=\"en-US\" dir=\"ltr\" data-wpcf7-id=\"446\">\n<div class=\"screen-reader-response\"><p role=\"status\" aria-live=\"polite\" aria-atomic=\"true\"><\/p> <ul><\/ul><\/div>\n<form action=\"\/gl\/wp-json\/wp\/v2\/pages\/5178#wpcf7-f446-o1\" method=\"post\" class=\"wpcf7-form init\" aria-label=\"Contact form\" enctype=\"multipart\/form-data\" novalidate=\"novalidate\" data-status=\"init\">\n<fieldset class=\"hidden-fields-container\"><input type=\"hidden\" name=\"_wpcf7\" value=\"446\" \/><input type=\"hidden\" name=\"_wpcf7_version\" value=\"6.1.3\" \/><input type=\"hidden\" name=\"_wpcf7_locale\" value=\"en_US\" \/><input type=\"hidden\" name=\"_wpcf7_unit_tag\" value=\"wpcf7-f446-o1\" \/><input type=\"hidden\" name=\"_wpcf7_container_post\" value=\"0\" \/><input type=\"hidden\" name=\"_wpcf7_posted_data_hash\" value=\"\" \/><input type=\"hidden\" name=\"_wpcf7_recaptcha_response\" value=\"\" \/>\n<\/fieldset>\n<p>Tu nombre (obligatorio)\n<\/p>\n<p><span class=\"wpcf7-form-control-wrap\" data-name=\"your-name\"><input size=\"40\" maxlength=\"400\" class=\"wpcf7-form-control wpcf7-text wpcf7-validates-as-required\" aria-required=\"true\" aria-invalid=\"false\" value=\"\" type=\"text\" name=\"your-name\" \/><\/span>\n<\/p>\n<p>Tu Email (obligatorio)\n<\/p>\n<p><span class=\"wpcf7-form-control-wrap\" data-name=\"your-email\"><input size=\"40\" maxlength=\"400\" class=\"wpcf7-form-control wpcf7-email wpcf7-validates-as-required wpcf7-text wpcf7-validates-as-email\" aria-required=\"true\" aria-invalid=\"false\" value=\"\" type=\"email\" name=\"your-email\" \/><\/span>\n<\/p>\n<p>Asunto\n<\/p>\n<p><span class=\"wpcf7-form-control-wrap\" data-name=\"your-subject\"><input size=\"40\" maxlength=\"400\" class=\"wpcf7-form-control wpcf7-text\" aria-invalid=\"false\" value=\"\" type=\"text\" name=\"your-subject\" \/><\/span>\n<\/p>\n<p>Tu Mensaje\n<\/p>\n<p><span class=\"wpcf7-form-control-wrap\" data-name=\"your-message\"><textarea cols=\"40\" rows=\"10\" maxlength=\"2000\" class=\"wpcf7-form-control wpcf7-textarea\" aria-invalid=\"false\" name=\"your-message\"><\/textarea><\/span>\n<\/p>\n<p>Adjuntar un archivo\n<\/p>\n<p><span class=\"wpcf7-form-control-wrap\" data-name=\"file-293\"><input size=\"40\" class=\"wpcf7-form-control wpcf7-file\" accept=\".jpg,.png,.tga,.bmp,.pdf,.dwg,.stl,.3ds,.zip,.tar,.rar\" aria-invalid=\"false\" type=\"file\" name=\"file-293\" \/><\/span>\n<\/p>\n<p><input class=\"wpcf7-form-control wpcf7-submit has-spinner\" type=\"submit\" value=\"Enviar\" \/>\n<\/p><div class=\"wpcf7-response-output\" aria-hidden=\"true\"><\/div>\n<\/form>\n<\/div>\n[\/vc_column][vc_column width=&#8221;1\/3&#8243;][vc_column_text]<\/p>\n<h6><strong>ENDEREZO:<\/strong><\/h6>\n<p><strong>Obradoiro:<\/strong><\/p>\n<p>Rua San Isidoro, 62 Baixo (O&#8217;Colmado)<\/p>\n<p>15007 A Coru\u00f1a<\/p>\n<p><strong>Tenda:<\/strong><\/p>\n<p>R\u00faa Alcalde Canuto Berea, 2.<\/p>\n<p>15003 A Coru\u00f1a<\/p>\n<p>Tlf: 623192454[\/vc_column_text][vc_column_text]<\/p>\n<h6><strong>HORARIO DE FABRICACI\u00d3N:<\/strong><\/h6>\n<p>LUNS 10:30-19:30<br \/>\nMARTES:\u00a010:30-19:30<br \/>\nM\u00c9RCORES: 10:30-19:30<br \/>\nXOVES: 10:30-19:30<br \/>\nVENRES:\u00a010:30-19:30<br \/>\nS\u00c1BADO: CURSOS 10:00-14:00<br \/>\nDOMINGO: PECHADO[\/vc_column_text][vc_column_text]<\/p>\n<h6><strong>COLABORACI\u00d3NS:<\/strong><\/h6>\n<p>Se est\u00e1s interesado en colaborar<br \/>\nconnosco en <a href=\"https:\/\/test.imprimetresde.com\">Imprimetresde<\/a>, cont\u00e1ctanos:<br \/>\ncontacto@imprimetresde.com[\/vc_column_text]\n    <div class=\"site-social-icons-shortcode\">\n        <ul class=\"left\" >\n            <li class=\"site-social-icons-facebook\"><a target=\"_blank\" href=\"https:\/\/www.facebook.com\/imprimetresde\" ><i class=\"fa fa-facebook\"><\/i><span>Facebook<\/span><\/a><\/li>            <li class=\"site-social-icons-twitter\"><a target=\"_blank\" href=\"http:\/\/twitter.com\/imprimetresde_\" ><i class=\"fa fa-twitter\"><\/i><span>Twitter<\/span><\/a><\/li>                        <li class=\"site-social-icons-pinterest\"><a target=\"_blank\" href=\"https:\/\/www.pinterest.com\/imprimetresde\/\" ><i class=\"fa fa-pinterest\"><\/i><span>Pinterest<\/span><\/a><\/li>                                                            <li class=\"site-social-icons-instagram\"><a target=\"_blank\" href=\"https:\/\/www.instagram.com\/imprimetresde\/\" ><i class=\"fa fa-instagram\"><\/i><span>Instagram<\/span><\/a><\/li>                                <\/ul>\n    <\/div>\n    \n    [\/vc_column][\/vc_row]<\/p>\n","protected":false},"excerpt":{"rendered":"<p>Established in late 2012 (yes, in Oxford), Oxford Socks were born out of the desire to create something with a unique design alternative to the mass-produced garments displayed throughout.<\/p>\n","protected":false},"author":1,"featured_media":0,"parent":0,"menu_order":0,"comment_status":"closed","ping_status":"closed","template":"page-contact.php","meta":{"_vp_format_video_url":"","_vp_image_focal_point":[],"footnotes":""},"class_list":["post-5178","page","type-page","status-publish","hentry"],"_links":{"self":[{"href":"https:\/\/test.imprimetresde.com\/gl\/wp-json\/wp\/v2\/pages\/5178","targetHints":{"allow":["GET"]}}],"collection":[{"href":"https:\/\/test.imprimetresde.com\/gl\/wp-json\/wp\/v2\/pages"}],"about":[{"href":"https:\/\/test.imprimetresde.com\/gl\/wp-json\/wp\/v2\/types\/page"}],"author":[{"embeddable":true,"href":"https:\/\/test.imprimetresde.com\/gl\/wp-json\/wp\/v2\/users\/1"}],"replies":[{"embeddable":true,"href":"https:\/\/test.imprimetresde.com\/gl\/wp-json\/wp\/v2\/comments?post=5178"}],"version-history":[{"count":0,"href":"https:\/\/test.imprimetresde.com\/gl\/wp-json\/wp\/v2\/pages\/5178\/revisions"}],"wp:attachment":[{"href":"https:\/\/test.imprimetresde.com\/gl\/wp-json\/wp\/v2\/media?parent=5178"}],"curies":[{"name":"wp","href":"https:\/\/api.w.org\/{rel}","templated":true}]}}