{"id":5212,"date":"2017-03-24T15:12:53","date_gmt":"2017-03-24T14:12:53","guid":{"rendered":"https:\/\/test.imprimetresde.com\/?page_id=5212\/"},"modified":"2024-09-12T19:33:03","modified_gmt":"2024-09-12T17:33:03","slug":"cursos","status":"publish","type":"page","link":"https:\/\/test.imprimetresde.com\/gl\/cursos\/","title":{"rendered":"Cursos"},"content":{"rendered":"<p>Cursos de impresi\u00f3n 3d y dise\u00f1o tridimensional<\/p>\n<p>[vc_row font_color=&#8221;#ec801b&#8221; css=&#8221;.vc_custom_1461494363522{padding-top: 250px !important;padding-bottom: 250px !important;background-image: url(https:\/\/test.imprimetresde.com\/wp-content\/uploads\/2016\/04\/cursos_OPT.jpg?id=2880) !important;}&#8221; background_style=&#8221;parallax&#8221;][vc_column][vc_text_separator title=&#8221;Cursos impresi\u00f3n 3D&#8221; color=&#8221;#ec801b&#8221; subtitle=&#8221;Marca de Impresi\u00f3n en tres dimensiones con sede en A Coru\u00f1a&#8221; el_class=&#8221; h1orange&#8221;][\/vc_column][\/vc_row][vc_row type=&#8221;boxed&#8221; css=&#8221;.vc_custom_1400146784650{margin-top: 5% !important;margin-bottom: 5% !important;}&#8221;][vc_column width=&#8221;2\/3&#8243;][vc_column_text css=&#8221;.vc_custom_1461514369110{padding-right: 3% !important;}&#8221;]<\/p>\r\n<h4A impresi\u00f3n 3D \u00e9 un grupo de tecnolox\u00edas de fabricaci\u00f3n por adici\u00f3n onde un obxecto tridimensional \u00e9 creado mediante a superposici\u00f3n de capas sucesivas de material.<\/h4>\r\n<p>[\/vc_column_text][vc_column_text css=&#8221;.vc_custom_1461514227312{padding-right: 3% !important;}&#8221;]A impresi\u00f3n 3D ou fabricaci\u00f3n aditiva, consiste na creaci\u00f3n de pezas a partir de\u00a0 modelos 3D xenerados con programas inform\u00e1ticos, sen ter que recurrir a moldes, mediante a deposici\u00f3n do material en capas e o seu posterior curado ou secado, mediante luz ultravioleta o emisi\u00f3n de calor, dependendo do tipo de tecnolox\u00eda.\r\n\r\nAs impresoras 3D son polo xeral m\u00e1is r\u00e1pidas, m\u00e1is baratas e m\u00e1is doadas de usar que outras tecnolox\u00edas de fabricaci\u00f3n por adici\u00f3n, a\u00ednda que como calquer proceso industrial, est\u00e1n sometidas a un compromiso entre o seu prezo de adquisici\u00f3n e a tolerancia nas medidas dos obxetos producidos. As impresoras 3D ofrecen aos desarrolladores de produto a capacidade para imprimir partes e montaxes feitos de diferentes materiais con diferentes propiedades f\u00edsicas\u00a0 e mec\u00e1nicas, a cot\u00edo cun simple proceso de montaxe. As tecnolox\u00edas avanzadas de impresi\u00f3n 3D, poden incluso ofrecer modelos que poden servir como prototipos de produto.\r\n<h3>Cursos de impresi\u00f3n 3d y dise\u00f1o tridimensional<\/h3>\r\nOs cursos de <a href=\"https:\/\/test.imprimetresde.com\">imprimetresde.com<\/a> ofrecen un primeiro contacto e posterior desarrollo \u00e1 impresi\u00f3n 3D mediante tecnolog\u00eda FDM (Fused Deposition Modeling) co obxectivo de obter unha visi\u00f3n xeral do abano de tecnolox\u00edas existentes, co\u00f1ecer as m\u00e1quinas e materiais m\u00e1is empregados, as\u00ed como o software de modelado e impresi\u00f3n, descubrir as posibles aplicaci\u00f3ns presentes e futuras e, polo xeral, obter os fundamentos tecnol\u00f3xicos necesarios para introducirse na impresi\u00f3n 3D.[\/vc_column_text][vc_row_inner css=&#8221;.vc_custom_1461514269872{margin-bottom: 5% !important;}&#8221;][vc_column_inner width=&#8221;1\/2&#8243;][vc_column_text]<h3 style=\"text-align: left;\">CURSO de IMPRESION 3D 1. NIVEL B\u00c1SICO (4h)<\/h3>\r\n<p style=\"text-align: left;\">Qu\u00e9 \u00e9 a impresi\u00f3n 3D<\/p>\r\n<p style=\"text-align: left;\">Tipo, tecnolox\u00edas e materiales<\/p>\r\n<p style=\"text-align: left;\">Aplicaci\u00f3ns<\/p>\r\n<p style=\"text-align: left;\">Estructura da impresi\u00f3n<\/p>\r\n<p style=\"text-align: left;\">Utilizaci\u00f3n b\u00e1sica de unha impresora FDM<\/p>\r\n<p style=\"text-align: left;\">Software de modelado<\/p>\r\n<p style=\"text-align: left;\">Acabados<\/p>\r\n<p style=\"text-align: left;\">Compartir os teus modelos<\/p>[\/vc_column_text][\/vc_column_inner][vc_column_inner width=&#8221;1\/2&#8243;][vc_column_text]<h3 style=\"text-align: left;\">CURSO de IMPRESION 3D 2. NIVEL AVANZADO (6h)<\/h3>\r\n<p style=\"text-align: left;\">-Reparaci\u00f3n e optimizaci\u00f3n de arquivos.\r\nAn\u00e1lise, descripci\u00f3n e uso de materiais t\u00e9cnicos.<\/p>\r\n<p style=\"text-align: left;\">-Configuraci\u00f3n avanzada de arquivos:\r\nIMPRESI\u00d3N FDM con Ultimaker CURA.\r\nIMPRESI\u00d3N RESINA UV con Prusaslicer.\r\nT\u00e9cnicas avanzadas de impresi\u00f3n.\r\nModelos multi-part e varios materiais.<\/p>\r\n<p style=\"text-align: left;\">-Calibraci\u00f3n da impresora. T\u00e9cnicas.\r\nReparaci\u00f3n b\u00e1sica de problemas.\r\nMantemento e posta a punto.<\/p>[\/vc_column_text][\/vc_column_inner][\/vc_row_inner]<\/p>\r\n<p>[vc_column_text]<h5><a href=\"\/?page_id=6462\">PRECIOS E INSCRIPCI\u00d3N A OS NOSOS CURSOS (FAI CLIC AQUI)<\/a><\/h5>[\/vc_column_text]<\/p>\r\n<div class=\"wpcf7 no-js\" id=\"wpcf7-f2891-o1\" lang=\"en-US\" dir=\"ltr\" data-wpcf7-id=\"2891\">\n<div class=\"screen-reader-response\"><p role=\"status\" aria-live=\"polite\" aria-atomic=\"true\"><\/p> <ul><\/ul><\/div>\n<form action=\"\/gl\/wp-json\/wp\/v2\/pages\/5212#wpcf7-f2891-o1\" method=\"post\" class=\"wpcf7-form init\" aria-label=\"Contact form\" novalidate=\"novalidate\" data-status=\"init\">\n<fieldset class=\"hidden-fields-container\"><input type=\"hidden\" name=\"_wpcf7\" value=\"2891\" \/><input type=\"hidden\" name=\"_wpcf7_version\" value=\"6.1.3\" \/><input type=\"hidden\" name=\"_wpcf7_locale\" value=\"en_US\" \/><input type=\"hidden\" name=\"_wpcf7_unit_tag\" value=\"wpcf7-f2891-o1\" \/><input type=\"hidden\" name=\"_wpcf7_container_post\" value=\"0\" \/><input type=\"hidden\" name=\"_wpcf7_posted_data_hash\" value=\"\" \/><input type=\"hidden\" name=\"_wpcf7_recaptcha_response\" value=\"\" \/>\n<\/fieldset>\n<p><b>Solicitar informaci\u00f3n sobre nuestros Cursos<\/b>\n<\/p>\n<p>Tu nombre (obligatorio)\n<\/p>\n<p><span class=\"wpcf7-form-control-wrap\" data-name=\"your-name\"><input size=\"40\" maxlength=\"400\" class=\"wpcf7-form-control wpcf7-text wpcf7-validates-as-required\" aria-required=\"true\" aria-invalid=\"false\" value=\"\" type=\"text\" name=\"your-name\" \/><\/span>\n<\/p>\n<p>Tu Email (obligatorio)\n<\/p>\n<p><span class=\"wpcf7-form-control-wrap\" data-name=\"your-email\"><input size=\"40\" maxlength=\"400\" class=\"wpcf7-form-control wpcf7-email wpcf7-validates-as-required wpcf7-text wpcf7-validates-as-email\" aria-required=\"true\" aria-invalid=\"false\" value=\"\" type=\"email\" name=\"your-email\" \/><\/span>\n<\/p>\n<p>Selecciona curso\n<\/p>\n<p><span class=\"wpcf7-form-control-wrap\" data-name=\"menu-46\"><select class=\"wpcf7-form-control wpcf7-select wpcf7-validates-as-required\" aria-required=\"true\" aria-invalid=\"false\" name=\"menu-46\"><option value=\"\">&#8212;Please choose an option&#8212;<\/option><option value=\"Curso B\u00e1sico impresi\u00f3n 3d - 4h (50\u20ac)\">Curso B\u00e1sico impresi\u00f3n 3d - 4h (50\u20ac)<\/option><option value=\"Curso Avanzado Impres\u00f3n 3d - 6h (90\u20ac)\">Curso Avanzado Impres\u00f3n 3d - 6h (90\u20ac)<\/option><option value=\"Curso de modelado con Blender e impresi\u00f3n 3D - 15h (200\u20ac)\">Curso de modelado con Blender e impresi\u00f3n 3D - 15h (200\u20ac)<\/option><option value=\"Curso Nivel B\u00e1sico Rhinoceros 7 - 18h (210\u20ac)\">Curso Nivel B\u00e1sico Rhinoceros 7 - 18h (210\u20ac)<\/option><option value=\"Curso Nivel Avanzado Rhinoceros 7 - 24h (280\u20ac)\">Curso Nivel Avanzado Rhinoceros 7 - 24h (280\u20ac)<\/option><option value=\"Curso Nivel B\u00e1sico-Intermedio ZBrush 2020 - 44h (540\u20ac)\">Curso Nivel B\u00e1sico-Intermedio ZBrush 2020 - 44h (540\u20ac)<\/option><option value=\"Curso Personalizado ZBrush Core (Consultar)\">Curso Personalizado ZBrush Core (Consultar)<\/option><\/select><\/span>\n<\/p>\n<p>Tu Mensaje\n<\/p>\n<p><span class=\"wpcf7-form-control-wrap\" data-name=\"your-message\"><textarea cols=\"40\" rows=\"10\" maxlength=\"2000\" class=\"wpcf7-form-control wpcf7-textarea\" aria-invalid=\"false\" name=\"your-message\"><\/textarea><\/span>\n<\/p>\n<p><input class=\"wpcf7-form-control wpcf7-submit has-spinner\" type=\"submit\" value=\"Enviar\" \/>\n<\/p><div class=\"wpcf7-response-output\" aria-hidden=\"true\"><\/div>\n<\/form>\n<\/div>\n[\/vc_column][vc_column width=&#8221;1\/3&#8243;][vc_column_text]<h6>Os cursos se imparten en formato de grupo reducido (2-8 personas)<\/h6>\r\n<h6><strong>HORARIOS :<\/strong><\/h6>\r\nMARTES E XOVES TARDE\r\nSABADOS\u00a0MA\u00d1ANA[\/vc_column_text][vc_column_text]<\/p>\r\n<h6><strong>INSCRIPCIONS:<\/strong><\/h6>\r\n<p>Si estas interesado en&nbsp;participar<br>en algun dos nosos cursos&nbsp;cont\u00e1ctanos:<br><a href=\"mailto:cursos@imprimetresde.com\">cursos@imprimetresde.com<\/a><br>ou ben <a style=\"font-size:1.5em; text-decoration:underline;\">Inscr\u00edbete aqu\u00ed<\/a>[\/vc_column_text]\n    <div class=\"site-social-icons-shortcode\">\n        <ul class=\"left\" >\n            <li class=\"site-social-icons-facebook\"><a target=\"_blank\" href=\"https:\/\/www.facebook.com\/imprimetresde\" ><i class=\"fa fa-facebook\"><\/i><span>Facebook<\/span><\/a><\/li>            <li class=\"site-social-icons-twitter\"><a target=\"_blank\" href=\"http:\/\/twitter.com\/imprimetresde_\" ><i class=\"fa fa-twitter\"><\/i><span>Twitter<\/span><\/a><\/li>                        <li class=\"site-social-icons-pinterest\"><a target=\"_blank\" href=\"https:\/\/www.pinterest.com\/imprimetresde\/\" ><i class=\"fa fa-pinterest\"><\/i><span>Pinterest<\/span><\/a><\/li>                                                            <li class=\"site-social-icons-instagram\"><a target=\"_blank\" href=\"https:\/\/www.instagram.com\/imprimetresde\/\" ><i class=\"fa fa-instagram\"><\/i><span>Instagram<\/span><\/a><\/li>                                <\/ul>\n    <\/div>\n    \n    [\/vc_column][\/vc_row]<\/p>","protected":false},"excerpt":{"rendered":"<p>Cursos de impresi\u00f3n 3d y dise\u00f1o tridimensional [vc_row font_color=&#8221;#ec801b&#8221; css=&#8221;.vc_custom_1461494363522{padding-top: 250px !important;padding-bottom: 250px !important;background-image: url(https:\/\/test.imprimetresde.com\/wp-content\/uploads\/2016\/04\/cursos_OPT.jpg?id=2880) !important;}&#8221; background_style=&#8221;parallax&#8221;][vc_column][vc_text_separator title=&#8221;Cursos impresi\u00f3n 3D&#8221; color=&#8221;#ec801b&#8221; subtitle=&#8221;Marca de Impresi\u00f3n en tres dimensiones con sede en A Coru\u00f1a&#8221; el_class=&#8221; h1orange&#8221;][\/vc_column][\/vc_row][vc_row type=&#8221;boxed&#8221; css=&#8221;.vc_custom_1400146784650{margin-top: 5% !important;margin-bottom: 5% !important;}&#8221;][vc_column width=&#8221;2\/3&#8243;][vc_column_text css=&#8221;.vc_custom_1461514369110{padding-right: 3% !important;}&#8221;]<\/p>\n","protected":false},"author":1,"featured_media":0,"parent":0,"menu_order":0,"comment_status":"closed","ping_status":"closed","template":"page-full-width.php","meta":{"_vp_format_video_url":"","_vp_image_focal_point":[],"footnotes":""},"class_list":["post-5212","page","type-page","status-publish","hentry"],"_links":{"self":[{"href":"https:\/\/test.imprimetresde.com\/gl\/wp-json\/wp\/v2\/pages\/5212","targetHints":{"allow":["GET"]}}],"collection":[{"href":"https:\/\/test.imprimetresde.com\/gl\/wp-json\/wp\/v2\/pages"}],"about":[{"href":"https:\/\/test.imprimetresde.com\/gl\/wp-json\/wp\/v2\/types\/page"}],"author":[{"embeddable":true,"href":"https:\/\/test.imprimetresde.com\/gl\/wp-json\/wp\/v2\/users\/1"}],"replies":[{"embeddable":true,"href":"https:\/\/test.imprimetresde.com\/gl\/wp-json\/wp\/v2\/comments?post=5212"}],"version-history":[{"count":0,"href":"https:\/\/test.imprimetresde.com\/gl\/wp-json\/wp\/v2\/pages\/5212\/revisions"}],"wp:attachment":[{"href":"https:\/\/test.imprimetresde.com\/gl\/wp-json\/wp\/v2\/media?parent=5212"}],"curies":[{"name":"wp","href":"https:\/\/api.w.org\/{rel}","templated":true}]}}