{"id":5988,"date":"2017-11-06T20:53:08","date_gmt":"2017-11-06T19:53:08","guid":{"rendered":"https:\/\/test.imprimetresde.com\/?page_id=5988\/"},"modified":"2022-12-09T20:07:04","modified_gmt":"2022-12-09T18:07:04","slug":"mais-informacion-acerca-das-cookies","status":"publish","type":"page","link":"https:\/\/test.imprimetresde.com\/gl\/mais-informacion-acerca-das-cookies\/","title":{"rendered":"M\u00e1is informaci\u00f3n sobre as cookies"},"content":{"rendered":"<h2>Que \u00e9 unha cookie?<\/h2>\n<p>Unha <em>cookie<\/em> \u00e9 un ficheiro de texto <b>inofensivo<\/b> que se almacena no seu navegador cando visita case calquera p\u00e1xina web. A utilidade da <em>cookie<\/em> \u00e9 que a web sexa capaz de lembrar a s\u00faa visita cando volva navegar por esa p\u00e1xina. A\u00ednda que moita xente non o sabe, as <em>cookies<\/em> levan utiliz\u00e1ndose desde hai 20 anos, cando apareceron os primeiros navegadores para a World Wide Web.<\/p>\n<h2>Que NON \u00c9 unha cookie?<\/h2>\n<p>Non \u00e9 un virus, nin un troiano, nin un verme, nin spam, nin spyware, nin abre xanelas pop-up.<\/p>\n<h2>Que informaci\u00f3n almacena unha <em>cookie<\/em>?<\/h2>\n<p>As <em>cookies<\/em> non adoitan almacenar informaci\u00f3n sensible sobre vostede, como cart\u00f3ns de cr\u00e9dito ou datos bancarios, fotograf\u00edas, o seu DNI ou informaci\u00f3n persoal, etc. Os datos que gardan son de car\u00e1cter t\u00e9cnico, preferencias persoais, personalizaci\u00f3n de contidos, etc.<\/p>\n<p>O servidor web non o asocia a vostede como persoa, sen\u00f3n ao seu navegador web. De feito, se vostede navega habitualmente con Internet Explorer e proba a navegar pola mesma web con Firefox ou Chrome ver\u00e1 que a web non se d\u00e1 conta de que \u00e9 vostede a mesma persoa, porque en realidade est\u00e1 a asociar o navegador, non a persoa.<\/p>\n<h2>Que tipo de <em>cookies<\/em> existen?<\/h2>\n<ul>\n<li><em>Cookies<\/em> t\u00e9cnicas: Son as m\u00e1is elementais e permiten, entre outras cousas, saber cando est\u00e1 a navegar un humano ou unha aplicaci\u00f3n automatizada, cando navega un usuario an\u00f3nimo e un rexistrado, tarefas b\u00e1sicas para o funcionamento de calquera web din\u00e1mica.<\/li>\n<li><em>Cookies<\/em> de an\u00e1lise: Recollen informaci\u00f3n sobre o tipo de navegaci\u00f3n que est\u00e1 a realizar, as secci\u00f3ns que m\u00e1is utiliza, produtos consultados, franxa horaria de uso, idioma, etc.<\/li>\n<li><em>Cookies<\/em> publicitarias: Mostran publicidade en funci\u00f3n da s\u00faa navegaci\u00f3n, o seu pa\u00eds de procedencia, idioma, etc.<\/li>\n<\/ul>\n<h2>Que son as <em>cookies<\/em> propias e as de terceiros?<\/h2>\n<p>As <em>cookies propias<\/em> son as xeradas pola p\u00e1xina que est\u00e1 a visitar e as <em>de terceiros<\/em> son as xeradas por servizos ou provedores externos como Facebook, Twitter, Google, etc.<\/p>\n<h2>Que ocorre se desactivo as <em>cookies<\/em>?<\/h2>\n<p>Para que entenda o alcance que pode ter desactivar as <em>cookies<\/em> mostr\u00e1moslle uns exemplos:<\/p>\n<ul>\n<li>Non poder\u00e1 compartir contidos desa web en Facebook, Twitter ou calquera outra rede social.<\/li>\n<li>O sitio web non poder\u00e1 adaptar os contidos \u00e1s s\u00faas preferencias persoais, como adoita ocorrer nas tendas online.<\/li>\n<li>Non poder\u00e1 acceder \u00e1 \u00e1rea persoal desa web, por exemplo <em>A mi\u00f1a conta<\/em>, ou <em>O meu perfil<\/em> ou <em>Os meus pedidos<\/em>.<\/li>\n<li>Tendas online: Seralle imposible realizar compras online, ter\u00e1n que ser telef\u00f3nicas ou visitando a tenda f\u00edsica, se \u00e9 que disp\u00f3n dela.<\/li>\n<li>Non ser\u00e1 posible personalizar as s\u00faas preferencias xeogr\u00e1ficas como franxa horaria, divisa ou idioma.<\/li>\n<li>O sitio web non poder\u00e1 realizar anal\u00edticas web sobre visitantes e tr\u00e1fico na web, o que dificultar\u00e1 que a web sexa competitiva.<\/li>\n<li>Non poder\u00e1 escribir no blogue, non poder\u00e1 subir fotos, publicar comentarios, valorar ou puntuar contidos. A web tampouco poder\u00e1 saber se vostede \u00e9 un humano ou unha aplicaci\u00f3n automatizada que publica <em>spam<\/em>.<\/li>\n<li>Non se poder\u00e1 mostrar publicidade sectorizada, o que reducir\u00e1 os ingresos publicitarios da web.<\/li>\n<li>Todas as redes sociais usan <em>cookies<\/em>, se as desactiva non poder\u00e1 utilizar ningunha rede social.<\/li>\n<\/ul>\n<h2>P\u00f3dense eliminar as <em>cookies<\/em>?<\/h2>\n<p>Si. Non s\u00f3 eliminar, tam\u00e9n bloquear, de forma xeral ou particular para un dominio espec\u00edfico.<\/p>\n<p>Para eliminar as <em>cookies<\/em> dun sitio web debe ir \u00e1 configuraci\u00f3n do seu navegador e al\u00ed poder\u00e1 buscar as asociadas ao dominio en cuesti\u00f3n e proceder \u00e1 s\u00faa eliminaci\u00f3n.<\/p>\n<h2>Configuraci\u00f3n de <em>cookies<\/em> para os navegadores m\u00e1is populares<\/h2>\n<p>A continuaci\u00f3n indic\u00e1moslle como acceder a unha <em>cookie<\/em> determinada do navegador <b>Chrome<\/b>. Nota: estes pasos poden variar en funci\u00f3n da versi\u00f3n do navegador:<\/p>\n<ol>\n<li>Vaia a Configuraci\u00f3n ou Preferencias mediante o men\u00fa Arquivo ou ben picando a icona de personalizaci\u00f3n que aparece arriba \u00e1 dereita.<\/li>\n<li>Ver\u00e1 diferentes secci\u00f3ns, pique a opci\u00f3n <em>Mostrar opci\u00f3ns avanzadas<\/em>.<\/li>\n<li>Vaia a <em>Privacidade<\/em>, <em>Configuraci\u00f3n de contido<\/em>.<\/li>\n<li>Seleccione <em>Todas as <em>cookies<\/em> e os datos de sitios<\/em>.<\/li>\n<li>Aparecer\u00e1 unha listaxe con todas as <em>cookies<\/em> ordenadas por dominio. Para que lle sexa m\u00e1is f\u00e1cil atopar as <em>cookies<\/em> dun determinado dominio, introduza parcial ou totalmente a direcci\u00f3n no campo <em>Buscar cookies<\/em>.<\/li>\n<li>Tras realizar este filtro aparecer\u00e1n en pantalla unha ou varias li\u00f1as coas <em>cookies<\/em> da web solicitada. Agora s\u00f3 ten que seleccionala e pulsar o <em>X<\/em> para proceder \u00e1 s\u00faa eliminaci\u00f3n.<\/li>\n<\/ol>\n<p>Para acceder \u00e1 configuraci\u00f3n de <em>cookies<\/em> do navegador <b>Internet Explorer<\/b> siga estes pasos (poden variar en funci\u00f3n da versi\u00f3n do navegador):<\/p>\n<ol>\n<li>Vaia a <em>Ferramentas<\/em>, <em>Opci\u00f3ns da internet<\/em><\/li>\n<li>Faga click en <em>Privacidade<\/em>.<\/li>\n<li>Mova o deslizador ata axustar o nivel de privacidade que desexe.<\/li>\n<\/ol>\n<p>Para acceder \u00e1 configuraci\u00f3n de <em>cookies<\/em> do navegador <b>Firefox<\/b> siga estes pasos (poden variar en funci\u00f3n da versi\u00f3n do navegador):<\/p>\n<ol>\n<li>Vaia a <em>Opci\u00f3ns<\/em> ou <em>Preferencias<\/em> segundo o seu sistema operativo.<\/li>\n<li>Faga click en <em>Privacidade<\/em>.<\/li>\n<li>En <em>Historial<\/em> elixa <em>Usar unha configuraci\u00f3n personalizada para o historial<\/em>.<\/li>\n<li>Agora ver\u00e1 a opci\u00f3n <em>Aceptar cookies<\/em>, pode activala ou desactivala segundo as s\u00faas preferencias.<\/li>\n<\/ol>\n<p>Para acceder \u00e1 configuraci\u00f3n de <em>cookies<\/em> do navegador <b>Safari para OSX<\/b> siga estes pasos (poden variar en funci\u00f3n da versi\u00f3n do navegador):<\/p>\n<ol>\n<li>Vaia a <em>Preferencias<\/em>, logo <em>Privacidade<\/em>.<\/li>\n<li>Neste lugar ver\u00e1 a opci\u00f3n <em>Bloquear cookies<\/em> para que axuste o tipo de bloqueo que desexa realizar.<\/li>\n<\/ol>\n<p>Para acceder \u00e1 configuraci\u00f3n de <em>cookies<\/em> do navegador <b>Safari para iOS<\/b> siga estes pasos (poden variar en funci\u00f3n da versi\u00f3n do navegador):<\/p>\n<ol>\n<li>Vaia a <em>Axustes<\/em>, daquela <em>Safari<\/em>.<\/li>\n<li>Vaia a <em>Privacidade e Seguridade<\/em>, ver\u00e1 a opci\u00f3n <em>Bloquear cookies<\/em> para que axuste o tipo de bloqueo que desexa realizar.<\/li>\n<\/ol>\n<p>Para acceder \u00e1 configuraci\u00f3n de <em>cookies<\/em> do navegador para dispositivos <b>Android<\/b> siga estes pasos (poden variar en funci\u00f3n da versi\u00f3n do navegador):<\/p>\n<ol>\n<li>Execute o navegador e pulse a tecla <em>Men\u00fa<\/em>, logo <em>Axustes<\/em>.<\/li>\n<li>Vaia a <em>Seguridade e Privacidade<\/em>, ver\u00e1 a opci\u00f3n <em>Aceptar cookies<\/em> para que active ou desactive a casa.<\/li>\n<\/ol>\n<p>Para acceder \u00e1 configuraci\u00f3n de <em>cookies<\/em> do navegador para dispositivos <b>Windows Phone<\/b> siga estes pasos (poden variar en funci\u00f3n da versi\u00f3n do navegador):<\/p>\n<ol>\n<li>Abra <em>Internet Explorer<\/em>, logo <em>M\u00e1is<\/em>, logo <em>Configuraci\u00f3n<\/em><\/li>\n<li>Agora pode activar ou desactivar a casa <em>Permitir cookies<\/em>.<\/li>\n<\/ol>\n","protected":false},"excerpt":{"rendered":"<p>Que \u00e9 unha cookie? Unha cookie \u00e9 un ficheiro de texto inofensivo que se almacena no seu navegador cando visita case calquera p\u00e1xina web. A utilidade da cookie \u00e9 que a web sexa capaz de lembrar a s\u00faa visita cando volva navegar por esa p\u00e1xina. A\u00ednda que moita xente non o sabe, as cookies levan [&hellip;]<\/p>\n","protected":false},"author":1,"featured_media":0,"parent":0,"menu_order":0,"comment_status":"closed","ping_status":"closed","template":"","meta":{"_vp_format_video_url":"","_vp_image_focal_point":[],"footnotes":""},"class_list":["post-5988","page","type-page","status-publish","hentry"],"_links":{"self":[{"href":"https:\/\/test.imprimetresde.com\/gl\/wp-json\/wp\/v2\/pages\/5988","targetHints":{"allow":["GET"]}}],"collection":[{"href":"https:\/\/test.imprimetresde.com\/gl\/wp-json\/wp\/v2\/pages"}],"about":[{"href":"https:\/\/test.imprimetresde.com\/gl\/wp-json\/wp\/v2\/types\/page"}],"author":[{"embeddable":true,"href":"https:\/\/test.imprimetresde.com\/gl\/wp-json\/wp\/v2\/users\/1"}],"replies":[{"embeddable":true,"href":"https:\/\/test.imprimetresde.com\/gl\/wp-json\/wp\/v2\/comments?post=5988"}],"version-history":[{"count":0,"href":"https:\/\/test.imprimetresde.com\/gl\/wp-json\/wp\/v2\/pages\/5988\/revisions"}],"wp:attachment":[{"href":"https:\/\/test.imprimetresde.com\/gl\/wp-json\/wp\/v2\/media?parent=5988"}],"curies":[{"name":"wp","href":"https:\/\/api.w.org\/{rel}","templated":true}]}}