{"id":5990,"date":"2017-11-06T20:54:56","date_gmt":"2017-11-06T19:54:56","guid":{"rendered":"https:\/\/test.imprimetresde.com\/?page_id=5990\/"},"modified":"2017-11-06T20:54:56","modified_gmt":"2017-11-06T19:54:56","slug":"politica-de-cookies","status":"publish","type":"page","link":"https:\/\/test.imprimetresde.com\/gl\/politica-de-cookies\/","title":{"rendered":"Pol\u00edtica de cookies"},"content":{"rendered":"<h1>Pol\u00edtica de cookies<\/h1>\n<p>Unha <em>cookie<\/em> \u00e9 un pequeno ficheiro de texto que se almacena no seu navegador cando visita case calquera p\u00e1xina web. A s\u00faa utilidade \u00e9 que a web sexa capaz de lembrar a s\u00faa visita cando volva navegar por esa p\u00e1xina. As <em>cookies<\/em> adoitan almacenar informaci\u00f3n de car\u00e1cter t\u00e9cnico, preferencias persoais, personalizaci\u00f3n de contidos, estat\u00edsticas de uso, ligaz\u00f3ns a redes sociais, acceso a contas de usuario, etc. O obxectivo da <em>cookie<\/em> \u00e9 adaptar o contido da web ao seu perfil e necesidades, sen <em>cookies<\/em> os servizos ofrecidos por calquera p\u00e1xina ver\u00edanse minguados notablemente. Se desexa consultar m\u00e1is informaci\u00f3n sobre que son as <em>cookies<\/em>, que almacenan, como eliminalas, desactivalas, etc., <a href=\"https:\/\/test.imprimetresde.com\/mas-informacion-sobre-as-cookies\/\">rog\u00e1moslle dir\u00edxase a esta ligaz\u00f3n.<\/a><\/p>\n<h2>Cookies utilizadas neste sitio web<\/h2>\n<p>Seguindo as directrices da Axencia Espa\u00f1ola de Protecci\u00f3n de Datos procedemos a detallar o uso de <em>cookies<\/em> que fai esta web co fin de informarlle coa m\u00e1xima exactitude posible.<\/p>\n<p>Este sitio web utiliza as seguintes <strong>cookies propias<\/strong>:<\/p>\n<ul>\n<li>Cookies de sesi\u00f3n, para garantir que os usuarios que escriban comentarios no blogue sexan humanos e non aplicaci\u00f3ns automatizadas. Desta forma comb\u00e1tese o <em>spam<\/em>.<\/li>\n<\/ul>\n<p>Este sitio web utiliza as seguintes <strong>cookies de terceiros<\/strong>:<\/p>\n<ul>\n<li>Google Analytics: Almacena <em>cookies<\/em> para poder elaborar estat\u00edsticas sobre o tr\u00e1fico e volume de visitas desta web. Ao utilizar este sitio web est\u00e1 a consentir o tratamento de informaci\u00f3n acerca de vostede por Google. Por tanto, o exercicio de calquera dereito neste sentido deber\u00e1 facelo comunicando directamente con Google.<\/li>\n<li>Redes sociais: Cada rede social utiliza as s\u00faas propias <em>cookies<\/em> para que vostede poida picar en bot\u00f3ns do tipo <em>G\u00fastame<\/em> ou <em>Compartir<\/em>.<\/li>\n<\/ul>\n<h2>Desactivaci\u00f3n ou eliminaci\u00f3n de cookies<\/h2>\n<p>En calquera momento poder\u00e1 exercer o seu dereito de desactivaci\u00f3n ou eliminaci\u00f3n de cookies deste sitio web. Estas acci\u00f3ns real\u00edzanse de forma diferente en funci\u00f3n do navegador que estea a usar. <a href=\"https:\/\/test.imprimetresde.com\/mas-informacion-sobre-as-cookies\/#navegadores\">Aqu\u00ed deix\u00e1moslle unha gu\u00eda r\u00e1pida para os navegadores m\u00e1is populares<\/a>.<\/p>\n<h2>Notas adicionais<\/h2>\n<ul>\n<li>Nin esta web nin os seus representantes legais fanse responsables nin do contido nin da veracidade das pol\u00edticas de privacidade que poidan ter os terceiros mencionados nesta pol\u00edtica de <em>cookies<\/em>.<\/li>\n<li>A navegadores web son as ferramentas encargadas de almacenar as <em>cookies<\/em> e desde este lugar debe efectuar o seu dereito a eliminaci\u00f3n ou desactivaci\u00f3n das mesmas. Nin esta web nin os seus representantes legais poden garantir a correcta ou incorrecta manipulaci\u00f3n das <em>cookies<\/em> por parte dos mencionados navegadores.<\/li>\n<li>Nalg\u00fans casos \u00e9 necesario instalar <em>cookies<\/em> para que o navegador non esqueza a s\u00faa decisi\u00f3n de non aceptaci\u00f3n das mesmas.<\/li>\n<li>No caso das <em>cookies<\/em> de Google Analytics, esta empresa almacena as <em>cookies<\/em> en servidores situados en Estados Unidos e comprom\u00e9tese a non compartila con terceiros, excepto nos casos nos que sexa necesario para o funcionamento do sistema ou cando a lei obrigue para ese efecto. Segundo Google non garda a s\u00faa direcci\u00f3n IP. Google Inc. \u00e9 unha compa\u00f1\u00eda adherida ao Acordo de Porto Seguro que garante que todos os datos transferidos ser\u00e1n tratados cun nivel de protecci\u00f3n acorde \u00e1 normativa europea. Pode consultar informaci\u00f3n detallada a este respecto <a href=\"http:\/\/safeharbor.export.gov\/companyinfo.aspx?ide=16626\" target=\"_blank\" rel=\"noopener noreferrer\">nesta ligaz\u00f3n<\/a>. Se desexa informaci\u00f3n sobre o uso que Google d\u00e1 \u00e1s cookies <a href=\"https:\/\/developers.google.com\/analytics\/devguides\/collection\/analyticsjs\/cookie-usage?hl=\u00e9&amp;csw=1\" target=\"_blank\" rel=\"noopener noreferrer\">acheg\u00e1moslle leste outra ligaz\u00f3n<\/a>.<\/li>\n<li>Para calquera d\u00fabida ou consulta acerca desta pol\u00edtica de <em>cookies<\/em> non dubide en comunicarse connosco a trav\u00e9s da secci\u00f3n de contacto.<\/li>\n<\/ul>\n","protected":false},"excerpt":{"rendered":"<p>Pol\u00edtica de cookies Unha cookie \u00e9 un pequeno ficheiro de texto que se almacena no seu navegador cando visita case calquera p\u00e1xina web. A s\u00faa utilidade \u00e9 que a web sexa capaz de lembrar a s\u00faa visita cando volva navegar por esa p\u00e1xina. As cookies adoitan almacenar informaci\u00f3n de car\u00e1cter t\u00e9cnico, preferencias persoais, personalizaci\u00f3n de [&hellip;]<\/p>\n","protected":false},"author":1,"featured_media":0,"parent":0,"menu_order":0,"comment_status":"closed","ping_status":"closed","template":"","meta":{"_vp_format_video_url":"","_vp_image_focal_point":[],"footnotes":""},"class_list":["post-5990","page","type-page","status-publish","hentry"],"_links":{"self":[{"href":"https:\/\/test.imprimetresde.com\/gl\/wp-json\/wp\/v2\/pages\/5990","targetHints":{"allow":["GET"]}}],"collection":[{"href":"https:\/\/test.imprimetresde.com\/gl\/wp-json\/wp\/v2\/pages"}],"about":[{"href":"https:\/\/test.imprimetresde.com\/gl\/wp-json\/wp\/v2\/types\/page"}],"author":[{"embeddable":true,"href":"https:\/\/test.imprimetresde.com\/gl\/wp-json\/wp\/v2\/users\/1"}],"replies":[{"embeddable":true,"href":"https:\/\/test.imprimetresde.com\/gl\/wp-json\/wp\/v2\/comments?post=5990"}],"version-history":[{"count":0,"href":"https:\/\/test.imprimetresde.com\/gl\/wp-json\/wp\/v2\/pages\/5990\/revisions"}],"wp:attachment":[{"href":"https:\/\/test.imprimetresde.com\/gl\/wp-json\/wp\/v2\/media?parent=5990"}],"curies":[{"name":"wp","href":"https:\/\/api.w.org\/{rel}","templated":true}]}}