{"id":7510,"date":"2020-05-07T10:56:45","date_gmt":"2020-05-07T09:56:45","guid":{"rendered":"https:\/\/test.imprimetresde.com\/?page_id=7510"},"modified":"2020-05-07T16:17:07","modified_gmt":"2020-05-07T15:17:07","slug":"portfolio","status":"publish","type":"page","link":"https:\/\/test.imprimetresde.com\/gl\/portfolio\/","title":{"rendered":"Portfolio"},"content":{"rendered":"<p>[vc_row][vc_column][vc_column_text]Este \u00e9 o noso portfolio. Dese\u00f1os e impresi\u00f3ns de\u00a0<a href=\"http:\/\/i3d.gal\">I3d <\/a>\u00a0feitos por encarga, para client@s de todo tipo, con materiais <a href=\"https:\/\/test.imprimetresde.com\/gl\/o-noso-material-de-impresion-o-pla-polimero-biodegradabel-procedente-de-recursos-vexetais\/\">ecol\u00f3xicos<\/a>.<\/p>\n<p>[\/vc_column_text][\/vc_column][\/vc_row][vc_row][vc_column]    \n    [\/vc_column][\/vc_row][vc_row][vc_column]    \n    [\/vc_column][\/vc_row]<\/p>\n","protected":false},"excerpt":{"rendered":"<p>[vc_row][vc_column][vc_column_text]Este \u00e9 o noso portfolio. Dese\u00f1os e impresi\u00f3ns de\u00a0I3d \u00a0feitos por encarga, para client@s de todo tipo, con materiais ecol\u00f3xicos. [\/vc_column_text][\/vc_column][\/vc_row][vc_row][vc_column][\/vc_column][\/vc_row][vc_row][vc_column][\/vc_column][\/vc_row]<\/p>\n","protected":false},"author":1,"featured_media":0,"parent":0,"menu_order":0,"comment_status":"closed","ping_status":"closed","template":"","meta":{"_vp_format_video_url":"","_vp_image_focal_point":[],"footnotes":""},"class_list":["post-7510","page","type-page","status-publish","hentry"],"_links":{"self":[{"href":"https:\/\/test.imprimetresde.com\/gl\/wp-json\/wp\/v2\/pages\/7510","targetHints":{"allow":["GET"]}}],"collection":[{"href":"https:\/\/test.imprimetresde.com\/gl\/wp-json\/wp\/v2\/pages"}],"about":[{"href":"https:\/\/test.imprimetresde.com\/gl\/wp-json\/wp\/v2\/types\/page"}],"author":[{"embeddable":true,"href":"https:\/\/test.imprimetresde.com\/gl\/wp-json\/wp\/v2\/users\/1"}],"replies":[{"embeddable":true,"href":"https:\/\/test.imprimetresde.com\/gl\/wp-json\/wp\/v2\/comments?post=7510"}],"version-history":[{"count":0,"href":"https:\/\/test.imprimetresde.com\/gl\/wp-json\/wp\/v2\/pages\/7510\/revisions"}],"wp:attachment":[{"href":"https:\/\/test.imprimetresde.com\/gl\/wp-json\/wp\/v2\/media?parent=7510"}],"curies":[{"name":"wp","href":"https:\/\/api.w.org\/{rel}","templated":true}]}}