{"id":10036,"date":"2021-06-01T19:14:50","date_gmt":"2021-06-01T17:14:50","guid":{"rendered":"https:\/\/test.imprimetresde.com\/?post_type=product&#038;p=10036"},"modified":"2024-03-15T19:01:21","modified_gmt":"2024-03-15T17:01:21","slug":"brincos-peneiras","status":"publish","type":"product","link":"https:\/\/test.imprimetresde.com\/gl\/produto\/brincos-peneiras\/","title":{"rendered":"Brincos Peneiras"},"content":{"rendered":"<p>Brincos Peneiras dese\u00f1ados pola equipa de <a href=\"https:\/\/test.imprimetresde.com\/gl\/\">Imprimetresde<\/a> . Fermos\u00edsimos brincos en homenaxe \u00e1s peneiras tan t\u00edpicas dos lares galegos. A peneira \u00e9 un instrumento formado tradicionalmente por unha caixa de <a title=\"\" href=\"https:\/\/gl.wikipedia.org\/wiki\/Madeira\">madeira<\/a>, con fondo de\u00a0<a title=\"Coiro\" href=\"https:\/\/gl.wikipedia.org\/wiki\/Coiro\">coiro<\/a>\u00a0con furados ou ben cunha\u00a0<a title=\"N\u00f3\" href=\"https:\/\/gl.wikipedia.org\/wiki\/N%C3%B3\">rede<\/a>\u00a0de metal de malla m\u00e1is ou menos fina, que se emprega para separar as part\u00edculas de distinto grosor que constit\u00faen certas materias, como a\u00a0<a title=\"Fari\u00f1a\" href=\"https:\/\/gl.wikipedia.org\/wiki\/Fari%C3%B1a\">fari\u00f1a<\/a>, a\u00a0<a title=\"Area\" href=\"https:\/\/gl.wikipedia.org\/wiki\/Area\">area<\/a> etc.<\/p>\n<p>*O material no que est\u00e1 realizado \u00e9 WOODEN <a href=\"https:\/\/test.imprimetresde.com\/gl\/o-noso-material-de-impresion-o-pla-polimero-biodegradabel-procedente-de-recursos-vexetais\/\">PLA<\/a>, material procedente de materia vexetal, biodegrad\u00e1bel, non t\u00f3xico e ecol\u00f3xico.<\/p>\n","protected":false},"excerpt":{"rendered":"<p>Brincos Peneiras dese\u00f1ados pola equipa de <a href=\"https:\/\/test.imprimetresde.com\/gl\/\">Imprimetresde<\/a> . Fermos\u00edsimos brincos en homenaxe \u00e1s peneiras tan t\u00edpicas dos lares galegos.<\/p>\n","protected":false},"featured_media":10145,"comment_status":"open","ping_status":"closed","template":"","meta":{"_vp_format_video_url":"","_vp_image_focal_point":[]},"product_brand":[],"product_cat":[315,316,1290],"product_tag":[353,1114,1770,410,2508,2507,1771,429,1769,1768,1384,447],"class_list":{"0":"post-10036","1":"product","2":"type-product","3":"status-publish","4":"has-post-thumbnail","6":"product_cat-complementos-gl","7":"product_cat-cultura-gl","8":"product_cat-pendentes","9":"product_tag-brincos","10":"product_tag-dia-da-nai","11":"product_tag-farina","12":"product_tag-galego","13":"product_tag-impresion-3d-a-coruna","14":"product_tag-impresion-3d-coruna","15":"product_tag-lar","16":"product_tag-madeira-gl","17":"product_tag-peneirar","18":"product_tag-peneiras","19":"product_tag-souvenir","20":"product_tag-tradicion","22":"first","23":"instock","24":"sale","25":"taxable","26":"shipping-taxable","27":"purchasable","28":"product-type-simple"},"exclude_global_add_ons":false,"addons":[{"name":"Material de las fornituras (opcional)","type":"checkbox","position":0,"required":false,"title_format":"label","default":"","description_enable":true,"description":"Opci\u00f3n de incorporar fornituras de plata 925, de primera ley.","placeholder_enable":false,"placeholder":"","display":"select","restrictions_type":"any_text","adjust_price":false,"price":"","price_type":"flat_fee","restrictions":false,"min":"0","max":"0","options":[{"label":"Plata","price":"5","price_type":"flat_fee","image":0,"visibility":true}]}],"_links":{"self":[{"href":"https:\/\/test.imprimetresde.com\/gl\/wp-json\/wp\/v2\/product\/10036","targetHints":{"allow":["GET"]}}],"collection":[{"href":"https:\/\/test.imprimetresde.com\/gl\/wp-json\/wp\/v2\/product"}],"about":[{"href":"https:\/\/test.imprimetresde.com\/gl\/wp-json\/wp\/v2\/types\/product"}],"replies":[{"embeddable":true,"href":"https:\/\/test.imprimetresde.com\/gl\/wp-json\/wp\/v2\/comments?post=10036"}],"wp:featuredmedia":[{"embeddable":true,"href":"https:\/\/test.imprimetresde.com\/gl\/wp-json\/wp\/v2\/media\/10145"}],"wp:attachment":[{"href":"https:\/\/test.imprimetresde.com\/gl\/wp-json\/wp\/v2\/media?parent=10036"}],"wp:term":[{"taxonomy":"product_brand","embeddable":true,"href":"https:\/\/test.imprimetresde.com\/gl\/wp-json\/wp\/v2\/product_brand?post=10036"},{"taxonomy":"product_cat","embeddable":true,"href":"https:\/\/test.imprimetresde.com\/gl\/wp-json\/wp\/v2\/product_cat?post=10036"},{"taxonomy":"product_tag","embeddable":true,"href":"https:\/\/test.imprimetresde.com\/gl\/wp-json\/wp\/v2\/product_tag?post=10036"}],"curies":[{"name":"wp","href":"https:\/\/api.w.org\/{rel}","templated":true}]}}