{"id":10088,"date":"2021-06-10T17:10:18","date_gmt":"2021-06-10T15:10:18","guid":{"rendered":"https:\/\/test.imprimetresde.com\/?post_type=product&#038;p=10088"},"modified":"2025-04-04T05:18:44","modified_gmt":"2025-04-04T03:18:44","slug":"botons-de-puno-castelao","status":"publish","type":"product","link":"https:\/\/test.imprimetresde.com\/gl\/produto\/botons-de-puno-castelao\/","title":{"rendered":"Bot\u00f3ns de Pu\u00f1o Castelao"},"content":{"rendered":"<p>Bot\u00f3ns de Pu\u00f1o Castelao, idea orixinal de I3D. Par de bot\u00f3ns de pu\u00f1o\u00a0ideados para unir os catro pu\u00f1os en que finaliza cada manga dunha <a title=\"Camisa de pu\u00f1o doble\" href=\"https:\/\/es.wikipedia.org\/wiki\/Camisa_de_pu%C3%B1o_doble\">camisa de pu\u00f1o doble<\/a> o unha\u00a0<a class=\"new\" title=\"Camisa de pu\u00f1o mixto (a\u00fan no redactado)\" href=\"https:\/\/es.wikipedia.org\/w\/index.php?title=Camisa_de_pu%C3%B1o_mixto&amp;action=edit&amp;redlink=1\">camisa de pu\u00f1o mixto<\/a>.<\/p>\n<p>\u200bO produto Bot\u00f3ns de Pu\u00f1o Castelao est\u00e1 baseado nun dese\u00f1o do propio Daniel A. Rodr\u00edguez <a href=\"https:\/\/gl.wikipedia.org\/wiki\/Alfonso_Daniel_Rodr%C3%ADguez_Castelao\">Castelao<\/a> sobre a s\u00faa imaxe: \u201cAutocaricatura\u201d de 1914. Nado en\u00a0<a title=\"Rianxo\" href=\"https:\/\/gl.wikipedia.org\/wiki\/Rianxo\">Rianxo<\/a>\u00a0o\u00a0<a title=\"\" href=\"https:\/\/gl.wikipedia.org\/wiki\/29_de_xaneiro\">29 de xaneiro<\/a><sup id=\"cite_ref-1\" class=\"reference\"><a href=\"https:\/\/gl.wikipedia.org\/wiki\/Alfonso_Daniel_Rodr%C3%ADguez_Castelao#cite_note-1\">[1]<\/a><\/sup>\u00a0de\u00a0<a title=\"Medicina\" href=\"https:\/\/gl.wikipedia.org\/wiki\/1886\">1886<\/a>\u00a0e finado no exilio en\u00a0<a title=\"Buenos Aires\" href=\"https:\/\/gl.wikipedia.org\/wiki\/Buenos_Aires\">Buenos Aires<\/a>\u00a0(<a title=\"Arxentina\" href=\"https:\/\/gl.wikipedia.org\/wiki\/Arxentina\">Arxentina<\/a>) o\u00a0<a title=\"7 de xaneiro\" href=\"https:\/\/gl.wikipedia.org\/wiki\/7_de_xaneiro\">7 de xaneiro<\/a>\u00a0de\u00a0<a title=\"1950\" href=\"https:\/\/gl.wikipedia.org\/wiki\/1950\">1950<\/a>, est\u00e1 considerado o Pai do\u00a0<a title=\"Intelectual\" href=\"https:\/\/gl.wikipedia.org\/wiki\/Nacionalismo_galego\">nacionalismo galego<\/a>.<\/p>\n<p>&nbsp;<\/p>\n<p>*O material no que est\u00e1 realizado \u00e9 <a href=\"https:\/\/test.imprimetresde.com\/gl\/o-noso-material-de-impresion-o-pla-polimero-biodegradabel-procedente-de-recursos-vexetais\/\">PLA<\/a>\u00a0que \u00e9 un material procedente de materia vexetal, biodegrad\u00e1bel, non t\u00f3xico e ecol\u00f3xico<\/p>\n","protected":false},"excerpt":{"rendered":"<p>Bot\u00f3ns de Pu\u00f1o Castelao, idea orixinal de I3D. Par de bot\u00f3ns de pu\u00f1o\u00a0ideados para unir os catro pu\u00f1os en que finaliza cada manga dunha <a title=\"Camisa de pu\u00f1o doble\" href=\"https:\/\/es.wikipedia.org\/wiki\/Camisa_de_pu%C3%B1o_doble\">camisa de pu\u00f1o doble<\/a> o unha\u00a0<a class=\"new\" title=\"Camisa de pu\u00f1o mixto (a\u00fan no redactado)\" href=\"https:\/\/es.wikipedia.org\/w\/index.php?title=Camisa_de_pu%C3%B1o_mixto&amp;action=edit&amp;redlink=1\">camisa de pu\u00f1o mixto<\/a>.<\/p>\n","protected":false},"featured_media":10100,"comment_status":"open","ping_status":"closed","template":"","meta":{"_vp_format_video_url":"","_vp_image_focal_point":[]},"product_brand":[],"product_cat":[421,315,316],"product_tag":[1962,1963,1803,1804,1762,378,1208,1149,1115,463,2508,2507,564,803,1793,562,1964,1805],"class_list":{"0":"post-10088","1":"product","2":"type-product","3":"status-publish","4":"has-post-thumbnail","6":"product_cat-activismo","7":"product_cat-complementos-gl","8":"product_cat-cultura-gl","9":"product_tag-17-de-maio","10":"product_tag-17m","11":"product_tag-boton","12":"product_tag-camisa","13":"product_tag-caricaturas","14":"product_tag-castelao","15":"product_tag-dia-da-patria","16":"product_tag-dia-das-letras","17":"product_tag-dia-do-pai","18":"product_tag-galiza","19":"product_tag-impresion-3d-a-coruna","20":"product_tag-impresion-3d-coruna","21":"product_tag-nacionalismo-galego","22":"product_tag-pai","23":"product_tag-puno-gl","24":"product_tag-sempre-en-galiza","25":"product_tag-souvenirs","26":"product_tag-xemelgos","28":"first","29":"instock","30":"sale","31":"taxable","32":"shipping-taxable","33":"purchasable","34":"product-type-simple"},"exclude_global_add_ons":[],"addons":[],"_links":{"self":[{"href":"https:\/\/test.imprimetresde.com\/gl\/wp-json\/wp\/v2\/product\/10088","targetHints":{"allow":["GET"]}}],"collection":[{"href":"https:\/\/test.imprimetresde.com\/gl\/wp-json\/wp\/v2\/product"}],"about":[{"href":"https:\/\/test.imprimetresde.com\/gl\/wp-json\/wp\/v2\/types\/product"}],"replies":[{"embeddable":true,"href":"https:\/\/test.imprimetresde.com\/gl\/wp-json\/wp\/v2\/comments?post=10088"}],"wp:featuredmedia":[{"embeddable":true,"href":"https:\/\/test.imprimetresde.com\/gl\/wp-json\/wp\/v2\/media\/10100"}],"wp:attachment":[{"href":"https:\/\/test.imprimetresde.com\/gl\/wp-json\/wp\/v2\/media?parent=10088"}],"wp:term":[{"taxonomy":"product_brand","embeddable":true,"href":"https:\/\/test.imprimetresde.com\/gl\/wp-json\/wp\/v2\/product_brand?post=10088"},{"taxonomy":"product_cat","embeddable":true,"href":"https:\/\/test.imprimetresde.com\/gl\/wp-json\/wp\/v2\/product_cat?post=10088"},{"taxonomy":"product_tag","embeddable":true,"href":"https:\/\/test.imprimetresde.com\/gl\/wp-json\/wp\/v2\/product_tag?post=10088"}],"curies":[{"name":"wp","href":"https:\/\/api.w.org\/{rel}","templated":true}]}}