{"id":10772,"date":"2022-04-13T19:18:10","date_gmt":"2022-04-13T17:18:10","guid":{"rendered":"https:\/\/test.imprimetresde.com\/?post_type=product&#038;p=10772"},"modified":"2024-03-05T19:56:34","modified_gmt":"2024-03-05T17:56:34","slug":"brincos-fans","status":"publish","type":"product","link":"https:\/\/test.imprimetresde.com\/gl\/produto\/brincos-fans\/","title":{"rendered":"Brincos FANS"},"content":{"rendered":"<p>Brincos FANS. Queres lucir os brincos m\u00e1is orixinais baseados no teu grupo favorito, na s\u00faa imaxe ou nas s\u00faas canci\u00f3ns? Elixe dos que xa temos en porfolio ou m\u00e1ndanos o que che gustar\u00eda!<\/p>\n<p><a href=\"https:\/\/gl.wikipedia.org\/wiki\/London_Calling\">LONDON CALLING<\/a>, baseados na portada do LP dos The Clash.<\/p>\n<p>*O material no que est\u00e1 realizado \u00e9\u00a0<a href=\"https:\/\/test.imprimetresde.com\/nuestro-material-de-impresion-el-pla-polimero-biodegradable-procedente-de-recursos-vegetales\/\">PLA<\/a>, material procedente de materia vexetal,\u00a0<a href=\"https:\/\/es.wikipedia.org\/wiki\/Biodegradabilidad\">biodegrad\u00e1bel<\/a>, non t\u00f3xico e ecol\u00f3xico<\/p>\n<p>&nbsp;<\/p>\n<p>&nbsp;<\/p>\n","protected":false},"excerpt":{"rendered":"<p>Brincos FANS. Queres lucir os brincos m\u00e1is orixinais baseados no teu grupo favorito? Elixe dos que xa temos en porfolio ou m\u00e1ndanos o que che gustar\u00eda!<\/p>\n<p><a href=\"https:\/\/gl.wikipedia.org\/wiki\/London_Calling\">LONDON CALLING<\/a>, baseados na portada do LP dos The Clash.<\/p>\n","protected":false},"featured_media":10792,"comment_status":"open","ping_status":"closed","template":"","meta":{"_vp_format_video_url":"","_vp_image_focal_point":[]},"product_brand":[],"product_cat":[315,1290],"product_tag":[1919,353,1936,1920,1114,1923,1918,1924,1917,2508,2507,1933,511,1328,962,1921,1935,1922,1384,1934],"class_list":{"0":"post-10772","1":"product","2":"type-product","3":"status-publish","4":"has-post-thumbnail","6":"product_cat-complementos-gl","7":"product_cat-pendentes","8":"product_tag-banda","9":"product_tag-brincos","10":"product_tag-british","11":"product_tag-clasicos","12":"product_tag-dia-da-nai","13":"product_tag-fan","14":"product_tag-favorito","15":"product_tag-fenomeno-fan","16":"product_tag-grupo","17":"product_tag-impresion-3d-a-coruna","18":"product_tag-impresion-3d-coruna","19":"product_tag-london-calling","20":"product_tag-musica","21":"product_tag-orixinal","22":"product_tag-pendientes-gl","23":"product_tag-pop","24":"product_tag-pop-britanico","25":"product_tag-rock","26":"product_tag-souvenir","27":"product_tag-the-clash","29":"first","30":"instock","31":"taxable","32":"shipping-taxable","33":"purchasable","34":"product-type-variable"},"exclude_global_add_ons":false,"addons":[{"name":"Texto personalizado","type":"custom_text","position":0,"required":false,"title_format":"label","default":"","description_enable":false,"description":"","placeholder_enable":false,"placeholder":"","display":"select","restrictions_type":"any_text","adjust_price":true,"price":"5","price_type":"quantity_based","restrictions":true,"min":"1","max":"15","options":[]},{"name":"Material de las fornituras (opcional)","type":"checkbox","position":0,"required":false,"title_format":"label","default":"","description_enable":true,"description":"Opci\u00f3n de incorporar fornituras de plata 925, de primera ley.","placeholder_enable":false,"placeholder":"","display":"select","restrictions_type":"any_text","adjust_price":false,"price":"","price_type":"flat_fee","restrictions":false,"min":"0","max":"0","options":[{"label":"Plata","price":"5","price_type":"flat_fee","image":0,"visibility":true}]}],"_links":{"self":[{"href":"https:\/\/test.imprimetresde.com\/gl\/wp-json\/wp\/v2\/product\/10772","targetHints":{"allow":["GET"]}}],"collection":[{"href":"https:\/\/test.imprimetresde.com\/gl\/wp-json\/wp\/v2\/product"}],"about":[{"href":"https:\/\/test.imprimetresde.com\/gl\/wp-json\/wp\/v2\/types\/product"}],"replies":[{"embeddable":true,"href":"https:\/\/test.imprimetresde.com\/gl\/wp-json\/wp\/v2\/comments?post=10772"}],"wp:featuredmedia":[{"embeddable":true,"href":"https:\/\/test.imprimetresde.com\/gl\/wp-json\/wp\/v2\/media\/10792"}],"wp:attachment":[{"href":"https:\/\/test.imprimetresde.com\/gl\/wp-json\/wp\/v2\/media?parent=10772"}],"wp:term":[{"taxonomy":"product_brand","embeddable":true,"href":"https:\/\/test.imprimetresde.com\/gl\/wp-json\/wp\/v2\/product_brand?post=10772"},{"taxonomy":"product_cat","embeddable":true,"href":"https:\/\/test.imprimetresde.com\/gl\/wp-json\/wp\/v2\/product_cat?post=10772"},{"taxonomy":"product_tag","embeddable":true,"href":"https:\/\/test.imprimetresde.com\/gl\/wp-json\/wp\/v2\/product_tag?post=10772"}],"curies":[{"name":"wp","href":"https:\/\/api.w.org\/{rel}","templated":true}]}}