{"id":10926,"date":"2022-06-10T13:10:32","date_gmt":"2022-06-10T11:10:32","guid":{"rendered":"https:\/\/test.imprimetresde.com\/?post_type=product&#038;p=10926"},"modified":"2025-05-14T16:27:24","modified_gmt":"2025-05-14T14:27:24","slug":"chaveiro-forza-depor","status":"publish","type":"product","link":"https:\/\/test.imprimetresde.com\/gl\/produto\/chaveiro-forza-depor\/","title":{"rendered":"Chaveiro Forza D\u00e9por"},"content":{"rendered":"<p>Chaveiro Forza D\u00e9por. Orixinal chaveiro inspirado no <a href=\"https:\/\/www.google.com\/search?q=Equipo+definici%C3%B3n&amp;sa=X&amp;ved=2ahUKEwialdeh97LvAhWqQUEAHQzHC7IQ1QIwE3oECAsQAQ&amp;biw=1366&amp;bih=657\">equipo<\/a> do <a href=\"https:\/\/www.rcdeportivo.es\/gl\">Real Clube Deportivo da Coru\u00f1a<\/a>. En azul e branco das s\u00faas cores \u00e9 ideal para ti ou para agasallar!<\/p>\n<p>*O material no que est\u00e1 realizado \u00e9 <a href=\"https:\/\/test.imprimetresde.com\/gl\/o-noso-material-de-impresion-o-pla-polimero-biodegradabel-procedente-de-recursos-vexetais\/\">PLA<\/a>, material procedente de materia vexetal, biodegrad\u00e1bel, non t\u00f3xico e ecol\u00f3xico<\/p>\n","protected":false},"excerpt":{"rendered":"<p>Chaveiro Forza D\u00e9por. Orixinal chaveiro inspirado no <a href=\"https:\/\/www.google.com\/search?q=Equipo+definici%C3%B3n&amp;sa=X&amp;ved=2ahUKEwialdeh97LvAhWqQUEAHQzHC7IQ1QIwE3oECAsQAQ&amp;biw=1366&amp;bih=657\">equipo<\/a> do <a href=\"https:\/\/www.rcdeportivo.es\/gl\">Real Clube Deportivo da Coru\u00f1a<\/a>. En azul e branco das s\u00faas cores \u00e9 ideal para ti ou para agasallar!<\/p>\n","protected":false},"featured_media":10927,"comment_status":"open","ping_status":"closed","template":"","meta":{"_vp_format_video_url":"","_vp_image_focal_point":[]},"product_brand":[],"product_cat":[315],"product_tag":[587,1976,256,1489,916,1114,1115,904,1971,898,2508,2507,1975,1974,1972,918,1970,919,1973],"class_list":{"0":"post-10926","1":"product","2":"type-product","3":"status-publish","4":"has-post-thumbnail","6":"product_cat-complementos-gl","7":"product_tag-a-coruna-gl","8":"product_tag-ascenso","9":"product_tag-chaveiro","10":"product_tag-coruna","11":"product_tag-depor","12":"product_tag-dia-da-nai","13":"product_tag-dia-do-pai","14":"product_tag-estadio","15":"product_tag-forza-depor","16":"product_tag-futbol","17":"product_tag-impresion-3d-a-coruna","18":"product_tag-impresion-3d-coruna","19":"product_tag-liga","20":"product_tag-nos-van-a-ver-volver","21":"product_tag-os-nosos","22":"product_tag-real-club-deportivo-de-la-coruna","23":"product_tag-real-clube-deportivo-da-coruna","24":"product_tag-riazor","25":"product_tag-vannos-ver-volver","27":"first","28":"instock","29":"taxable","30":"shipping-taxable","31":"purchasable","32":"product-type-simple"},"exclude_global_add_ons":[],"addons":[],"_links":{"self":[{"href":"https:\/\/test.imprimetresde.com\/gl\/wp-json\/wp\/v2\/product\/10926","targetHints":{"allow":["GET"]}}],"collection":[{"href":"https:\/\/test.imprimetresde.com\/gl\/wp-json\/wp\/v2\/product"}],"about":[{"href":"https:\/\/test.imprimetresde.com\/gl\/wp-json\/wp\/v2\/types\/product"}],"replies":[{"embeddable":true,"href":"https:\/\/test.imprimetresde.com\/gl\/wp-json\/wp\/v2\/comments?post=10926"}],"wp:featuredmedia":[{"embeddable":true,"href":"https:\/\/test.imprimetresde.com\/gl\/wp-json\/wp\/v2\/media\/10927"}],"wp:attachment":[{"href":"https:\/\/test.imprimetresde.com\/gl\/wp-json\/wp\/v2\/media?parent=10926"}],"wp:term":[{"taxonomy":"product_brand","embeddable":true,"href":"https:\/\/test.imprimetresde.com\/gl\/wp-json\/wp\/v2\/product_brand?post=10926"},{"taxonomy":"product_cat","embeddable":true,"href":"https:\/\/test.imprimetresde.com\/gl\/wp-json\/wp\/v2\/product_cat?post=10926"},{"taxonomy":"product_tag","embeddable":true,"href":"https:\/\/test.imprimetresde.com\/gl\/wp-json\/wp\/v2\/product_tag?post=10926"}],"curies":[{"name":"wp","href":"https:\/\/api.w.org\/{rel}","templated":true}]}}