{"id":10944,"date":"2022-06-22T19:04:27","date_gmt":"2022-06-22T17:04:27","guid":{"rendered":"https:\/\/test.imprimetresde.com\/?post_type=product&#038;p=10944"},"modified":"2024-09-23T12:39:43","modified_gmt":"2024-09-23T10:39:43","slug":"chaveiro-san-xoan","status":"publish","type":"product","link":"https:\/\/test.imprimetresde.com\/gl\/produto\/chaveiro-san-xoan\/","title":{"rendered":"Chaveiro San Xo\u00e1n"},"content":{"rendered":"<p>Chaveiro San Xo\u00e1n. Orixinal chaveiro creaci\u00f3n \u00fanica e exclusiva de I3D para po\u00f1er en valor a noite do <a href=\"https:\/\/gl.wikipedia.org\/wiki\/Noite_de_san_Xo%C3%A1n\">San Xo\u00e1n<\/a> coru\u00f1\u00e9s! Viva a Noite Meiga!<\/p>\n<p>*O material no que est\u00e1 realizado \u00e9 <a href=\"https:\/\/test.imprimetresde.com\/nuestro-material-de-impresion-el-pla-polimero-biodegradable-procedente-de-recursos-vegetales\/\">PLA<\/a>, material procedente de materia vexetal, <a href=\"https:\/\/es.wikipedia.org\/wiki\/Biodegradabilidad\">biodegrad\u00e1bel<\/a>, non t\u00f3xico e ecol\u00f3xico<\/p>\n","protected":false},"excerpt":{"rendered":"<p>Chaveiro San Xo\u00e1n. Orixinal chaveiro creaci\u00f3n \u00fanica e exclusiva de I3D para po\u00f1er en valor a noite do <a href=\"https:\/\/gl.wikipedia.org\/wiki\/Noite_de_san_Xo%C3%A1n\">San Xo\u00e1n<\/a> coru\u00f1\u00e9s! Viva a Noite Meiga!<\/p>\n","protected":false},"featured_media":10948,"comment_status":"open","ping_status":"closed","template":"","meta":{"_vp_format_video_url":"","_vp_image_focal_point":[]},"product_brand":[],"product_cat":[316],"product_tag":[587,1485,256,1489,1986,2508,2507,1987,1992,1984,1297,1384],"class_list":{"0":"post-10944","1":"product","2":"type-product","3":"status-publish","4":"has-post-thumbnail","6":"product_cat-cultura-gl","7":"product_tag-a-coruna-gl","8":"product_tag-cacharelas","9":"product_tag-chaveiro","10":"product_tag-coruna","11":"product_tag-fogueiras","12":"product_tag-impresion-3d-a-coruna","13":"product_tag-impresion-3d-coruna","14":"product_tag-lume-novo","15":"product_tag-lumeiradas-gl","16":"product_tag-noite-meiga","17":"product_tag-san-xoan","18":"product_tag-souvenir","20":"first","21":"instock","22":"sale","23":"taxable","24":"shipping-taxable","25":"purchasable","26":"product-type-simple"},"exclude_global_add_ons":[],"addons":[],"_links":{"self":[{"href":"https:\/\/test.imprimetresde.com\/gl\/wp-json\/wp\/v2\/product\/10944","targetHints":{"allow":["GET"]}}],"collection":[{"href":"https:\/\/test.imprimetresde.com\/gl\/wp-json\/wp\/v2\/product"}],"about":[{"href":"https:\/\/test.imprimetresde.com\/gl\/wp-json\/wp\/v2\/types\/product"}],"replies":[{"embeddable":true,"href":"https:\/\/test.imprimetresde.com\/gl\/wp-json\/wp\/v2\/comments?post=10944"}],"wp:featuredmedia":[{"embeddable":true,"href":"https:\/\/test.imprimetresde.com\/gl\/wp-json\/wp\/v2\/media\/10948"}],"wp:attachment":[{"href":"https:\/\/test.imprimetresde.com\/gl\/wp-json\/wp\/v2\/media?parent=10944"}],"wp:term":[{"taxonomy":"product_brand","embeddable":true,"href":"https:\/\/test.imprimetresde.com\/gl\/wp-json\/wp\/v2\/product_brand?post=10944"},{"taxonomy":"product_cat","embeddable":true,"href":"https:\/\/test.imprimetresde.com\/gl\/wp-json\/wp\/v2\/product_cat?post=10944"},{"taxonomy":"product_tag","embeddable":true,"href":"https:\/\/test.imprimetresde.com\/gl\/wp-json\/wp\/v2\/product_tag?post=10944"}],"curies":[{"name":"wp","href":"https:\/\/api.w.org\/{rel}","templated":true}]}}