{"id":11018,"date":"2022-08-03T18:09:00","date_gmt":"2022-08-03T16:09:00","guid":{"rendered":"https:\/\/test.imprimetresde.com\/?post_type=product&#038;p=11018"},"modified":"2025-08-06T11:21:51","modified_gmt":"2025-08-06T09:21:51","slug":"brincos-torre-de-hercules","status":"publish","type":"product","link":"https:\/\/test.imprimetresde.com\/gl\/produto\/brincos-torre-de-hercules\/","title":{"rendered":"Brincos Torre de H\u00e9rcules"},"content":{"rendered":"<p>Brincos Torre de H\u00e9rcules con dese\u00f1o exclusivo de <a href=\"https:\/\/test.imprimetresde.com\/\">Imprimetresde<\/a> . Brincos ca forma da <a href=\"https:\/\/gl.wikipedia.org\/wiki\/Torre_de_H%C3%A9rcules\">Torre de H\u00e9rcules<\/a> da Coru\u00f1a, declarada Patrimonio da Humanidade no 2009 e impresos en diferentes e divertidas cores para que leves contigo un anaco da cidade!<\/p>\n<p>*O material no que est\u00e1 realizado \u00e9\u00a0<a href=\"https:\/\/test.imprimetresde.com\/nuestro-material-de-impresion-el-pla-polimero-biodegradable-procedente-de-recursos-vegetales\/\">PLA<\/a>, material procedente de materia vexetal,\u00a0<a href=\"https:\/\/es.wikipedia.org\/wiki\/Biodegradabilidad\">biodegrad\u00e1bel<\/a>, non t\u00f3xico e ecol\u00f3xico<\/p>\n","protected":false},"excerpt":{"rendered":"<p>Brincos Torre de H\u00e9rcules con dese\u00f1o exclusivo de <a href=\"https:\/\/test.imprimetresde.com\/\">Imprimetresde<\/a> . Brincos ca forma da <a href=\"https:\/\/gl.wikipedia.org\/wiki\/Torre_de_H%C3%A9rcules\">Torre de H\u00e9rcules<\/a> da Coru\u00f1a, declarada Patrimonio da Humanidade no 2009 e impresos en diferentes e divertidas cores para que leves contigo un anaco da cidade!<\/p>\n","protected":false},"featured_media":11095,"comment_status":"open","ping_status":"closed","template":"","meta":{"_vp_format_video_url":"","_vp_image_focal_point":[]},"product_brand":[],"product_cat":[315,316,1290],"product_tag":[587,353,498,479,463,2508,2507,1546,1593,1490,1956,962,1384,1377],"class_list":{"0":"post-11018","1":"product","2":"type-product","3":"status-publish","4":"has-post-thumbnail","6":"product_cat-complementos-gl","7":"product_cat-cultura-gl","8":"product_cat-pendentes","9":"product_tag-a-coruna-gl","10":"product_tag-brincos","11":"product_tag-complementos","12":"product_tag-galicia","13":"product_tag-galiza","14":"product_tag-impresion-3d-a-coruna","15":"product_tag-impresion-3d-coruna","16":"product_tag-monumento-gl","17":"product_tag-orixinais","18":"product_tag-patrimonio-da-humanidade","19":"product_tag-patrimonio-de-la-humanidad-gl","20":"product_tag-pendientes-gl","21":"product_tag-souvenir","22":"product_tag-torre-de-hercules-gl-2","24":"first","25":"instock","26":"sale","27":"taxable","28":"shipping-taxable","29":"purchasable","30":"product-type-variable"},"exclude_global_add_ons":false,"addons":[{"name":"Material de las fornituras (opcional)","type":"checkbox","position":0,"required":false,"title_format":"label","default":"","description_enable":true,"description":"Opci\u00f3n de incorporar fornituras de plata 925, de primera ley.","placeholder_enable":false,"placeholder":"","display":"select","restrictions_type":"any_text","adjust_price":false,"price":"","price_type":"flat_fee","restrictions":false,"min":"0","max":"0","options":[{"label":"Plata","price":"5","price_type":"flat_fee","image":0,"visibility":true}]}],"_links":{"self":[{"href":"https:\/\/test.imprimetresde.com\/gl\/wp-json\/wp\/v2\/product\/11018","targetHints":{"allow":["GET"]}}],"collection":[{"href":"https:\/\/test.imprimetresde.com\/gl\/wp-json\/wp\/v2\/product"}],"about":[{"href":"https:\/\/test.imprimetresde.com\/gl\/wp-json\/wp\/v2\/types\/product"}],"replies":[{"embeddable":true,"href":"https:\/\/test.imprimetresde.com\/gl\/wp-json\/wp\/v2\/comments?post=11018"}],"wp:featuredmedia":[{"embeddable":true,"href":"https:\/\/test.imprimetresde.com\/gl\/wp-json\/wp\/v2\/media\/11095"}],"wp:attachment":[{"href":"https:\/\/test.imprimetresde.com\/gl\/wp-json\/wp\/v2\/media?parent=11018"}],"wp:term":[{"taxonomy":"product_brand","embeddable":true,"href":"https:\/\/test.imprimetresde.com\/gl\/wp-json\/wp\/v2\/product_brand?post=11018"},{"taxonomy":"product_cat","embeddable":true,"href":"https:\/\/test.imprimetresde.com\/gl\/wp-json\/wp\/v2\/product_cat?post=11018"},{"taxonomy":"product_tag","embeddable":true,"href":"https:\/\/test.imprimetresde.com\/gl\/wp-json\/wp\/v2\/product_tag?post=11018"}],"curies":[{"name":"wp","href":"https:\/\/api.w.org\/{rel}","templated":true}]}}