{"id":11116,"date":"2022-08-19T19:00:31","date_gmt":"2022-08-19T17:00:31","guid":{"rendered":"https:\/\/test.imprimetresde.com\/?post_type=product&#038;p=11116"},"modified":"2025-06-13T17:35:48","modified_gmt":"2025-06-13T15:35:48","slug":"brincos-la-sorpresa-del-trigo-de-maruxa-mallo","status":"publish","type":"product","link":"https:\/\/test.imprimetresde.com\/gl\/produto\/brincos-la-sorpresa-del-trigo-de-maruxa-mallo\/","title":{"rendered":"Brincos La Sorpresa del Trigo de Maruxa Mallo"},"content":{"rendered":"<p>Brincos La Sorpresa del Trigo de <a href=\"https:\/\/gl.wikipedia.org\/wiki\/Maruxa_Mallo\">Maruxa Mallo<\/a>, creaci\u00f3n orixinal de I3D en homenaxe o cuadro da pintora surrealista galega considerada como artista da <a href=\"https:\/\/es.wikipedia.org\/wiki\/Maruja_Mallo\">xeraci\u00f3n de 1927<\/a> dentro da denominada vanguardia interior espa\u00f1ola.2\u200b. Formou parte tam\u00e9n do colectivo denominado &#8220;Las sin sombrero&#8221;.<\/p>\n<p>Dese\u00f1o realizado en colaboraci\u00f3n ca dese\u00f1adora Rut V\u00e1zquez.<\/p>\n<p>*O material no que est\u00e1 realizado \u00e9 <a href=\"https:\/\/test.imprimetresde.com\/gl\/o-noso-material-de-impresion-o-pla-polimero-biodegradabel-procedente-de-recursos-vexetais\/\">PLA<\/a>\u00a0que \u00e9 un material procedente de materia vexetal, biodegrad\u00e1bel, non t\u00f3xico e ecol\u00f3xico<\/p>\n<p>&nbsp;<\/p>\n","protected":false},"excerpt":{"rendered":"<p>Brincos La Sorpresa del Trigo de <a href=\"https:\/\/gl.wikipedia.org\/wiki\/Maruxa_Mallo\">Maruxa Mallo<\/a>, creaci\u00f3n orixinal de I3D en homenaxe o cuadro da pintora surrealista galega considerada como artista da <a href=\"https:\/\/es.wikipedia.org\/wiki\/Maruja_Mallo\">xeraci\u00f3n de 1927<\/a><\/p>\n<p>Dese\u00f1o realizado en colaboraci\u00f3n ca dese\u00f1adora Rut V\u00e1zquez.<\/p>\n","protected":false},"featured_media":11120,"comment_status":"open","ping_status":"closed","template":"","meta":{"_vp_format_video_url":"","_vp_image_focal_point":[]},"product_brand":[],"product_cat":[315,316,1290],"product_tag":[2025,2022,353,2024,1114,1115,409,479,463,2517,2508,2507,2023,2058,2020,962,2021,2026,2027,2028,2029,2030],"class_list":{"0":"post-11116","1":"product","2":"type-product","3":"status-publish","4":"has-post-thumbnail","6":"product_cat-complementos-gl","7":"product_cat-cultura-gl","8":"product_cat-pendentes","9":"product_tag-arte","10":"product_tag-artista","11":"product_tag-brincos","12":"product_tag-cuadro","13":"product_tag-dia-da-nai","14":"product_tag-dia-do-pai","15":"product_tag-galega","16":"product_tag-galicia","17":"product_tag-galiza","18":"product_tag-generacion-del-27-gl","19":"product_tag-impresion-3d-a-coruna","20":"product_tag-impresion-3d-coruna","21":"product_tag-la-sorpresa-del-trigo","22":"product_tag-las-sin-sombrero","23":"product_tag-maruja-mallo","24":"product_tag-pendientes-gl","25":"product_tag-pintora","26":"product_tag-pintura","27":"product_tag-vangarda","28":"product_tag-vanguardismo","29":"product_tag-vanguardista","30":"product_tag-xeracion-do-27","32":"first","33":"instock","34":"sale","35":"taxable","36":"shipping-taxable","37":"purchasable","38":"product-type-simple"},"exclude_global_add_ons":false,"addons":[{"name":"Material de las fornituras (opcional)","type":"checkbox","position":0,"required":false,"title_format":"label","default":"","description_enable":true,"description":"Opci\u00f3n de incorporar fornituras de plata 925, de primera ley.","placeholder_enable":false,"placeholder":"","display":"select","restrictions_type":"any_text","adjust_price":false,"price":"","price_type":"flat_fee","restrictions":false,"min":"0","max":"0","options":[{"label":"Plata","price":"5","price_type":"flat_fee","image":0,"visibility":true}]}],"_links":{"self":[{"href":"https:\/\/test.imprimetresde.com\/gl\/wp-json\/wp\/v2\/product\/11116","targetHints":{"allow":["GET"]}}],"collection":[{"href":"https:\/\/test.imprimetresde.com\/gl\/wp-json\/wp\/v2\/product"}],"about":[{"href":"https:\/\/test.imprimetresde.com\/gl\/wp-json\/wp\/v2\/types\/product"}],"replies":[{"embeddable":true,"href":"https:\/\/test.imprimetresde.com\/gl\/wp-json\/wp\/v2\/comments?post=11116"}],"wp:featuredmedia":[{"embeddable":true,"href":"https:\/\/test.imprimetresde.com\/gl\/wp-json\/wp\/v2\/media\/11120"}],"wp:attachment":[{"href":"https:\/\/test.imprimetresde.com\/gl\/wp-json\/wp\/v2\/media?parent=11116"}],"wp:term":[{"taxonomy":"product_brand","embeddable":true,"href":"https:\/\/test.imprimetresde.com\/gl\/wp-json\/wp\/v2\/product_brand?post=11116"},{"taxonomy":"product_cat","embeddable":true,"href":"https:\/\/test.imprimetresde.com\/gl\/wp-json\/wp\/v2\/product_cat?post=11116"},{"taxonomy":"product_tag","embeddable":true,"href":"https:\/\/test.imprimetresde.com\/gl\/wp-json\/wp\/v2\/product_tag?post=11116"}],"curies":[{"name":"wp","href":"https:\/\/api.w.org\/{rel}","templated":true}]}}