{"id":11173,"date":"2023-01-09T13:27:03","date_gmt":"2023-01-09T11:27:03","guid":{"rendered":"https:\/\/test.imprimetresde.com\/?post_type=product&#038;p=11173"},"modified":"2026-02-03T00:30:38","modified_gmt":"2026-02-02T22:30:38","slug":"colar-patela","status":"publish","type":"product","link":"https:\/\/test.imprimetresde.com\/gl\/produto\/colar-patela\/","title":{"rendered":"Colar Patela"},"content":{"rendered":"<p>Colar Patela, idea orixinal de I3D en homenaxe a esas cestas cadradas de bordo baixo feitas con tiras de madeira. As\u00a0<a href=\"https:\/\/gl.wikipedia.org\/wiki\/Patela\">patelas<\/a> eran utilizadas polas mulleres peixeiras para transportar o peixe. A peixeira \u00e9 unha das figuras m\u00e1is representativas da cultura mari\u00f1eira de Galicia e aparece case sempre representada con este tipo de cesta sobre a cabeza, sendo o elemento que mellor as define.<\/p>\n<p>Pode levar cadea de prata por +10\u20ac<\/p>\n<p>*O material no que est\u00e1 realizado \u00e9 WOODEN <a href=\"https:\/\/test.imprimetresde.com\/gl\/o-noso-material-de-impresion-o-pla-polimero-biodegradabel-procedente-de-recursos-vexetais\/\">PLA<\/a>, material procedente de materia vexetal, biodegrad\u00e1bel, non t\u00f3xico e ecol\u00f3xico.<\/p>\n<p style=\"padding-left: 40px;\"><em>&#8220;Cesta patela,\u00a0<\/em><\/p>\n<p style=\"padding-left: 40px;\"><em>arrumba m\u00e1is que leva.&#8221;<\/em><\/p>\n","protected":false},"excerpt":{"rendered":"<p>Colar Patela, idea orixinal de I3D en homenaxe a esas cestas cadradas de bordo baixo feitas con tiras de madeira. As\u00a0<a href=\"https:\/\/gl.wikipedia.org\/wiki\/Patela\">patelas<\/a> eran utilizadas polas mulleres peixeiras para transportar o peixe.<\/p>\n<p>Pode levar cadea de prata por +10\u20ac<\/p>\n","protected":false},"featured_media":14709,"comment_status":"open","ping_status":"closed","template":"","meta":{"_vp_format_video_url":"","_vp_image_focal_point":[]},"product_brand":[],"product_cat":[707,1312,315],"product_tag":[2163,358,2515,513,1114,1115,479,2165,463,2308,507,2508,2507,860,1807,2316,2164,862,2516,2314,2315,2317,1384],"class_list":{"0":"post-11173","1":"product","2":"type-product","3":"status-publish","4":"has-post-thumbnail","6":"product_cat-uncategorized-gl","7":"product_cat-colgantes-gl","8":"product_cat-complementos-gl","9":"product_tag-cesta-patela","10":"product_tag-colgante-gl","11":"product_tag-collar-gl","12":"product_tag-cultura","13":"product_tag-dia-da-nai","14":"product_tag-dia-do-pai","15":"product_tag-galicia","16":"product_tag-galicia-sabe-amar","17":"product_tag-galiza","18":"product_tag-gallega-gl","19":"product_tag-gastronomia","20":"product_tag-impresion-3d-a-coruna","21":"product_tag-impresion-3d-coruna","22":"product_tag-mar","23":"product_tag-patela","24":"product_tag-peces","25":"product_tag-peixeiras","26":"product_tag-pesca","27":"product_tag-pescado-gl","28":"product_tag-pescados","29":"product_tag-pez","30":"product_tag-productos-del-mar-gl","31":"product_tag-souvenir","33":"first","34":"instock","35":"taxable","36":"shipping-taxable","37":"purchasable","38":"product-type-simple"},"exclude_global_add_ons":false,"addons":[{"name":"Material da Cadea (opcional)","type":"checkbox","position":0,"required":false,"title_format":"label","default":"","description_enable":true,"description":"Opci\u00f3n de facer a peza con cadea e accesorios de prata 925, de primera lei.","placeholder_enable":false,"placeholder":"","display":"select","restrictions_type":"any_text","adjust_price":false,"price":"","price_type":"flat_fee","restrictions":false,"min":"0","max":"0","options":[{"label":"Prata","price":"10","price_type":"flat_fee","image":0,"visibility":true}]}],"_links":{"self":[{"href":"https:\/\/test.imprimetresde.com\/gl\/wp-json\/wp\/v2\/product\/11173","targetHints":{"allow":["GET"]}}],"collection":[{"href":"https:\/\/test.imprimetresde.com\/gl\/wp-json\/wp\/v2\/product"}],"about":[{"href":"https:\/\/test.imprimetresde.com\/gl\/wp-json\/wp\/v2\/types\/product"}],"replies":[{"embeddable":true,"href":"https:\/\/test.imprimetresde.com\/gl\/wp-json\/wp\/v2\/comments?post=11173"}],"wp:featuredmedia":[{"embeddable":true,"href":"https:\/\/test.imprimetresde.com\/gl\/wp-json\/wp\/v2\/media\/14709"}],"wp:attachment":[{"href":"https:\/\/test.imprimetresde.com\/gl\/wp-json\/wp\/v2\/media?parent=11173"}],"wp:term":[{"taxonomy":"product_brand","embeddable":true,"href":"https:\/\/test.imprimetresde.com\/gl\/wp-json\/wp\/v2\/product_brand?post=11173"},{"taxonomy":"product_cat","embeddable":true,"href":"https:\/\/test.imprimetresde.com\/gl\/wp-json\/wp\/v2\/product_cat?post=11173"},{"taxonomy":"product_tag","embeddable":true,"href":"https:\/\/test.imprimetresde.com\/gl\/wp-json\/wp\/v2\/product_tag?post=11173"}],"curies":[{"name":"wp","href":"https:\/\/api.w.org\/{rel}","templated":true}]}}