{"id":11296,"date":"2022-11-23T19:17:17","date_gmt":"2022-11-23T17:17:17","guid":{"rendered":"https:\/\/test.imprimetresde.com\/?post_type=product&#038;p=11296"},"modified":"2025-07-15T13:12:22","modified_gmt":"2025-07-15T11:12:22","slug":"reloxo-mapa-de-galiza","status":"publish","type":"product","link":"https:\/\/test.imprimetresde.com\/gl\/produto\/reloxo-mapa-de-galiza\/","title":{"rendered":"Reloxo Mapa de Galiza"},"content":{"rendered":"<p>Reloxo Mapa de <a href=\"https:\/\/gl.wikipedia.org\/wiki\/Galicia\">Galiza<\/a> dese\u00f1ado por <a href=\"https:\/\/test.imprimetresde.com\/gl\/\">I3D<\/a>, en cor branca e ca franxa azul da nosa bandeira. As s\u00faas dimensi\u00f3ns son 17cmx20cmx3cm. aprox., o que permite que poidas penduralo na parede ou colocalo elegantemente nunha repisa ou estanter\u00eda da casa, da oficina &#8230;\u00a0 Marca o tempo para que chegue o noso momento!!<\/p>\n<p>T\u00e9molo a dispor en branco e azul, negro e azul e en lil\u00e1. Se o queres personalizado por +10\u20ac, p\u00eddenolo!<\/p>\n<p>*O material no que est\u00e1 realizado \u00e9 <a href=\"https:\/\/test.imprimetresde.com\/gl\/o-noso-material-de-impresion-o-pla-polimero-biodegradabel-procedente-de-recursos-vexetais\/\">PLA<\/a>, material procedente de materia vexetal, biodegrad\u00e1bel, non t\u00f3xico e ecol\u00f3xico<\/p>\n","protected":false},"excerpt":{"rendered":"<p>Reloxo Mapa de Galiza dese\u00f1ado por <a href=\"https:\/\/test.imprimetresde.com\/gl\/\">I3D<\/a>, en cor branca e ca franxa azul da nosa bandeira. As s\u00faas dimensi\u00f3ns son 17cmx20cmx3cm. aprox., o que permite que poidas penduralo na parede ou colocalo elegantemente nunha repisa ou estanter\u00eda da casa, da oficina &#8230;\u00a0 Marca o tempo para que chegue o noso momento!!<\/p>\n","protected":false},"featured_media":11298,"comment_status":"open","ping_status":"closed","template":"","meta":{"_vp_format_video_url":"","_vp_image_focal_point":[]},"product_brand":[],"product_cat":[316,313],"product_tag":[1962,1963,2011,970,566,2117,1208,1149,2013,2012,2118,880,479,463,2508,2507,2116,968,1653,1384],"class_list":{"0":"post-11296","1":"product","2":"type-product","3":"status-publish","4":"has-post-thumbnail","6":"product_cat-cultura-gl","7":"product_cat-ambiente-gl","8":"product_tag-17-de-maio","9":"product_tag-17m","10":"product_tag-25-de-xullo-gl","11":"product_tag-25n","12":"product_tag-agasallo","13":"product_tag-bandeira","14":"product_tag-dia-da-patria","15":"product_tag-dia-das-letras","16":"product_tag-dia-de-galicia-gl","17":"product_tag-dia-de-galiza-gl","18":"product_tag-franxa-azul","19":"product_tag-furancho","20":"product_tag-galicia","21":"product_tag-galiza","22":"product_tag-impresion-3d-a-coruna","23":"product_tag-impresion-3d-coruna","24":"product_tag-mapa","25":"product_tag-regalo-gl","26":"product_tag-reloxo","27":"product_tag-souvenir","29":"first","30":"instock","31":"sale","32":"taxable","33":"shipping-taxable","34":"purchasable","35":"product-type-variable"},"exclude_global_add_ons":[],"addons":[],"_links":{"self":[{"href":"https:\/\/test.imprimetresde.com\/gl\/wp-json\/wp\/v2\/product\/11296","targetHints":{"allow":["GET"]}}],"collection":[{"href":"https:\/\/test.imprimetresde.com\/gl\/wp-json\/wp\/v2\/product"}],"about":[{"href":"https:\/\/test.imprimetresde.com\/gl\/wp-json\/wp\/v2\/types\/product"}],"replies":[{"embeddable":true,"href":"https:\/\/test.imprimetresde.com\/gl\/wp-json\/wp\/v2\/comments?post=11296"}],"wp:featuredmedia":[{"embeddable":true,"href":"https:\/\/test.imprimetresde.com\/gl\/wp-json\/wp\/v2\/media\/11298"}],"wp:attachment":[{"href":"https:\/\/test.imprimetresde.com\/gl\/wp-json\/wp\/v2\/media?parent=11296"}],"wp:term":[{"taxonomy":"product_brand","embeddable":true,"href":"https:\/\/test.imprimetresde.com\/gl\/wp-json\/wp\/v2\/product_brand?post=11296"},{"taxonomy":"product_cat","embeddable":true,"href":"https:\/\/test.imprimetresde.com\/gl\/wp-json\/wp\/v2\/product_cat?post=11296"},{"taxonomy":"product_tag","embeddable":true,"href":"https:\/\/test.imprimetresde.com\/gl\/wp-json\/wp\/v2\/product_tag?post=11296"}],"curies":[{"name":"wp","href":"https:\/\/api.w.org\/{rel}","templated":true}]}}