{"id":11546,"date":"2023-01-02T20:46:14","date_gmt":"2023-01-02T18:46:14","guid":{"rendered":"https:\/\/test.imprimetresde.com\/?post_type=product&#038;p=11546"},"modified":"2025-01-27T14:06:33","modified_gmt":"2025-01-27T12:06:33","slug":"colar-zoco","status":"publish","type":"product","link":"https:\/\/test.imprimetresde.com\/gl\/produto\/colar-zoco\/","title":{"rendered":"Colar Zoco"},"content":{"rendered":"<p>Colar <a href=\"https:\/\/gl.wikipedia.org\/wiki\/Zoco_(calzado_r%C3%BAstico)\">Zoco<\/a>,\u00a0dese\u00f1ado por\u00a0<a href=\"https:\/\/test.imprimetresde.com\">Imprimetresde<\/a>\u00a0 en homenaxe ao calzado galego tradicional.\u00a0 Est\u00e1 realizado en PLA e en madeira WOODEN PLA, acompa\u00f1ado dunha elegante cadea. Un\u00a0<b>zoco<\/b>\u00a0\u00e9 un calzado r\u00fastico, semellante a unha\u00a0<a title=\"Zoca\" href=\"https:\/\/gl.wikipedia.org\/wiki\/Zoca\">zoca<\/a>, coa\u00a0<a class=\"mw-redirect\" title=\"Sola\" href=\"https:\/\/gl.wikipedia.org\/wiki\/Sola\">sola<\/a>\u00a0de\u00a0<a title=\"Madeira\" href=\"https:\/\/gl.wikipedia.org\/wiki\/Madeira\">pau<\/a>\u00a0e a empe\u00f1a de\u00a0<a title=\"Coiro\" href=\"https:\/\/gl.wikipedia.org\/wiki\/Coiro\">coiro<\/a>, que se amalloa e cobre o\u00a0<a title=\"Nocello\" href=\"https:\/\/gl.wikipedia.org\/wiki\/Nocello\">nocello<\/a>. Tam\u00e9n recibe os nomes de\u00a0<b>chanca<\/b>,\u00a0<b>chanco<\/b>,\u00a0<b>galocha<\/b>,\u00a0<b>galocho<\/b>\u00a0ou\u00a0<b>tamanca<\/b>.<\/p>\n<p>Podes elixir entre unha ampla variedade de cores para podere lucir o teu Colar Zoco con calqueira outfit!! T\u00e9molos en dourado, en vermello, en azul, coral, lil\u00e1&#8230; e de precisares algunha outra cor diferente, s\u00f3 p\u00eddenola!!<\/p>\n<p>*O material no que est\u00e1n realizados \u00e9\u00a0<a href=\"https:\/\/test.imprimetresde.com\/gl\/o-noso-material-de-impresion-o-pla-polimero-biodegradabel-procedente-de-recursos-vexetais\/\">PLA<\/a> (material procedente de materia vexetal, biodegrad\u00e1bel, non t\u00f3xico e ecol\u00f3xico) e m\u00e1is un 80% de madeira.<\/p>\n<p>&nbsp;<\/p>\n<p><script src=\"moz-extension:\/\/5bdaac7b-9cd7-491b-8ff4-ed31f89b43b7\/js\/app.js\" type=\"text\/javascript\"><\/script><\/p>\n<p><script src=\"moz-extension:\/\/5bdaac7b-9cd7-491b-8ff4-ed31f89b43b7\/js\/app.js\" type=\"text\/javascript\"><\/script><\/p>\n","protected":false},"excerpt":{"rendered":"<p>Colar <a href=\"https:\/\/gl.wikipedia.org\/wiki\/Zoco_(calzado_r%C3%BAstico)\">Zoco<\/a>,\u00a0dese\u00f1ado por\u00a0<a href=\"https:\/\/test.imprimetresde.com\">Imprimetresde<\/a>\u00a0 en homenaxe ao calzado galego tradicional.\u00a0 Est\u00e1 realizado en PLA e en madeira WOODEN PLA, acompa\u00f1ado dunha elegante cadea.<\/p>\n<p><script src=\"moz-extension:\/\/5bdaac7b-9cd7-491b-8ff4-ed31f89b43b7\/js\/app.js\" type=\"text\/javascript\"><\/script><\/p>\n<p><script src=\"moz-extension:\/\/5bdaac7b-9cd7-491b-8ff4-ed31f89b43b7\/js\/app.js\" type=\"text\/javascript\"><\/script><\/p>\n<p><script src=\"moz-extension:\/\/5bdaac7b-9cd7-491b-8ff4-ed31f89b43b7\/js\/app.js\" type=\"text\/javascript\"><\/script><\/p>\n<p><script src=\"moz-extension:\/\/5bdaac7b-9cd7-491b-8ff4-ed31f89b43b7\/js\/app.js\" type=\"text\/javascript\"><\/script><\/p>\n<p><script src=\"moz-extension:\/\/5bdaac7b-9cd7-491b-8ff4-ed31f89b43b7\/js\/app.js\" type=\"text\/javascript\"><\/script><\/p>\n<p><script src=\"moz-extension:\/\/5bdaac7b-9cd7-491b-8ff4-ed31f89b43b7\/js\/app.js\" type=\"text\/javascript\"><\/script><\/p>\n<p><script src=\"moz-extension:\/\/5bdaac7b-9cd7-491b-8ff4-ed31f89b43b7\/js\/app.js\" type=\"text\/javascript\"><\/script><\/p>\n","protected":false},"featured_media":14013,"comment_status":"open","ping_status":"closed","template":"","meta":{"_vp_format_video_url":"","_vp_image_focal_point":[]},"product_brand":[],"product_cat":[1312,315,316],"product_tag":[566,2139,388,358,2839,1624,479,463,2508,2507,2840,429,268,2837,2835,968,1838,447,2138,2232],"class_list":{"0":"post-11546","1":"product","2":"type-product","3":"status-publish","4":"has-post-thumbnail","6":"product_cat-colgantes-gl","7":"product_cat-complementos-gl","8":"product_cat-cultura-gl","9":"product_tag-agasallo","10":"product_tag-calzado-tradicional-galego","11":"product_tag-colar","12":"product_tag-colgante-gl","13":"product_tag-conxunto","14":"product_tag-corazon","15":"product_tag-galicia","16":"product_tag-galiza","17":"product_tag-impresion-3d-a-coruna","18":"product_tag-impresion-3d-coruna","19":"product_tag-look","20":"product_tag-madeira-gl","21":"product_tag-moda-gl","22":"product_tag-modelo","23":"product_tag-outfit","24":"product_tag-regalo-gl","25":"product_tag-trad","26":"product_tag-tradicion","27":"product_tag-zoco","28":"product_tag-zocos","30":"first","31":"instock","32":"taxable","33":"shipping-taxable","34":"purchasable","35":"product-type-simple"},"exclude_global_add_ons":false,"addons":[{"name":"Material da Cadea (opcional)","type":"checkbox","position":0,"required":false,"title_format":"label","default":"","description_enable":true,"description":"Opci\u00f3n de facer a peza con cadea e accesorios de prata 925, de primera lei.","placeholder_enable":false,"placeholder":"","display":"select","restrictions_type":"any_text","adjust_price":false,"price":"","price_type":"flat_fee","restrictions":false,"min":"0","max":"0","options":[{"label":"Prata","price":"10","price_type":"flat_fee","image":0,"visibility":true}]}],"_links":{"self":[{"href":"https:\/\/test.imprimetresde.com\/gl\/wp-json\/wp\/v2\/product\/11546","targetHints":{"allow":["GET"]}}],"collection":[{"href":"https:\/\/test.imprimetresde.com\/gl\/wp-json\/wp\/v2\/product"}],"about":[{"href":"https:\/\/test.imprimetresde.com\/gl\/wp-json\/wp\/v2\/types\/product"}],"replies":[{"embeddable":true,"href":"https:\/\/test.imprimetresde.com\/gl\/wp-json\/wp\/v2\/comments?post=11546"}],"wp:featuredmedia":[{"embeddable":true,"href":"https:\/\/test.imprimetresde.com\/gl\/wp-json\/wp\/v2\/media\/14013"}],"wp:attachment":[{"href":"https:\/\/test.imprimetresde.com\/gl\/wp-json\/wp\/v2\/media?parent=11546"}],"wp:term":[{"taxonomy":"product_brand","embeddable":true,"href":"https:\/\/test.imprimetresde.com\/gl\/wp-json\/wp\/v2\/product_brand?post=11546"},{"taxonomy":"product_cat","embeddable":true,"href":"https:\/\/test.imprimetresde.com\/gl\/wp-json\/wp\/v2\/product_cat?post=11546"},{"taxonomy":"product_tag","embeddable":true,"href":"https:\/\/test.imprimetresde.com\/gl\/wp-json\/wp\/v2\/product_tag?post=11546"}],"curies":[{"name":"wp","href":"https:\/\/api.w.org\/{rel}","templated":true}]}}