{"id":11593,"date":"2023-01-03T19:24:01","date_gmt":"2023-01-03T17:24:01","guid":{"rendered":"https:\/\/test.imprimetresde.com\/?post_type=product&#038;p=11593"},"modified":"2025-09-28T02:37:15","modified_gmt":"2025-09-28T00:37:15","slug":"brincos-zocos","status":"publish","type":"product","link":"https:\/\/test.imprimetresde.com\/gl\/produto\/brincos-zocos\/","title":{"rendered":"Brincos Zocos"},"content":{"rendered":"<p>Brincos <a href=\"https:\/\/gl.wikipedia.org\/wiki\/Zoco_(calzado_r%C3%BAstico)\">Zocos<\/a>, dese\u00f1ados por\u00a0<a href=\"https:\/\/test.imprimetresde.com\">Imprimetresde<\/a>\u00a0 en homenaxe ao calzado galego tradicional.\u00a0 Est\u00e1n realizado en PLA e en madeira WOODEN PLA. Un <b>zoco<\/b>\u00a0\u00e9 un calzado r\u00fastico, semellante a unha\u00a0<a title=\"Zoca\" href=\"https:\/\/gl.wikipedia.org\/wiki\/Zoca\">zoca<\/a>, coa\u00a0<a class=\"mw-redirect\" title=\"Sola\" href=\"https:\/\/gl.wikipedia.org\/wiki\/Sola\">sola<\/a>\u00a0de\u00a0<a title=\"Madeira\" href=\"https:\/\/gl.wikipedia.org\/wiki\/Madeira\">pau<\/a>\u00a0e a empe\u00f1a de\u00a0<a title=\"Coiro\" href=\"https:\/\/gl.wikipedia.org\/wiki\/Coiro\">coiro<\/a>, que se amalloa e cobre o\u00a0<a title=\"Nocello\" href=\"https:\/\/gl.wikipedia.org\/wiki\/Nocello\">nocello<\/a>. Tam\u00e9n recibe os nomes de\u00a0 <b>chanca<\/b>, <b>chanco<\/b>, <b>galocha<\/b>, <b>galocho <\/b>ou <b>tamanca<\/b>.<\/p>\n<p>Podes elixir entre unha ampla variedade de cores para podere lucir os teus Brincos Zocos con calqueira outfit!! T\u00e9molos en dourado, en vermello, en azul, coral, lil\u00e1&#8230; e de precisares algunha outra cor diferente, s\u00f3 p\u00eddenola!!<\/p>\n<p>*O material no que est\u00e1n realizados \u00e9\u00a0<a href=\"https:\/\/test.imprimetresde.com\/gl\/o-noso-material-de-impresion-o-pla-polimero-biodegradabel-procedente-de-recursos-vexetais\/\">PLA<\/a> (material procedente de materia vexetal, biodegrad\u00e1bel, non t\u00f3xico e ecol\u00f3xico) e m\u00e1is un 80% de madeira.<\/p>\n<p>&nbsp;<\/p>\n<p><script src=\"moz-extension:\/\/5bdaac7b-9cd7-491b-8ff4-ed31f89b43b7\/js\/app.js\" type=\"text\/javascript\"><\/script><\/p>\n<p><script src=\"moz-extension:\/\/5bdaac7b-9cd7-491b-8ff4-ed31f89b43b7\/js\/app.js\" type=\"text\/javascript\"><\/script><\/p>\n","protected":false},"excerpt":{"rendered":"<p>Brincos <a href=\"https:\/\/gl.wikipedia.org\/wiki\/Zoco_(calzado_r%C3%BAstico)\">Zocos<\/a>, dese\u00f1ados por\u00a0<a href=\"https:\/\/test.imprimetresde.com\">Imprimetresde<\/a>\u00a0 en homenaxe ao calzado galego tradicional.\u00a0 Est\u00e1n realizado en PLA e en madeira WOODEN PLA.<\/p>\n<p>&nbsp;<\/p>\n<p><script src=\"moz-extension:\/\/5bdaac7b-9cd7-491b-8ff4-ed31f89b43b7\/js\/app.js\" type=\"text\/javascript\"><\/script><\/p>\n<p><script src=\"moz-extension:\/\/5bdaac7b-9cd7-491b-8ff4-ed31f89b43b7\/js\/app.js\" type=\"text\/javascript\"><\/script><\/p>\n<p><script src=\"moz-extension:\/\/5bdaac7b-9cd7-491b-8ff4-ed31f89b43b7\/js\/app.js\" type=\"text\/javascript\"><\/script><\/p>\n<p><script src=\"moz-extension:\/\/5bdaac7b-9cd7-491b-8ff4-ed31f89b43b7\/js\/app.js\" type=\"text\/javascript\"><\/script><\/p>\n<p><script src=\"moz-extension:\/\/5bdaac7b-9cd7-491b-8ff4-ed31f89b43b7\/js\/app.js\" type=\"text\/javascript\"><\/script><\/p>\n<p><script src=\"moz-extension:\/\/5bdaac7b-9cd7-491b-8ff4-ed31f89b43b7\/js\/app.js\" type=\"text\/javascript\"><\/script><\/p>\n","protected":false},"featured_media":14019,"comment_status":"open","ping_status":"closed","template":"","meta":{"_vp_format_video_url":"","_vp_image_focal_point":[]},"product_brand":[],"product_cat":[315,316,1290],"product_tag":[566,353,2839,1624,409,410,479,463,2508,2507,2840,2837,2835,962,968,2194,2838,1384,1838,447,512,529,2233,2232],"class_list":{"0":"post-11593","1":"product","2":"type-product","3":"status-publish","4":"has-post-thumbnail","6":"product_cat-complementos-gl","7":"product_cat-cultura-gl","8":"product_cat-pendentes","9":"product_tag-agasallo","10":"product_tag-brincos","11":"product_tag-conxunto","12":"product_tag-corazon","13":"product_tag-galega","14":"product_tag-galego","15":"product_tag-galicia","16":"product_tag-galiza","17":"product_tag-impresion-3d-a-coruna","18":"product_tag-impresion-3d-coruna","19":"product_tag-look","20":"product_tag-modelo","21":"product_tag-outfit","22":"product_tag-pendientes-gl","23":"product_tag-regalo-gl","24":"product_tag-rojo-gl","25":"product_tag-roupa","26":"product_tag-souvenir","27":"product_tag-trad","28":"product_tag-tradicion","29":"product_tag-tradicional","30":"product_tag-vermello","31":"product_tag-zapato","32":"product_tag-zocos","34":"first","35":"instock","36":"sale","37":"featured","38":"taxable","39":"shipping-taxable","40":"purchasable","41":"product-type-variable"},"exclude_global_add_ons":false,"addons":[{"name":"Material de las fornituras (opcional)","type":"checkbox","position":0,"required":false,"title_format":"label","default":"","description_enable":true,"description":"Opci\u00f3n de incorporar fornituras de plata 925, de primera ley.","placeholder_enable":false,"placeholder":"","display":"select","restrictions_type":"any_text","adjust_price":false,"price":"","price_type":"flat_fee","restrictions":false,"min":"0","max":"0","options":[{"label":"Plata","price":"5","price_type":"flat_fee","image":0,"visibility":true}]}],"_links":{"self":[{"href":"https:\/\/test.imprimetresde.com\/gl\/wp-json\/wp\/v2\/product\/11593","targetHints":{"allow":["GET"]}}],"collection":[{"href":"https:\/\/test.imprimetresde.com\/gl\/wp-json\/wp\/v2\/product"}],"about":[{"href":"https:\/\/test.imprimetresde.com\/gl\/wp-json\/wp\/v2\/types\/product"}],"replies":[{"embeddable":true,"href":"https:\/\/test.imprimetresde.com\/gl\/wp-json\/wp\/v2\/comments?post=11593"}],"wp:featuredmedia":[{"embeddable":true,"href":"https:\/\/test.imprimetresde.com\/gl\/wp-json\/wp\/v2\/media\/14019"}],"wp:attachment":[{"href":"https:\/\/test.imprimetresde.com\/gl\/wp-json\/wp\/v2\/media?parent=11593"}],"wp:term":[{"taxonomy":"product_brand","embeddable":true,"href":"https:\/\/test.imprimetresde.com\/gl\/wp-json\/wp\/v2\/product_brand?post=11593"},{"taxonomy":"product_cat","embeddable":true,"href":"https:\/\/test.imprimetresde.com\/gl\/wp-json\/wp\/v2\/product_cat?post=11593"},{"taxonomy":"product_tag","embeddable":true,"href":"https:\/\/test.imprimetresde.com\/gl\/wp-json\/wp\/v2\/product_tag?post=11593"}],"curies":[{"name":"wp","href":"https:\/\/api.w.org\/{rel}","templated":true}]}}