{"id":11668,"date":"2023-01-11T21:02:39","date_gmt":"2023-01-11T19:02:39","guid":{"rendered":"https:\/\/test.imprimetresde.com\/?post_type=product&#038;p=11668"},"modified":"2025-03-25T19:39:12","modified_gmt":"2025-03-25T17:39:12","slug":"chaveiros-retranqueiros","status":"publish","type":"product","link":"https:\/\/test.imprimetresde.com\/gl\/produto\/chaveiros-retranqueiros\/","title":{"rendered":"Chaveiros Retranqueiros"},"content":{"rendered":"<p>Chaveiros <a href=\"https:\/\/digalego.xunta.gal\/es\/termo\/56106\/retranqueiro-ra\">Retranqueiros<\/a>, dese\u00f1o orixinal de\u00a0<a href=\"https:\/\/test.imprimetresde.com\/gl\/\">I3D<\/a> en cores variadas. Malo ser\u00e1, Morri\u00f1a, Toxi\u00f1o, Ata a Cona, Manda Carallo, Riqui\u00f1@ \u00c9che o que Hai, A ver, Ho!, M\u00e1dia Leva, Rabud@ &#8230;, quen non utilizou algunha vez estas expresi\u00f3ns tan senlleiras e tan galegas? Agora podes lucilas en formato chaveiro e fan un agasallo perfecto! E tam\u00e9n podes facer o teu chaveiro personalizado por +5\u20ac!<\/p>\n<p>Pend\u00faraos de onde queiras e presume de lingua \ud83d\ude09<\/p>\n<p>*O material no que est\u00e1 realizado \u00e9 <a href=\"https:\/\/test.imprimetresde.com\/gl\/o-noso-material-de-impresion-o-pla-polimero-biodegradabel-procedente-de-recursos-vexetais\/\">PLA<\/a>, material procedente de materia vexetal, biodegrad\u00e1bel, non t\u00f3xico e ecol\u00f3xico<\/p>\n<p><script src=\"moz-extension:\/\/5bdaac7b-9cd7-491b-8ff4-ed31f89b43b7\/js\/app.js\" type=\"text\/javascript\"><\/script><\/p>\n","protected":false},"excerpt":{"rendered":"<p>Chaveiros Retranqueiros, dese\u00f1o orixinal de\u00a0<a href=\"https:\/\/test.imprimetresde.com\/gl\/\">I3D<\/a> en cores variadas. Malo ser\u00e1, Morri\u00f1a, Toxi\u00f1o, Ata a Cona, Manda Carallo, \u00c9che o que Hai &#8230;, quen non utilizou algunha vez estas expresi\u00f3ns tan senlleiras e tan galegas? E tam\u00e9n podes facer o teu chaveiro personalizado por +5\u20ac!<\/p>\n<p><script src=\"moz-extension:\/\/5bdaac7b-9cd7-491b-8ff4-ed31f89b43b7\/js\/app.js\" type=\"text\/javascript\"><\/script><\/p>\n","protected":false},"featured_media":12666,"comment_status":"open","ping_status":"closed","template":"","meta":{"_vp_format_video_url":"","_vp_image_focal_point":[]},"product_brand":[],"product_cat":[315,316],"product_tag":[541,566,2496,2495,2175,498,1114,1115,2287,2181,2180,2286,409,410,479,463,2508,2507,2285,2178,968,2177,2176,1384,2179],"class_list":{"0":"post-11668","1":"product","2":"type-product","3":"status-publish","4":"has-post-thumbnail","6":"product_cat-complementos-gl","7":"product_cat-cultura-gl","8":"product_tag-8m","9":"product_tag-agasallo","10":"product_tag-amiga-invisible","11":"product_tag-amigo-invisible","12":"product_tag-chaveiros","13":"product_tag-complementos","14":"product_tag-dia-da-nai","15":"product_tag-dia-do-pai","16":"product_tag-dichos-gl","17":"product_tag-ditos","18":"product_tag-frases-feitas","19":"product_tag-frases-hechas-gl","20":"product_tag-galega","21":"product_tag-galego","22":"product_tag-galicia","23":"product_tag-galiza","24":"product_tag-impresion-3d-a-coruna","25":"product_tag-impresion-3d-coruna","26":"product_tag-llaveros-gl","27":"product_tag-palabras","28":"product_tag-regalo-gl","29":"product_tag-retranca","30":"product_tag-retranqueiros","31":"product_tag-souvenir","32":"product_tag-tipicas","34":"first","35":"instock","36":"sale","37":"taxable","38":"shipping-taxable","39":"purchasable","40":"product-type-variable"},"exclude_global_add_ons":[],"addons":[],"_links":{"self":[{"href":"https:\/\/test.imprimetresde.com\/gl\/wp-json\/wp\/v2\/product\/11668","targetHints":{"allow":["GET"]}}],"collection":[{"href":"https:\/\/test.imprimetresde.com\/gl\/wp-json\/wp\/v2\/product"}],"about":[{"href":"https:\/\/test.imprimetresde.com\/gl\/wp-json\/wp\/v2\/types\/product"}],"replies":[{"embeddable":true,"href":"https:\/\/test.imprimetresde.com\/gl\/wp-json\/wp\/v2\/comments?post=11668"}],"wp:featuredmedia":[{"embeddable":true,"href":"https:\/\/test.imprimetresde.com\/gl\/wp-json\/wp\/v2\/media\/12666"}],"wp:attachment":[{"href":"https:\/\/test.imprimetresde.com\/gl\/wp-json\/wp\/v2\/media?parent=11668"}],"wp:term":[{"taxonomy":"product_brand","embeddable":true,"href":"https:\/\/test.imprimetresde.com\/gl\/wp-json\/wp\/v2\/product_brand?post=11668"},{"taxonomy":"product_cat","embeddable":true,"href":"https:\/\/test.imprimetresde.com\/gl\/wp-json\/wp\/v2\/product_cat?post=11668"},{"taxonomy":"product_tag","embeddable":true,"href":"https:\/\/test.imprimetresde.com\/gl\/wp-json\/wp\/v2\/product_tag?post=11668"}],"curies":[{"name":"wp","href":"https:\/\/api.w.org\/{rel}","templated":true}]}}