{"id":12131,"date":"2023-07-18T19:43:21","date_gmt":"2023-07-18T17:43:21","guid":{"rendered":"https:\/\/test.imprimetresde.com\/?post_type=product&#038;p=12131"},"modified":"2025-03-11T13:34:33","modified_gmt":"2025-03-11T11:34:33","slug":"chaveiro-da-patria","status":"publish","type":"product","link":"https:\/\/test.imprimetresde.com\/gl\/produto\/chaveiro-da-patria\/","title":{"rendered":"Chaveiro da Patria"},"content":{"rendered":"<p>Chaveiro da Patria. Dese\u00f1o \u00fanico e orixinal de Imprimetresde baseado nas cores da <a href=\"https:\/\/gl.wikipedia.org\/wiki\/Estreleira\">Estreleira<\/a> ou bandeira da Patria, que simboliza a loita pola independencia de Galiza. \u00c9 a bandeira galega cunha estrela vermella de cinco puntas no centro, que significa independencia e socialismo.<\/p>\n<p>*O material no que est\u00e1 realizado \u00e9\u00a0<a href=\"https:\/\/test.imprimetresde.com\/gl\/o-noso-material-de-impresion-o-pla-polimero-biodegradabel-procedente-de-recursos-vexetais\/\">PLA<\/a>, material procedente de materia vexetal, biodegrad\u00e1bel, non t\u00f3xico e ecol\u00f3xico.<\/p>\n","protected":false},"excerpt":{"rendered":"<p>Chaveiro da Patria. Dese\u00f1o \u00fanico e orixinal de Imprimetresde baseado nas cores da <a href=\"https:\/\/gl.wikipedia.org\/wiki\/Estreleira\">Estreleira<\/a> ou bandeira da Patria, que simboliza a loita pola independencia de Galiza. \u00c9 a bandeira galega cunha estrela vermella de cinco puntas no centro, que significa independencia e socialismo.<\/p>\n","protected":false},"featured_media":12122,"comment_status":"open","ping_status":"closed","template":"","meta":{"_vp_format_video_url":"","_vp_image_focal_point":[]},"product_brand":[],"product_cat":[421,315,316],"product_tag":[2301,2011,2299,2010,256,2267,1114,1208,2013,1115,2292,479,463,2508,2507,1764,2300,602,2268],"class_list":{"0":"post-12131","1":"product","2":"type-product","3":"status-publish","4":"has-post-thumbnail","6":"product_cat-activismo","7":"product_cat-complementos-gl","8":"product_cat-cultura-gl","9":"product_tag-25-de-julio-gl","10":"product_tag-25-de-xullo-gl","11":"product_tag-25j","12":"product_tag-25x-gl","13":"product_tag-chaveiro","14":"product_tag-dia-da-matria","15":"product_tag-dia-da-nai","16":"product_tag-dia-da-patria","17":"product_tag-dia-de-galicia-gl","18":"product_tag-dia-do-pai","19":"product_tag-dia-nacional-de-galicia","20":"product_tag-galicia","21":"product_tag-galiza","22":"product_tag-impresion-3d-a-coruna","23":"product_tag-impresion-3d-coruna","24":"product_tag-independentismo","25":"product_tag-llavero-gl","26":"product_tag-patria","27":"product_tag-soberanismo","29":"first","30":"instock","31":"taxable","32":"shipping-taxable","33":"purchasable","34":"product-type-simple"},"exclude_global_add_ons":[],"addons":[],"_links":{"self":[{"href":"https:\/\/test.imprimetresde.com\/gl\/wp-json\/wp\/v2\/product\/12131","targetHints":{"allow":["GET"]}}],"collection":[{"href":"https:\/\/test.imprimetresde.com\/gl\/wp-json\/wp\/v2\/product"}],"about":[{"href":"https:\/\/test.imprimetresde.com\/gl\/wp-json\/wp\/v2\/types\/product"}],"replies":[{"embeddable":true,"href":"https:\/\/test.imprimetresde.com\/gl\/wp-json\/wp\/v2\/comments?post=12131"}],"wp:featuredmedia":[{"embeddable":true,"href":"https:\/\/test.imprimetresde.com\/gl\/wp-json\/wp\/v2\/media\/12122"}],"wp:attachment":[{"href":"https:\/\/test.imprimetresde.com\/gl\/wp-json\/wp\/v2\/media?parent=12131"}],"wp:term":[{"taxonomy":"product_brand","embeddable":true,"href":"https:\/\/test.imprimetresde.com\/gl\/wp-json\/wp\/v2\/product_brand?post=12131"},{"taxonomy":"product_cat","embeddable":true,"href":"https:\/\/test.imprimetresde.com\/gl\/wp-json\/wp\/v2\/product_cat?post=12131"},{"taxonomy":"product_tag","embeddable":true,"href":"https:\/\/test.imprimetresde.com\/gl\/wp-json\/wp\/v2\/product_tag?post=12131"}],"curies":[{"name":"wp","href":"https:\/\/api.w.org\/{rel}","templated":true}]}}