{"id":12240,"date":"2023-09-23T13:03:14","date_gmt":"2023-09-23T11:03:14","guid":{"rendered":"https:\/\/test.imprimetresde.com\/?post_type=product&#038;p=12240"},"modified":"2025-07-15T13:12:02","modified_gmt":"2025-07-15T11:12:02","slug":"colar-gz-galiza","status":"publish","type":"product","link":"https:\/\/test.imprimetresde.com\/gl\/produto\/colar-gz-galiza\/","title":{"rendered":"Colar GZ (Galiza)"},"content":{"rendered":"<p>Colar GZ (<a href=\"https:\/\/gl.wikipedia.org\/wiki\/Galicia\">Galiza<\/a>) dese\u00f1ado por <a href=\"https:\/\/test.imprimetresde.com\/gl\/\">I3D<\/a>, en cor branca ou en dourado, Colar GZ Gold, cun tama\u00f1o algo m\u00e1is pequeno. Elixe o teu e presume de Pa\u00eds. Tam\u00e9n podes optar por outras versi\u00f3ns en diferentes cores.<\/p>\n<p>*O material no que est\u00e1 realizado \u00e9 <a href=\"https:\/\/test.imprimetresde.com\/gl\/o-noso-material-de-impresion-o-pla-polimero-biodegradabel-procedente-de-recursos-vexetais\/\">PLA<\/a>, material procedente de materia vexetal, biodegrad\u00e1bel, non t\u00f3xico e ecol\u00f3xico<\/p>\n","protected":false},"excerpt":{"rendered":"<p>Colar GZ (<a href=\"https:\/\/gl.wikipedia.org\/wiki\/Galicia\">Galiza<\/a>) dese\u00f1ado por <a href=\"https:\/\/test.imprimetresde.com\/gl\/\">I3D<\/a>, en cor branca ou en dourado, Colar GZ Gold, cun tama\u00f1o algo m\u00e1is pequeno. Elixe o teu e presume de Pa\u00eds!<\/p>\n","protected":false},"featured_media":12241,"comment_status":"open","ping_status":"closed","template":"","meta":{"_vp_format_video_url":"","_vp_image_focal_point":[]},"product_brand":[],"product_cat":[421,1312,315,316],"product_tag":[2011,2010,1319,2270,2271,388,1114,2272,1115,2292,880,410,479,2291,463,2293,462,1167,2294,2508,2507,561,565,578,464],"class_list":{"0":"post-12240","1":"product","2":"type-product","3":"status-publish","4":"has-post-thumbnail","6":"product_cat-activismo","7":"product_cat-colgantes-gl","8":"product_cat-complementos-gl","9":"product_cat-cultura-gl","10":"product_tag-25-de-xullo-gl","11":"product_tag-25x-gl","12":"product_tag-breogan","13":"product_tag-ceibe","14":"product_tag-ceive","15":"product_tag-colar","16":"product_tag-dia-da-nai","17":"product_tag-dia-da-patria-galega","18":"product_tag-dia-do-pai","19":"product_tag-dia-nacional-de-galicia","20":"product_tag-furancho","21":"product_tag-galego","22":"product_tag-galicia","23":"product_tag-galicia-libre","24":"product_tag-galiza","25":"product_tag-gallego-gl","26":"product_tag-gz","27":"product_tag-himno-galego","28":"product_tag-himno-gallego-gl","29":"product_tag-impresion-3d-a-coruna","30":"product_tag-impresion-3d-coruna","31":"product_tag-nacion","32":"product_tag-nacionalismo","33":"product_tag-nazon","34":"product_tag-pais","36":"first","37":"instock","38":"sale","39":"taxable","40":"shipping-taxable","41":"purchasable","42":"product-type-variable"},"exclude_global_add_ons":false,"addons":[{"name":"Material da Cadea (opcional)","type":"checkbox","position":0,"required":false,"title_format":"label","default":"","description_enable":true,"description":"Opci\u00f3n de facer a peza con cadea e accesorios de prata 925, de primera lei.","placeholder_enable":false,"placeholder":"","display":"select","restrictions_type":"any_text","adjust_price":false,"price":"","price_type":"flat_fee","restrictions":false,"min":"0","max":"0","options":[{"label":"Prata","price":"10","price_type":"flat_fee","image":0,"visibility":true}]}],"_links":{"self":[{"href":"https:\/\/test.imprimetresde.com\/gl\/wp-json\/wp\/v2\/product\/12240","targetHints":{"allow":["GET"]}}],"collection":[{"href":"https:\/\/test.imprimetresde.com\/gl\/wp-json\/wp\/v2\/product"}],"about":[{"href":"https:\/\/test.imprimetresde.com\/gl\/wp-json\/wp\/v2\/types\/product"}],"replies":[{"embeddable":true,"href":"https:\/\/test.imprimetresde.com\/gl\/wp-json\/wp\/v2\/comments?post=12240"}],"wp:featuredmedia":[{"embeddable":true,"href":"https:\/\/test.imprimetresde.com\/gl\/wp-json\/wp\/v2\/media\/12241"}],"wp:attachment":[{"href":"https:\/\/test.imprimetresde.com\/gl\/wp-json\/wp\/v2\/media?parent=12240"}],"wp:term":[{"taxonomy":"product_brand","embeddable":true,"href":"https:\/\/test.imprimetresde.com\/gl\/wp-json\/wp\/v2\/product_brand?post=12240"},{"taxonomy":"product_cat","embeddable":true,"href":"https:\/\/test.imprimetresde.com\/gl\/wp-json\/wp\/v2\/product_cat?post=12240"},{"taxonomy":"product_tag","embeddable":true,"href":"https:\/\/test.imprimetresde.com\/gl\/wp-json\/wp\/v2\/product_tag?post=12240"}],"curies":[{"name":"wp","href":"https:\/\/api.w.org\/{rel}","templated":true}]}}