{"id":12382,"date":"2023-11-02T13:30:13","date_gmt":"2023-11-02T11:30:13","guid":{"rendered":"https:\/\/test.imprimetresde.com\/?post_type=product&#038;p=12382"},"modified":"2025-09-10T12:36:04","modified_gmt":"2025-09-10T10:36:04","slug":"reparacion-impresora-3d","status":"publish","type":"product","link":"https:\/\/test.imprimetresde.com\/gl\/produto\/reparacion-impresora-3d\/","title":{"rendered":"Reparaci\u00f3n Impresora 3d"},"content":{"rendered":"<p>Reparaci\u00f3n Impresora 3d. En <a href=\"https:\/\/tech.i3d.gal\/#\">I3D Tech<\/a> reparamos a t\u00faa impresora para que poidas seguir a desfrutar dela. Que nada te pare! Temos tam\u00e9n servizo de Update e portfolio de <a href=\"https:\/\/tech.i3d.gal\/shop\/\">impresoras<\/a> novas \u00e1 venda, as\u00ed como de bobinas <a href=\"https:\/\/tech.i3d.gal\/categoria-producto\/bobinas-filamento\/\">filamento<\/a> <a href=\"https:\/\/test.imprimetresde.com\/gl\/o-noso-material-de-impresion-o-pla-polimero-biodegradabel-procedente-de-recursos-vexetais\/\">PLA <\/a>en varias cores. Visita a nosa web de<a href=\"https:\/\/tech.i3d.gal\/#\"> I3D Tech<\/a>: <a href=\"https:\/\/tech.i3d.gal\/\">Home &#8211; I3Dtech<\/a><\/p>\n<p>&nbsp;<\/p>\n<p>*PVP revisi\u00f3n e diagn\u00f3stico: 45\u20ac. Pezas e extra de man de obra, consultar prezo a maiores.<\/p>\n","protected":false},"excerpt":{"rendered":"<p>Reparaci\u00f3n Impresora 3d. En I3D Tech reparamos a t\u00faa impresora para que poidas seguir a desfrutar dela. Que nada te pare! Temos tam\u00e9n servizo de Update e portfolio de <a href=\"https:\/\/tech.i3d.gal\/shop\/\">impresoras<\/a> novas \u00e1 venda, as\u00ed como de bobinas <a href=\"https:\/\/tech.i3d.gal\/categoria-producto\/bobinas-filamento\/\">filamento<\/a> <a href=\"https:\/\/test.imprimetresde.com\/gl\/o-noso-material-de-impresion-o-pla-polimero-biodegradabel-procedente-de-recursos-vexetais\/\">PLA <\/a>en varias cores.<\/p>\n<p>*PVP revisi\u00f3n e diagn\u00f3stico: 45\u20ac. Pezas e extra de man de obra, consultar prezo a maiores.<\/p>\n<p>&nbsp;<\/p>\n","protected":false},"featured_media":12383,"comment_status":"open","ping_status":"closed","template":"","meta":{"_vp_format_video_url":"","_vp_image_focal_point":[]},"product_brand":[],"product_cat":[2385],"product_tag":[2388,2390,2389,2392,2391,2393,2508,2507,2387,2394,2397,260,2386,2395,2396],"class_list":{"0":"post-12382","1":"product","2":"type-product","3":"status-publish","4":"has-post-thumbnail","6":"product_cat-i3dtech","7":"product_tag-3-dimensiones","8":"product_tag-arranxo","9":"product_tag-arreglo","10":"product_tag-atasco","11":"product_tag-estropeada","12":"product_tag-impresion-3d","13":"product_tag-impresion-3d-a-coruna","14":"product_tag-impresion-3d-coruna","15":"product_tag-impresora-3d","16":"product_tag-imprimir","17":"product_tag-obradoiro","18":"product_tag-pla-gl","19":"product_tag-reparacion","20":"product_tag-reparar","21":"product_tag-taller","23":"first","24":"instock","25":"taxable","26":"shipping-taxable","27":"purchasable","28":"product-type-simple"},"exclude_global_add_ons":[],"addons":[],"_links":{"self":[{"href":"https:\/\/test.imprimetresde.com\/gl\/wp-json\/wp\/v2\/product\/12382","targetHints":{"allow":["GET"]}}],"collection":[{"href":"https:\/\/test.imprimetresde.com\/gl\/wp-json\/wp\/v2\/product"}],"about":[{"href":"https:\/\/test.imprimetresde.com\/gl\/wp-json\/wp\/v2\/types\/product"}],"replies":[{"embeddable":true,"href":"https:\/\/test.imprimetresde.com\/gl\/wp-json\/wp\/v2\/comments?post=12382"}],"wp:featuredmedia":[{"embeddable":true,"href":"https:\/\/test.imprimetresde.com\/gl\/wp-json\/wp\/v2\/media\/12383"}],"wp:attachment":[{"href":"https:\/\/test.imprimetresde.com\/gl\/wp-json\/wp\/v2\/media?parent=12382"}],"wp:term":[{"taxonomy":"product_brand","embeddable":true,"href":"https:\/\/test.imprimetresde.com\/gl\/wp-json\/wp\/v2\/product_brand?post=12382"},{"taxonomy":"product_cat","embeddable":true,"href":"https:\/\/test.imprimetresde.com\/gl\/wp-json\/wp\/v2\/product_cat?post=12382"},{"taxonomy":"product_tag","embeddable":true,"href":"https:\/\/test.imprimetresde.com\/gl\/wp-json\/wp\/v2\/product_tag?post=12382"}],"curies":[{"name":"wp","href":"https:\/\/api.w.org\/{rel}","templated":true}]}}