{"id":12475,"date":"2023-11-15T20:28:53","date_gmt":"2023-11-15T18:28:53","guid":{"rendered":"https:\/\/test.imprimetresde.com\/?post_type=product&#038;p=12475"},"modified":"2025-03-12T18:25:58","modified_gmt":"2025-03-12T16:25:58","slug":"lapiseiro-usb","status":"publish","type":"product","link":"https:\/\/test.imprimetresde.com\/gl\/produto\/lapiseiro-usb\/","title":{"rendered":"Lapiseiro + USB"},"content":{"rendered":"<p>Lapiseiro + USB ca silueta do mapa de Galiza nun lado e a lenda &#8220;<a href=\"https:\/\/gl.wikipedia.org\/wiki\/Sempre_en_Galiza\">Sempre en Galiza<\/a>&#8221; noutro, en cor gris granito. \u00c9 lapiseiro e ademais disp\u00f3n de ocos para gardar 3 USB, 2 tarxetas SD e 5 micro SD. Ideal para agasallo ou para ter ti na oficina, na casa ou no traballo!<\/p>\n<p>P\u00f3dese personalizar por +5\u20ac!!<\/p>\n<p>*O material no que est\u00e1 realizado \u00e9\u00a0<a href=\"https:\/\/test.imprimetresde.com\/nuestro-material-de-impresion-el-pla-polimero-biodegradable-procedente-de-recursos-vegetales\/\">PLA<\/a>, material procedente de materia vexetal, biodegrad\u00e1bel, non t\u00f3xico e ecol\u00f3xico<\/p>\n<p><script src=\"moz-extension:\/\/5bdaac7b-9cd7-491b-8ff4-ed31f89b43b7\/js\/app.js\" type=\"text\/javascript\"><\/script><\/p>\n<p><script src=\"moz-extension:\/\/5bdaac7b-9cd7-491b-8ff4-ed31f89b43b7\/js\/app.js\" type=\"text\/javascript\"><\/script><\/p>\n<p><script src=\"moz-extension:\/\/5bdaac7b-9cd7-491b-8ff4-ed31f89b43b7\/js\/app.js\" type=\"text\/javascript\"><\/script><\/p>\n","protected":false},"excerpt":{"rendered":"<p>Lapiseiro + USB ca silueta do mapa de Galiza nun lado e a lenda &#8220;Sempre en Galiza&#8221; noutro, en cor gris granito. P\u00f3dese personalizar por +5\u20ac!!<\/p>\n<p><script src=\"moz-extension:\/\/5bdaac7b-9cd7-491b-8ff4-ed31f89b43b7\/js\/app.js\" type=\"text\/javascript\"><\/script><\/p>\n<p><script src=\"moz-extension:\/\/5bdaac7b-9cd7-491b-8ff4-ed31f89b43b7\/js\/app.js\" type=\"text\/javascript\"><\/script><\/p>\n<p><script src=\"moz-extension:\/\/5bdaac7b-9cd7-491b-8ff4-ed31f89b43b7\/js\/app.js\" type=\"text\/javascript\"><\/script><\/p>\n","protected":false},"featured_media":12479,"comment_status":"open","ping_status":"closed","template":"","meta":{"_vp_format_video_url":"","_vp_image_focal_point":[]},"product_brand":[],"product_cat":[421,316,313],"product_tag":[566,1458,1603,378,1457,1459,1114,1115,2439,479,463,2393,2508,2507,1396,2437,1456,239,968,969,281,562,2438,1454,1400,1401],"class_list":{"0":"post-12475","1":"product","2":"type-product","3":"status-publish","4":"has-post-thumbnail","6":"product_cat-activismo","7":"product_cat-cultura-gl","8":"product_cat-ambiente-gl","9":"product_tag-agasallo","10":"product_tag-aula","11":"product_tag-casa","12":"product_tag-castelao","13":"product_tag-clase","14":"product_tag-despacho","15":"product_tag-dia-da-nai","16":"product_tag-dia-do-pai","17":"product_tag-estudio","18":"product_tag-galicia","19":"product_tag-galiza","20":"product_tag-impresion-3d","21":"product_tag-impresion-3d-a-coruna","22":"product_tag-impresion-3d-coruna","23":"product_tag-lapiseiro","24":"product_tag-micro-sd","25":"product_tag-oficina","26":"product_tag-portalapis","27":"product_tag-regalo-gl","28":"product_tag-rosalia","29":"product_tag-rosalia-de-castro-gl","30":"product_tag-sempre-en-galiza","31":"product_tag-tarxetas-sd","32":"product_tag-usb","33":"product_tag-volta-ao-cole","34":"product_tag-volta-as-aulas","36":"first","37":"instock","38":"sale","39":"taxable","40":"shipping-taxable","41":"purchasable","42":"product-type-simple"},"exclude_global_add_ons":false,"addons":[{"name":"Personalizado","type":"custom_text","position":0,"required":false,"title_format":"label","default":"","description_enable":true,"description":"Personaliza esta peza co nome que queiras (s\u00f3 un lateral)","placeholder_enable":false,"placeholder":"","display":"select","restrictions_type":"any_text","adjust_price":true,"price":"5","price_type":"flat_fee","restrictions":true,"min":"0","max":"8","options":[]}],"_links":{"self":[{"href":"https:\/\/test.imprimetresde.com\/gl\/wp-json\/wp\/v2\/product\/12475","targetHints":{"allow":["GET"]}}],"collection":[{"href":"https:\/\/test.imprimetresde.com\/gl\/wp-json\/wp\/v2\/product"}],"about":[{"href":"https:\/\/test.imprimetresde.com\/gl\/wp-json\/wp\/v2\/types\/product"}],"replies":[{"embeddable":true,"href":"https:\/\/test.imprimetresde.com\/gl\/wp-json\/wp\/v2\/comments?post=12475"}],"wp:featuredmedia":[{"embeddable":true,"href":"https:\/\/test.imprimetresde.com\/gl\/wp-json\/wp\/v2\/media\/12479"}],"wp:attachment":[{"href":"https:\/\/test.imprimetresde.com\/gl\/wp-json\/wp\/v2\/media?parent=12475"}],"wp:term":[{"taxonomy":"product_brand","embeddable":true,"href":"https:\/\/test.imprimetresde.com\/gl\/wp-json\/wp\/v2\/product_brand?post=12475"},{"taxonomy":"product_cat","embeddable":true,"href":"https:\/\/test.imprimetresde.com\/gl\/wp-json\/wp\/v2\/product_cat?post=12475"},{"taxonomy":"product_tag","embeddable":true,"href":"https:\/\/test.imprimetresde.com\/gl\/wp-json\/wp\/v2\/product_tag?post=12475"}],"curies":[{"name":"wp","href":"https:\/\/api.w.org\/{rel}","templated":true}]}}