{"id":12518,"date":"2023-11-23T14:23:16","date_gmt":"2023-11-23T12:23:16","guid":{"rendered":"https:\/\/test.imprimetresde.com\/?post_type=product&#038;p=12518"},"modified":"2025-05-26T11:11:03","modified_gmt":"2025-05-26T09:11:03","slug":"lampada-real-moon","status":"publish","type":"product","link":"https:\/\/test.imprimetresde.com\/gl\/produto\/lampada-real-moon\/","title":{"rendered":"L\u00e1mpada REAL MOON"},"content":{"rendered":"<p>L\u00e1mpada REAL MOON, dese\u00f1o orixinal de I3D recreando a verdadeira superficie lunar seg\u00fan a <a href=\"https:\/\/www.nasa.gov\/\">NASA<\/a>. A l\u00e1mpada REAL MOON est\u00e1 baseada en mapas de cor e elevaci\u00f3n dese\u00f1ados para o seu uso en software de renderizado 3D. Foron creados a partir dos datos recopilados polos equipos da c\u00e1mara e o alt\u00edmetro l\u00e1ser do <a href=\"https:\/\/svs.gsfc.nasa.gov\/4720\">Lunar Reconnaissance Orbiter<\/a>.<\/p>\n<p>O mapa de cor foi adaptado a partir do mosaico WAC normalizado de Hapke, un composto creado polo equipo da c\u00e1mara a partir de m\u00e1is de 100.000 imaxes WAC (Wide Angle Camera).<\/p>\n<p>Tama\u00f1o aprox. 25cm di\u00e1metro.<\/p>\n<p>*O material no que est\u00e1 realizado \u00e9\u00a0<a href=\"https:\/\/test.imprimetresde.com\/nuestro-material-de-impresion-el-pla-polimero-biodegradable-procedente-de-recursos-vegetales\/\">PLA<\/a>, material procedente de materia vexetal, biodegrad\u00e1bel, non t\u00f3xico e ecol\u00f3xico.<\/p>\n<p>&nbsp;<\/p>\n","protected":false},"excerpt":{"rendered":"<p>L\u00e1mpada REAL MOON, dese\u00f1o orixinal de I3D recreando a verdadeira superficie lunar seg\u00fan a <a href=\"https:\/\/www.nasa.gov\/\">NASA<\/a>. A l\u00e1mpada est\u00e1 baseada en mapas de cor e elevaci\u00f3n dese\u00f1ados para o seu uso en software de renderizado 3D. Foron creados a partir dos datos recopilados polos equipos da c\u00e1mara e o alt\u00edmetro l\u00e1ser do <a href=\"https:\/\/svs.gsfc.nasa.gov\/4720\">Lunar Reconnaissance Orbiter<\/a>.<\/p>\n","protected":false},"featured_media":12519,"comment_status":"open","ping_status":"closed","template":"","meta":{"_vp_format_video_url":"","_vp_image_focal_point":[]},"product_brand":[],"product_cat":[313,319],"product_tag":[191,2452,1603,210,1114,1115,2453,2455,2393,2508,2507,2509,255,2454,2449,2447,1507,1303,1456,2448,2450,2451,2456,1604],"class_list":{"0":"post-12518","1":"product","2":"type-product","3":"status-publish","4":"has-post-thumbnail","6":"product_cat-ambiente-gl","7":"product_cat-iluminacion-gl","8":"product_tag-ambiente-gl","9":"product_tag-bombilla","10":"product_tag-casa","11":"product_tag-decoracion-gl","12":"product_tag-dia-da-nai","13":"product_tag-dia-do-pai","14":"product_tag-enchufe","15":"product_tag-hogar-gl","16":"product_tag-impresion-3d","17":"product_tag-impresion-3d-a-coruna","18":"product_tag-impresion-3d-coruna","19":"product_tag-impresion-3d-impresoras","20":"product_tag-lampada","21":"product_tag-lampara-gl","22":"product_tag-local","23":"product_tag-lua","24":"product_tag-luz","25":"product_tag-nasa","26":"product_tag-oficina","27":"product_tag-real-moon","28":"product_tag-tenda","29":"product_tag-tienda","30":"product_tag-trabajo-gl","31":"product_tag-traballo","33":"first","34":"instock","35":"sale","36":"taxable","37":"shipping-taxable","38":"purchasable","39":"product-type-simple"},"exclude_global_add_ons":[],"addons":[],"_links":{"self":[{"href":"https:\/\/test.imprimetresde.com\/gl\/wp-json\/wp\/v2\/product\/12518","targetHints":{"allow":["GET"]}}],"collection":[{"href":"https:\/\/test.imprimetresde.com\/gl\/wp-json\/wp\/v2\/product"}],"about":[{"href":"https:\/\/test.imprimetresde.com\/gl\/wp-json\/wp\/v2\/types\/product"}],"replies":[{"embeddable":true,"href":"https:\/\/test.imprimetresde.com\/gl\/wp-json\/wp\/v2\/comments?post=12518"}],"wp:featuredmedia":[{"embeddable":true,"href":"https:\/\/test.imprimetresde.com\/gl\/wp-json\/wp\/v2\/media\/12519"}],"wp:attachment":[{"href":"https:\/\/test.imprimetresde.com\/gl\/wp-json\/wp\/v2\/media?parent=12518"}],"wp:term":[{"taxonomy":"product_brand","embeddable":true,"href":"https:\/\/test.imprimetresde.com\/gl\/wp-json\/wp\/v2\/product_brand?post=12518"},{"taxonomy":"product_cat","embeddable":true,"href":"https:\/\/test.imprimetresde.com\/gl\/wp-json\/wp\/v2\/product_cat?post=12518"},{"taxonomy":"product_tag","embeddable":true,"href":"https:\/\/test.imprimetresde.com\/gl\/wp-json\/wp\/v2\/product_tag?post=12518"}],"curies":[{"name":"wp","href":"https:\/\/api.w.org\/{rel}","templated":true}]}}