{"id":13002,"date":"2024-04-16T19:17:58","date_gmt":"2024-04-16T17:17:58","guid":{"rendered":"https:\/\/test.imprimetresde.com\/?post_type=product&#038;p=13002"},"modified":"2025-09-17T11:55:53","modified_gmt":"2025-09-17T09:55:53","slug":"brincos-depor","status":"publish","type":"product","link":"https:\/\/test.imprimetresde.com\/gl\/produto\/brincos-depor\/","title":{"rendered":"Brincos D\u00e9por"},"content":{"rendered":"<p>Brincos D\u00e9por. Orixinais brincos inspirados e en homenaxe ao <a href=\"https:\/\/www.google.com\/search?q=Equipo+definici%C3%B3n&amp;sa=X&amp;ved=2ahUKEwialdeh97LvAhWqQUEAHQzHC7IQ1QIwE3oECAsQAQ&amp;biw=1366&amp;bih=657\">equipo<\/a> do <a href=\"https:\/\/www.rcdeportivo.es\/gl\">Real Clube Deportivo da Coru\u00f1a<\/a>. En azul e branco das s\u00faas cores son ideais para ti ou para agasallar! Fornituras en aceiro cir\u00farxico.<\/p>\n<p>*O material no que est\u00e1 realizado \u00e9 <a href=\"https:\/\/test.imprimetresde.com\/gl\/o-noso-material-de-impresion-o-pla-polimero-biodegradabel-procedente-de-recursos-vexetais\/\">PLA<\/a>, material procedente de materia vexetal, biodegrad\u00e1bel, non t\u00f3xico e ecol\u00f3xico<\/p>\n","protected":false},"excerpt":{"rendered":"<p>Brincos D\u00e9por. Orixinais brincos inspirados e en homenaxe ao <a href=\"https:\/\/www.google.com\/search?q=Equipo+definici%C3%B3n&amp;sa=X&amp;ved=2ahUKEwialdeh97LvAhWqQUEAHQzHC7IQ1QIwE3oECAsQAQ&amp;biw=1366&amp;bih=657\">equipo<\/a> do <a href=\"https:\/\/www.rcdeportivo.es\/gl\">Real Clube Deportivo da Coru\u00f1a<\/a>. En azul e branco das s\u00faas cores son ideais para ti ou para agasallar! Fornituras en aceiro cir\u00farxico.<\/p>\n","protected":false},"featured_media":13003,"comment_status":"open","ping_status":"closed","template":"","meta":{"_vp_format_video_url":"","_vp_image_focal_point":[]},"product_brand":[],"product_cat":[315,1290],"product_tag":[587,2570,2575,2569,353,1489,916,1114,1115,904,1971,898,2508,2507,2576,1972,918,919,2578,2577,2574],"class_list":{"0":"post-13002","1":"product","2":"type-product","3":"status-publish","4":"has-post-thumbnail","6":"product_cat-complementos-gl","7":"product_cat-pendentes","8":"product_tag-a-coruna-gl","9":"product_tag-a-nosa-forza","10":"product_tag-arsenio","11":"product_tag-as-nosas","12":"product_tag-brincos","13":"product_tag-coruna","14":"product_tag-depor","15":"product_tag-dia-da-nai","16":"product_tag-dia-do-pai","17":"product_tag-estadio","18":"product_tag-forza-depor","19":"product_tag-futbol","20":"product_tag-impresion-3d-a-coruna","21":"product_tag-impresion-3d-coruna","22":"product_tag-lendoiro","23":"product_tag-os-nosos","24":"product_tag-real-club-deportivo-de-la-coruna","25":"product_tag-riazor","26":"product_tag-riazor-blues","27":"product_tag-superdepor","28":"product_tag-templo","30":"first","31":"instock","32":"sale","33":"taxable","34":"shipping-taxable","35":"purchasable","36":"product-type-simple"},"exclude_global_add_ons":false,"addons":[{"name":"Material de las fornituras (opcional)","type":"checkbox","position":0,"required":false,"title_format":"label","default":"","description_enable":true,"description":"Opci\u00f3n de incorporar fornituras de plata 925, de primera ley.","placeholder_enable":false,"placeholder":"","display":"select","restrictions_type":"any_text","adjust_price":false,"price":"","price_type":"flat_fee","restrictions":false,"min":"0","max":"0","options":[{"label":"Plata","price":"5","price_type":"flat_fee","image":0,"visibility":true}]}],"_links":{"self":[{"href":"https:\/\/test.imprimetresde.com\/gl\/wp-json\/wp\/v2\/product\/13002","targetHints":{"allow":["GET"]}}],"collection":[{"href":"https:\/\/test.imprimetresde.com\/gl\/wp-json\/wp\/v2\/product"}],"about":[{"href":"https:\/\/test.imprimetresde.com\/gl\/wp-json\/wp\/v2\/types\/product"}],"replies":[{"embeddable":true,"href":"https:\/\/test.imprimetresde.com\/gl\/wp-json\/wp\/v2\/comments?post=13002"}],"wp:featuredmedia":[{"embeddable":true,"href":"https:\/\/test.imprimetresde.com\/gl\/wp-json\/wp\/v2\/media\/13003"}],"wp:attachment":[{"href":"https:\/\/test.imprimetresde.com\/gl\/wp-json\/wp\/v2\/media?parent=13002"}],"wp:term":[{"taxonomy":"product_brand","embeddable":true,"href":"https:\/\/test.imprimetresde.com\/gl\/wp-json\/wp\/v2\/product_brand?post=13002"},{"taxonomy":"product_cat","embeddable":true,"href":"https:\/\/test.imprimetresde.com\/gl\/wp-json\/wp\/v2\/product_cat?post=13002"},{"taxonomy":"product_tag","embeddable":true,"href":"https:\/\/test.imprimetresde.com\/gl\/wp-json\/wp\/v2\/product_tag?post=13002"}],"curies":[{"name":"wp","href":"https:\/\/api.w.org\/{rel}","templated":true}]}}