{"id":13026,"date":"2024-04-20T13:10:03","date_gmt":"2024-04-20T11:10:03","guid":{"rendered":"https:\/\/test.imprimetresde.com\/?post_type=product&#038;p=13026"},"modified":"2025-05-14T16:27:03","modified_gmt":"2025-05-14T14:27:03","slug":"reloxo-forza-depor","status":"publish","type":"product","link":"https:\/\/test.imprimetresde.com\/gl\/produto\/reloxo-forza-depor\/","title":{"rendered":"Reloxo Forza D\u00e9por"},"content":{"rendered":"<p>Reloxo Forza D\u00e9por. Orixinal reloxo inspirado na imaxe do <a href=\"https:\/\/www.google.com\/search?q=Equipo+definici%C3%B3n&amp;sa=X&amp;ved=2ahUKEwialdeh97LvAhWqQUEAHQzHC7IQ1QIwE3oECAsQAQ&amp;biw=1366&amp;bih=657\">equipo<\/a> do <a href=\"https:\/\/www.rcdeportivo.es\/gl\">Real Clube Deportivo da Coru\u00f1a<\/a>. En azul e branco das s\u00faas cores \u00e9 ideal para ti ou para agasallar! Como vai lucir na t\u00faa casa ou oficina!<\/p>\n<p>*O material no que est\u00e1 realizado \u00e9 <a href=\"https:\/\/test.imprimetresde.com\/gl\/o-noso-material-de-impresion-o-pla-polimero-biodegradabel-procedente-de-recursos-vexetais\/\">PLA<\/a>, material procedente de materia vexetal, biodegrad\u00e1bel, non t\u00f3xico e ecol\u00f3xico<\/p>\n","protected":false},"excerpt":{"rendered":"<p>Reloxo Forza D\u00e9por. Orixinal reloxo inspirado na imaxe do <a href=\"https:\/\/www.google.com\/search?q=Equipo+definici%C3%B3n&amp;sa=X&amp;ved=2ahUKEwialdeh97LvAhWqQUEAHQzHC7IQ1QIwE3oECAsQAQ&amp;biw=1366&amp;bih=657\">equipo<\/a> do <a href=\"https:\/\/www.rcdeportivo.es\/gl\">Real Clube Deportivo da Coru\u00f1a<\/a>. En azul e branco das s\u00faas cores \u00e9 ideal para ti ou para agasallar! Como vai lucir na t\u00faa casa ou oficina!<\/p>\n","protected":false},"featured_media":13034,"comment_status":"open","ping_status":"closed","template":"","meta":{"_vp_format_video_url":"","_vp_image_focal_point":[]},"product_brand":[],"product_cat":[707,313,2499],"product_tag":[587,2569,1976,1489,916,904,1971,898,2393,1975,1974,1972,918,1970,1653,1973],"class_list":{"0":"post-13026","1":"product","2":"type-product","3":"status-publish","4":"has-post-thumbnail","6":"product_cat-uncategorized-gl","7":"product_cat-ambiente-gl","8":"product_cat-personalizados","9":"product_tag-a-coruna-gl","10":"product_tag-as-nosas","11":"product_tag-ascenso","12":"product_tag-coruna","13":"product_tag-depor","14":"product_tag-estadio","15":"product_tag-forza-depor","16":"product_tag-futbol","17":"product_tag-impresion-3d","18":"product_tag-liga","19":"product_tag-nos-van-a-ver-volver","20":"product_tag-os-nosos","21":"product_tag-real-club-deportivo-de-la-coruna","22":"product_tag-real-clube-deportivo-da-coruna","23":"product_tag-reloxo","24":"product_tag-vannos-ver-volver","26":"first","27":"instock","28":"sale","29":"taxable","30":"shipping-taxable","31":"purchasable","32":"product-type-simple"},"exclude_global_add_ons":[],"addons":[],"_links":{"self":[{"href":"https:\/\/test.imprimetresde.com\/gl\/wp-json\/wp\/v2\/product\/13026","targetHints":{"allow":["GET"]}}],"collection":[{"href":"https:\/\/test.imprimetresde.com\/gl\/wp-json\/wp\/v2\/product"}],"about":[{"href":"https:\/\/test.imprimetresde.com\/gl\/wp-json\/wp\/v2\/types\/product"}],"replies":[{"embeddable":true,"href":"https:\/\/test.imprimetresde.com\/gl\/wp-json\/wp\/v2\/comments?post=13026"}],"wp:featuredmedia":[{"embeddable":true,"href":"https:\/\/test.imprimetresde.com\/gl\/wp-json\/wp\/v2\/media\/13034"}],"wp:attachment":[{"href":"https:\/\/test.imprimetresde.com\/gl\/wp-json\/wp\/v2\/media?parent=13026"}],"wp:term":[{"taxonomy":"product_brand","embeddable":true,"href":"https:\/\/test.imprimetresde.com\/gl\/wp-json\/wp\/v2\/product_brand?post=13026"},{"taxonomy":"product_cat","embeddable":true,"href":"https:\/\/test.imprimetresde.com\/gl\/wp-json\/wp\/v2\/product_cat?post=13026"},{"taxonomy":"product_tag","embeddable":true,"href":"https:\/\/test.imprimetresde.com\/gl\/wp-json\/wp\/v2\/product_tag?post=13026"}],"curies":[{"name":"wp","href":"https:\/\/api.w.org\/{rel}","templated":true}]}}