{"id":13082,"date":"2024-05-10T18:32:32","date_gmt":"2024-05-10T16:32:32","guid":{"rendered":"https:\/\/test.imprimetresde.com\/?post_type=product&#038;p=13082"},"modified":"2025-09-17T11:54:14","modified_gmt":"2025-09-17T09:54:14","slug":"colgante-depor","status":"publish","type":"product","link":"https:\/\/test.imprimetresde.com\/gl\/produto\/colgante-depor\/","title":{"rendered":"Colgante D\u00e9por"},"content":{"rendered":"<p>Colgante D\u00e9por. Orixinal colgante inspirado e en homenaxe ao <a href=\"https:\/\/www.google.com\/search?q=Equipo+definici%C3%B3n&amp;sa=X&amp;ved=2ahUKEwialdeh97LvAhWqQUEAHQzHC7IQ1QIwE3oECAsQAQ&amp;biw=1366&amp;bih=657\">equipo<\/a> do <a href=\"https:\/\/www.rcdeportivo.es\/gl\">Real Clube Deportivo da Coru\u00f1a<\/a>. En azul e branco das s\u00faas cores \u00e9 ideal para ti ou para agasallar!<\/p>\n<p>*Cadena de prata opcional<\/p>\n<p>*O material no que est\u00e1 realizado \u00e9 <a href=\"https:\/\/test.imprimetresde.com\/gl\/o-noso-material-de-impresion-o-pla-polimero-biodegradabel-procedente-de-recursos-vexetais\/\">PLA<\/a>, material procedente de materia vexetal, biodegrad\u00e1bel, non t\u00f3xico e ecol\u00f3xico<\/p>\n","protected":false},"excerpt":{"rendered":"<p>Colgante D\u00e9por. Orixina colgante inspirado e en homenaxe ao <a href=\"https:\/\/www.google.com\/search?q=Equipo+definici%C3%B3n&amp;sa=X&amp;ved=2ahUKEwialdeh97LvAhWqQUEAHQzHC7IQ1QIwE3oECAsQAQ&amp;biw=1366&amp;bih=657\">equipo<\/a> do <a href=\"https:\/\/www.rcdeportivo.es\/gl\">Real Clube Deportivo da Coru\u00f1a<\/a>. En azul e branco das s\u00faas cores \u00e9 ideais para ti ou para agasallar!<\/p>\n","protected":false},"featured_media":13089,"comment_status":"open","ping_status":"closed","template":"","meta":{"_vp_format_video_url":"","_vp_image_focal_point":[]},"product_brand":[],"product_cat":[1312,315],"product_tag":[587,2570,2568,2575,2569,2594,2595,2596,2597,353,388,358,2515,498,1489,916,1114,1115,904,1971,898,2508,2507,2576,1972,918,919,2578,2577,2574],"class_list":{"0":"post-13082","1":"product","2":"type-product","3":"status-publish","4":"has-post-thumbnail","6":"product_cat-colgantes-gl","7":"product_cat-complementos-gl","8":"product_tag-a-coruna-gl","9":"product_tag-a-nosa-forza","10":"product_tag-acoruna","11":"product_tag-arsenio","12":"product_tag-as-nosas","13":"product_tag-azul-e-branco","14":"product_tag-azul-y-blanco","15":"product_tag-blanquiazul","16":"product_tag-branquiazul","17":"product_tag-brincos","18":"product_tag-colar","19":"product_tag-colgante-gl","20":"product_tag-collar-gl","21":"product_tag-complementos","22":"product_tag-coruna","23":"product_tag-depor","24":"product_tag-dia-da-nai","25":"product_tag-dia-do-pai","26":"product_tag-estadio","27":"product_tag-forza-depor","28":"product_tag-futbol","29":"product_tag-impresion-3d-a-coruna","30":"product_tag-impresion-3d-coruna","31":"product_tag-lendoiro","32":"product_tag-os-nosos","33":"product_tag-real-club-deportivo-de-la-coruna","34":"product_tag-riazor","35":"product_tag-riazor-blues","36":"product_tag-superdepor","37":"product_tag-templo","39":"first","40":"instock","41":"sale","42":"taxable","43":"shipping-taxable","44":"purchasable","45":"product-type-simple"},"exclude_global_add_ons":false,"addons":[{"name":"Material da Cadea (opcional)","type":"checkbox","position":0,"required":false,"title_format":"label","default":"","description_enable":true,"description":"Opci\u00f3n de facer a peza con cadea e accesorios de prata 925, de primera lei.","placeholder_enable":false,"placeholder":"","display":"select","restrictions_type":"any_text","adjust_price":false,"price":"","price_type":"flat_fee","restrictions":false,"min":"0","max":"0","options":[{"label":"Prata","price":"10","price_type":"flat_fee","image":0,"visibility":true}]}],"_links":{"self":[{"href":"https:\/\/test.imprimetresde.com\/gl\/wp-json\/wp\/v2\/product\/13082","targetHints":{"allow":["GET"]}}],"collection":[{"href":"https:\/\/test.imprimetresde.com\/gl\/wp-json\/wp\/v2\/product"}],"about":[{"href":"https:\/\/test.imprimetresde.com\/gl\/wp-json\/wp\/v2\/types\/product"}],"replies":[{"embeddable":true,"href":"https:\/\/test.imprimetresde.com\/gl\/wp-json\/wp\/v2\/comments?post=13082"}],"wp:featuredmedia":[{"embeddable":true,"href":"https:\/\/test.imprimetresde.com\/gl\/wp-json\/wp\/v2\/media\/13089"}],"wp:attachment":[{"href":"https:\/\/test.imprimetresde.com\/gl\/wp-json\/wp\/v2\/media?parent=13082"}],"wp:term":[{"taxonomy":"product_brand","embeddable":true,"href":"https:\/\/test.imprimetresde.com\/gl\/wp-json\/wp\/v2\/product_brand?post=13082"},{"taxonomy":"product_cat","embeddable":true,"href":"https:\/\/test.imprimetresde.com\/gl\/wp-json\/wp\/v2\/product_cat?post=13082"},{"taxonomy":"product_tag","embeddable":true,"href":"https:\/\/test.imprimetresde.com\/gl\/wp-json\/wp\/v2\/product_tag?post=13082"}],"curies":[{"name":"wp","href":"https:\/\/api.w.org\/{rel}","templated":true}]}}