{"id":13166,"date":"2024-06-18T12:40:25","date_gmt":"2024-06-18T10:40:25","guid":{"rendered":"https:\/\/test.imprimetresde.com\/?post_type=product&#038;p=13166"},"modified":"2025-04-15T18:22:09","modified_gmt":"2025-04-15T16:22:09","slug":"curso-blender-aplicado-a-impresion-3d","status":"publish","type":"product","link":"https:\/\/test.imprimetresde.com\/gl\/produto\/curso-blender-aplicado-a-impresion-3d\/","title":{"rendered":"CURSO BLENDER aplicado a Impresi\u00f3n 3D"},"content":{"rendered":"<p>CURSO <a href=\"https:\/\/www.google.com\/search?q=i3d+tech&amp;client=firefox-b-d&amp;sca_esv=e700f3d169f84836&amp;sca_upv=1&amp;ei=bGJxZq7KFcG5kdUP5Y-lgA8&amp;ved=0ahUKEwiusMfg-eSGAxXBXKQEHeVHCfAQ4dUDCBA&amp;uact=5&amp;oq=i3d+tech&amp;gs_lp=Egxnd3Mtd2l6LXNlcnAiCGkzZCB0ZWNoMgcQABiABBgTMggQABgTGBYYHjIIEAAYExgWGB4yCBAAGBMYFhgeMggQABiABBiiBDIIEAAYgAQYogQyCBAAGIAEGKIESOEXUMwEWPkScAF4AJABAJgBnwGgAb8HqgEDMC44uAEDyAEA-AEBmAIIoAKECMICCxAAGIAEGLEDGIMBwgIFEAAYgATCAgoQABiABBhDGIoFwgIEEAAYHsICBhAAGAoYHsICBhAAGBYYHpgDAIgGAZIHAzAuOKAHtiM&amp;sclient=gws-wiz-serp\">BLENDER<\/a> aplicado a Impresi\u00f3n 3D (15H &#8211; 200\u20ac). <span class=\"x193iq5w xeuugli x13faqbe x1vvkbs x1xmvt09 x1lliihq x1s928wv xhkezso x1gmr53x x1cpjm7i x1fgarty x1943h6x xudqn12 x3x7a5m x6prxxf xvq8zen xo1l8bm xzsf02u\" dir=\"auto\">F\u00d3RMATE PARA O FUTURO!!\u00a0 <\/span>Modalidade INTENSIVA ou SEMANAL<\/p>\n<p>Temario <a href=\"https:\/\/test.imprimetresde.com\/gl\/cursos\/\">Curso<\/a> BLENDER aplicado a Impresi\u00f3n 3D:<\/p>\n<p>01 Dise\u00f1o 3d e Impresi\u00f3n 3d<br \/>\n02 Introducci\u00f3n a Blender<br \/>\n03 Interfaz.<br \/>\n04 Software 3D bases y caracter\u00edsticas.<br \/>\n05 Panel info.<br \/>\n06 Panel vista 3D.<br \/>\n07 La selecci\u00f3n.<br \/>\n08 Trabajar en Modo Edici\u00f3n y Modo Objeto.<br \/>\n09 Modelado Poligonal (Herramientas fundamentales)<br \/>\n10 Modificadores. Introducci\u00f3n a los Modificadores en Blender<br \/>\n10.1 El Modificador Array<br \/>\n10.2 El Modificador Espejo<br \/>\n10.3 El Modificador Booleano<br \/>\n10.4 El modificador Solidify<br \/>\n10.5 El Modificador de Subdivisi\u00f3n de Superficie<br \/>\n11 Edici\u00f3n Proporcional<br \/>\n12 Trabajo con Colecciones<br \/>\n13 Preparaci\u00f3n de la geometr\u00eda para impresi\u00f3n 3d<br \/>\n14 Ejemplos pr\u00e1cticos<br \/>\n15 Trabajo final de curso<\/p>\n<p><span class=\"x193iq5w xeuugli x13faqbe x1vvkbs x1xmvt09 x1lliihq x1s928wv xhkezso x1gmr53x x1cpjm7i x1fgarty x1943h6x xudqn12 x3x7a5m x6prxxf xvq8zen xo1l8bm xzsf02u\" dir=\"auto\"><br class=\"html-br\" \/><a href=\"https:\/\/www.google.com\/search?q=i3d+tech&amp;client=firefox-b-d&amp;sca_esv=e700f3d169f84836&amp;sca_upv=1&amp;ei=bGJxZq7KFcG5kdUP5Y-lgA8&amp;ved=0ahUKEwiusMfg-eSGAxXBXKQEHeVHCfAQ4dUDCBA&amp;uact=5&amp;oq=i3d+tech&amp;gs_lp=Egxnd3Mtd2l6LXNlcnAiCGkzZCB0ZWNoMgcQABiABBgTMggQABgTGBYYHjIIEAAYExgWGB4yCBAAGBMYFhgeMggQABiABBiiBDIIEAAYgAQYogQyCBAAGIAEGKIESOEXUMwEWPkScAF4AJABAJgBnwGgAb8HqgEDMC44uAEDyAEA-AEBmAIIoAKECMICCxAAGIAEGLEDGIMBwgIFEAAYgATCAgoQABiABBhDGIoFwgIEEAAYHsICBhAAGAoYHsICBhAAGBYYHpgDAIgGAZIHAzAuOKAHtiM&amp;sclient=gws-wiz-serp\">AULA I3D Tech<\/a>\u00a0<br class=\"html-br\" \/>R\u00faa Mosteiro de Caaveiro 3, baixo<br class=\"html-br\" \/>15010 A Coru\u00f1a <span class=\"x3nfvp2 x1j61x8r x1fcty0u xdj266r xhhsvwb xat24cr xgzva0m xxymvpz xlup9mm x1kky2od\"><img decoding=\"async\" class=\"xz74otr\" src=\"https:\/\/static.xx.fbcdn.net\/images\/emoji.php\/v9\/t72\/1\/16\/1f538.png\" alt=\"????\" width=\"16\" height=\"16\" \/><\/span> A 50m do Centro C\u00edvico \u00c1gora <br class=\"html-br\" \/><br class=\"html-br\" \/><span class=\"x3nfvp2 x1j61x8r x1fcty0u xdj266r xhhsvwb xat24cr xgzva0m xxymvpz xlup9mm x1kky2od\"><img decoding=\"async\" class=\"xz74otr\" src=\"https:\/\/static.xx.fbcdn.net\/images\/emoji.php\/v9\/t22\/1\/16\/260e.png\" alt=\"\u260e\ufe0f\" width=\"16\" height=\"16\" \/><\/span> 634 585 631<br class=\"html-br\" \/><span class=\"x3nfvp2 x1j61x8r x1fcty0u xdj266r xhhsvwb xat24cr xgzva0m xxymvpz xlup9mm x1kky2od\"><img decoding=\"async\" class=\"xz74otr\" src=\"https:\/\/static.xx.fbcdn.net\/images\/emoji.php\/v9\/t37\/1\/16\/2709.png\" alt=\"\u2709\ufe0f\" width=\"16\" height=\"16\" \/><\/span> cursos@imprimetresde.com<br class=\"html-br\" \/><br class=\"html-br\" \/><span class=\"x3nfvp2 x1j61x8r x1fcty0u xdj266r xhhsvwb xat24cr xgzva0m xxymvpz xlup9mm x1kky2od\"><img decoding=\"async\" class=\"xz74otr\" src=\"https:\/\/static.xx.fbcdn.net\/images\/emoji.php\/v9\/tfd\/1\/16\/1f9e1.png\" alt=\"????\" width=\"16\" height=\"16\" \/><\/span><a href=\"https:\/\/tech.i3d.gal\/\"> I3D Tech<\/a> \u00e9 a marca t\u00e9cnica de <a class=\"x1i10hfl xjbqb8w x1ejq31n xd10rxx x1sy0etr x17r0tee x972fbf xcfux6l x1qhh985 xm0m39n x9f619 x1ypdohk xt0psk2 xe8uvvx xdj266r x11i5rnm xat24cr x1mh8g0r xexx8yu x4uap5 x18d9i69 xkhd6sd x16tdsg8 x1hl2dhg xggy1nq x1a2a7pz xt0b8zv x1fey0fg\" tabindex=\"0\" role=\"link\" href=\"https:\/\/l.facebook.com\/l.php?u=https%3A%2F%2Fwww.instagram.com%2F_u%2Fimprimetresde%3Ffbclid%3DIwAR2PnW6fcKtX0HNFpjsMNEXwaRtqXglML2kLeKcVzv5Bezix2d_nT6G7i10_aem_AUHlcleh14Ipn_EkZmE6-7MFBJxqdXEl-7KoWxcpl1-5_eDeFQFIC_esITLLUkJRy9hJpjI2ydmZ8JagvXVR7TbT&amp;h=AT1yeBpVXnMuQwMQhV5iFeVU-Ey4CIMzRTDEZNQaO3TMsvKNDqXuCojPKv9x40x3_DHHB0dGnFdH8yZskrOFJxdzUJGtyUr4pWwfAC7CgOxmf-MXcPH-LX40wf-21VqQpw&amp;__tn__=-UK*F\" target=\"_blank\" rel=\"nofollow noopener noreferrer\">@imprimetresde<\/a> <span class=\"x3nfvp2 x1j61x8r x1fcty0u xdj266r xhhsvwb xat24cr xgzva0m xxymvpz xlup9mm x1kky2od\"><img decoding=\"async\" class=\"xz74otr\" src=\"https:\/\/static.xx.fbcdn.net\/images\/emoji.php\/v9\/tfd\/1\/16\/1f9e1.png\" alt=\"????\" width=\"16\" height=\"16\" \/><\/span><\/span><\/p>\n","protected":false},"excerpt":{"rendered":"<p>CURSO <a href=\"https:\/\/www.google.com\/search?q=i3d+tech&amp;client=firefox-b-d&amp;sca_esv=e700f3d169f84836&amp;sca_upv=1&amp;ei=bGJxZq7KFcG5kdUP5Y-lgA8&amp;ved=0ahUKEwiusMfg-eSGAxXBXKQEHeVHCfAQ4dUDCBA&amp;uact=5&amp;oq=i3d+tech&amp;gs_lp=Egxnd3Mtd2l6LXNlcnAiCGkzZCB0ZWNoMgcQABiABBgTMggQABgTGBYYHjIIEAAYExgWGB4yCBAAGBMYFhgeMggQABiABBiiBDIIEAAYgAQYogQyCBAAGIAEGKIESOEXUMwEWPkScAF4AJABAJgBnwGgAb8HqgEDMC44uAEDyAEA-AEBmAIIoAKECMICCxAAGIAEGLEDGIMBwgIFEAAYgATCAgoQABiABBhDGIoFwgIEEAAYHsICBhAAGAoYHsICBhAAGBYYHpgDAIgGAZIHAzAuOKAHtiM&amp;sclient=gws-wiz-serp\">BLENDER<\/a> aplicado a Impresi\u00f3n 3D (15H &#8211; 200\u20ac). <span class=\"x193iq5w xeuugli x13faqbe x1vvkbs x1xmvt09 x1lliihq x1s928wv xhkezso x1gmr53x x1cpjm7i x1fgarty x1943h6x xudqn12 x3x7a5m x6prxxf xvq8zen xo1l8bm xzsf02u\" dir=\"auto\">F\u00d3RMATE PARA O FUTURO!!\u00a0 <\/span>Modalidade INTENSIVA ou SEMANAL.<\/p>\n<p><span class=\"x193iq5w xeuugli x13faqbe x1vvkbs x1xmvt09 x1lliihq x1s928wv xhkezso x1gmr53x x1cpjm7i x1fgarty x1943h6x xudqn12 x3x7a5m x6prxxf xvq8zen xo1l8bm xzsf02u\" dir=\"auto\"><a href=\"https:\/\/www.google.com\/search?q=i3d+tech&amp;client=firefox-b-d&amp;sca_esv=e700f3d169f84836&amp;sca_upv=1&amp;ei=bGJxZq7KFcG5kdUP5Y-lgA8&amp;ved=0ahUKEwiusMfg-eSGAxXBXKQEHeVHCfAQ4dUDCBA&amp;uact=5&amp;oq=i3d+tech&amp;gs_lp=Egxnd3Mtd2l6LXNlcnAiCGkzZCB0ZWNoMgcQABiABBgTMggQABgTGBYYHjIIEAAYExgWGB4yCBAAGBMYFhgeMggQABiABBiiBDIIEAAYgAQYogQyCBAAGIAEGKIESOEXUMwEWPkScAF4AJABAJgBnwGgAb8HqgEDMC44uAEDyAEA-AEBmAIIoAKECMICCxAAGIAEGLEDGIMBwgIFEAAYgATCAgoQABiABBhDGIoFwgIEEAAYHsICBhAAGAoYHsICBhAAGBYYHpgDAIgGAZIHAzAuOKAHtiM&amp;sclient=gws-wiz-serp\">AULA I3D Tech<\/a><br class=\"html-br\" \/>R\u00faa Mosteiro de Caaveiro 3, baixo<br class=\"html-br\" \/>15010 A Coru\u00f1a <span class=\"x3nfvp2 x1j61x8r x1fcty0u xdj266r xhhsvwb xat24cr xgzva0m xxymvpz xlup9mm x1kky2od\"><img decoding=\"async\" class=\"xz74otr\" src=\"https:\/\/static.xx.fbcdn.net\/images\/emoji.php\/v9\/t72\/1\/16\/1f538.png\" alt=\"????\" width=\"16\" height=\"16\" \/><\/span> A 50m do Centro C\u00edvico \u00c1gora <br class=\"html-br\" \/><br class=\"html-br\" \/><span class=\"x3nfvp2 x1j61x8r x1fcty0u xdj266r xhhsvwb xat24cr xgzva0m xxymvpz xlup9mm x1kky2od\"><img decoding=\"async\" class=\"xz74otr\" src=\"https:\/\/static.xx.fbcdn.net\/images\/emoji.php\/v9\/t22\/1\/16\/260e.png\" alt=\"\u260e\ufe0f\" width=\"16\" height=\"16\" \/><\/span> 634 585 631<br class=\"html-br\" \/><span class=\"x3nfvp2 x1j61x8r x1fcty0u xdj266r xhhsvwb xat24cr xgzva0m xxymvpz xlup9mm x1kky2od\"><img decoding=\"async\" class=\"xz74otr\" src=\"https:\/\/static.xx.fbcdn.net\/images\/emoji.php\/v9\/t37\/1\/16\/2709.png\" alt=\"\u2709\ufe0f\" width=\"16\" height=\"16\" \/><\/span> cursos@imprimetresde.com<br class=\"html-br\" \/><br class=\"html-br\" \/><span class=\"x3nfvp2 x1j61x8r x1fcty0u xdj266r xhhsvwb xat24cr xgzva0m xxymvpz xlup9mm x1kky2od\"><img decoding=\"async\" class=\"xz74otr\" src=\"https:\/\/static.xx.fbcdn.net\/images\/emoji.php\/v9\/tfd\/1\/16\/1f9e1.png\" alt=\"????\" width=\"16\" height=\"16\" \/><\/span> I3D Tech \u00e9 a marca t\u00e9cnica de <a class=\"x1i10hfl xjbqb8w x1ejq31n xd10rxx x1sy0etr x17r0tee x972fbf xcfux6l x1qhh985 xm0m39n x9f619 x1ypdohk xt0psk2 xe8uvvx xdj266r x11i5rnm xat24cr x1mh8g0r xexx8yu x4uap5 x18d9i69 xkhd6sd x16tdsg8 x1hl2dhg xggy1nq x1a2a7pz xt0b8zv x1fey0fg\" tabindex=\"0\" role=\"link\" href=\"https:\/\/l.facebook.com\/l.php?u=https%3A%2F%2Fwww.instagram.com%2F_u%2Fimprimetresde%3Ffbclid%3DIwAR2PnW6fcKtX0HNFpjsMNEXwaRtqXglML2kLeKcVzv5Bezix2d_nT6G7i10_aem_AUHlcleh14Ipn_EkZmE6-7MFBJxqdXEl-7KoWxcpl1-5_eDeFQFIC_esITLLUkJRy9hJpjI2ydmZ8JagvXVR7TbT&amp;h=AT1yeBpVXnMuQwMQhV5iFeVU-Ey4CIMzRTDEZNQaO3TMsvKNDqXuCojPKv9x40x3_DHHB0dGnFdH8yZskrOFJxdzUJGtyUr4pWwfAC7CgOxmf-MXcPH-LX40wf-21VqQpw&amp;__tn__=-UK*F\" target=\"_blank\" rel=\"nofollow noopener noreferrer\">@imprimetresde<\/a> <span class=\"x3nfvp2 x1j61x8r x1fcty0u xdj266r xhhsvwb xat24cr xgzva0m xxymvpz xlup9mm x1kky2od\"><img decoding=\"async\" class=\"xz74otr\" src=\"https:\/\/static.xx.fbcdn.net\/images\/emoji.php\/v9\/tfd\/1\/16\/1f9e1.png\" alt=\"????\" width=\"16\" height=\"16\" \/><\/span><\/span><\/p>\n<p>&nbsp;<\/p>\n","protected":false},"featured_media":14403,"comment_status":"open","ping_status":"closed","template":"","meta":{"_vp_format_video_url":"","_vp_image_focal_point":[]},"product_brand":[],"product_cat":[2602,2385],"product_tag":[1010,2479,2478,1458,2481,2603,1830,2605,2680,2682,2683,2604,2475,2679,2681,1114,1115,2612,2610,2611,2480,2439,2606,2607,2393,2508,2387,2608,2609,283],"class_list":{"0":"post-13166","1":"product","2":"type-product","3":"status-publish","4":"has-post-thumbnail","6":"product_cat-cursos","7":"product_cat-i3dtech","8":"product_tag-3d","9":"product_tag-alumna","10":"product_tag-alumno","11":"product_tag-aula","12":"product_tag-blender","13":"product_tag-blender-a-coruna","14":"product_tag-clases","15":"product_tag-curso","16":"product_tag-curso-3d-a-coruna","17":"product_tag-curso-3d-en-coruna","18":"product_tag-curso-animacion-a-coruna","19":"product_tag-curso-blender-a-coruna","20":"product_tag-cursos","21":"product_tag-cursos-3d-a-coruna","22":"product_tag-cursos-3d-en-coruna","23":"product_tag-dia-da-nai","24":"product_tag-dia-do-pai","25":"product_tag-esculpido-digital","26":"product_tag-escultura-3d","27":"product_tag-escultura-dixital","28":"product_tag-estudiar","29":"product_tag-estudio","30":"product_tag-formacion","31":"product_tag-formacion-complementaria","32":"product_tag-impresion-3d","33":"product_tag-impresion-3d-a-coruna","34":"product_tag-impresora-3d","35":"product_tag-informatica","36":"product_tag-modelado","37":"product_tag-robotica-gl","39":"first","40":"instock","41":"taxable","42":"shipping-taxable","43":"purchasable","44":"product-type-simple"},"exclude_global_add_ons":[],"addons":[],"_links":{"self":[{"href":"https:\/\/test.imprimetresde.com\/gl\/wp-json\/wp\/v2\/product\/13166","targetHints":{"allow":["GET"]}}],"collection":[{"href":"https:\/\/test.imprimetresde.com\/gl\/wp-json\/wp\/v2\/product"}],"about":[{"href":"https:\/\/test.imprimetresde.com\/gl\/wp-json\/wp\/v2\/types\/product"}],"replies":[{"embeddable":true,"href":"https:\/\/test.imprimetresde.com\/gl\/wp-json\/wp\/v2\/comments?post=13166"}],"wp:featuredmedia":[{"embeddable":true,"href":"https:\/\/test.imprimetresde.com\/gl\/wp-json\/wp\/v2\/media\/14403"}],"wp:attachment":[{"href":"https:\/\/test.imprimetresde.com\/gl\/wp-json\/wp\/v2\/media?parent=13166"}],"wp:term":[{"taxonomy":"product_brand","embeddable":true,"href":"https:\/\/test.imprimetresde.com\/gl\/wp-json\/wp\/v2\/product_brand?post=13166"},{"taxonomy":"product_cat","embeddable":true,"href":"https:\/\/test.imprimetresde.com\/gl\/wp-json\/wp\/v2\/product_cat?post=13166"},{"taxonomy":"product_tag","embeddable":true,"href":"https:\/\/test.imprimetresde.com\/gl\/wp-json\/wp\/v2\/product_tag?post=13166"}],"curies":[{"name":"wp","href":"https:\/\/api.w.org\/{rel}","templated":true}]}}