{"id":13716,"date":"2024-12-07T14:33:14","date_gmt":"2024-12-07T12:33:14","guid":{"rendered":"https:\/\/test.imprimetresde.com\/?post_type=product&#038;p=13716"},"modified":"2025-01-16T17:37:17","modified_gmt":"2025-01-16T15:37:17","slug":"bola-decoracion-nadal-personalizada","status":"publish","type":"product","link":"https:\/\/test.imprimetresde.com\/gl\/produto\/bola-decoracion-nadal-personalizada\/","title":{"rendered":"Bola decoraci\u00f3n Nadal personalizada"},"content":{"rendered":"<p>Bola decoraci\u00f3n Nadal personalizada co texto que queiras. Figura decorativa creaci\u00f3n orixinal de <a href=\"https:\/\/test.imprimetresde.com\/\">I3D<\/a> para colgar da \u00e1rbore e darlle un toque a\u00ednda m\u00e1is festivo. En tres cores: vermello, dourado e branco fosforescente. Ou p\u00eddenos a t\u00faa cor favorita. Un agasallo \u00fanico e personal co que acertar\u00e1s este Nadal!<\/p>\n<p>BOLA PERSONALIZADA! Engade o nome que queiras e ter\u00e1s a t\u00faa bola de Nadal personalizada! Para ti ou para regalar. Agasallo perfecto!<\/p>\n<p>**O material no que est\u00e1 realizado \u00e9\u00a0<a href=\"https:\/\/test.imprimetresde.com\/nuestro-material-de-impresion-el-pla-polimero-biodegradable-procedente-de-recursos-vegetales\/\">PLA<\/a>, material procedente de materia vexetal,\u00a0<a href=\"https:\/\/es.wikipedia.org\/wiki\/Biodegradabilidad\">biodegrad\u00e1bel<\/a>, non t\u00f3xico e ecol\u00f3xico<\/p>\n<p>&nbsp;<\/p>\n","protected":false},"excerpt":{"rendered":"<p>Bola decoraci\u00f3n Nadal personalizada co texto que queiras. Figura decorativa creaci\u00f3n orixinal de <a href=\"https:\/\/test.imprimetresde.com\/\">I3D<\/a> para colgar da \u00e1rbore e darlle un toque a\u00ednda m\u00e1is festivo. En tres cores: vermello, dourado e branco fosforescente. Ou p\u00eddenos a t\u00faa cor favorita. Un agasallo \u00fanico e personal co que acertar\u00e1s este Nadal!<\/p>\n<p><script src=\"moz-extension:\/\/5bdaac7b-9cd7-491b-8ff4-ed31f89b43b7\/js\/app.js\" type=\"text\/javascript\"><\/script><\/p>\n","protected":false},"featured_media":13721,"comment_status":"open","ping_status":"closed","template":"","meta":{"_vp_format_video_url":"","_vp_image_focal_point":[]},"product_brand":[],"product_cat":[315,316,313,2499],"product_tag":[1010,2805,2803,1851,2806,2508,1481,1487,2444,1355,2804],"class_list":{"0":"post-13716","1":"product","2":"type-product","3":"status-publish","4":"has-post-thumbnail","6":"product_cat-complementos-gl","7":"product_cat-cultura-gl","8":"product_cat-ambiente-gl","9":"product_cat-personalizados","10":"product_tag-3d","11":"product_tag-agasallos","12":"product_tag-arbore-de-nadal","13":"product_tag-bola","14":"product_tag-christmas","15":"product_tag-impresion-3d-a-coruna","16":"product_tag-nadal","17":"product_tag-natal","18":"product_tag-navidad-gl","19":"product_tag-personalizada","20":"product_tag-regalos","22":"first","23":"instock","24":"sale","25":"taxable","26":"shipping-taxable","27":"purchasable","28":"product-type-simple"},"exclude_global_add_ons":[],"addons":[],"_links":{"self":[{"href":"https:\/\/test.imprimetresde.com\/gl\/wp-json\/wp\/v2\/product\/13716","targetHints":{"allow":["GET"]}}],"collection":[{"href":"https:\/\/test.imprimetresde.com\/gl\/wp-json\/wp\/v2\/product"}],"about":[{"href":"https:\/\/test.imprimetresde.com\/gl\/wp-json\/wp\/v2\/types\/product"}],"replies":[{"embeddable":true,"href":"https:\/\/test.imprimetresde.com\/gl\/wp-json\/wp\/v2\/comments?post=13716"}],"wp:featuredmedia":[{"embeddable":true,"href":"https:\/\/test.imprimetresde.com\/gl\/wp-json\/wp\/v2\/media\/13721"}],"wp:attachment":[{"href":"https:\/\/test.imprimetresde.com\/gl\/wp-json\/wp\/v2\/media?parent=13716"}],"wp:term":[{"taxonomy":"product_brand","embeddable":true,"href":"https:\/\/test.imprimetresde.com\/gl\/wp-json\/wp\/v2\/product_brand?post=13716"},{"taxonomy":"product_cat","embeddable":true,"href":"https:\/\/test.imprimetresde.com\/gl\/wp-json\/wp\/v2\/product_cat?post=13716"},{"taxonomy":"product_tag","embeddable":true,"href":"https:\/\/test.imprimetresde.com\/gl\/wp-json\/wp\/v2\/product_tag?post=13716"}],"curies":[{"name":"wp","href":"https:\/\/api.w.org\/{rel}","templated":true}]}}