{"id":13780,"date":"2025-01-02T19:56:24","date_gmt":"2025-01-02T17:56:24","guid":{"rendered":"https:\/\/test.imprimetresde.com\/?post_type=product&#038;p=13780"},"modified":"2025-09-17T12:16:25","modified_gmt":"2025-09-17T10:16:25","slug":"skyline-a-coruna","status":"publish","type":"product","link":"https:\/\/test.imprimetresde.com\/gl\/produto\/skyline-a-coruna\/","title":{"rendered":"Skyline A Coru\u00f1a"},"content":{"rendered":"<p>Skyline A Coru\u00f1a, creaci\u00f3n orixinal de I3D onde podes observar os edificios e monumentos m\u00e1is destacados da cidade herculina. Nel figuran desde a Torre do Milenium ou o Obelisco ata as galer\u00edas da Mari\u00f1a, a Domus, a Casa das Ciencias ou o Banco Pastor, sen esquecer por suposto a Torre de H\u00e9rcules, o Concello ou o Mercado de San Agust\u00edn. Por non faltar, non falta nin o dep\u00f3sito de auga do Ventorrillo!<\/p>\n<p>Faite xa co teu ou para un agasallo \u00fanico!<\/p>\n<p>&nbsp;<\/p>\n<p>*Para outros monumentos, consultar prezo e prazo de entrega.<\/p>\n<p>**O material no que est\u00e1 realizado \u00e9 <a href=\"https:\/\/test.imprimetresde.com\/nuestro-material-de-impresion-el-pla-polimero-biodegradable-procedente-de-recursos-vegetales\/\">PLA<\/a>, material procedente de materia vexetal,\u00a0<a href=\"https:\/\/es.wikipedia.org\/wiki\/Biodegradabilidad\">biodegrad\u00e1bel<\/a>, non t\u00f3xico e ecol\u00f3xico.<\/p>\n<p><script src=\"moz-extension:\/\/5bdaac7b-9cd7-491b-8ff4-ed31f89b43b7\/js\/app.js\" type=\"text\/javascript\"><\/script><\/p>\n","protected":false},"excerpt":{"rendered":"<p>Skyline A Coru\u00f1a, creaci\u00f3n orixinal de I3D onde podes observar os edificios e monumentos m\u00e1is destacados da cidade herculina. Nel figuran desde a Torre do Milenium ou o Obelisco ata as galer\u00edas da Mari\u00f1a, a Domus, a Casa das Ciencias ou o Banco Pastor, sen esquecer por suposto a Torre de H\u00e9rcules, o Concello ou o Mercado de San Agust\u00edn. Por non faltar, non falta nin o dep\u00f3sito de auga do Ventorrillo!<\/p>\n<p><script src=\"moz-extension:\/\/5bdaac7b-9cd7-491b-8ff4-ed31f89b43b7\/js\/app.js\" type=\"text\/javascript\"><\/script><\/p>\n","protected":false},"featured_media":14615,"comment_status":"open","ping_status":"closed","template":"","meta":{"_vp_format_video_url":"","_vp_image_focal_point":[]},"product_brand":[],"product_cat":[316,313,2258],"product_tag":[1010,587,2814,1489,2812,210,2815,1114,1115,2813,2326,2919,2508,2507,2327,2811],"class_list":{"0":"post-13780","1":"product","2":"type-product","3":"status-publish","4":"has-post-thumbnail","6":"product_cat-cultura-gl","7":"product_cat-ambiente-gl","8":"product_cat-esculturas","9":"product_tag-3d","10":"product_tag-a-coruna-gl","11":"product_tag-cidade-herculina","12":"product_tag-coruna","13":"product_tag-da-coruna","14":"product_tag-decoracion-gl","15":"product_tag-decorar","16":"product_tag-dia-da-nai","17":"product_tag-dia-do-pai","18":"product_tag-edificios-emblematicos","19":"product_tag-esculturas","20":"product_tag-festas-maria-pita","21":"product_tag-impresion-3d-a-coruna","22":"product_tag-impresion-3d-coruna","23":"product_tag-monumentos","24":"product_tag-skyline","26":"first","27":"instock","28":"sale","29":"taxable","30":"shipping-taxable","31":"purchasable","32":"product-type-simple"},"exclude_global_add_ons":[],"addons":[],"_links":{"self":[{"href":"https:\/\/test.imprimetresde.com\/gl\/wp-json\/wp\/v2\/product\/13780","targetHints":{"allow":["GET"]}}],"collection":[{"href":"https:\/\/test.imprimetresde.com\/gl\/wp-json\/wp\/v2\/product"}],"about":[{"href":"https:\/\/test.imprimetresde.com\/gl\/wp-json\/wp\/v2\/types\/product"}],"replies":[{"embeddable":true,"href":"https:\/\/test.imprimetresde.com\/gl\/wp-json\/wp\/v2\/comments?post=13780"}],"wp:featuredmedia":[{"embeddable":true,"href":"https:\/\/test.imprimetresde.com\/gl\/wp-json\/wp\/v2\/media\/14615"}],"wp:attachment":[{"href":"https:\/\/test.imprimetresde.com\/gl\/wp-json\/wp\/v2\/media?parent=13780"}],"wp:term":[{"taxonomy":"product_brand","embeddable":true,"href":"https:\/\/test.imprimetresde.com\/gl\/wp-json\/wp\/v2\/product_brand?post=13780"},{"taxonomy":"product_cat","embeddable":true,"href":"https:\/\/test.imprimetresde.com\/gl\/wp-json\/wp\/v2\/product_cat?post=13780"},{"taxonomy":"product_tag","embeddable":true,"href":"https:\/\/test.imprimetresde.com\/gl\/wp-json\/wp\/v2\/product_tag?post=13780"}],"curies":[{"name":"wp","href":"https:\/\/api.w.org\/{rel}","templated":true}]}}