{"id":14034,"date":"2025-01-27T19:52:50","date_gmt":"2025-01-27T17:52:50","guid":{"rendered":"https:\/\/test.imprimetresde.com\/?post_type=product&#038;p=14034"},"modified":"2025-10-20T14:29:54","modified_gmt":"2025-10-20T12:29:54","slug":"impresora-3d","status":"publish","type":"product","link":"https:\/\/test.imprimetresde.com\/gl\/produto\/impresora-3d\/","title":{"rendered":"IMPRESORA 3D"},"content":{"rendered":"<p>IMPRESORA 3D _ Temos a impresora que m\u00e1is se adapta \u00e1s t\u00faas necesidades. Non tolees busca que busca por internet, vente a I3D Tech e atoparemos para ti e en exclusiva a m\u00e1quina que m\u00e1is che encaixe. Aproveita e l\u00e9vate 3 meses de ASISTENCIA I3D TECH inclu\u00edda!<\/p>\n<p>I3D TECH<\/p>\n<p>R\u00faa Monasterio de Caaveiro 3, baixo. 15010 A Coru\u00f1a (a 50m do \u00c1gora)<\/p>\n<p>i3d.gal\u00a0 \/\/ tech.i3d.gal\u00a0 \/\/ contacto@imprimetresde.com\u00a0 \/\/\u00a0 cursos@imprimetresde.com\u00a0 \/\/ 634 585 631<\/p>\n<p>&nbsp;<\/p>\n<p><script src=\"moz-extension:\/\/5bdaac7b-9cd7-491b-8ff4-ed31f89b43b7\/js\/app.js\" type=\"text\/javascript\"><\/script><\/p>\n<p><script src=\"moz-extension:\/\/5bdaac7b-9cd7-491b-8ff4-ed31f89b43b7\/js\/app.js\" type=\"text\/javascript\"><\/script><\/p>\n<p><script src=\"moz-extension:\/\/5bdaac7b-9cd7-491b-8ff4-ed31f89b43b7\/js\/app.js\" type=\"text\/javascript\"><\/script><\/p>\n","protected":false},"excerpt":{"rendered":"<p>IMPRESORA 3D _ Temos a impresora que m\u00e1is se adapta \u00e1s t\u00faas necesidades. Non tolees busca que busca por internet, vente a I3D Tech e atoparemos para ti e en exclusiva a m\u00e1quina que m\u00e1is che encaixe. Aproveita e l\u00e9vate 3 meses de ASISTENCIA I3D TECH inclu\u00edda!<\/p>\n<p><script src=\"moz-extension:\/\/5bdaac7b-9cd7-491b-8ff4-ed31f89b43b7\/js\/app.js\" type=\"text\/javascript\"><\/script><\/p>\n<p><script src=\"moz-extension:\/\/5bdaac7b-9cd7-491b-8ff4-ed31f89b43b7\/js\/app.js\" type=\"text\/javascript\"><\/script><\/p>\n<p><script src=\"moz-extension:\/\/5bdaac7b-9cd7-491b-8ff4-ed31f89b43b7\/js\/app.js\" type=\"text\/javascript\"><\/script><\/p>\n","protected":false},"featured_media":14356,"comment_status":"open","ping_status":"closed","template":"","meta":{"_vp_format_video_url":"","_vp_image_focal_point":[]},"product_brand":[],"product_cat":[2385],"product_tag":[2851,2481,2850,1114,1115,2849,2845,2393,2508,2387,2847,2846,2848,260],"class_list":{"0":"post-14034","1":"product","2":"type-product","3":"status-publish","4":"has-post-thumbnail","6":"product_cat-i3dtech","7":"product_tag-aprender-impresion-3d","8":"product_tag-blender","9":"product_tag-cursos-impresion-3d","10":"product_tag-dia-da-nai","11":"product_tag-dia-do-pai","12":"product_tag-filamento","13":"product_tag-impresion","14":"product_tag-impresion-3d","15":"product_tag-impresion-3d-a-coruna","16":"product_tag-impresora-3d","17":"product_tag-impresoras-3d","18":"product_tag-impresoras-3d-a-coruna","19":"product_tag-maquinas-impresion-3d","20":"product_tag-pla-gl","22":"first","23":"instock","24":"taxable","25":"shipping-taxable","26":"purchasable","27":"product-type-simple"},"exclude_global_add_ons":[],"addons":[],"_links":{"self":[{"href":"https:\/\/test.imprimetresde.com\/gl\/wp-json\/wp\/v2\/product\/14034","targetHints":{"allow":["GET"]}}],"collection":[{"href":"https:\/\/test.imprimetresde.com\/gl\/wp-json\/wp\/v2\/product"}],"about":[{"href":"https:\/\/test.imprimetresde.com\/gl\/wp-json\/wp\/v2\/types\/product"}],"replies":[{"embeddable":true,"href":"https:\/\/test.imprimetresde.com\/gl\/wp-json\/wp\/v2\/comments?post=14034"}],"wp:featuredmedia":[{"embeddable":true,"href":"https:\/\/test.imprimetresde.com\/gl\/wp-json\/wp\/v2\/media\/14356"}],"wp:attachment":[{"href":"https:\/\/test.imprimetresde.com\/gl\/wp-json\/wp\/v2\/media?parent=14034"}],"wp:term":[{"taxonomy":"product_brand","embeddable":true,"href":"https:\/\/test.imprimetresde.com\/gl\/wp-json\/wp\/v2\/product_brand?post=14034"},{"taxonomy":"product_cat","embeddable":true,"href":"https:\/\/test.imprimetresde.com\/gl\/wp-json\/wp\/v2\/product_cat?post=14034"},{"taxonomy":"product_tag","embeddable":true,"href":"https:\/\/test.imprimetresde.com\/gl\/wp-json\/wp\/v2\/product_tag?post=14034"}],"curies":[{"name":"wp","href":"https:\/\/api.w.org\/{rel}","templated":true}]}}