{"id":14056,"date":"2025-02-04T13:32:44","date_gmt":"2025-02-04T11:32:44","guid":{"rendered":"https:\/\/test.imprimetresde.com\/?post_type=product&#038;p=14056"},"modified":"2025-10-20T14:29:01","modified_gmt":"2025-10-20T12:29:01","slug":"coleccion-latexo","status":"publish","type":"product","link":"https:\/\/test.imprimetresde.com\/gl\/produto\/coleccion-latexo\/","title":{"rendered":"Colecci\u00f3n Latexo"},"content":{"rendered":"<p>Colecci\u00f3n Latexo, idea orixinal de I3D ca que podes lucir teu coraz\u00f3n en forma de brinco ou de colar. Os pendentes e o colgante Latexo van nun vermello vivo que reflexan o latexar m\u00e1is profundo. Ideais para regalar ou para un autoagasallo!<\/p>\n<p>CELEBREMOS O <a href=\"https:\/\/gl.wikipedia.org\/wiki\/Amor\">AMOR<\/a>!<\/p>\n<p>*O material no que est\u00e1 realizado \u00e9\u00a0<a href=\"https:\/\/test.imprimetresde.com\/nuestro-material-de-impresion-el-pla-polimero-biodegradable-procedente-de-recursos-vegetales\/\">PLA<\/a>, material procedente de materia vexetal,\u00a0<a href=\"https:\/\/es.wikipedia.org\/wiki\/Biodegradabilidad\">biodegrad\u00e1bel<\/a>, non t\u00f3xico e ecol\u00f3xico<\/p>\n<p><script src=\"moz-extension:\/\/5bdaac7b-9cd7-491b-8ff4-ed31f89b43b7\/js\/app.js\" type=\"text\/javascript\"><\/script>&#8220;&gt;<\/p>\n","protected":false},"excerpt":{"rendered":"<p>Colecci\u00f3n Latexo, idea orixinal de I3D ca que podes lucir teu coraz\u00f3n en forma de brinco ou de colar. Os pendentes e o colgante Latexo van nun vermello vivo que reflexan o latexar m\u00e1is profundo.<\/p>\n<p><script src=\"moz-extension:\/\/5bdaac7b-9cd7-491b-8ff4-ed31f89b43b7\/js\/app.js\" type=\"text\/javascript\"><\/script><\/p>\n<p><script src=\"moz-extension:\/\/5bdaac7b-9cd7-491b-8ff4-ed31f89b43b7\/js\/app.js\" type=\"text\/javascript\"><\/script><\/p>\n","protected":false},"featured_media":14058,"comment_status":"open","ping_status":"closed","template":"","meta":{"_vp_format_video_url":"","_vp_image_focal_point":[]},"product_brand":[],"product_cat":[315,1290],"product_tag":[566,2495,1628,353,1624,2860,2507,2859,962,968],"class_list":{"0":"post-14056","1":"product","2":"type-product","3":"status-publish","4":"has-post-thumbnail","6":"product_cat-complementos-gl","7":"product_cat-pendentes","8":"product_tag-agasallo","9":"product_tag-amigo-invisible","10":"product_tag-amor","11":"product_tag-brincos","12":"product_tag-corazon","13":"product_tag-cuore","14":"product_tag-impresion-3d-coruna","15":"product_tag-latexo","16":"product_tag-pendientes-gl","17":"product_tag-regalo-gl","19":"first","20":"instock","21":"sale","22":"taxable","23":"shipping-taxable","24":"purchasable","25":"product-type-variable"},"exclude_global_add_ons":false,"addons":[{"name":"Material de las fornituras (opcional)","type":"checkbox","position":0,"required":false,"title_format":"label","default":"","description_enable":true,"description":"Opci\u00f3n de incorporar fornituras de plata 925, de primera ley.","placeholder_enable":false,"placeholder":"","display":"select","restrictions_type":"any_text","adjust_price":false,"price":"","price_type":"flat_fee","restrictions":false,"min":"0","max":"0","options":[{"label":"Plata","price":"5","price_type":"flat_fee","image":0,"visibility":true}]}],"_links":{"self":[{"href":"https:\/\/test.imprimetresde.com\/gl\/wp-json\/wp\/v2\/product\/14056","targetHints":{"allow":["GET"]}}],"collection":[{"href":"https:\/\/test.imprimetresde.com\/gl\/wp-json\/wp\/v2\/product"}],"about":[{"href":"https:\/\/test.imprimetresde.com\/gl\/wp-json\/wp\/v2\/types\/product"}],"replies":[{"embeddable":true,"href":"https:\/\/test.imprimetresde.com\/gl\/wp-json\/wp\/v2\/comments?post=14056"}],"wp:featuredmedia":[{"embeddable":true,"href":"https:\/\/test.imprimetresde.com\/gl\/wp-json\/wp\/v2\/media\/14058"}],"wp:attachment":[{"href":"https:\/\/test.imprimetresde.com\/gl\/wp-json\/wp\/v2\/media?parent=14056"}],"wp:term":[{"taxonomy":"product_brand","embeddable":true,"href":"https:\/\/test.imprimetresde.com\/gl\/wp-json\/wp\/v2\/product_brand?post=14056"},{"taxonomy":"product_cat","embeddable":true,"href":"https:\/\/test.imprimetresde.com\/gl\/wp-json\/wp\/v2\/product_cat?post=14056"},{"taxonomy":"product_tag","embeddable":true,"href":"https:\/\/test.imprimetresde.com\/gl\/wp-json\/wp\/v2\/product_tag?post=14056"}],"curies":[{"name":"wp","href":"https:\/\/api.w.org\/{rel}","templated":true}]}}