{"id":14088,"date":"2025-02-05T19:44:47","date_gmt":"2025-02-05T17:44:47","guid":{"rendered":"https:\/\/test.imprimetresde.com\/?post_type=product&#038;p=14088"},"modified":"2025-10-20T14:28:23","modified_gmt":"2025-10-20T12:28:23","slug":"colar-pandeireta-rosalia","status":"publish","type":"product","link":"https:\/\/test.imprimetresde.com\/gl\/produto\/colar-pandeireta-rosalia\/","title":{"rendered":"Colar Pandeireta Rosal\u00eda"},"content":{"rendered":"<p>Colar Pandeireta Rosal\u00eda\u00a0en homenaxe \u00e1 escritora galega m\u00e1is universal, <a href=\"https:\/\/gl.wikipedia.org\/wiki\/Rosal%C3%ADa_de_Castro\">Rosal\u00eda de Castro<\/a>. Dese\u00f1ado pola equipa de <a href=\"https:\/\/test.imprimetresde.com\/gl\/\">I3D<\/a>, o colar pandeireta ca imaxe de Rosal\u00eda vai en cor lila co cord\u00f3n tam\u00e9n en lila. Podes adquirir tam\u00e9n a mesma peza, pero en broche. D\u00e1lle un toque feminista e reivindicativo ao teu look!<\/p>\n<p>*O material no que est\u00e1 realizado \u00e9 <a href=\"https:\/\/test.imprimetresde.com\/gl\/o-noso-material-de-impresion-o-pla-polimero-biodegradabel-procedente-de-recursos-vexetais\/\">PLA<\/a>, material procedente de materia vexetal, biodegrad\u00e1bel, non t\u00f3xico e ecol\u00f3xico<\/p>\n<p><script src=\"moz-extension:\/\/5bdaac7b-9cd7-491b-8ff4-ed31f89b43b7\/js\/app.js\" type=\"text\/javascript\"><\/script><\/p>\n","protected":false},"excerpt":{"rendered":"<p>Colar Pandeireta Rosal\u00eda\u00a0en homenaxe \u00e1 escritora galega m\u00e1is universal, <a href=\"https:\/\/gl.wikipedia.org\/wiki\/Rosal%C3%ADa_de_Castro\">Rosal\u00eda de Castro<\/a>. Dese\u00f1ado pola equipa de <a href=\"https:\/\/test.imprimetresde.com\/gl\/\">I3D<\/a>, o colar pandeireta ca imaxe de Rosal\u00eda vai en cor lila.<\/p>\n<p><script src=\"moz-extension:\/\/5bdaac7b-9cd7-491b-8ff4-ed31f89b43b7\/js\/app.js\" type=\"text\/javascript\"><\/script><\/p>\n","protected":false},"featured_media":14093,"comment_status":"open","ping_status":"closed","template":"","meta":{"_vp_format_video_url":"","_vp_image_focal_point":[]},"product_brand":[],"product_cat":[421,1312,315,316],"product_tag":[2506,2229,541,566,1204,452,451,388,498,225,469,357,354,409,479,463,2508,2507,481,755,973,1441,2864,968,969,281,1384,515],"class_list":{"0":"post-14088","1":"product","2":"type-product","3":"status-publish","4":"has-post-thumbnail","6":"product_cat-activismo","7":"product_cat-colgantes-gl","8":"product_cat-complementos-gl","9":"product_cat-cultura-gl","10":"product_tag-23-de-febreiro","11":"product_tag-23f","12":"product_tag-8m","13":"product_tag-agasallo","14":"product_tag-artesania","15":"product_tag-bisuteria","16":"product_tag-bixuteria","17":"product_tag-colar","18":"product_tag-complementos","19":"product_tag-dia-de-rosalia-gl","20":"product_tag-escritora","21":"product_tag-feminismo-gl","22":"product_tag-feminista-gl","23":"product_tag-galega","24":"product_tag-galicia","25":"product_tag-galiza","26":"product_tag-impresion-3d-a-coruna","27":"product_tag-impresion-3d-coruna","28":"product_tag-libros","29":"product_tag-literatura","30":"product_tag-muller-gl","31":"product_tag-mulleres-gl","32":"product_tag-poeta-galega","33":"product_tag-regalo-gl","34":"product_tag-rosalia","35":"product_tag-rosalia-de-castro-gl","36":"product_tag-souvenir","37":"product_tag-universal","39":"first","40":"instock","41":"taxable","42":"shipping-taxable","43":"purchasable","44":"product-type-simple"},"exclude_global_add_ons":false,"addons":[{"name":"Material da Cadea (opcional)","type":"checkbox","position":0,"required":false,"title_format":"label","default":"","description_enable":true,"description":"Opci\u00f3n de facer a peza con cadea e accesorios de prata 925, de primera lei.","placeholder_enable":false,"placeholder":"","display":"select","restrictions_type":"any_text","adjust_price":false,"price":"","price_type":"flat_fee","restrictions":false,"min":"0","max":"0","options":[{"label":"Prata","price":"10","price_type":"flat_fee","image":0,"visibility":true}]}],"_links":{"self":[{"href":"https:\/\/test.imprimetresde.com\/gl\/wp-json\/wp\/v2\/product\/14088","targetHints":{"allow":["GET"]}}],"collection":[{"href":"https:\/\/test.imprimetresde.com\/gl\/wp-json\/wp\/v2\/product"}],"about":[{"href":"https:\/\/test.imprimetresde.com\/gl\/wp-json\/wp\/v2\/types\/product"}],"replies":[{"embeddable":true,"href":"https:\/\/test.imprimetresde.com\/gl\/wp-json\/wp\/v2\/comments?post=14088"}],"wp:featuredmedia":[{"embeddable":true,"href":"https:\/\/test.imprimetresde.com\/gl\/wp-json\/wp\/v2\/media\/14093"}],"wp:attachment":[{"href":"https:\/\/test.imprimetresde.com\/gl\/wp-json\/wp\/v2\/media?parent=14088"}],"wp:term":[{"taxonomy":"product_brand","embeddable":true,"href":"https:\/\/test.imprimetresde.com\/gl\/wp-json\/wp\/v2\/product_brand?post=14088"},{"taxonomy":"product_cat","embeddable":true,"href":"https:\/\/test.imprimetresde.com\/gl\/wp-json\/wp\/v2\/product_cat?post=14088"},{"taxonomy":"product_tag","embeddable":true,"href":"https:\/\/test.imprimetresde.com\/gl\/wp-json\/wp\/v2\/product_tag?post=14088"}],"curies":[{"name":"wp","href":"https:\/\/api.w.org\/{rel}","templated":true}]}}