{"id":14822,"date":"2025-10-28T14:14:22","date_gmt":"2025-10-28T12:14:22","guid":{"rendered":"https:\/\/test.imprimetresde.com\/?post_type=product&#038;p=14822"},"modified":"2025-10-28T14:14:23","modified_gmt":"2025-10-28T12:14:23","slug":"broche-pandeireta-castelao","status":"publish","type":"product","link":"https:\/\/test.imprimetresde.com\/gl\/produto\/broche-pandeireta-castelao\/","title":{"rendered":"Broche Pandeireta Castelao"},"content":{"rendered":"<p>Broche Pandeireta Castelao, dese\u00f1o de <a href=\"https:\/\/test.imprimetresde.com\/gl\/\">Imprimetresde<\/a>, baseado nun dese\u00f1o do propio Daniel A. Rodr\u00edguez <a href=\"https:\/\/gl.wikipedia.org\/wiki\/Alfonso_Daniel_Rodr%C3%ADguez_Castelao\">Castelao<\/a> sobre a s\u00faa imaxe. Neste caso un\u00edmoslle a nosa querida pandeireta. Tremendo combo!<\/p>\n<p>**\u201cAutocaricatura\u201d de 1914. Nado en <a title=\"Rianxo\" href=\"https:\/\/gl.wikipedia.org\/wiki\/Rianxo\">Rianxo<\/a>\u00a0o\u00a0<a title=\"\" href=\"https:\/\/gl.wikipedia.org\/wiki\/29_de_xaneiro\">29 de xaneiro<\/a><sup id=\"cite_ref-1\" class=\"reference\"><a href=\"https:\/\/gl.wikipedia.org\/wiki\/Alfonso_Daniel_Rodr%C3%ADguez_Castelao#cite_note-1\">[1]<\/a><\/sup>\u00a0de\u00a0<a title=\"Medicina\" href=\"https:\/\/gl.wikipedia.org\/wiki\/1886\">1886<\/a>\u00a0e finado no exilio en\u00a0<a title=\"Buenos Aires\" href=\"https:\/\/gl.wikipedia.org\/wiki\/Buenos_Aires\">Buenos Aires<\/a>\u00a0(<a title=\"Arxentina\" href=\"https:\/\/gl.wikipedia.org\/wiki\/Arxentina\">Arxentina<\/a>) o\u00a0<a title=\"7 de xaneiro\" href=\"https:\/\/gl.wikipedia.org\/wiki\/7_de_xaneiro\">7 de xaneiro<\/a>\u00a0de\u00a0<a title=\"1950\" href=\"https:\/\/gl.wikipedia.org\/wiki\/1950\">1950<\/a>, est\u00e1 considerado o Pai do\u00a0<a title=\"Intelectual\" href=\"https:\/\/gl.wikipedia.org\/wiki\/Nacionalismo_galego\">nacionalismo galego<\/a>.<\/p>\n<p>*O material no que est\u00e1 realizado \u00e9 <a href=\"https:\/\/test.imprimetresde.com\/gl\/o-noso-material-de-impresion-o-pla-polimero-biodegradabel-procedente-de-recursos-vexetais\/\">PLA<\/a>\u00a0que \u00e9 un material procedente de materia vexetal, biodegrad\u00e1bel, non t\u00f3xico e ecol\u00f3xico<\/p>\n","protected":false},"excerpt":{"rendered":"<p>Broche Pandeireta Castelao, dese\u00f1o de <a href=\"https:\/\/test.imprimetresde.com\/gl\/\">Imprimetresde<\/a>, baseado nun dese\u00f1o do propio Daniel A. Rodr\u00edguez <a href=\"https:\/\/gl.wikipedia.org\/wiki\/Alfonso_Daniel_Rodr%C3%ADguez_Castelao\">Castelao<\/a> sobre a s\u00faa imaxe. Neste caso un\u00edmoslle a nosa querida pandeireta. Tremendo combo!<\/p>\n","protected":false},"featured_media":14827,"comment_status":"open","ping_status":"closed","template":"","meta":{"_vp_format_video_url":"","_vp_image_focal_point":[]},"product_brand":[],"product_cat":[315],"product_tag":[1962,1963,365,1762,378,513,1763,1114,1208,1149,1115,601,479,463,1764,561,565,578,803,602,562,1964],"class_list":{"0":"post-14822","1":"product","2":"type-product","3":"status-publish","4":"has-post-thumbnail","6":"product_cat-complementos-gl","7":"product_tag-17-de-maio","8":"product_tag-17m","9":"product_tag-broche","10":"product_tag-caricaturas","11":"product_tag-castelao","12":"product_tag-cultura","13":"product_tag-debuxos","14":"product_tag-dia-da-nai","15":"product_tag-dia-da-patria","16":"product_tag-dia-das-letras","17":"product_tag-dia-do-pai","18":"product_tag-escritor","19":"product_tag-galicia","20":"product_tag-galiza","21":"product_tag-independentismo","22":"product_tag-nacion","23":"product_tag-nacionalismo","24":"product_tag-nazon","25":"product_tag-pai","26":"product_tag-patria","27":"product_tag-sempre-en-galiza","28":"product_tag-souvenirs","30":"first","31":"instock","32":"sale","33":"taxable","34":"shipping-taxable","35":"purchasable","36":"product-type-simple"},"exclude_global_add_ons":[],"addons":[],"_links":{"self":[{"href":"https:\/\/test.imprimetresde.com\/gl\/wp-json\/wp\/v2\/product\/14822","targetHints":{"allow":["GET"]}}],"collection":[{"href":"https:\/\/test.imprimetresde.com\/gl\/wp-json\/wp\/v2\/product"}],"about":[{"href":"https:\/\/test.imprimetresde.com\/gl\/wp-json\/wp\/v2\/types\/product"}],"replies":[{"embeddable":true,"href":"https:\/\/test.imprimetresde.com\/gl\/wp-json\/wp\/v2\/comments?post=14822"}],"wp:featuredmedia":[{"embeddable":true,"href":"https:\/\/test.imprimetresde.com\/gl\/wp-json\/wp\/v2\/media\/14827"}],"wp:attachment":[{"href":"https:\/\/test.imprimetresde.com\/gl\/wp-json\/wp\/v2\/media?parent=14822"}],"wp:term":[{"taxonomy":"product_brand","embeddable":true,"href":"https:\/\/test.imprimetresde.com\/gl\/wp-json\/wp\/v2\/product_brand?post=14822"},{"taxonomy":"product_cat","embeddable":true,"href":"https:\/\/test.imprimetresde.com\/gl\/wp-json\/wp\/v2\/product_cat?post=14822"},{"taxonomy":"product_tag","embeddable":true,"href":"https:\/\/test.imprimetresde.com\/gl\/wp-json\/wp\/v2\/product_tag?post=14822"}],"curies":[{"name":"wp","href":"https:\/\/api.w.org\/{rel}","templated":true}]}}