{"id":5182,"date":"2018-04-09T11:24:45","date_gmt":"2017-02-07T10:24:45","guid":{"rendered":"https:\/\/test.imprimetresde.com\/producto\/marcapaxinas-rosaliate\/"},"modified":"2025-10-20T14:30:19","modified_gmt":"2025-10-20T12:30:19","slug":"marcapaxinas-rosaliate","status":"publish","type":"product","link":"https:\/\/test.imprimetresde.com\/gl\/produto\/marcapaxinas-rosaliate\/","title":{"rendered":"Marcap\u00e1xinas #Rosal\u00edaTe"},"content":{"rendered":"<p>Marcap\u00e1xinas #Rosal\u00edaTe. Desta volta tra\u00e9mosvos un elegante MARCAP\u00c1XINAS coa imaxe de Rosal\u00eda de Castro en formato Litofan\u00eda e coa etiqueta #Rosal\u00edaTe, o complemento perfecto para o agasallo do d\u00eda de Rosal\u00eda. Unha flor, un libro en galego e un marcap\u00e1xinas para usalo durante a s\u00faa lectura. Agardamos que vos guste \ud83d\ude09<\/p>\n<h5><strong>Vista 3D<\/strong>\u00a0(Click + esquerda ou dereita para rotar)<\/h5>\n<img data-area='' data-attr='{}' data-brake='0.23' data-clickfree='false' data-cursor='url(\"https:\/\/test.imprimetresde.com\/wp-content\/plugins\/wp-reel\/cur\/jquery.reel.cur\"),hand' data-cw='false' data-delay='0' data-directional='' data-draggable='true' data-duration='' data-entry='' data-footage='6' data-framelock='false' data-graph='' data-hint='' data-horizontal='true' data-indicator='0' data-inversed='false' data-klass='' data-lazyness='' data-monitor='' data-opening='0' data-orbital='0' data-orientable='' data-preload='fidelity' data-preloader='4' data-rebound='0.5' data-responsive='true' data-row='1' data-rows='0' data-rowlock='false' data-scrollable='true' data-shy='false' data-spacing='0' data-steppable='true' data-tempo='25' data-throwable='true' data-velocity='0' data-vertical='false' data-wheelable='true' width='575' height='305'  class='reel' data-revolution='575'  data-speed='0'  data-loops='true'  data-frames='40' data-size='' data-frame='1'   data-images='https:\/\/test.imprimetresde.com\/wp-content\/uploads\/2017\/02\/RosaliaTe_anim000003.jpg,https:\/\/test.imprimetresde.com\/wp-content\/uploads\/2017\/02\/RosaliaTe_anim000004.jpg,https:\/\/test.imprimetresde.com\/wp-content\/uploads\/2017\/02\/RosaliaTe_anim000005.jpg,https:\/\/test.imprimetresde.com\/wp-content\/uploads\/2017\/02\/RosaliaTe_anim000006.jpg,https:\/\/test.imprimetresde.com\/wp-content\/uploads\/2017\/02\/RosaliaTe_anim000007.jpg,https:\/\/test.imprimetresde.com\/wp-content\/uploads\/2017\/02\/RosaliaTe_anim000008.jpg,https:\/\/test.imprimetresde.com\/wp-content\/uploads\/2017\/02\/RosaliaTe_anim000009.jpg,https:\/\/test.imprimetresde.com\/wp-content\/uploads\/2017\/02\/RosaliaTe_anim000010.jpg,https:\/\/test.imprimetresde.com\/wp-content\/uploads\/2017\/02\/RosaliaTe_anim000011.jpg,https:\/\/test.imprimetresde.com\/wp-content\/uploads\/2017\/02\/RosaliaTe_anim000012.jpg,https:\/\/test.imprimetresde.com\/wp-content\/uploads\/2017\/02\/RosaliaTe_anim000013.jpg,https:\/\/test.imprimetresde.com\/wp-content\/uploads\/2017\/02\/RosaliaTe_anim000014.jpg,https:\/\/test.imprimetresde.com\/wp-content\/uploads\/2017\/02\/RosaliaTe_anim000015.jpg,https:\/\/test.imprimetresde.com\/wp-content\/uploads\/2017\/02\/RosaliaTe_anim000016.jpg,https:\/\/test.imprimetresde.com\/wp-content\/uploads\/2017\/02\/RosaliaTe_anim000017.jpg,https:\/\/test.imprimetresde.com\/wp-content\/uploads\/2017\/02\/RosaliaTe_anim000018.jpg,https:\/\/test.imprimetresde.com\/wp-content\/uploads\/2017\/02\/RosaliaTe_anim000019.jpg,https:\/\/test.imprimetresde.com\/wp-content\/uploads\/2017\/02\/RosaliaTe_anim000020.jpg,https:\/\/test.imprimetresde.com\/wp-content\/uploads\/2017\/02\/RosaliaTe_anim000021.jpg,https:\/\/test.imprimetresde.com\/wp-content\/uploads\/2017\/02\/RosaliaTe_anim000022.jpg,https:\/\/test.imprimetresde.com\/wp-content\/uploads\/2017\/02\/RosaliaTe_anim000023.jpg,https:\/\/test.imprimetresde.com\/wp-content\/uploads\/2017\/02\/RosaliaTe_anim000024.jpg,https:\/\/test.imprimetresde.com\/wp-content\/uploads\/2017\/02\/RosaliaTe_anim000025.jpg,https:\/\/test.imprimetresde.com\/wp-content\/uploads\/2017\/02\/RosaliaTe_anim000026.jpg,https:\/\/test.imprimetresde.com\/wp-content\/uploads\/2017\/02\/RosaliaTe_anim000027.jpg,https:\/\/test.imprimetresde.com\/wp-content\/uploads\/2017\/02\/RosaliaTe_anim000028.jpg,https:\/\/test.imprimetresde.com\/wp-content\/uploads\/2017\/02\/RosaliaTe_anim000029.jpg,https:\/\/test.imprimetresde.com\/wp-content\/uploads\/2017\/02\/RosaliaTe_anim000030.jpg,https:\/\/test.imprimetresde.com\/wp-content\/uploads\/2017\/02\/RosaliaTe_anim000031.jpg,https:\/\/test.imprimetresde.com\/wp-content\/uploads\/2017\/02\/RosaliaTe_anim000032.jpg,https:\/\/test.imprimetresde.com\/wp-content\/uploads\/2017\/02\/RosaliaTe_anim000033.jpg,https:\/\/test.imprimetresde.com\/wp-content\/uploads\/2017\/02\/RosaliaTe_anim000034.jpg,https:\/\/test.imprimetresde.com\/wp-content\/uploads\/2017\/02\/RosaliaTe_anim000035.jpg,https:\/\/test.imprimetresde.com\/wp-content\/uploads\/2017\/02\/RosaliaTe_anim000036.jpg,https:\/\/test.imprimetresde.com\/wp-content\/uploads\/2017\/02\/RosaliaTe_anim000037.jpg,https:\/\/test.imprimetresde.com\/wp-content\/uploads\/2017\/02\/RosaliaTe_anim000038.jpg,https:\/\/test.imprimetresde.com\/wp-content\/uploads\/2017\/02\/RosaliaTe_anim000039.jpg,https:\/\/test.imprimetresde.com\/wp-content\/uploads\/2017\/02\/RosaliaTe_anim000040.jpg,https:\/\/test.imprimetresde.com\/wp-content\/uploads\/2017\/02\/RosaliaTe_anim000001.jpg,https:\/\/test.imprimetresde.com\/wp-content\/uploads\/2017\/02\/RosaliaTe_anim000002.jpg' src='https:\/\/test.imprimetresde.com\/wp-content\/uploads\/2017\/02\/RosaliaTe_anim000003.jpg' >\n<p>O 24 de febreiro, fixado no Calendario do Libro e da Lectura como aniversario do nacemento da autora, a Asocicaci\u00f3n de Escritoras-es en Lingua Galega (AELG) prop\u00f3n \u00e1 cidadan\u00eda que agasalle un libro en galego e unha flor, al\u00e9n doutras acci\u00f3ns que contan con grande aceptaci\u00f3n e impulso por parte da sociedade, e moi especialmente polo sector educativo, como se pode comprobar no arquivo audiovisual e de imaxes da web da AELG.<\/p>\n<p>Para expandir o poder da s\u00faa palabra entre a xente nova, a AELG convida a celebrar o D\u00eda de Rosal\u00eda de Castro nos centros de ensino con estas acci\u00f3ns colectivas de difusi\u00f3n da s\u00faa obra, adem\u00e1is de crear para dita conmemoraci\u00f3n un marabilloso hashtag, a etiqueta #Rosal\u00edaTe.<br \/>\nDesde Imprimetresde sum\u00e1monos a esta fant\u00e1stica iniciativa e para tal fin vimos de crear varios obxectos relacionados coa escrita, co leitmotiv #Rosal\u00edate como eixo do dese\u00f1o.<\/p>\n<p>&nbsp;<\/p>\n<p><script src=\"moz-extension:\/\/5bdaac7b-9cd7-491b-8ff4-ed31f89b43b7\/js\/app.js\" type=\"text\/javascript\"><\/script><\/p>\n","protected":false},"excerpt":{"rendered":"<p>Marcap\u00e1xinas #Rosal\u00edaTe. Desta volta tra\u00e9mosvos un elegante MARCAP\u00c1XINAS coa imaxe de Rosal\u00eda de Castro en formato Litofan\u00eda e coa etiqueta #Rosal\u00edaTe, o complemento perfecto para o agasallo do d\u00eda de Rosal\u00eda. Unha flor, un libro en galego e un marcap\u00e1xinas para usalo durante a s\u00faa lectura. Agardamos que vos guste \ud83d\ude09<\/p>\n","protected":false},"featured_media":6253,"comment_status":"open","ping_status":"closed","template":"","meta":{"_vp_format_video_url":"","_vp_image_focal_point":[]},"product_brand":[],"product_cat":[421,316],"product_tag":[1969,1963,190,2208,566,513,1149,2872,225,2871,357,354,2873,252,1166,281,282],"class_list":{"0":"post-5182","1":"product","2":"type-product","3":"status-publish","4":"has-post-thumbnail","6":"product_cat-activismo","7":"product_cat-cultura-gl","8":"product_tag-17-de-mayo-gl","9":"product_tag-17m","10":"product_tag-aelg-gl","11":"product_tag-agasallo-gl","12":"product_tag-agasallo","13":"product_tag-cultura","14":"product_tag-dia-das-letras","15":"product_tag-dia-de-la-madre-gl-2","16":"product_tag-dia-de-rosalia-gl","17":"product_tag-dia-del-padre-gl-2","18":"product_tag-feminismo-gl","19":"product_tag-feminista-gl","20":"product_tag-gallega-gl-2","21":"product_tag-marcapaxinas-gl","22":"product_tag-poeta-nacional","23":"product_tag-rosalia-de-castro-gl","24":"product_tag-rosaliate-gl","26":"first","27":"instock","28":"taxable","29":"shipping-taxable","30":"purchasable","31":"product-type-simple"},"exclude_global_add_ons":true,"addons":[{"name":"Quiere incluir texto personalizado?","type":"heading","position":0,"required":false,"title_format":"label","default":"","description_enable":true,"description":"Escribe aqu\u00ed el texto deseado (m\u00e1x. 15 caracteres) ","placeholder_enable":false,"placeholder":"","display":"select","restrictions_type":"any_text","adjust_price":false,"price":"","price_type":"flat_fee","restrictions":false,"min":"0","max":"0","options":[]},{"name":"Texto personalizado","type":"custom_text","position":1,"required":false,"title_format":"label","default":"","description_enable":false,"description":"","placeholder_enable":false,"placeholder":"","display":"select","restrictions_type":"any_text","adjust_price":true,"price":"5","price_type":"quantity_based","restrictions":false,"min":"0","max":"0","options":[]}],"_links":{"self":[{"href":"https:\/\/test.imprimetresde.com\/gl\/wp-json\/wp\/v2\/product\/5182","targetHints":{"allow":["GET"]}}],"collection":[{"href":"https:\/\/test.imprimetresde.com\/gl\/wp-json\/wp\/v2\/product"}],"about":[{"href":"https:\/\/test.imprimetresde.com\/gl\/wp-json\/wp\/v2\/types\/product"}],"replies":[{"embeddable":true,"href":"https:\/\/test.imprimetresde.com\/gl\/wp-json\/wp\/v2\/comments?post=5182"}],"wp:featuredmedia":[{"embeddable":true,"href":"https:\/\/test.imprimetresde.com\/gl\/wp-json\/wp\/v2\/media\/6253"}],"wp:attachment":[{"href":"https:\/\/test.imprimetresde.com\/gl\/wp-json\/wp\/v2\/media?parent=5182"}],"wp:term":[{"taxonomy":"product_brand","embeddable":true,"href":"https:\/\/test.imprimetresde.com\/gl\/wp-json\/wp\/v2\/product_brand?post=5182"},{"taxonomy":"product_cat","embeddable":true,"href":"https:\/\/test.imprimetresde.com\/gl\/wp-json\/wp\/v2\/product_cat?post=5182"},{"taxonomy":"product_tag","embeddable":true,"href":"https:\/\/test.imprimetresde.com\/gl\/wp-json\/wp\/v2\/product_tag?post=5182"}],"curies":[{"name":"wp","href":"https:\/\/api.w.org\/{rel}","templated":true}]}}