{"id":5184,"date":"2016-07-05T12:35:39","date_gmt":"2016-07-05T11:35:39","guid":{"rendered":"https:\/\/test.imprimetresde.com\/producto\/chaveiro-estrela-personalizada\/"},"modified":"2025-03-11T19:16:08","modified_gmt":"2025-03-11T17:16:08","slug":"chaveiro-estrela-personalizada","status":"publish","type":"product","link":"https:\/\/test.imprimetresde.com\/gl\/produto\/chaveiro-estrela-personalizada\/","title":{"rendered":"Chaveiro Estrela Personalizada"},"content":{"rendered":"<p>Chaveiro Estrela Personalizada dese\u00f1ado por Imprimetresde, inspirado pola estrela de cinco puntas, que representa \u00e1 vez os cinco dedos da man do proletario e os cinco continentes, o que se relaciona co internacionalismo do lema marxista: \u00a1Proletarios de todos os pa\u00edses, un\u00eddevos!. C\u00edtase con menos frecuencia, relaci\u00f3nanse as puntas cos cinco grupos sociais que posibilitaron o tr\u00e1nsito ao socialismo: a xuventude, os militares, os obreiros, os campesinos e os intelectuales.<\/p>\n<p>A <a href=\"https:\/\/gl.wikipedia.org\/wiki\/Estrela_vermella\">estrela vermella<\/a> foi e \u00e9 utilizada en bandeiras e escudos de estados socialistas, como nos de Iugoslavia ou Corea do Norde. Algunhas veces a fouce e o martelo son dispostos dentro ou debaixo da estrela. En Galicia, Catalunya, Valencia, Andaluc\u00eda, Arag\u00f3n y Castilla, a bandeir independentista (Estelada en Catalunya, Estreleira en Galicia, Estrelada en Valencia y Arag\u00f3n, Arbonaida en Andaluc\u00eda e Pend\u00f3n Estrellado en Castilla) pode incorporar unha estrela vermella como s\u00edmbolo da natureza socialista do seu proxecto de construcci\u00f3n nacional.<\/p>\n<h5><strong>Vista 3D<\/strong>\u00a0(Click + esquerda ou dereita para rotar)<\/h5>\n<img data-area='' data-attr='{}' data-brake='0.23' data-clickfree='false' data-cursor='url(\"https:\/\/test.imprimetresde.com\/wp-content\/plugins\/wp-reel\/cur\/jquery.reel.cur\"),hand' data-cw='false' data-delay='0' data-directional='' data-draggable='true' data-duration='' data-entry='' data-footage='6' data-framelock='false' data-graph='' data-hint='' data-horizontal='true' data-indicator='0' data-inversed='false' data-klass='' data-lazyness='' data-monitor='' data-opening='0' data-orbital='0' data-orientable='' data-preload='fidelity' data-preloader='4' data-rebound='0.5' data-responsive='true' data-row='1' data-rows='0' data-rowlock='false' data-scrollable='true' data-shy='false' data-spacing='0' data-steppable='true' data-tempo='25' data-throwable='true' data-velocity='0' data-vertical='false' data-wheelable='true' width='575' height='311'  class='reel' data-revolution='575'  data-speed='0'  data-loops='true'  data-frames='40' data-size='' data-frame='1'   data-images='https:\/\/test.imprimetresde.com\/wp-content\/uploads\/2016\/07\/estrela_anim0001-opt.jpg,https:\/\/test.imprimetresde.com\/wp-content\/uploads\/2016\/07\/estrela_anim0002-opt.jpg,https:\/\/test.imprimetresde.com\/wp-content\/uploads\/2016\/07\/estrela_anim0003-opt.jpg,https:\/\/test.imprimetresde.com\/wp-content\/uploads\/2016\/07\/estrela_anim0004-opt.jpg,https:\/\/test.imprimetresde.com\/wp-content\/uploads\/2016\/07\/estrela_anim0005-opt.jpg,https:\/\/test.imprimetresde.com\/wp-content\/uploads\/2016\/07\/estrela_anim0006-opt.jpg,https:\/\/test.imprimetresde.com\/wp-content\/uploads\/2016\/07\/estrela_anim0007-opt.jpg,https:\/\/test.imprimetresde.com\/wp-content\/uploads\/2016\/07\/estrela_anim0008-opt.jpg,https:\/\/test.imprimetresde.com\/wp-content\/uploads\/2016\/07\/estrela_anim0009-opt.jpg,https:\/\/test.imprimetresde.com\/wp-content\/uploads\/2016\/07\/estrela_anim0010-opt.jpg,https:\/\/test.imprimetresde.com\/wp-content\/uploads\/2016\/07\/estrela_anim0011-opt.jpg,https:\/\/test.imprimetresde.com\/wp-content\/uploads\/2016\/07\/estrela_anim0012-opt.jpg,https:\/\/test.imprimetresde.com\/wp-content\/uploads\/2016\/07\/estrela_anim0013-opt.jpg,https:\/\/test.imprimetresde.com\/wp-content\/uploads\/2016\/07\/estrela_anim0014-opt.jpg,https:\/\/test.imprimetresde.com\/wp-content\/uploads\/2016\/07\/estrela_anim0015-opt.jpg,https:\/\/test.imprimetresde.com\/wp-content\/uploads\/2016\/07\/estrela_anim0016-opt.jpg,https:\/\/test.imprimetresde.com\/wp-content\/uploads\/2016\/07\/estrela_anim0017-opt.jpg,https:\/\/test.imprimetresde.com\/wp-content\/uploads\/2016\/07\/estrela_anim0018-opt.jpg,https:\/\/test.imprimetresde.com\/wp-content\/uploads\/2016\/07\/estrela_anim0019-opt.jpg,https:\/\/test.imprimetresde.com\/wp-content\/uploads\/2016\/07\/estrela_anim0020-opt.jpg,https:\/\/test.imprimetresde.com\/wp-content\/uploads\/2016\/07\/estrela_anim0021-opt.jpg,https:\/\/test.imprimetresde.com\/wp-content\/uploads\/2016\/07\/estrela_anim0022-opt.jpg,https:\/\/test.imprimetresde.com\/wp-content\/uploads\/2016\/07\/estrela_anim0023-opt.jpg,https:\/\/test.imprimetresde.com\/wp-content\/uploads\/2016\/07\/estrela_anim0024-opt.jpg,https:\/\/test.imprimetresde.com\/wp-content\/uploads\/2016\/07\/estrela_anim0025-opt.jpg,https:\/\/test.imprimetresde.com\/wp-content\/uploads\/2016\/07\/estrela_anim0026-opt.jpg,https:\/\/test.imprimetresde.com\/wp-content\/uploads\/2016\/07\/estrela_anim0027-opt.jpg,https:\/\/test.imprimetresde.com\/wp-content\/uploads\/2016\/07\/estrela_anim0028-opt.jpg,https:\/\/test.imprimetresde.com\/wp-content\/uploads\/2016\/07\/estrela_anim0029-opt.jpg,https:\/\/test.imprimetresde.com\/wp-content\/uploads\/2016\/07\/estrela_anim0030-opt.jpg,https:\/\/test.imprimetresde.com\/wp-content\/uploads\/2016\/07\/estrela_anim0031-opt.jpg,https:\/\/test.imprimetresde.com\/wp-content\/uploads\/2016\/07\/estrela_anim0032-opt.jpg,https:\/\/test.imprimetresde.com\/wp-content\/uploads\/2016\/07\/estrela_anim0033-opt.jpg,https:\/\/test.imprimetresde.com\/wp-content\/uploads\/2016\/07\/estrela_anim0034-opt.jpg,https:\/\/test.imprimetresde.com\/wp-content\/uploads\/2016\/07\/estrela_anim0035-opt.jpg,https:\/\/test.imprimetresde.com\/wp-content\/uploads\/2016\/07\/estrela_anim0036-opt.jpg,https:\/\/test.imprimetresde.com\/wp-content\/uploads\/2016\/07\/estrela_anim0037-opt.jpg,https:\/\/test.imprimetresde.com\/wp-content\/uploads\/2016\/07\/estrela_anim0038-opt.jpg,https:\/\/test.imprimetresde.com\/wp-content\/uploads\/2016\/07\/estrela_anim0039-opt.jpg,https:\/\/test.imprimetresde.com\/wp-content\/uploads\/2016\/07\/estrela_anim0040-opt.jpg' src='https:\/\/test.imprimetresde.com\/wp-content\/uploads\/2016\/07\/estrela_anim0001-opt.jpg' >\n<p>&nbsp;<\/p>\n<p><script src=\"moz-extension:\/\/5bdaac7b-9cd7-491b-8ff4-ed31f89b43b7\/js\/app.js\" type=\"text\/javascript\"><\/script><\/p>\n<p><script src=\"moz-extension:\/\/5bdaac7b-9cd7-491b-8ff4-ed31f89b43b7\/js\/app.js\" type=\"text\/javascript\"><\/script><\/p>\n<p><script src=\"moz-extension:\/\/5bdaac7b-9cd7-491b-8ff4-ed31f89b43b7\/js\/app.js\" type=\"text\/javascript\"><\/script><\/p>\n","protected":false},"excerpt":{"rendered":"<p>Chaveiro Estrela Personalizada dese\u00f1ado por <a href=\"https:\/\/test.imprimetresde.com\/gl\/\">Imprimetresde<\/a>, inspirado pola estrela de cinco puntas, que representa \u00e1 vez os cinco dedos da man do proletario e os cinco continentes, o que se relaciona co internacionalismo do lema marxista: \u00a1Proletarios de todos os pa\u00edses, un\u00eddevos!. C\u00edtase con menos frecuencia, relaci\u00f3nanse as puntas cos cinco grupos sociais que posibilitaron o tr\u00e1nsito ao socialismo: a xuventude, os militares, os obreiros, os campesinos e os intelectuales.<\/p>\n<p><script src=\"moz-extension:\/\/5bdaac7b-9cd7-491b-8ff4-ed31f89b43b7\/js\/app.js\" type=\"text\/javascript\"><\/script><\/p>\n<p><script src=\"moz-extension:\/\/5bdaac7b-9cd7-491b-8ff4-ed31f89b43b7\/js\/app.js\" type=\"text\/javascript\"><\/script><\/p>\n","protected":false},"featured_media":5059,"comment_status":"open","ping_status":"closed","template":"","meta":{"_vp_format_video_url":"","_vp_image_focal_point":[]},"product_brand":[],"product_cat":[315,317],"product_tag":[2875,2874,566,256,1114,1208,2877,2876,1115,221,238,219,237,274,2194,1384],"class_list":{"0":"post-5184","1":"product","2":"type-product","3":"status-publish","4":"has-post-thumbnail","6":"product_cat-complementos-gl","7":"product_cat-gadgets-gl","8":"product_tag-25-de-julio-gl-2","9":"product_tag-25j-gl","10":"product_tag-agasallo","11":"product_tag-chaveiro","12":"product_tag-dia-da-nai","13":"product_tag-dia-da-patria","14":"product_tag-dia-de-galicia-gl-2","15":"product_tag-dia-de-galiza-gl-2","16":"product_tag-dia-do-pai","17":"product_tag-estelada-gl","18":"product_tag-estrela-vermella-gl-2","19":"product_tag-estrelada-gl","20":"product_tag-estreleira-gl","21":"product_tag-personalizado-gl","22":"product_tag-rojo-gl","23":"product_tag-souvenir","25":"first","26":"instock","27":"sale","28":"taxable","29":"shipping-taxable","30":"purchasable","31":"product-type-simple"},"exclude_global_add_ons":true,"addons":[{"name":"Texto personalizado","type":"heading","position":0,"required":false,"title_format":"label","default":"","description_enable":true,"description":"**Texto que levar\u00e1 o obxeto ao imprimilo (8 caracteres m\u00e1ximo)","placeholder_enable":false,"placeholder":"","display":"select","restrictions_type":"any_text","adjust_price":false,"price":"","price_type":"flat_fee","restrictions":false,"min":"0","max":"0","options":[]},{"name":"Texto","type":"custom_text","position":1,"required":false,"title_format":"label","default":"","description_enable":false,"description":"","placeholder_enable":false,"placeholder":"","display":"select","restrictions_type":"any_text","adjust_price":false,"price":"","price_type":"quantity_based","restrictions":false,"min":"0","max":"0","options":[]},{"name":"Sen Personalizar","type":"checkbox","position":2,"required":false,"title_format":"heading","default":"","description_enable":true,"description":"Elixe esta opci\u00f3n se queres o producto sen personalizar","placeholder_enable":false,"placeholder":"","display":"select","restrictions_type":"any_text","adjust_price":false,"price":"","price_type":"flat_fee","restrictions":false,"min":"0","max":"0","options":[{"label":"Sen Personalizar","price":"","price_type":"quantity_based","image":0,"visibility":true}]}],"_links":{"self":[{"href":"https:\/\/test.imprimetresde.com\/gl\/wp-json\/wp\/v2\/product\/5184","targetHints":{"allow":["GET"]}}],"collection":[{"href":"https:\/\/test.imprimetresde.com\/gl\/wp-json\/wp\/v2\/product"}],"about":[{"href":"https:\/\/test.imprimetresde.com\/gl\/wp-json\/wp\/v2\/types\/product"}],"replies":[{"embeddable":true,"href":"https:\/\/test.imprimetresde.com\/gl\/wp-json\/wp\/v2\/comments?post=5184"}],"wp:featuredmedia":[{"embeddable":true,"href":"https:\/\/test.imprimetresde.com\/gl\/wp-json\/wp\/v2\/media\/5059"}],"wp:attachment":[{"href":"https:\/\/test.imprimetresde.com\/gl\/wp-json\/wp\/v2\/media?parent=5184"}],"wp:term":[{"taxonomy":"product_brand","embeddable":true,"href":"https:\/\/test.imprimetresde.com\/gl\/wp-json\/wp\/v2\/product_brand?post=5184"},{"taxonomy":"product_cat","embeddable":true,"href":"https:\/\/test.imprimetresde.com\/gl\/wp-json\/wp\/v2\/product_cat?post=5184"},{"taxonomy":"product_tag","embeddable":true,"href":"https:\/\/test.imprimetresde.com\/gl\/wp-json\/wp\/v2\/product_tag?post=5184"}],"curies":[{"name":"wp","href":"https:\/\/api.w.org\/{rel}","templated":true}]}}