{"id":5185,"date":"2016-07-06T11:29:36","date_gmt":"2016-07-06T10:29:36","guid":{"rendered":"https:\/\/test.imprimetresde.com\/producto\/robot-educativo-zowi\/"},"modified":"2020-12-28T13:45:19","modified_gmt":"2020-12-28T11:45:19","slug":"robot-educativo-zowi","status":"publish","type":"product","link":"https:\/\/test.imprimetresde.com\/gl\/produto\/robot-educativo-zowi\/","title":{"rendered":"Robot educativo ZOWI"},"content":{"rendered":"<h2>Robot educativo Zowi, o robot de Clan.<\/h2>\n<h2>\u00c9 un simp\u00e1tico robot listo para jugar e descubrir o mundo que o rodea. Foi creado para que che acompa\u00f1e a descubrir a rob\u00f3tica dun xeito divertido.<\/h2>\n<p>Cando sae da caixa, o Robot educativo Zowi xa sabe facer algunhas cousas, pero est\u00e1 desexando que lle aprendas moitas m\u00e1is. Desc\u00e1rgate a Zowi App e descubre todolos seus xogos, desmonta a Zowi para entender c\u00f3mo funciona ou programao para aprenderlle novas habilidades.\u00a0Adem\u00e1is, o noso Zowi est\u00e1 fabricado en\u00a0<a href=\"https:\/\/test.imprimetresde.com\/nuestro-material-de-impresion-el-pla-polimero-biodegradable-procedente-de-recursos-vegetales\/\">PLA ecol\u00f3xico<\/a><\/p>\n<p>Canto m\u00e1is xogues con \u00e9l \u00a1m\u00e1is funci\u00f3ns se desbloquear\u00e1n!<\/p>\n<p>*O kit require montaxe e ferramentas espec\u00edficas para a s\u00faa construcci\u00f3n, desparafusadores, mult\u00edmetro, esta\u00f1ador, etc, para a s\u00faa montaxe axeitada, o que far\u00e1 as delicias de todo afeccionado o cacharreo.<\/p>\n<p>&#8211; See more at: <a href=\"http:\/\/zowi.bq.com\/que-es-zowi\/#sthash.IPjmbQku.dpuf\">http:\/\/zowi.bq.com\/que-es-zowi\/#sthash.IPjmbQku.dpuf<\/a><\/p>\n<h5><strong>Vista 3D<\/strong>\u00a0((Click + esquerda ou dereita para rotar))<\/h5>\n<p>&nbsp;<\/p>\n<img data-area='' data-attr='{}' data-brake='0.23' data-clickfree='false' data-cursor='url(\"https:\/\/test.imprimetresde.com\/wp-content\/plugins\/wp-reel\/cur\/jquery.reel.cur\"),hand' data-cw='false' data-delay='0' data-directional='' data-draggable='true' data-duration='' data-entry='' data-footage='6' data-framelock='false' data-graph='' data-hint='' data-horizontal='true' data-indicator='0' data-inversed='false' data-klass='' data-lazyness='' data-monitor='' data-opening='0' data-orbital='0' data-orientable='' data-preload='fidelity' data-preloader='4' data-rebound='0.5' data-responsive='true' data-row='1' data-rows='0' data-rowlock='false' data-scrollable='true' data-shy='false' data-spacing='0' data-steppable='true' data-tempo='25' data-throwable='true' data-velocity='0' data-vertical='false' data-wheelable='true' width='575' height='310'  class='reel' data-revolution='575'  data-speed='0'  data-loops='true'  data-frames='40' data-size='' data-frame='1'   data-images='https:\/\/test.imprimetresde.com\/wp-content\/uploads\/2016\/03\/ZOWI_anim0040-opt.jpg,https:\/\/test.imprimetresde.com\/wp-content\/uploads\/2016\/03\/ZOWI_anim0039-opt.jpg,https:\/\/test.imprimetresde.com\/wp-content\/uploads\/2016\/03\/ZOWI_anim0037-opt.jpg,https:\/\/test.imprimetresde.com\/wp-content\/uploads\/2016\/03\/ZOWI_anim0038-opt.jpg,https:\/\/test.imprimetresde.com\/wp-content\/uploads\/2016\/03\/ZOWI_anim0036-opt.jpg,https:\/\/test.imprimetresde.com\/wp-content\/uploads\/2016\/03\/ZOWI_anim0035-opt.jpg,https:\/\/test.imprimetresde.com\/wp-content\/uploads\/2016\/03\/ZOWI_anim0034-opt.jpg,https:\/\/test.imprimetresde.com\/wp-content\/uploads\/2016\/03\/ZOWI_anim0033-opt.jpg,https:\/\/test.imprimetresde.com\/wp-content\/uploads\/2016\/03\/ZOWI_anim0032-opt.jpg,https:\/\/test.imprimetresde.com\/wp-content\/uploads\/2016\/03\/ZOWI_anim0031-opt.jpg,https:\/\/test.imprimetresde.com\/wp-content\/uploads\/2016\/03\/ZOWI_anim0030-opt.jpg,https:\/\/test.imprimetresde.com\/wp-content\/uploads\/2016\/03\/ZOWI_anim0029-opt.jpg,https:\/\/test.imprimetresde.com\/wp-content\/uploads\/2016\/03\/ZOWI_anim0028-opt.jpg,https:\/\/test.imprimetresde.com\/wp-content\/uploads\/2016\/03\/ZOWI_anim0027-opt.jpg,https:\/\/test.imprimetresde.com\/wp-content\/uploads\/2016\/03\/ZOWI_anim0026-opt.jpg,https:\/\/test.imprimetresde.com\/wp-content\/uploads\/2016\/03\/ZOWI_anim0025-opt.jpg,https:\/\/test.imprimetresde.com\/wp-content\/uploads\/2016\/03\/ZOWI_anim0024-opt.jpg,https:\/\/test.imprimetresde.com\/wp-content\/uploads\/2016\/03\/ZOWI_anim0023-opt.jpg,https:\/\/test.imprimetresde.com\/wp-content\/uploads\/2016\/03\/ZOWI_anim0022-opt.jpg,https:\/\/test.imprimetresde.com\/wp-content\/uploads\/2016\/03\/ZOWI_anim0021-opt.jpg,https:\/\/test.imprimetresde.com\/wp-content\/uploads\/2016\/03\/ZOWI_anim0020-opt.jpg,https:\/\/test.imprimetresde.com\/wp-content\/uploads\/2016\/03\/ZOWI_anim0019-opt.jpg,https:\/\/test.imprimetresde.com\/wp-content\/uploads\/2016\/03\/ZOWI_anim0018-opt.jpg,https:\/\/test.imprimetresde.com\/wp-content\/uploads\/2016\/03\/ZOWI_anim0017-opt.jpg,https:\/\/test.imprimetresde.com\/wp-content\/uploads\/2016\/03\/ZOWI_anim0016-opt.jpg,https:\/\/test.imprimetresde.com\/wp-content\/uploads\/2016\/03\/ZOWI_anim0015-opt.jpg,https:\/\/test.imprimetresde.com\/wp-content\/uploads\/2016\/03\/ZOWI_anim0014-opt.jpg,https:\/\/test.imprimetresde.com\/wp-content\/uploads\/2016\/03\/ZOWI_anim0013-opt.jpg,https:\/\/test.imprimetresde.com\/wp-content\/uploads\/2016\/03\/ZOWI_anim0012-opt.jpg,https:\/\/test.imprimetresde.com\/wp-content\/uploads\/2016\/03\/ZOWI_anim0011-opt.jpg,https:\/\/test.imprimetresde.com\/wp-content\/uploads\/2016\/03\/ZOWI_anim0010-opt.jpg,https:\/\/test.imprimetresde.com\/wp-content\/uploads\/2016\/03\/ZOWI_anim0009-opt.jpg,https:\/\/test.imprimetresde.com\/wp-content\/uploads\/2016\/03\/ZOWI_anim0008-opt.jpg,https:\/\/test.imprimetresde.com\/wp-content\/uploads\/2016\/03\/ZOWI_anim0007-opt.jpg,https:\/\/test.imprimetresde.com\/wp-content\/uploads\/2016\/03\/ZOWI_anim0006-opt.jpg,https:\/\/test.imprimetresde.com\/wp-content\/uploads\/2016\/03\/ZOWI_anim0005-opt.jpg,https:\/\/test.imprimetresde.com\/wp-content\/uploads\/2016\/03\/ZOWI_anim0004-opt.jpg,https:\/\/test.imprimetresde.com\/wp-content\/uploads\/2016\/03\/ZOWI_anim0003-opt.jpg,https:\/\/test.imprimetresde.com\/wp-content\/uploads\/2016\/03\/ZOWI_anim0002-opt.jpg,https:\/\/test.imprimetresde.com\/wp-content\/uploads\/2016\/03\/ZOWI_anim0001-opt.jpg' src='https:\/\/test.imprimetresde.com\/wp-content\/uploads\/2016\/03\/ZOWI_anim0040-opt.jpg' >\n<p>&nbsp;<\/p>\n","protected":false},"excerpt":{"rendered":"<p>ZOWI \u00e9 un simp\u00e1tico robot listo para jugar e descubrir o mundo que o rodea. Foi creado para que che acompa\u00f1e a descubrir a rob\u00f3tica dun xeito divertido. Educativo<\/p>\n","protected":false},"featured_media":4971,"comment_status":"open","ping_status":"closed","template":"","meta":{"_vp_format_video_url":"","_vp_image_focal_point":[]},"product_brand":[],"product_cat":[317,321],"product_tag":[216,254,262,284,283,304],"class_list":{"0":"post-5185","1":"product","2":"type-product","3":"status-publish","4":"has-post-thumbnail","6":"product_cat-gadgets-gl","7":"product_cat-play-gl","8":"product_tag-clan-gl","9":"product_tag-maker-gl","10":"product_tag-open-source-gl","11":"product_tag-robot-educativo-gl","12":"product_tag-robotica-gl","13":"product_tag-zowi-gl","15":"first","16":"instock","17":"taxable","18":"shipping-taxable","19":"purchasable","20":"product-type-simple"},"exclude_global_add_ons":false,"addons":[{"name":"Opcions","type":"multiple_choice","position":0,"required":true,"title_format":"heading","default":"","description_enable":true,"description":"Elixe que producto desexas, carcasa, kit (pezas impresas e electr\u00f3nica necesaria para construir un Zowi ou o robot montado","placeholder_enable":false,"placeholder":"","display":"select","restrictions_type":"any_text","adjust_price":false,"price":"","price_type":"flat_fee","restrictions":false,"min":"0","max":"0","options":[{"label":"Pezas Impresas","price":"","price_type":"quantity_based","image":0,"visibility":true},{"label":"Kit Pezas+Electr\u00f3nica+Parafusos","price":"35","price_type":"quantity_based","image":0,"visibility":true},{"label":"ZOWI (montado e calibrado)","price":"65","price_type":"quantity_based","image":0,"visibility":true}]},{"name":"Color","type":"multiple_choice","position":0,"required":true,"title_format":"heading","default":"","description_enable":true,"description":"Elige el color de PLA para el producto","placeholder_enable":false,"placeholder":"","display":"select","restrictions_type":"any_text","adjust_price":false,"price":"","price_type":"","restrictions":false,"min":"0","max":"0","options":[{"label":"PLA rojo","price":"000","price_type":"quantity_based","image":0,"visibility":true},{"label":"PLA verde","price":"0","price_type":"quantity_based","image":0,"visibility":true},{"label":"PLA amarillo","price":"","price_type":"quantity_based","image":0,"visibility":true},{"label":"PLA azul","price":"","price_type":"quantity_based","image":0,"visibility":true},{"label":"PLA transparente","price":"","price_type":"quantity_based","image":0,"visibility":true},{"label":"PLA naranja","price":"","price_type":"quantity_based","image":0,"visibility":true},{"label":"PLA negro","price":"","price_type":"quantity_based","image":0,"visibility":true}]},{"name":"Texto personalizado","type":"heading","position":0,"required":false,"title_format":"label","default":"","description_enable":true,"description":"**Texto que llevar\u00e1 el objeto al imprimirlo (8 caracteres m\u00e1ximo)","placeholder_enable":false,"placeholder":"","display":"select","restrictions_type":"any_text","adjust_price":false,"price":"","price_type":"","restrictions":false,"min":"0","max":"0","options":[]},{"name":"Texto","type":"custom_text","position":0,"required":false,"title_format":"label","default":"","description_enable":false,"description":"","placeholder_enable":false,"placeholder":"","display":"select","restrictions_type":"any_text","adjust_price":true,"price":"5","price_type":"quantity_based","restrictions":false,"min":"","max":"","options":[]}],"_links":{"self":[{"href":"https:\/\/test.imprimetresde.com\/gl\/wp-json\/wp\/v2\/product\/5185","targetHints":{"allow":["GET"]}}],"collection":[{"href":"https:\/\/test.imprimetresde.com\/gl\/wp-json\/wp\/v2\/product"}],"about":[{"href":"https:\/\/test.imprimetresde.com\/gl\/wp-json\/wp\/v2\/types\/product"}],"replies":[{"embeddable":true,"href":"https:\/\/test.imprimetresde.com\/gl\/wp-json\/wp\/v2\/comments?post=5185"}],"wp:featuredmedia":[{"embeddable":true,"href":"https:\/\/test.imprimetresde.com\/gl\/wp-json\/wp\/v2\/media\/4971"}],"wp:attachment":[{"href":"https:\/\/test.imprimetresde.com\/gl\/wp-json\/wp\/v2\/media?parent=5185"}],"wp:term":[{"taxonomy":"product_brand","embeddable":true,"href":"https:\/\/test.imprimetresde.com\/gl\/wp-json\/wp\/v2\/product_brand?post=5185"},{"taxonomy":"product_cat","embeddable":true,"href":"https:\/\/test.imprimetresde.com\/gl\/wp-json\/wp\/v2\/product_cat?post=5185"},{"taxonomy":"product_tag","embeddable":true,"href":"https:\/\/test.imprimetresde.com\/gl\/wp-json\/wp\/v2\/product_tag?post=5185"}],"curies":[{"name":"wp","href":"https:\/\/api.w.org\/{rel}","templated":true}]}}