{"id":5188,"date":"2015-11-30T23:40:22","date_gmt":"2015-11-30T22:40:22","guid":{"rendered":"https:\/\/test.imprimetresde.com\/producto\/xadrez-dos-minions\/"},"modified":"2015-11-30T23:40:22","modified_gmt":"2015-11-30T22:40:22","slug":"xadrez-dos-minions","status":"publish","type":"product","link":"https:\/\/test.imprimetresde.com\/gl\/produto\/xadrez-dos-minions\/","title":{"rendered":"Xadrez dos Minions"},"content":{"rendered":"<h5><strong>Vista 3D<\/strong>\u00a0(Click + esquerda ou derita para rotar)<\/h5>\n<img data-area='' data-attr='{}' data-brake='0.23' data-clickfree='false' data-cursor='url(\"https:\/\/test.imprimetresde.com\/wp-content\/plugins\/wp-reel\/cur\/jquery.reel.cur\"),hand' data-cw='false' data-delay='0' data-directional='' data-draggable='true' data-duration='' data-entry='' data-footage='6' data-framelock='false' data-graph='' data-hint='' data-horizontal='true' data-indicator='0' data-inversed='false' data-klass='' data-lazyness='' data-monitor='' data-opening='0' data-orbital='0' data-orientable='' data-preload='fidelity' data-preloader='4' data-rebound='0.5' data-responsive='true' data-row='1' data-rows='0' data-rowlock='false' data-scrollable='true' data-shy='false' data-spacing='0' data-steppable='true' data-tempo='25' data-throwable='true' data-velocity='0' data-vertical='false' data-wheelable='true' width='575' height='310'  class='reel' data-revolution='575'  data-speed='0'  data-loops='true'  data-frames='40' data-size='' data-frame='1'   data-images='https:\/\/test.imprimetresde.com\/wp-content\/uploads\/2015\/11\/min_anim000040-opt.jpg,https:\/\/test.imprimetresde.com\/wp-content\/uploads\/2015\/11\/min_anim000001-opt.jpg,https:\/\/test.imprimetresde.com\/wp-content\/uploads\/2015\/11\/min_anim000002-opt.jpg,https:\/\/test.imprimetresde.com\/wp-content\/uploads\/2015\/11\/min_anim000003-opt.jpg,https:\/\/test.imprimetresde.com\/wp-content\/uploads\/2015\/11\/min_anim000004-opt.jpg,https:\/\/test.imprimetresde.com\/wp-content\/uploads\/2015\/11\/min_anim000005-opt.jpg,https:\/\/test.imprimetresde.com\/wp-content\/uploads\/2015\/11\/min_anim000006-opt.jpg,https:\/\/test.imprimetresde.com\/wp-content\/uploads\/2015\/11\/min_anim000007-opt.jpg,https:\/\/test.imprimetresde.com\/wp-content\/uploads\/2015\/11\/min_anim000008-opt.jpg,https:\/\/test.imprimetresde.com\/wp-content\/uploads\/2015\/11\/min_anim000009-opt.jpg,https:\/\/test.imprimetresde.com\/wp-content\/uploads\/2015\/11\/min_anim000010-opt.jpg,https:\/\/test.imprimetresde.com\/wp-content\/uploads\/2015\/11\/min_anim000011-opt.jpg,https:\/\/test.imprimetresde.com\/wp-content\/uploads\/2015\/11\/min_anim000012-opt.jpg,https:\/\/test.imprimetresde.com\/wp-content\/uploads\/2015\/11\/min_anim000013-opt.jpg,https:\/\/test.imprimetresde.com\/wp-content\/uploads\/2015\/11\/min_anim000014-opt.jpg,https:\/\/test.imprimetresde.com\/wp-content\/uploads\/2015\/11\/min_anim000015-opt.jpg,https:\/\/test.imprimetresde.com\/wp-content\/uploads\/2015\/11\/min_anim000016-opt.jpg,https:\/\/test.imprimetresde.com\/wp-content\/uploads\/2015\/11\/min_anim000017-opt.jpg,https:\/\/test.imprimetresde.com\/wp-content\/uploads\/2015\/11\/min_anim000018-opt.jpg,https:\/\/test.imprimetresde.com\/wp-content\/uploads\/2015\/11\/min_anim000019-opt.jpg,https:\/\/test.imprimetresde.com\/wp-content\/uploads\/2015\/11\/min_anim000020-opt.jpg,https:\/\/test.imprimetresde.com\/wp-content\/uploads\/2015\/11\/min_anim000021-opt.jpg,https:\/\/test.imprimetresde.com\/wp-content\/uploads\/2015\/11\/min_anim000022-opt.jpg,https:\/\/test.imprimetresde.com\/wp-content\/uploads\/2015\/11\/min_anim000023-opt.jpg,https:\/\/test.imprimetresde.com\/wp-content\/uploads\/2015\/11\/min_anim000024-opt.jpg,https:\/\/test.imprimetresde.com\/wp-content\/uploads\/2015\/11\/min_anim000025-opt.jpg,https:\/\/test.imprimetresde.com\/wp-content\/uploads\/2015\/11\/min_anim000026-opt.jpg,https:\/\/test.imprimetresde.com\/wp-content\/uploads\/2015\/11\/min_anim000027-opt.jpg,https:\/\/test.imprimetresde.com\/wp-content\/uploads\/2015\/11\/min_anim000028-opt.jpg,https:\/\/test.imprimetresde.com\/wp-content\/uploads\/2015\/11\/min_anim000029-opt.jpg,https:\/\/test.imprimetresde.com\/wp-content\/uploads\/2015\/11\/min_anim000030-opt.jpg,https:\/\/test.imprimetresde.com\/wp-content\/uploads\/2015\/11\/min_anim000031-opt.jpg,https:\/\/test.imprimetresde.com\/wp-content\/uploads\/2015\/11\/min_anim000032-opt.jpg,https:\/\/test.imprimetresde.com\/wp-content\/uploads\/2015\/11\/min_anim000033-opt.jpg,https:\/\/test.imprimetresde.com\/wp-content\/uploads\/2015\/11\/min_anim000034-opt.jpg,https:\/\/test.imprimetresde.com\/wp-content\/uploads\/2015\/11\/min_anim000035-opt.jpg,https:\/\/test.imprimetresde.com\/wp-content\/uploads\/2015\/11\/min_anim000036-opt.jpg,https:\/\/test.imprimetresde.com\/wp-content\/uploads\/2015\/11\/min_anim000037-opt.jpg,https:\/\/test.imprimetresde.com\/wp-content\/uploads\/2015\/11\/min_anim000038-opt.jpg,https:\/\/test.imprimetresde.com\/wp-content\/uploads\/2015\/11\/min_anim000039-opt.jpg' src='https:\/\/test.imprimetresde.com\/wp-content\/uploads\/2015\/11\/min_anim000040-opt.jpg' >\n<p>Os minions son unhas pequenas criaturas \u00e1s que lles encantan as froitas, pero as s\u00faas favoritas son as bananas. Os minions te\u00f1en diferentes\u00a0tipos de pelo, ollos e estatura, polo que cada un \u00e9 en parte diferente. Te\u00f1en forma de p\u00edlula de cor amarela e\u00a0existiron desde o principio do tempo, como evoluci\u00f3n de organismos unicelulares que te\u00f1en un s\u00f3 prop\u00f3sito: servir ao vil\u00e1n m\u00e1is despreciable da historia.<\/p>\n<p>** Pode ser personalizado con ata 8 caracteres, o que permite engadirlle nomes, marcas, etc<\/p>\n","protected":false},"excerpt":{"rendered":"<p>Este xogo est\u00e1 inspirado nos personaxes das pel\u00edculas de ?Gru, o meu vil\u00e1n favorito?, unindo o seu amor polas BANANAS co seu desexo de dominar o mundo neste pequeno e incrible xogo de xadrez, dese\u00f1ado por Simons 3d Druck Shop.<\/p>\n","protected":false},"featured_media":4359,"comment_status":"open","ping_status":"closed","template":"","meta":{"_vp_format_video_url":"","_vp_image_focal_point":[]},"product_brand":[],"product_cat":[313,321],"product_tag":[191,217,249,194,241],"class_list":{"0":"post-5188","1":"product","2":"type-product","3":"status-publish","4":"has-post-thumbnail","6":"product_cat-ambiente-gl","7":"product_cat-play-gl","8":"product_tag-ambiente-gl","9":"product_tag-chess-gl","10":"product_tag-minion-gl","11":"product_tag-xadrez","12":"product_tag-xogo","14":"first","15":"instock","16":"sale","17":"taxable","18":"shipping-taxable","19":"purchasable","20":"product-type-simple"},"exclude_global_add_ons":false,"addons":[{"name":"Color","type":"multiple_choice","position":0,"required":true,"title_format":"heading","default":"","description_enable":true,"description":"Elige el color de PLA para el producto","placeholder_enable":false,"placeholder":"","display":"select","restrictions_type":"any_text","adjust_price":false,"price":"","price_type":"","restrictions":false,"min":"0","max":"0","options":[{"label":"PLA rojo","price":"000","price_type":"quantity_based","image":0,"visibility":true},{"label":"PLA verde","price":"0","price_type":"quantity_based","image":0,"visibility":true},{"label":"PLA amarillo","price":"","price_type":"quantity_based","image":0,"visibility":true},{"label":"PLA azul","price":"","price_type":"quantity_based","image":0,"visibility":true},{"label":"PLA transparente","price":"","price_type":"quantity_based","image":0,"visibility":true},{"label":"PLA naranja","price":"","price_type":"quantity_based","image":0,"visibility":true},{"label":"PLA negro","price":"","price_type":"quantity_based","image":0,"visibility":true}]},{"name":"Texto personalizado","type":"heading","position":0,"required":false,"title_format":"label","default":"","description_enable":true,"description":"**Texto que llevar\u00e1 el objeto al imprimirlo (8 caracteres m\u00e1ximo)","placeholder_enable":false,"placeholder":"","display":"select","restrictions_type":"any_text","adjust_price":false,"price":"","price_type":"","restrictions":false,"min":"0","max":"0","options":[]},{"name":"Texto","type":"custom_text","position":0,"required":false,"title_format":"label","default":"","description_enable":false,"description":"","placeholder_enable":false,"placeholder":"","display":"select","restrictions_type":"any_text","adjust_price":true,"price":"5","price_type":"quantity_based","restrictions":false,"min":"","max":"","options":[]}],"_links":{"self":[{"href":"https:\/\/test.imprimetresde.com\/gl\/wp-json\/wp\/v2\/product\/5188","targetHints":{"allow":["GET"]}}],"collection":[{"href":"https:\/\/test.imprimetresde.com\/gl\/wp-json\/wp\/v2\/product"}],"about":[{"href":"https:\/\/test.imprimetresde.com\/gl\/wp-json\/wp\/v2\/types\/product"}],"replies":[{"embeddable":true,"href":"https:\/\/test.imprimetresde.com\/gl\/wp-json\/wp\/v2\/comments?post=5188"}],"wp:featuredmedia":[{"embeddable":true,"href":"https:\/\/test.imprimetresde.com\/gl\/wp-json\/wp\/v2\/media\/4359"}],"wp:attachment":[{"href":"https:\/\/test.imprimetresde.com\/gl\/wp-json\/wp\/v2\/media?parent=5188"}],"wp:term":[{"taxonomy":"product_brand","embeddable":true,"href":"https:\/\/test.imprimetresde.com\/gl\/wp-json\/wp\/v2\/product_brand?post=5188"},{"taxonomy":"product_cat","embeddable":true,"href":"https:\/\/test.imprimetresde.com\/gl\/wp-json\/wp\/v2\/product_cat?post=5188"},{"taxonomy":"product_tag","embeddable":true,"href":"https:\/\/test.imprimetresde.com\/gl\/wp-json\/wp\/v2\/product_tag?post=5188"}],"curies":[{"name":"wp","href":"https:\/\/api.w.org\/{rel}","templated":true}]}}