{"id":5189,"date":"2015-11-25T16:49:30","date_gmt":"2015-11-25T15:49:30","guid":{"rendered":"https:\/\/test.imprimetresde.com\/producto\/portalapis-yoda-voronoi\/"},"modified":"2025-04-04T05:42:52","modified_gmt":"2025-04-04T03:42:52","slug":"portalapis-yoda-voronoi","status":"publish","type":"product","link":"https:\/\/test.imprimetresde.com\/gl\/produto\/portalapis-yoda-voronoi\/","title":{"rendered":"Portal\u00e1pis Yoda Voronoi de Star Wars"},"content":{"rendered":"<p>Portal\u00e1pis Yoda Voronoi\u00a0de Star Wars inspirado en\u00a0<a href=\"https:\/\/starwars.fandom.com\/es\/wiki\/Yoda\">Yoda<\/a>,<\/p>\n<p>O mestre Jedi popular personaxe do universo Star Wars. Impreso en\u00a0<a href=\"https:\/\/test.imprimetresde.com\/nuestro-material-de-impresion-el-pla-polimero-biodegradable-procedente-de-recursos-vegetales\/\">PLA<\/a>, material ecol\u00f3gico. Yoda \u00e9\u00a0un dos m\u00e1is nomeados e poderosos Mestres Jedi durante toda a historia da Galaxia, e un dos poucos Jedis da Rep\u00fablica Gal\u00e1ctica en sobrevivir ata a Guerra Civil Gal\u00e1ctica. O mestre m\u00e1is perceptivo da Orde, emerxeu como Gran Mestre durante as Guerras Cl\u00f3nicas e a fundaci\u00f3n do Imperio Gal\u00e1ctico, despois da cal escapou para ocultarse da Gran Purga Jedi.<\/p>\n<h5><strong>Vista 3D<\/strong>\u00a0(Click + esquerda ou dereita para rotar)<\/h5>\n<img data-area='' data-attr='{}' data-brake='0.23' data-clickfree='false' data-cursor='url(\"https:\/\/test.imprimetresde.com\/wp-content\/plugins\/wp-reel\/cur\/jquery.reel.cur\"),hand' data-cw='false' data-delay='0' data-directional='' data-draggable='true' data-duration='' data-entry='' data-footage='6' data-framelock='false' data-graph='' data-hint='' data-horizontal='true' data-indicator='0' data-inversed='false' data-klass='' data-lazyness='' data-monitor='' data-opening='0' data-orbital='0' data-orientable='' data-preload='fidelity' data-preloader='4' data-rebound='0.5' data-responsive='true' data-row='1' data-rows='0' data-rowlock='false' data-scrollable='true' data-shy='false' data-spacing='0' data-steppable='true' data-tempo='25' data-throwable='true' data-velocity='0' data-vertical='false' data-wheelable='true' width='575' height='310'  class='reel' data-revolution='575'  data-speed='0'  data-loops='true'  data-frames='40' data-size='' data-frame='1'   data-images='https:\/\/test.imprimetresde.com\/wp-content\/uploads\/2015\/11\/yoda_ani000036-opt.jpg,https:\/\/test.imprimetresde.com\/wp-content\/uploads\/2015\/11\/yoda_ani000037-opt.jpg,https:\/\/test.imprimetresde.com\/wp-content\/uploads\/2015\/11\/yoda_ani000038-opt.jpg,https:\/\/test.imprimetresde.com\/wp-content\/uploads\/2015\/11\/yoda_ani000039-opt.jpg,https:\/\/test.imprimetresde.com\/wp-content\/uploads\/2015\/11\/yoda_ani000040-opt.jpg,https:\/\/test.imprimetresde.com\/wp-content\/uploads\/2015\/11\/yoda_ani000001-opt.jpg,https:\/\/test.imprimetresde.com\/wp-content\/uploads\/2015\/11\/yoda_ani000002-opt.jpg,https:\/\/test.imprimetresde.com\/wp-content\/uploads\/2015\/11\/yoda_ani000003-opt.jpg,https:\/\/test.imprimetresde.com\/wp-content\/uploads\/2015\/11\/yoda_ani000004-opt.jpg,https:\/\/test.imprimetresde.com\/wp-content\/uploads\/2015\/11\/yoda_ani000005-opt.jpg,https:\/\/test.imprimetresde.com\/wp-content\/uploads\/2015\/11\/yoda_ani000006-opt.jpg,https:\/\/test.imprimetresde.com\/wp-content\/uploads\/2015\/11\/yoda_ani000007-opt.jpg,https:\/\/test.imprimetresde.com\/wp-content\/uploads\/2015\/11\/yoda_ani000008-opt.jpg,https:\/\/test.imprimetresde.com\/wp-content\/uploads\/2015\/11\/yoda_ani000009-opt.jpg,https:\/\/test.imprimetresde.com\/wp-content\/uploads\/2015\/11\/yoda_ani000010-opt.jpg,https:\/\/test.imprimetresde.com\/wp-content\/uploads\/2015\/11\/yoda_ani000011-opt.jpg,https:\/\/test.imprimetresde.com\/wp-content\/uploads\/2015\/11\/yoda_ani000012-opt.jpg,https:\/\/test.imprimetresde.com\/wp-content\/uploads\/2015\/11\/yoda_ani000013-opt.jpg,https:\/\/test.imprimetresde.com\/wp-content\/uploads\/2015\/11\/yoda_ani000014-opt.jpg,https:\/\/test.imprimetresde.com\/wp-content\/uploads\/2015\/11\/yoda_ani000015-opt.jpg,https:\/\/test.imprimetresde.com\/wp-content\/uploads\/2015\/11\/yoda_ani000016-opt.jpg,https:\/\/test.imprimetresde.com\/wp-content\/uploads\/2015\/11\/yoda_ani000017-opt.jpg,https:\/\/test.imprimetresde.com\/wp-content\/uploads\/2015\/11\/yoda_ani000018-opt.jpg,https:\/\/test.imprimetresde.com\/wp-content\/uploads\/2015\/11\/yoda_ani000019-opt.jpg,https:\/\/test.imprimetresde.com\/wp-content\/uploads\/2015\/11\/yoda_ani000020-opt.jpg,https:\/\/test.imprimetresde.com\/wp-content\/uploads\/2015\/11\/yoda_ani000021-opt.jpg,https:\/\/test.imprimetresde.com\/wp-content\/uploads\/2015\/11\/yoda_ani000022-opt.jpg,https:\/\/test.imprimetresde.com\/wp-content\/uploads\/2015\/11\/yoda_ani000023-opt.jpg,https:\/\/test.imprimetresde.com\/wp-content\/uploads\/2015\/11\/yoda_ani000024-opt.jpg,https:\/\/test.imprimetresde.com\/wp-content\/uploads\/2015\/11\/yoda_ani000025-opt.jpg,https:\/\/test.imprimetresde.com\/wp-content\/uploads\/2015\/11\/yoda_ani000026-opt.jpg,https:\/\/test.imprimetresde.com\/wp-content\/uploads\/2015\/11\/yoda_ani000027-opt.jpg,https:\/\/test.imprimetresde.com\/wp-content\/uploads\/2015\/11\/yoda_ani000028-opt.jpg,https:\/\/test.imprimetresde.com\/wp-content\/uploads\/2015\/11\/yoda_ani000029-opt.jpg,https:\/\/test.imprimetresde.com\/wp-content\/uploads\/2015\/11\/yoda_ani000030-opt.jpg,https:\/\/test.imprimetresde.com\/wp-content\/uploads\/2015\/11\/yoda_ani000031-opt.jpg,https:\/\/test.imprimetresde.com\/wp-content\/uploads\/2015\/11\/yoda_ani000032-opt.jpg,https:\/\/test.imprimetresde.com\/wp-content\/uploads\/2015\/11\/yoda_ani000033-opt.jpg,https:\/\/test.imprimetresde.com\/wp-content\/uploads\/2015\/11\/yoda_ani000034-opt.jpg,https:\/\/test.imprimetresde.com\/wp-content\/uploads\/2015\/11\/yoda_ani000035-opt.jpg' src='https:\/\/test.imprimetresde.com\/wp-content\/uploads\/2015\/11\/yoda_ani000036-opt.jpg' >\n<p>O portal\u00e1pis Yoda Voronoi de Star Wars est\u00e1 realizado en base a diagramas de Voronoi. En matem\u00e1ticas, un <b>diagrama de Voronoi<\/b> \u00e9 unha partici\u00f3n dun plano\u00a0en rexi\u00f3ns en base \u00e1 distancia de puntos. Estes puntos est\u00e1n nun\u00a0 subconxunto espec\u00edfico do devandito plano. Especif\u00edcase que conxunto de puntos (chamados sementes, sitios ou xeradores) de antem\u00e1n. Para cada semente hai unha rexi\u00f3n correspondente. Esta consta de todos os puntos m\u00e1is pr\u00f3ximos a esa semente que a calquera outro. Estas rexi\u00f3ns ch\u00e1manse celas de Voronoi.<\/p>\n<p>Utilizando esta t\u00e9cnica, obtense unha superficie porosa, que permite o paso da luz.\u00c1 vez, xera un acabado org\u00e1nico en toda a envolvente do obxecto.<\/p>\n<p>** Pode ser personalizado con ata 8 caracteres, o que permite engadirlle nomes, marcas, etc<\/p>\n","protected":false},"excerpt":{"rendered":"<p>Portal\u00e1pis inspirado en Yoda, o popular personaxe do universo Star Wars. Yoda \u00e9\u00a0un dos m\u00e1is nomeados e poderosos Mestres Jedi durante toda a historia da Galaxia. Dese\u00f1ouse empregando a t\u00e9cnica de diagramas de Voronoi coa que se obten unha superficie porosa, que permite o paso da luz, \u00e1 vez que xera un acabado org\u00e1nico en toda a envolvente do obxecto.<\/p>\n","protected":false},"featured_media":3887,"comment_status":"open","ping_status":"closed","template":"","meta":{"_vp_format_video_url":"","_vp_image_focal_point":[]},"product_brand":[],"product_cat":[313,322],"product_tag":[277,295,301,303],"class_list":{"0":"post-5189","1":"product","2":"type-product","3":"status-publish","4":"has-post-thumbnail","6":"product_cat-ambiente-gl","7":"product_cat-star-wars-gl","8":"product_tag-portalapis-gl","9":"product_tag-star-wars-gl","10":"product_tag-voronoi-gl","11":"product_tag-yoda-gl","13":"first","14":"instock","15":"sale","16":"taxable","17":"shipping-taxable","18":"purchasable","19":"product-type-simple"},"exclude_global_add_ons":false,"addons":[{"name":"Texto personalizado","type":"heading","position":0,"required":false,"title_format":"label","default":"","description_enable":true,"description":"**Texto que llevar\u00e1 el objeto al imprimirlo (8 caracteres m\u00e1ximo)","placeholder_enable":false,"placeholder":"","display":"select","restrictions_type":"any_text","adjust_price":false,"price":"","price_type":"","restrictions":false,"min":"0","max":"0","options":[]},{"name":"Texto","type":"custom_text","position":0,"required":false,"title_format":"label","default":"","description_enable":false,"description":"","placeholder_enable":false,"placeholder":"","display":"select","restrictions_type":"any_text","adjust_price":true,"price":"5","price_type":"quantity_based","restrictions":false,"min":"","max":"","options":[]}],"_links":{"self":[{"href":"https:\/\/test.imprimetresde.com\/gl\/wp-json\/wp\/v2\/product\/5189","targetHints":{"allow":["GET"]}}],"collection":[{"href":"https:\/\/test.imprimetresde.com\/gl\/wp-json\/wp\/v2\/product"}],"about":[{"href":"https:\/\/test.imprimetresde.com\/gl\/wp-json\/wp\/v2\/types\/product"}],"replies":[{"embeddable":true,"href":"https:\/\/test.imprimetresde.com\/gl\/wp-json\/wp\/v2\/comments?post=5189"}],"wp:featuredmedia":[{"embeddable":true,"href":"https:\/\/test.imprimetresde.com\/gl\/wp-json\/wp\/v2\/media\/3887"}],"wp:attachment":[{"href":"https:\/\/test.imprimetresde.com\/gl\/wp-json\/wp\/v2\/media?parent=5189"}],"wp:term":[{"taxonomy":"product_brand","embeddable":true,"href":"https:\/\/test.imprimetresde.com\/gl\/wp-json\/wp\/v2\/product_brand?post=5189"},{"taxonomy":"product_cat","embeddable":true,"href":"https:\/\/test.imprimetresde.com\/gl\/wp-json\/wp\/v2\/product_cat?post=5189"},{"taxonomy":"product_tag","embeddable":true,"href":"https:\/\/test.imprimetresde.com\/gl\/wp-json\/wp\/v2\/product_tag?post=5189"}],"curies":[{"name":"wp","href":"https:\/\/api.w.org\/{rel}","templated":true}]}}