{"id":5190,"date":"2015-11-19T13:05:53","date_gmt":"2015-11-19T12:05:53","guid":{"rendered":"https:\/\/test.imprimetresde.com\/producto\/sistema-mini-hidroponico\/"},"modified":"2015-11-19T13:05:53","modified_gmt":"2015-11-19T12:05:53","slug":"sistema-mini-hidroponico","status":"publish","type":"product","link":"https:\/\/test.imprimetresde.com\/gl\/produto\/sistema-mini-hidroponico\/","title":{"rendered":"Sistema Mini Hidrop\u00f3nico"},"content":{"rendered":"<p class=\"product_title entry-title\" style=\"text-align: left;\">La <b>hidropon\u00eda<\/b> o <b>agricultura hidrop\u00f3nica<\/b> \u00e9 un m\u00e9todo empregado para cultivar plantas usando disoluci\u00f3ns minerais no canto de solo agr\u00edcola. A palabra hidropon\u00eda proven do griego \u1f55\u03b4\u03c9\u03c1 [<i>h\u00fdd\u014dr<\/i>] = \u2018agua\u2019, y \u03c0\u03cc\u03bd\u03bf\u03c2 [<i>ponos<\/i>] = \u2018labor\u2019, \u2018traballo\u2019.<sup id=\"cite_ref-1\" class=\"reference\">1<\/sup> As ra\u00edces reciben unha soluci\u00f3n nutritiva equilibrada disolta en auga con todos os elementos qu\u00edmicos esenciais para o desenvolvemento das plantas, que poden crecer nunha soluci\u00f3n mineral unicamente, ou ben nun medio inerte, como area lavada, grava ou perlita, entre moitas outras.<\/p>\n<p>O noso sistema mini hidrop\u00f3nico dese\u00f1ado por <strong>3Dponics<\/strong> componse dos seguintes elementos, que vos permitir\u00e1n desenvolver cultivos en calquera espazo da casa:<\/p>\n<h3 class=\"product_title entry-title\" style=\"text-align: left; clear: both;\">1.CONECTOR DE BOTELLA<\/h3>\n<h4>O conector da botella perm\u00edtelle unir\u00a0d\u00faas botellas xuntas de modo que unha act\u00faa como un dep\u00f3sito, recollendo a soluci\u00f3n nutritiva segunda volta, o que que poden ser reutilizados.<\/h4>\n<p>*Compatible co sistema de goteo 3Dponics ou co 3Dponics Mini.<\/p>\n<p><img decoding=\"async\" class=\"alignnone wp-image-2451\" src=\"https:\/\/test.imprimetresde.com\/wp-content\/uploads\/2015\/11\/3Dponics-Bottle-Connector-small_photo_display_largeL.jpg\" alt=\"3Dponics-Bottle-Connector-small_photo_display_largeL\" width=\"428\" height=\"309\" srcset=\"https:\/\/test.imprimetresde.com\/wp-content\/uploads\/2015\/11\/3Dponics-Bottle-Connector-small_photo_display_largeL.jpg 650w, https:\/\/test.imprimetresde.com\/wp-content\/uploads\/2015\/11\/3Dponics-Bottle-Connector-small_photo_display_largeL-570x412.jpg 570w, https:\/\/test.imprimetresde.com\/wp-content\/uploads\/2015\/11\/3Dponics-Bottle-Connector-small_photo_display_largeL-300x217.jpg 300w\" sizes=\"(max-width: 428px) 100vw, 428px\" \/><\/p>\n<h3 class=\"product_title entry-title\" style=\"text-align: left;\"><\/h3>\n<h3 class=\"product_title entry-title\" style=\"text-align: left; clear: both;\">2.MANGUITO\u00a0DE BOTELLA<\/h3>\n<h4>O manguito da botella desl\u00edzase sobre o colo da botella de pl\u00e1stico e protexe as ra\u00edces da planta da exposici\u00f3n \u00e1 luz solar. Tam\u00e9n se pode empregar para mellorar a aparencia do seu sistema 3Dponics para axustarse mellor \u00e1 decoraci\u00f3n do teu fogar.<\/h4>\n<p>O dese\u00f1o est\u00e1ndar encaixa botellas de 2 L, pero p\u00f3dese personalizar. Compatible co sistema de goteo ou 3Dponics Mini.<\/p>\n<p><a href=\"https:\/\/test.imprimetresde.com\/wp-content\/uploads\/2015\/11\/3Dponics-Bottle-Sleeve_photo_display_large.jpg\"><img decoding=\"async\" class=\" wp-image-1196 alignright\" src=\"https:\/\/test.imprimetresde.com\/wp-content\/uploads\/2015\/11\/3Dponics-Bottle-Sleeve_photo_display_large.jpg\" alt=\"3Dponics-Bottle-Sleeve_photo_display_large\" width=\"348\" height=\"241\" srcset=\"https:\/\/test.imprimetresde.com\/wp-content\/uploads\/2015\/11\/3Dponics-Bottle-Sleeve_photo_display_large.jpg 650w, https:\/\/test.imprimetresde.com\/wp-content\/uploads\/2015\/11\/3Dponics-Bottle-Sleeve_photo_display_large-570x395.jpg 570w, https:\/\/test.imprimetresde.com\/wp-content\/uploads\/2015\/11\/3Dponics-Bottle-Sleeve_photo_display_large-300x208.jpg 300w\" sizes=\"(max-width: 348px) 100vw, 348px\" \/><\/a><img decoding=\"async\" class=\" wp-image-1197 alignleft\" src=\"https:\/\/test.imprimetresde.com\/wp-content\/uploads\/2015\/11\/3Dponics-Bottle-with-Sleeve-11_display_large.jpg\" alt=\"3Dponics-Bottle-with-Sleeve-11_display_large\" width=\"503\" height=\"245\" srcset=\"https:\/\/test.imprimetresde.com\/wp-content\/uploads\/2015\/11\/3Dponics-Bottle-with-Sleeve-11_display_large.jpg 1024w, https:\/\/test.imprimetresde.com\/wp-content\/uploads\/2015\/11\/3Dponics-Bottle-with-Sleeve-11_display_large-570x278.jpg 570w, https:\/\/test.imprimetresde.com\/wp-content\/uploads\/2015\/11\/3Dponics-Bottle-with-Sleeve-11_display_large-300x146.jpg 300w\" sizes=\"(max-width: 503px) 100vw, 503px\" \/><\/p>\n<h3 class=\"product_title entry-title\" style=\"text-align: left; clear: both;\">3. TAPA DE DRENAXE<\/h3>\n<h4>A tapa de drenaxe act\u00faa como un tap\u00f3n ou tope, evitando a obstruci\u00f3n dos sistemas de crecemento e cultivo e \/ ou caer desde o fondo da botella \u00e1 vez que permite que a auga pase a trav\u00e9s dos buracos.<\/h4>\n<p><img decoding=\"async\" class=\" wp-image-1199 alignleft\" src=\"https:\/\/test.imprimetresde.com\/wp-content\/uploads\/2015\/11\/3Dponics-Drain-Cap-22_display_large.jpg\" alt=\"3Dponics-Drain-Cap-22_display_large\" width=\"500\" height=\"244\" srcset=\"https:\/\/test.imprimetresde.com\/wp-content\/uploads\/2015\/11\/3Dponics-Drain-Cap-22_display_large.jpg 1024w, https:\/\/test.imprimetresde.com\/wp-content\/uploads\/2015\/11\/3Dponics-Drain-Cap-22_display_large-570x278.jpg 570w, https:\/\/test.imprimetresde.com\/wp-content\/uploads\/2015\/11\/3Dponics-Drain-Cap-22_display_large-300x146.jpg 300w\" sizes=\"(max-width: 500px) 100vw, 500px\" \/><\/p>\n<h3 style=\"text-align: left;\"><img decoding=\"async\" class=\" wp-image-1198 alignright\" src=\"https:\/\/test.imprimetresde.com\/wp-content\/uploads\/2015\/11\/3Dponics-Drain-Cap_photo_display_large.jpg\" alt=\"3Dponics-Drain-Cap_photo_display_large\" width=\"348\" height=\"241\" srcset=\"https:\/\/test.imprimetresde.com\/wp-content\/uploads\/2015\/11\/3Dponics-Drain-Cap_photo_display_large.jpg 650w, https:\/\/test.imprimetresde.com\/wp-content\/uploads\/2015\/11\/3Dponics-Drain-Cap_photo_display_large-570x395.jpg 570w, https:\/\/test.imprimetresde.com\/wp-content\/uploads\/2015\/11\/3Dponics-Drain-Cap_photo_display_large-300x208.jpg 300w\" sizes=\"(max-width: 348px) 100vw, 348px\" \/><\/h3>\n<p>&nbsp;<\/p>\n<h3 class=\"product_title entry-title\" style=\"text-align: left; clear: both;\">4.\u00a0\u00a0COPA DE MEDIOS DE CULTIVO\u00a0(PARA GRAVA,\u00a0ROCHAS, CALLAOS)<\/h3>\n<h4>A copa de medios de cultivo pos\u00fae os medios de crecer e protexe as ra\u00edces das plantas dos danos. Esta versi\u00f3n \u00e9 mellor cando se utilizan callaos, rochas, b\u00f3las de arxila ou de calquera tipo m\u00e1is grande de sistemas de crecemento.<\/h4>\n<p>Dese\u00f1o est\u00e1ndar encaixa dentro de botellas de 2 L.<\/p>\n<p><a href=\"https:\/\/test.imprimetresde.com\/wp-content\/uploads\/2015\/11\/3Dponics-Grow-Media-Basket-V2_photo_display_large.jpg\"><img decoding=\"async\" class=\" wp-image-1201 alignleft\" src=\"https:\/\/test.imprimetresde.com\/wp-content\/uploads\/2015\/11\/3Dponics-Grow-Media-Basket-V2-11_display_large.jpg\" alt=\"3Dponics-Grow-Media-Basket-V2-11_display_large\" width=\"513\" height=\"220\" srcset=\"https:\/\/test.imprimetresde.com\/wp-content\/uploads\/2015\/11\/3Dponics-Grow-Media-Basket-V2-11_display_large.jpg 1024w, https:\/\/test.imprimetresde.com\/wp-content\/uploads\/2015\/11\/3Dponics-Grow-Media-Basket-V2-11_display_large-570x244.jpg 570w, https:\/\/test.imprimetresde.com\/wp-content\/uploads\/2015\/11\/3Dponics-Grow-Media-Basket-V2-11_display_large-300x129.jpg 300w\" sizes=\"(max-width: 513px) 100vw, 513px\" \/><img decoding=\"async\" class=\" wp-image-1200 alignright\" src=\"https:\/\/test.imprimetresde.com\/wp-content\/uploads\/2015\/11\/3Dponics-Grow-Media-Basket-V2_photo_display_large.jpg\" alt=\"3Dponics-Grow-Media-Basket-V2_photo_display_large\" width=\"319\" height=\"221\" srcset=\"https:\/\/test.imprimetresde.com\/wp-content\/uploads\/2015\/11\/3Dponics-Grow-Media-Basket-V2_photo_display_large.jpg 650w, https:\/\/test.imprimetresde.com\/wp-content\/uploads\/2015\/11\/3Dponics-Grow-Media-Basket-V2_photo_display_large-570x395.jpg 570w, https:\/\/test.imprimetresde.com\/wp-content\/uploads\/2015\/11\/3Dponics-Grow-Media-Basket-V2_photo_display_large-300x208.jpg 300w\" sizes=\"(max-width: 319px) 100vw, 319px\" \/><\/a><\/p>\n<h3 class=\"product_title entry-title\" style=\"text-align: left; clear: both;\">5. CLIP INTERIOR<\/h3>\n<h4>O clip interno util\u00edzase en combinaci\u00f3n co clip exterior e o espaciador para suxeitar as botellas xuntos. O sistema perm\u00edtelle axustar a distancia entre as botellas e \u00e9 unha gran alternativa a bridas\u00a0de suxeici\u00f3n.<\/h4>\n<p><a href=\"http:\/\/debug.imprimetresde.com\/wp-content\/uploads\/2015\/11\/3Dponics-Outer-Clip-11_display_large.jpg\"><img decoding=\"async\" class=\" wp-image-1204 alignleft\" src=\"https:\/\/test.imprimetresde.com\/wp-content\/uploads\/2015\/11\/3Dponics-Outer-Clip-11_display_large.jpg\" alt=\"3Dponics-Outer-Clip-11_display_large\" width=\"519\" height=\"222\" srcset=\"https:\/\/test.imprimetresde.com\/wp-content\/uploads\/2015\/11\/3Dponics-Outer-Clip-11_display_large.jpg 1024w, https:\/\/test.imprimetresde.com\/wp-content\/uploads\/2015\/11\/3Dponics-Outer-Clip-11_display_large-570x244.jpg 570w, https:\/\/test.imprimetresde.com\/wp-content\/uploads\/2015\/11\/3Dponics-Outer-Clip-11_display_large-300x129.jpg 300w\" sizes=\"(max-width: 519px) 100vw, 519px\" \/><img decoding=\"async\" class=\" wp-image-1206 alignright\" src=\"https:\/\/test.imprimetresde.com\/wp-content\/uploads\/2015\/11\/3Dponics-Outer-Clip_photo_display_large.jpg\" alt=\"3Dponics-Outer-Clip_photo_display_large\" width=\"320\" height=\"221\" srcset=\"https:\/\/test.imprimetresde.com\/wp-content\/uploads\/2015\/11\/3Dponics-Outer-Clip_photo_display_large.jpg 650w, https:\/\/test.imprimetresde.com\/wp-content\/uploads\/2015\/11\/3Dponics-Outer-Clip_photo_display_large-570x395.jpg 570w, https:\/\/test.imprimetresde.com\/wp-content\/uploads\/2015\/11\/3Dponics-Outer-Clip_photo_display_large-300x208.jpg 300w\" sizes=\"(max-width: 320px) 100vw, 320px\" \/><\/a><\/p>\n<h3 class=\"product_title entry-title\" style=\"text-align: left; clear: both;\">6. CLIP EXTERIOR<\/h3>\n<h4>O clip exterior empr\u00e9gase en combinaci\u00f3n co clip\u00a0interior e o espaciador. O sistema permitelle suxeitar as botellas xuntas e axustar a distancia entre elas. E unha gran alternativa \u00e1s bridas\u00a0de suxeici\u00f3n.<\/h4>\n<p><a href=\"https:\/\/test.imprimetresde.com\/wp-content\/uploads\/2015\/11\/3Dponics-Inner-Clip-22_display_large.jpg\"><img decoding=\"async\" class=\"alignnone wp-image-1203\" src=\"https:\/\/test.imprimetresde.com\/wp-content\/uploads\/2015\/11\/3Dponics-Inner-Clip-22_display_large.jpg\" alt=\"3Dponics-Inner-Clip-22_display_large\" width=\"394\" height=\"279\" srcset=\"https:\/\/test.imprimetresde.com\/wp-content\/uploads\/2015\/11\/3Dponics-Inner-Clip-22_display_large.jpg 989w, https:\/\/test.imprimetresde.com\/wp-content\/uploads\/2015\/11\/3Dponics-Inner-Clip-22_display_large-570x404.jpg 570w, https:\/\/test.imprimetresde.com\/wp-content\/uploads\/2015\/11\/3Dponics-Inner-Clip-22_display_large-300x213.jpg 300w\" sizes=\"(max-width: 394px) 100vw, 394px\" \/><\/a><a href=\"https:\/\/test.imprimetresde.com\/wp-content\/uploads\/2015\/11\/3Dponics-Inner-Clip_photo_display_large.jpg\"><img decoding=\"async\" class=\" wp-image-1202 alignright\" src=\"https:\/\/test.imprimetresde.com\/wp-content\/uploads\/2015\/11\/3Dponics-Inner-Clip_photo_display_large.jpg\" alt=\"3Dponics-Inner-Clip_photo_display_large\" width=\"404\" height=\"279\" srcset=\"https:\/\/test.imprimetresde.com\/wp-content\/uploads\/2015\/11\/3Dponics-Inner-Clip_photo_display_large.jpg 650w, https:\/\/test.imprimetresde.com\/wp-content\/uploads\/2015\/11\/3Dponics-Inner-Clip_photo_display_large-570x395.jpg 570w, https:\/\/test.imprimetresde.com\/wp-content\/uploads\/2015\/11\/3Dponics-Inner-Clip_photo_display_large-300x208.jpg 300w\" sizes=\"(max-width: 404px) 100vw, 404px\" \/><\/a><\/p>\n<h3 style=\"text-align: left; clear: both;\">7.\u00a0ESPACIADOR<\/h3>\n<h4>O espaciador \u00fasase en combinaci\u00f3n cos clips interior e exterior. \u00c9 axustable, que lle permite elixir a cantidade de distancia que hai entre botellas, e elimina a necesidade de bridas.<\/h4>\n<p><a href=\"https:\/\/test.imprimetresde.com\/wp-content\/uploads\/2015\/11\/3Dponics-Spacer-22_display_large1.jpg\"><img decoding=\"async\" class=\" wp-image-2449 alignleft\" src=\"https:\/\/test.imprimetresde.com\/wp-content\/uploads\/2015\/11\/3Dponics-Spacer-22_display_large1.jpg\" alt=\"3Dponics-Spacer-22_display_large\" width=\"536\" height=\"230\" srcset=\"https:\/\/test.imprimetresde.com\/wp-content\/uploads\/2015\/11\/3Dponics-Spacer-22_display_large1.jpg 1024w, https:\/\/test.imprimetresde.com\/wp-content\/uploads\/2015\/11\/3Dponics-Spacer-22_display_large1-570x244.jpg 570w, https:\/\/test.imprimetresde.com\/wp-content\/uploads\/2015\/11\/3Dponics-Spacer-22_display_large1-300x129.jpg 300w\" sizes=\"(max-width: 536px) 100vw, 536px\" \/><img decoding=\"async\" class=\" wp-image-1205 alignright\" src=\"https:\/\/test.imprimetresde.com\/wp-content\/uploads\/2015\/11\/3Dponics-Spacer_photo_display_large.jpg\" alt=\"3Dponics-Spacer_photo_display_large\" width=\"333\" height=\"230\" srcset=\"https:\/\/test.imprimetresde.com\/wp-content\/uploads\/2015\/11\/3Dponics-Spacer_photo_display_large.jpg 650w, https:\/\/test.imprimetresde.com\/wp-content\/uploads\/2015\/11\/3Dponics-Spacer_photo_display_large-570x395.jpg 570w, https:\/\/test.imprimetresde.com\/wp-content\/uploads\/2015\/11\/3Dponics-Spacer_photo_display_large-300x208.jpg 300w\" sizes=\"(max-width: 333px) 100vw, 333px\" \/><\/a><\/p>\n<p>&nbsp;<\/p>\n<p>&nbsp;<\/p>\n<h3 class=\"entry-title\" style=\"text-align: left; clear: both;\">INSTRUCI\u00d3NS &#8211; COMO CONSTRU\u00cdR UN 3DPONICS MINI<\/h3>\n<h4><span style=\"text-decoration: underline;\">O QUE NECESITAR\u00c1S<\/span><\/h4>\n<ol>\n<li>Conector Botella 3D-impresa<\/li>\n<li>3 botellas de pl\u00e1stico baleiras<\/li>\n<li>Soluci\u00f3n nutritiva<\/li>\n<li>Crecer medio<\/li>\n<\/ol>\n<h2><img decoding=\"async\" class=\"alignnone size-full wp-image-4910\" src=\"https:\/\/www.3dponics.com\/wp-content\/uploads\/2015\/04\/manual-3dponics-mini.png\" alt=\"3dponics manuais Mini\" width=\"598\" height=\"127\" \/><\/h2>\n<h3><span style=\"text-decoration: underline;\"><strong>INSTRUCI\u00d3NS PASO A PASO<\/strong><\/span><\/h3>\n<h4>PASO 1: SELECCIONAR As PEZAS PARA IMPRIMIR<\/h4>\n<p>Para este sistema, a \u00fanica parte esencial 3D-impreso \u00e9 o conector da botella. Actualizaci\u00f3ns opcionais incl\u00faen a manga da botella e a drenaxe. <a title=\"3Dponics Mini | Descargas Gratis\" href=\"https:\/\/www.3dponics.com\/wiki\/download-parts-3dponics-mini\/\" target=\"_blank\">Ver a lista completa de 3Dponics pezas e actualizaci\u00f3ns\u00a0<\/a><\/p>\n<h4>PASO 2: FAGA O PEDIDO DE\u00a0As PARTES<\/h4>\n<p><img decoding=\"async\" class=\"alignnone size-full wp-image-4903\" src=\"https:\/\/www.3dponics.com\/wp-content\/uploads\/2015\/04\/manual-3dponics-mini-2.png\" alt=\"3dponics manuais Mini 2\" width=\"250\" height=\"309\" \/><\/p>\n<p>Imprimiranse con os\u00a0os seguintes axustes:<\/p>\n<ul>\n<li>Calidade media<\/li>\n<li>0,2 mm<\/li>\n<li>10% de recheo<\/li>\n<li>2 cunchas<\/li>\n<\/ul>\n<h4>PASO 3: MONTAR As BOTELLAS<\/h4>\n<p><img decoding=\"async\" class=\"alignnone size-full wp-image-4905\" src=\"https:\/\/www.3dponics.com\/wp-content\/uploads\/2015\/04\/manual-3dponics-mini-3.png\" alt=\"3dponics manuais Mini 3\" width=\"250\" height=\"325\" \/><\/p>\n<p>Cortar a parte inferior da botella que est\u00e1 a planear utilizar como plantador. Atornillarlo no extremo superior do conector da botella. Atornille unha segunda botella no extremo inferior do conector da botella; Isto actuar\u00e1 como o dep\u00f3sito. Coloque o conxunto nunha superficie plana ou colgalo na parede (asegur\u00e1ndose de que a parte superior do sistema a\u00ednda est\u00e1 ao seu alcance).<\/p>\n<h4>PASO 4: ENGADIR A PLANTA<\/h4>\n<p><img decoding=\"async\" class=\"alignnone size-full wp-image-4906\" src=\"https:\/\/www.3dponics.com\/wp-content\/uploads\/2015\/04\/manual-3dponics-mini-4.png\" alt=\"3dponics manuais Mini 4\" width=\"250\" height=\"346\" \/><\/p>\n<p>Engadir con coidado a planta \u00e1 botella plantador e rod\u00e9ano con crecer medio, tendo coidado de non danar as ra\u00edces das plantas.<\/p>\n<h4>PASO 5: PREPARAR A SOLUCI\u00d3N NUTRITIVA<\/h4>\n<p><img decoding=\"async\" class=\"alignnone size-full wp-image-4907\" src=\"https:\/\/www.3dponics.com\/wp-content\/uploads\/2015\/04\/manual-3dponics-mini-5.png\" alt=\"3dponics manuais Mini 5\" width=\"300\" height=\"402\" \/><\/p>\n<p>Encha a terceira botella de pl\u00e1stico con soluci\u00f3n nutritiva e aos poucos v\u00e9rtese na maceta. A soluci\u00f3n baleirarase aos poucos na botella inferior.<\/p>\n<h3>PASO 6: REGA DA s\u00faa PLANTA<\/h3>\n<p><img decoding=\"async\" class=\"alignnone size-full wp-image-4908\" src=\"https:\/\/www.3dponics.com\/wp-content\/uploads\/2015\/04\/manual-3dponics-mini-6.png\" alt=\"3dponics manuais Mini 6\" width=\"300\" height=\"445\" \/><\/p>\n<p>Desenroscar con coidado a botella de dep\u00f3sito completo do conector de botella e substitu\u00edla coa botella agora baleiro terceira pl\u00e1stico. Coloque a botella chea de lado ata o seu pr\u00f3ximo ciclo de rega. (Recom\u00e9ndase substitu\u00edr\u00a0a auga da s\u00faa planta cada dous d\u00edas.)<\/p>\n<h3><strong>COMO FUNCIONA<\/strong><\/h3>\n<p>Este xard\u00edn hidrop\u00f3nico \u00e9 super simple: non require de enerx\u00eda e moi poucos materiais. A\u00ednda que a rega tense que facer manualmente, s\u00f3 ten que facelo unha vez cada poucos d\u00edas.<\/p>\n<p>Cando se verte a soluci\u00f3n nutritiva na botella de pl\u00e1stico, a soluci\u00f3n lentamente \u00e1brese paso a trav\u00e9s do medio crecer, ra\u00edces das plantas e conector Botella e desemboca no encoro. A continuaci\u00f3n, desenroscar o dep\u00f3sito desde o conector da botella e conectar outra botella de pl\u00e1stico baleira no seu lugar. Garde a botella de pl\u00e1stico chea para o pr\u00f3ximo ciclo de rega!<\/p>\n<p>A desfutar dun cultivo hidrop\u00f3nico na casa.<\/p>\n","protected":false},"excerpt":{"rendered":"<p>A hidropon\u00eda ou agricultura hidrop\u00f3nica \u00e9 un m\u00e9todo utilizado para cultivar plantas usando disoluci\u00f3ns minerais no canto de chan agr\u00edcola.<br \/>\nO noso sistema mini hidrop\u00f3nico dese\u00f1ado por 3Dponics componse dos seguintes elementos, que vos permitir\u00e1n desenvolver cultivos en calquera espazo da casa<\/p>\n","protected":false},"featured_media":4696,"comment_status":"open","ping_status":"closed","template":"","meta":{"_vp_format_video_url":"","_vp_image_focal_point":[]},"product_brand":[],"product_cat":[317,318],"product_tag":[208,200,212,247],"class_list":{"0":"post-5190","1":"product","2":"type-product","3":"status-publish","4":"has-post-thumbnail","6":"product_cat-gadgets-gl","7":"product_cat-hidroponico-gl","8":"product_tag-barato-gl","9":"product_tag-caseiro","10":"product_tag-cultivo-gl","11":"product_tag-hidroponico-gl","13":"first","14":"instock","15":"sale","16":"taxable","17":"shipping-taxable","18":"purchasable","19":"product-type-simple"},"exclude_global_add_ons":false,"addons":[{"name":"Texto personalizado","type":"heading","position":0,"required":false,"title_format":"label","default":"","description_enable":true,"description":"**Texto que llevar\u00e1 el objeto al imprimirlo (8 caracteres m\u00e1ximo)","placeholder_enable":false,"placeholder":"","display":"select","restrictions_type":"any_text","adjust_price":false,"price":"","price_type":"","restrictions":false,"min":"0","max":"0","options":[]},{"name":"Texto","type":"custom_text","position":0,"required":false,"title_format":"label","default":"","description_enable":false,"description":"","placeholder_enable":false,"placeholder":"","display":"select","restrictions_type":"any_text","adjust_price":true,"price":"5","price_type":"quantity_based","restrictions":false,"min":"","max":"","options":[]}],"_links":{"self":[{"href":"https:\/\/test.imprimetresde.com\/gl\/wp-json\/wp\/v2\/product\/5190","targetHints":{"allow":["GET"]}}],"collection":[{"href":"https:\/\/test.imprimetresde.com\/gl\/wp-json\/wp\/v2\/product"}],"about":[{"href":"https:\/\/test.imprimetresde.com\/gl\/wp-json\/wp\/v2\/types\/product"}],"replies":[{"embeddable":true,"href":"https:\/\/test.imprimetresde.com\/gl\/wp-json\/wp\/v2\/comments?post=5190"}],"wp:featuredmedia":[{"embeddable":true,"href":"https:\/\/test.imprimetresde.com\/gl\/wp-json\/wp\/v2\/media\/4696"}],"wp:attachment":[{"href":"https:\/\/test.imprimetresde.com\/gl\/wp-json\/wp\/v2\/media?parent=5190"}],"wp:term":[{"taxonomy":"product_brand","embeddable":true,"href":"https:\/\/test.imprimetresde.com\/gl\/wp-json\/wp\/v2\/product_brand?post=5190"},{"taxonomy":"product_cat","embeddable":true,"href":"https:\/\/test.imprimetresde.com\/gl\/wp-json\/wp\/v2\/product_cat?post=5190"},{"taxonomy":"product_tag","embeddable":true,"href":"https:\/\/test.imprimetresde.com\/gl\/wp-json\/wp\/v2\/product_tag?post=5190"}],"curies":[{"name":"wp","href":"https:\/\/api.w.org\/{rel}","templated":true}]}}