{"id":5191,"date":"2015-11-17T22:09:29","date_gmt":"2015-11-17T21:09:29","guid":{"rendered":"https:\/\/test.imprimetresde.com\/producto\/saleiro-r2d2\/"},"modified":"2015-11-17T22:09:29","modified_gmt":"2015-11-17T21:09:29","slug":"saleiro-r2d2","status":"publish","type":"product","link":"https:\/\/test.imprimetresde.com\/gl\/produto\/saleiro-r2d2\/","title":{"rendered":"Saleiro Pementeira R2D2\u2122"},"content":{"rendered":"<p><strong>Vista 3D<\/strong>(Click + esquerda ou dereita para rotar)<\/p>\n<p>&nbsp;<\/p>\n<img data-area='' data-attr='{}' data-brake='0.23' data-clickfree='false' data-cursor='url(\"https:\/\/test.imprimetresde.com\/wp-content\/plugins\/wp-reel\/cur\/jquery.reel.cur\"),hand' data-cw='false' data-delay='0' data-directional='' data-draggable='true' data-duration='' data-entry='' data-footage='6' data-framelock='false' data-graph='' data-hint='' data-horizontal='true' data-indicator='0' data-inversed='false' data-klass='' data-lazyness='' data-monitor='' data-opening='0' data-orbital='0' data-orientable='' data-preload='fidelity' data-preloader='4' data-rebound='0.5' data-responsive='true' data-row='1' data-rows='0' data-rowlock='false' data-scrollable='true' data-shy='false' data-spacing='0' data-steppable='true' data-tempo='25' data-throwable='true' data-velocity='0' data-vertical='false' data-wheelable='true' width='575' height='310'  class='reel' data-revolution='575'  data-speed='0'  data-loops='true'  data-frames='40' data-size='' data-frame='1'   data-images='https:\/\/test.imprimetresde.com\/wp-content\/uploads\/2015\/11\/r2_anim000040.jpg,https:\/\/test.imprimetresde.com\/wp-content\/uploads\/2015\/11\/r2_anim000039.jpg,https:\/\/test.imprimetresde.com\/wp-content\/uploads\/2015\/11\/r2_anim000038.jpg,https:\/\/test.imprimetresde.com\/wp-content\/uploads\/2015\/11\/r2_anim000037.jpg,https:\/\/test.imprimetresde.com\/wp-content\/uploads\/2015\/11\/r2_anim000036.jpg,https:\/\/test.imprimetresde.com\/wp-content\/uploads\/2015\/11\/r2_anim000035.jpg,https:\/\/test.imprimetresde.com\/wp-content\/uploads\/2015\/11\/r2_anim000034.jpg,https:\/\/test.imprimetresde.com\/wp-content\/uploads\/2015\/11\/r2_anim000033.jpg,https:\/\/test.imprimetresde.com\/wp-content\/uploads\/2015\/11\/r2_anim000032.jpg,https:\/\/test.imprimetresde.com\/wp-content\/uploads\/2015\/11\/r2_anim000031.jpg,https:\/\/test.imprimetresde.com\/wp-content\/uploads\/2015\/11\/r2_anim000030.jpg,https:\/\/test.imprimetresde.com\/wp-content\/uploads\/2015\/11\/r2_anim000029.jpg,https:\/\/test.imprimetresde.com\/wp-content\/uploads\/2015\/11\/r2_anim000028.jpg,https:\/\/test.imprimetresde.com\/wp-content\/uploads\/2015\/11\/r2_anim000027.jpg,https:\/\/test.imprimetresde.com\/wp-content\/uploads\/2015\/11\/r2_anim000026.jpg,https:\/\/test.imprimetresde.com\/wp-content\/uploads\/2015\/11\/r2_anim000025.jpg,https:\/\/test.imprimetresde.com\/wp-content\/uploads\/2015\/11\/r2_anim000024.jpg,https:\/\/test.imprimetresde.com\/wp-content\/uploads\/2015\/11\/r2_anim000023.jpg,https:\/\/test.imprimetresde.com\/wp-content\/uploads\/2015\/11\/r2_anim000022.jpg,https:\/\/test.imprimetresde.com\/wp-content\/uploads\/2015\/11\/r2_anim000021.jpg,https:\/\/test.imprimetresde.com\/wp-content\/uploads\/2015\/11\/r2_anim000020.jpg,https:\/\/test.imprimetresde.com\/wp-content\/uploads\/2015\/11\/r2_anim000019.jpg,https:\/\/test.imprimetresde.com\/wp-content\/uploads\/2015\/11\/r2_anim000018.jpg,https:\/\/test.imprimetresde.com\/wp-content\/uploads\/2015\/11\/r2_anim000017.jpg,https:\/\/test.imprimetresde.com\/wp-content\/uploads\/2015\/11\/r2_anim000016.jpg,https:\/\/test.imprimetresde.com\/wp-content\/uploads\/2015\/11\/r2_anim000015.jpg,https:\/\/test.imprimetresde.com\/wp-content\/uploads\/2015\/11\/r2_anim000014.jpg,https:\/\/test.imprimetresde.com\/wp-content\/uploads\/2015\/11\/r2_anim000013.jpg,https:\/\/test.imprimetresde.com\/wp-content\/uploads\/2015\/11\/r2_anim000012.jpg,https:\/\/test.imprimetresde.com\/wp-content\/uploads\/2015\/11\/r2_anim000011.jpg,https:\/\/test.imprimetresde.com\/wp-content\/uploads\/2015\/11\/r2_anim000010.jpg,https:\/\/test.imprimetresde.com\/wp-content\/uploads\/2015\/11\/r2_anim000009.jpg,https:\/\/test.imprimetresde.com\/wp-content\/uploads\/2015\/11\/r2_anim000008.jpg,https:\/\/test.imprimetresde.com\/wp-content\/uploads\/2015\/11\/r2_anim000007.jpg,https:\/\/test.imprimetresde.com\/wp-content\/uploads\/2015\/11\/r2_anim000006.jpg,https:\/\/test.imprimetresde.com\/wp-content\/uploads\/2015\/11\/r2_anim000005.jpg,https:\/\/test.imprimetresde.com\/wp-content\/uploads\/2015\/11\/r2_anim000004.jpg,https:\/\/test.imprimetresde.com\/wp-content\/uploads\/2015\/11\/r2_anim000003.jpg,https:\/\/test.imprimetresde.com\/wp-content\/uploads\/2015\/11\/r2_anim000002.jpg,https:\/\/test.imprimetresde.com\/wp-content\/uploads\/2015\/11\/r2_anim000001.jpg' src='https:\/\/test.imprimetresde.com\/wp-content\/uploads\/2015\/11\/r2_anim000040.jpg' >\n<p>O dese\u00f1ador Abhinav\u00a0Pandey tr\u00e1enos este dese\u00f1o alucinante: R2-D2, un robot do tipo R2, que pertenceu \u00e1s forzas de defensa en Naboo e serviu ao Rey Veruna ao seu termo. Este droide sempre estivo destinado\u00a0na Nave Real de Naboo, do mesmo xeito que outros conx\u00e9neres coa simple funci\u00f3n de reparar calquera parte da nave e asistir como navegantes. R2-D2 pertenc\u00eda a un tipo de robots chamados droides astromec\u00e1nicos (Astro Droides) que eran moi co\u00f1ecidos e apreciados ao longo da Galaxia.<\/p>\n<p>O droide astro-mec\u00e1nico da franqu\u00eda de Star Wars, R2D2 est\u00e1 aqu\u00ed para axudarche. Bo, polo menos p\u00f3deche\u00a0axudar a espolvorear sal e pementa para facer o teu prato m\u00e1is saboroso. E vese ben en\u00a0a t\u00faa mesa tam\u00e9n. Cinco partes diferentes, que se poden montar dun xeito doado.<\/p>\n<p>Este produto entr\u00e9gase sen pintar. Anim\u00e1mosche a que nos envies unha foto co teu acabado.<\/p>\n<p>** Pode ser personalizado con ata 8 caracteres, o que permite engadirlle nomes, marcas, etc<\/p>\n","protected":false},"excerpt":{"rendered":"<p>O dese\u00f1ador Abhinav Pandey tr\u00e1enos este dese\u00f1o alucinante. O droide astro-mec\u00e1nico da franqu\u00eda de Star Wars, R2D2 est\u00e1 aqu\u00ed para axudarche. Bo, polo menos p\u00f3deche\u00a0 axudar a espolvorear sal e pementa para facer o teu prato m\u00e1is saboroso. E vese ben na t\u00faa mesa tam\u00e9n. Cinco partes diferentes, que se poden montar dun xeito doado.<\/p>\n","protected":false},"featured_media":3597,"comment_status":"open","ping_status":"closed","template":"","meta":{"_vp_format_video_url":"","_vp_image_focal_point":[]},"product_brand":[],"product_cat":[313,322],"product_tag":[275,286,279,295],"class_list":{"0":"post-5191","1":"product","2":"type-product","3":"status-publish","4":"has-post-thumbnail","6":"product_cat-ambiente-gl","7":"product_cat-star-wars-gl","8":"product_tag-pimenteiro","9":"product_tag-r2d2-gl","10":"product_tag-saleiro","11":"product_tag-star-wars-gl","13":"first","14":"instock","15":"sale","16":"taxable","17":"shipping-taxable","18":"purchasable","19":"product-type-simple"},"exclude_global_add_ons":false,"addons":[{"name":"Texto personalizado","type":"heading","position":0,"required":false,"title_format":"label","default":"","description_enable":true,"description":"**Texto que llevar\u00e1 el objeto al imprimirlo (8 caracteres m\u00e1ximo)","placeholder_enable":false,"placeholder":"","display":"select","restrictions_type":"any_text","adjust_price":false,"price":"","price_type":"","restrictions":false,"min":"0","max":"0","options":[]},{"name":"Texto","type":"custom_text","position":0,"required":false,"title_format":"label","default":"","description_enable":false,"description":"","placeholder_enable":false,"placeholder":"","display":"select","restrictions_type":"any_text","adjust_price":true,"price":"5","price_type":"quantity_based","restrictions":false,"min":"","max":"","options":[]}],"_links":{"self":[{"href":"https:\/\/test.imprimetresde.com\/gl\/wp-json\/wp\/v2\/product\/5191","targetHints":{"allow":["GET"]}}],"collection":[{"href":"https:\/\/test.imprimetresde.com\/gl\/wp-json\/wp\/v2\/product"}],"about":[{"href":"https:\/\/test.imprimetresde.com\/gl\/wp-json\/wp\/v2\/types\/product"}],"replies":[{"embeddable":true,"href":"https:\/\/test.imprimetresde.com\/gl\/wp-json\/wp\/v2\/comments?post=5191"}],"wp:featuredmedia":[{"embeddable":true,"href":"https:\/\/test.imprimetresde.com\/gl\/wp-json\/wp\/v2\/media\/3597"}],"wp:attachment":[{"href":"https:\/\/test.imprimetresde.com\/gl\/wp-json\/wp\/v2\/media?parent=5191"}],"wp:term":[{"taxonomy":"product_brand","embeddable":true,"href":"https:\/\/test.imprimetresde.com\/gl\/wp-json\/wp\/v2\/product_brand?post=5191"},{"taxonomy":"product_cat","embeddable":true,"href":"https:\/\/test.imprimetresde.com\/gl\/wp-json\/wp\/v2\/product_cat?post=5191"},{"taxonomy":"product_tag","embeddable":true,"href":"https:\/\/test.imprimetresde.com\/gl\/wp-json\/wp\/v2\/product_tag?post=5191"}],"curies":[{"name":"wp","href":"https:\/\/api.w.org\/{rel}","templated":true}]}}