{"id":5193,"date":"2015-11-17T12:04:40","date_gmt":"2015-11-17T11:04:40","guid":{"rendered":"https:\/\/test.imprimetresde.com\/producto\/percha-headphone\/"},"modified":"2020-12-22T20:06:50","modified_gmt":"2020-12-22T18:06:50","slug":"percha-headphone","status":"publish","type":"product","link":"https:\/\/test.imprimetresde.com\/gl\/produto\/percha-headphone\/","title":{"rendered":"Percha Headphone"},"content":{"rendered":"<h5><strong>Vista 3D<\/strong>\u00a0(Click + esquerda ou dereita para rotar)<\/h5>\n<img data-area='' data-attr='{}' data-brake='0.23' data-clickfree='false' data-cursor='url(\"https:\/\/test.imprimetresde.com\/wp-content\/plugins\/wp-reel\/cur\/jquery.reel.cur\"),hand' data-cw='false' data-delay='0' data-directional='' data-draggable='true' data-duration='' data-entry='' data-footage='6' data-framelock='false' data-graph='' data-hint='' data-horizontal='true' data-indicator='0' data-inversed='false' data-klass='' data-lazyness='' data-monitor='' data-opening='0' data-orbital='0' data-orientable='' data-preload='fidelity' data-preloader='4' data-rebound='0.5' data-responsive='true' data-row='1' data-rows='0' data-rowlock='false' data-scrollable='true' data-shy='false' data-spacing='0' data-steppable='true' data-tempo='25' data-throwable='true' data-velocity='0' data-vertical='false' data-wheelable='true' width='575' height='310'  class='reel' data-revolution='575'  data-speed='0'  data-loops='true'  data-frames='40' data-size='' data-frame='1'   data-images='https:\/\/test.imprimetresde.com\/wp-content\/uploads\/2015\/11\/headph_anim000040.jpg,https:\/\/test.imprimetresde.com\/wp-content\/uploads\/2015\/11\/headph_anim000001.jpg,https:\/\/test.imprimetresde.com\/wp-content\/uploads\/2015\/11\/headph_anim000002.jpg,https:\/\/test.imprimetresde.com\/wp-content\/uploads\/2015\/11\/headph_anim000003.jpg,https:\/\/test.imprimetresde.com\/wp-content\/uploads\/2015\/11\/headph_anim000004.jpg,https:\/\/test.imprimetresde.com\/wp-content\/uploads\/2015\/11\/headph_anim000005.jpg,https:\/\/test.imprimetresde.com\/wp-content\/uploads\/2015\/11\/headph_anim000006.jpg,https:\/\/test.imprimetresde.com\/wp-content\/uploads\/2015\/11\/headph_anim000007.jpg,https:\/\/test.imprimetresde.com\/wp-content\/uploads\/2015\/11\/headph_anim000008.jpg,https:\/\/test.imprimetresde.com\/wp-content\/uploads\/2015\/11\/headph_anim000009.jpg,https:\/\/test.imprimetresde.com\/wp-content\/uploads\/2015\/11\/headph_anim000010.jpg,https:\/\/test.imprimetresde.com\/wp-content\/uploads\/2015\/11\/headph_anim000011.jpg,https:\/\/test.imprimetresde.com\/wp-content\/uploads\/2015\/11\/headph_anim000012.jpg,https:\/\/test.imprimetresde.com\/wp-content\/uploads\/2015\/11\/headph_anim000013.jpg,https:\/\/test.imprimetresde.com\/wp-content\/uploads\/2015\/11\/headph_anim000014.jpg,https:\/\/test.imprimetresde.com\/wp-content\/uploads\/2015\/11\/headph_anim000015.jpg,https:\/\/test.imprimetresde.com\/wp-content\/uploads\/2015\/11\/headph_anim000016.jpg,https:\/\/test.imprimetresde.com\/wp-content\/uploads\/2015\/11\/headph_anim000017.jpg,https:\/\/test.imprimetresde.com\/wp-content\/uploads\/2015\/11\/headph_anim000018.jpg,https:\/\/test.imprimetresde.com\/wp-content\/uploads\/2015\/11\/headph_anim000019.jpg,https:\/\/test.imprimetresde.com\/wp-content\/uploads\/2015\/11\/headph_anim000020.jpg,https:\/\/test.imprimetresde.com\/wp-content\/uploads\/2015\/11\/headph_anim000021.jpg,https:\/\/test.imprimetresde.com\/wp-content\/uploads\/2015\/11\/headph_anim000022.jpg,https:\/\/test.imprimetresde.com\/wp-content\/uploads\/2015\/11\/headph_anim000023.jpg,https:\/\/test.imprimetresde.com\/wp-content\/uploads\/2015\/11\/headph_anim000024.jpg,https:\/\/test.imprimetresde.com\/wp-content\/uploads\/2015\/11\/headph_anim000025.jpg,https:\/\/test.imprimetresde.com\/wp-content\/uploads\/2015\/11\/headph_anim000026.jpg,https:\/\/test.imprimetresde.com\/wp-content\/uploads\/2015\/11\/headph_anim000027.jpg,https:\/\/test.imprimetresde.com\/wp-content\/uploads\/2015\/11\/headph_anim000028.jpg,https:\/\/test.imprimetresde.com\/wp-content\/uploads\/2015\/11\/headph_anim000029.jpg,https:\/\/test.imprimetresde.com\/wp-content\/uploads\/2015\/11\/headph_anim000030.jpg,https:\/\/test.imprimetresde.com\/wp-content\/uploads\/2015\/11\/headph_anim000031.jpg,https:\/\/test.imprimetresde.com\/wp-content\/uploads\/2015\/11\/headph_anim000032.jpg,https:\/\/test.imprimetresde.com\/wp-content\/uploads\/2015\/11\/headph_anim000033.jpg,https:\/\/test.imprimetresde.com\/wp-content\/uploads\/2015\/11\/headph_anim000034.jpg,https:\/\/test.imprimetresde.com\/wp-content\/uploads\/2015\/11\/headph_anim000035.jpg,https:\/\/test.imprimetresde.com\/wp-content\/uploads\/2015\/11\/headph_anim000036.jpg,https:\/\/test.imprimetresde.com\/wp-content\/uploads\/2015\/11\/headph_anim000037.jpg,https:\/\/test.imprimetresde.com\/wp-content\/uploads\/2015\/11\/headph_anim000038.jpg,https:\/\/test.imprimetresde.com\/wp-content\/uploads\/2015\/11\/headph_anim000039.jpg' src='https:\/\/test.imprimetresde.com\/wp-content\/uploads\/2015\/11\/headph_anim000040.jpg' >\n<p>&nbsp;<\/p>\n<p>Dese\u00f1o realizado por Walltosh, dese\u00f1ador afincado nos Estados Unidos, presentamos o colgador para auriculares Percha Headphone. Un dese\u00f1o elegante desenvolvido en base ao emprego de texto como elemento que fai a funci\u00f3n de colgador e \u00e1 vez \u00e9 unha mensaxe en se mesmo, ademais dun obxecto que achega beleza ao espazo onde se sit\u00fae. Personalizao co teu <a href=\"https:\/\/en.wikipedia.org\/wiki\/Nickname\">Nickname<\/a> e demostra que es un aut\u00e9ntico <a href=\"https:\/\/es.wikipedia.org\/wiki\/Jugador_de_videojuegos\">Gamer<\/a>. M\u00f3ntase fixado \u00e1 parede.\u00a0 Fabricado en <a href=\"https:\/\/test.imprimetresde.com\/gl\/o-noso-material-de-impresion-o-pla-polimero-biodegradabel-procedente-de-recursos-vexetais\/\">PLA<\/a> ecol\u00f3xico, non t\u00f3xico.<\/p>\n<p>** Pode ser personalizado con ata 8 caracteres, o que permite engadirlle nomes, nicknames, marcas, etc<\/p>\n","protected":false},"excerpt":{"rendered":"<p>Dese\u00f1o realizado por Walltosh, dese\u00f1ador afincado nos Estados Unidos, presentamos o colgador para auriculares Percha Headphone. Un dese\u00f1o elegante desenvolvido en base ao emprego de texto como elemento que fai a funci\u00f3n de colgador e \u00e1 vez \u00e9 unha mensaxe. Personalizao co teu Nickname e demostra que es un aut\u00e9ntico Gamer<\/p>\n","protected":false},"featured_media":3554,"comment_status":"open","ping_status":"closed","template":"","meta":{"_vp_format_video_url":"","_vp_image_focal_point":[]},"product_brand":[],"product_cat":[313,317],"product_tag":[196,210,215,272],"class_list":{"0":"post-5193","1":"product","2":"type-product","3":"status-publish","4":"has-post-thumbnail","6":"product_cat-ambiente-gl","7":"product_cat-gadgets-gl","8":"product_tag-auriculares-gl","9":"product_tag-decoracion-gl","10":"product_tag-pendurar","11":"product_tag-percha-gl","13":"first","14":"instock","15":"taxable","16":"shipping-taxable","17":"purchasable","18":"product-type-simple"},"exclude_global_add_ons":false,"addons":[{"name":"Texto personalizado","type":"heading","position":0,"required":false,"title_format":"label","default":"","description_enable":true,"description":"**Texto que llevar\u00e1 el objeto al imprimirlo (8 caracteres m\u00e1ximo)","placeholder_enable":false,"placeholder":"","display":"select","restrictions_type":"any_text","adjust_price":false,"price":"","price_type":"","restrictions":false,"min":"0","max":"0","options":[]},{"name":"Texto","type":"custom_text","position":0,"required":false,"title_format":"label","default":"","description_enable":false,"description":"","placeholder_enable":false,"placeholder":"","display":"select","restrictions_type":"any_text","adjust_price":true,"price":"5","price_type":"quantity_based","restrictions":false,"min":"","max":"","options":[]}],"_links":{"self":[{"href":"https:\/\/test.imprimetresde.com\/gl\/wp-json\/wp\/v2\/product\/5193","targetHints":{"allow":["GET"]}}],"collection":[{"href":"https:\/\/test.imprimetresde.com\/gl\/wp-json\/wp\/v2\/product"}],"about":[{"href":"https:\/\/test.imprimetresde.com\/gl\/wp-json\/wp\/v2\/types\/product"}],"replies":[{"embeddable":true,"href":"https:\/\/test.imprimetresde.com\/gl\/wp-json\/wp\/v2\/comments?post=5193"}],"wp:featuredmedia":[{"embeddable":true,"href":"https:\/\/test.imprimetresde.com\/gl\/wp-json\/wp\/v2\/media\/3554"}],"wp:attachment":[{"href":"https:\/\/test.imprimetresde.com\/gl\/wp-json\/wp\/v2\/media?parent=5193"}],"wp:term":[{"taxonomy":"product_brand","embeddable":true,"href":"https:\/\/test.imprimetresde.com\/gl\/wp-json\/wp\/v2\/product_brand?post=5193"},{"taxonomy":"product_cat","embeddable":true,"href":"https:\/\/test.imprimetresde.com\/gl\/wp-json\/wp\/v2\/product_cat?post=5193"},{"taxonomy":"product_tag","embeddable":true,"href":"https:\/\/test.imprimetresde.com\/gl\/wp-json\/wp\/v2\/product_tag?post=5193"}],"curies":[{"name":"wp","href":"https:\/\/api.w.org\/{rel}","templated":true}]}}