{"id":5197,"date":"2015-11-17T10:27:32","date_gmt":"2015-11-17T09:27:32","guid":{"rendered":"https:\/\/test.imprimetresde.com\/producto\/puzzlesfera-wiki\/"},"modified":"2025-09-28T02:41:53","modified_gmt":"2025-09-28T00:41:53","slug":"puzzlesfera-wiki","status":"publish","type":"product","link":"https:\/\/test.imprimetresde.com\/gl\/produto\/puzzlesfera-wiki\/","title":{"rendered":"Puzzlesfera Wiki"},"content":{"rendered":"<h5><strong>Vista 3D<\/strong>\u00a0(Click + esquerda ou dereita para rotar)<\/h5>\n<img data-area='' data-attr='{}' data-brake='0.23' data-clickfree='false' data-cursor='url(\"https:\/\/test.imprimetresde.com\/wp-content\/plugins\/wp-reel\/cur\/jquery.reel.cur\"),hand' data-cw='false' data-delay='0' data-directional='' data-draggable='true' data-duration='' data-entry='' data-footage='6' data-framelock='false' data-graph='' data-hint='' data-horizontal='true' data-indicator='0' data-inversed='false' data-klass='' data-lazyness='' data-monitor='' data-opening='0' data-orbital='0' data-orientable='' data-preload='fidelity' data-preloader='4' data-rebound='0.5' data-responsive='true' data-row='1' data-rows='0' data-rowlock='false' data-scrollable='true' data-shy='false' data-spacing='0' data-steppable='true' data-tempo='25' data-throwable='true' data-velocity='0' data-vertical='false' data-wheelable='true' width='575' height='310'  class='reel' data-revolution='575'  data-speed='0'  data-loops='true'  data-frames='40' data-size='' data-frame='1'   data-images='https:\/\/test.imprimetresde.com\/wp-content\/uploads\/2015\/11\/puzzle_anim000040-opt.jpg,https:\/\/test.imprimetresde.com\/wp-content\/uploads\/2015\/11\/puzzle_anim000001-opt.jpg,https:\/\/test.imprimetresde.com\/wp-content\/uploads\/2015\/11\/puzzle_anim000002-opt.jpg,https:\/\/test.imprimetresde.com\/wp-content\/uploads\/2015\/11\/puzzle_anim000003-opt.jpg,https:\/\/test.imprimetresde.com\/wp-content\/uploads\/2015\/11\/puzzle_anim000004-opt.jpg,https:\/\/test.imprimetresde.com\/wp-content\/uploads\/2015\/11\/puzzle_anim000005-opt.jpg,https:\/\/test.imprimetresde.com\/wp-content\/uploads\/2015\/11\/puzzle_anim000006-opt.jpg,https:\/\/test.imprimetresde.com\/wp-content\/uploads\/2015\/11\/puzzle_anim000007-opt.jpg,https:\/\/test.imprimetresde.com\/wp-content\/uploads\/2015\/11\/puzzle_anim000008-opt.jpg,https:\/\/test.imprimetresde.com\/wp-content\/uploads\/2015\/11\/puzzle_anim000009-opt.jpg,https:\/\/test.imprimetresde.com\/wp-content\/uploads\/2015\/11\/puzzle_anim000010-opt.jpg,https:\/\/test.imprimetresde.com\/wp-content\/uploads\/2015\/11\/puzzle_anim000011-opt.jpg,https:\/\/test.imprimetresde.com\/wp-content\/uploads\/2015\/11\/puzzle_anim000012-opt.jpg,https:\/\/test.imprimetresde.com\/wp-content\/uploads\/2015\/11\/puzzle_anim000013-opt.jpg,https:\/\/test.imprimetresde.com\/wp-content\/uploads\/2015\/11\/puzzle_anim000014-opt.jpg,https:\/\/test.imprimetresde.com\/wp-content\/uploads\/2015\/11\/puzzle_anim000015-opt.jpg,https:\/\/test.imprimetresde.com\/wp-content\/uploads\/2015\/11\/puzzle_anim000016-opt.jpg,https:\/\/test.imprimetresde.com\/wp-content\/uploads\/2015\/11\/puzzle_anim000017-opt.jpg,https:\/\/test.imprimetresde.com\/wp-content\/uploads\/2015\/11\/puzzle_anim000018-opt.jpg,https:\/\/test.imprimetresde.com\/wp-content\/uploads\/2015\/11\/puzzle_anim000019-opt.jpg,https:\/\/test.imprimetresde.com\/wp-content\/uploads\/2015\/11\/puzzle_anim000020-opt.jpg,https:\/\/test.imprimetresde.com\/wp-content\/uploads\/2015\/11\/puzzle_anim000021-opt.jpg,https:\/\/test.imprimetresde.com\/wp-content\/uploads\/2015\/11\/puzzle_anim000022-opt.jpg,https:\/\/test.imprimetresde.com\/wp-content\/uploads\/2015\/11\/puzzle_anim000023-opt.jpg,https:\/\/test.imprimetresde.com\/wp-content\/uploads\/2015\/11\/puzzle_anim000024-opt.jpg,https:\/\/test.imprimetresde.com\/wp-content\/uploads\/2015\/11\/puzzle_anim000025-opt.jpg,https:\/\/test.imprimetresde.com\/wp-content\/uploads\/2015\/11\/puzzle_anim000026-opt.jpg,https:\/\/test.imprimetresde.com\/wp-content\/uploads\/2015\/11\/puzzle_anim000027-opt.jpg,https:\/\/test.imprimetresde.com\/wp-content\/uploads\/2015\/11\/puzzle_anim000028-opt.jpg,https:\/\/test.imprimetresde.com\/wp-content\/uploads\/2015\/11\/puzzle_anim000029-opt.jpg,https:\/\/test.imprimetresde.com\/wp-content\/uploads\/2015\/11\/puzzle_anim000030-opt.jpg,https:\/\/test.imprimetresde.com\/wp-content\/uploads\/2015\/11\/puzzle_anim000031-opt.jpg,https:\/\/test.imprimetresde.com\/wp-content\/uploads\/2015\/11\/puzzle_anim000032-opt.jpg,https:\/\/test.imprimetresde.com\/wp-content\/uploads\/2015\/11\/puzzle_anim000033-opt.jpg,https:\/\/test.imprimetresde.com\/wp-content\/uploads\/2015\/11\/puzzle_anim000034-opt.jpg,https:\/\/test.imprimetresde.com\/wp-content\/uploads\/2015\/11\/puzzle_anim000035-opt.jpg,https:\/\/test.imprimetresde.com\/wp-content\/uploads\/2015\/11\/puzzle_anim000036-opt.jpg,https:\/\/test.imprimetresde.com\/wp-content\/uploads\/2015\/11\/puzzle_anim000037-opt.jpg,https:\/\/test.imprimetresde.com\/wp-content\/uploads\/2015\/11\/puzzle_anim000038-opt.jpg,https:\/\/test.imprimetresde.com\/wp-content\/uploads\/2015\/11\/puzzle_anim000039-opt.jpg' src='https:\/\/test.imprimetresde.com\/wp-content\/uploads\/2015\/11\/puzzle_anim000040-opt.jpg' >\n<p>Este crebacabezas en forma de esfera est\u00e1 inspirado polo logo de Wikipedia e est\u00e1 dese\u00f1ado por &#8220;joachim67&#8221;.<\/p>\n<p>Desde os seus inicios en 2001, Wikipedia utilizou diferentes isologotipos. Todos eles inclu\u00edron unha esfera escrita como forma central, simbolizando o mundo e o co\u00f1ecemento. A partir de 2003 adoptouse, como forma central nos logos, unha esfera incompleta, co\u00f1ecida como globo-crebacabezas, composta por pezas dun crebacabezas con grafemas pertencentes a diferentes escrituras do mundo.<\/p>\n<p>O globo-crebacabezas de Nohat inclu\u00eda dezaseis s\u00edmbolos tomados de dezaseis diferentes escrituras. Nalgunhas ocasi\u00f3ns buscouse elixir sons pr\u00f3ximos ao son da \u00abW\u00bb, ou aqueles con os que se inicia o termo \u00abWikipedia\u00bb nese idioma, pero noutros casos simplemente foron elixidos pola beleza do seu dese\u00f1o.<\/p>\n","protected":false},"excerpt":{"rendered":"<p>Este quebracabezas en forma de esfera est\u00e1 inspirado polo logo de Wikipedia e est\u00e1 dese\u00f1ado por &#8220;joachim67&#8221;.<\/p>\n<p>Desde os seus inicios en 2001, Wikipedia utilizou diferentes isologotipos. Todos eles inclu\u00edron unha esfera escrita como forma central, simbolizando o mundo e o co\u00f1ecemento.<\/p>\n","protected":false},"featured_media":3534,"comment_status":"open","ping_status":"closed","template":"","meta":{"_vp_format_video_url":"","_vp_image_focal_point":[]},"product_brand":[],"product_cat":[321],"product_tag":[222,257,287,241],"class_list":{"0":"post-5197","1":"product","2":"type-product","3":"status-publish","4":"has-post-thumbnail","6":"product_cat-play-gl","7":"product_tag-esfera-gl","8":"product_tag-letras-gl","9":"product_tag-puzzle-gl","10":"product_tag-xogo","12":"first","13":"instock","14":"sale","15":"taxable","16":"shipping-taxable","17":"purchasable","18":"product-type-simple"},"exclude_global_add_ons":false,"addons":[{"name":"","type":"multiple_choice","position":0,"required":true,"title_format":"heading","default":"","description_enable":false,"description":"","placeholder_enable":false,"placeholder":"","display":"select","restrictions_type":"any_text","adjust_price":false,"price":"","price_type":"","restrictions":false,"min":"0","max":"0","options":[{"label":"","price":"000","price_type":"quantity_based","image":0,"visibility":true},{"label":"","price":"0","price_type":"quantity_based","image":0,"visibility":true},{"label":"","price":"","price_type":"quantity_based","image":0,"visibility":true},{"label":"","price":"","price_type":"quantity_based","image":0,"visibility":true},{"label":"","price":"","price_type":"quantity_based","image":0,"visibility":true},{"label":"","price":"","price_type":"quantity_based","image":0,"visibility":true},{"label":"","price":"","price_type":"quantity_based","image":0,"visibility":true}]},{"name":"","type":"multiple_choice","position":1,"required":true,"title_format":"heading","default":"","description_enable":false,"description":"","placeholder_enable":false,"placeholder":"","display":"select","restrictions_type":"any_text","adjust_price":false,"price":"","price_type":"","restrictions":false,"min":"0","max":"0","options":[{"label":"","price":"5","price_type":"quantity_based","image":0,"visibility":true},{"label":"","price":"5","price_type":"quantity_based","image":0,"visibility":true},{"label":"","price":"5","price_type":"quantity_based","image":0,"visibility":true},{"label":"","price":"5","price_type":"quantity_based","image":0,"visibility":true},{"label":"","price":"5","price_type":"quantity_based","image":0,"visibility":true},{"label":"","price":"5","price_type":"quantity_based","image":0,"visibility":true},{"label":"","price":"5","price_type":"quantity_based","image":0,"visibility":true}]},{"name":"","type":"multiple_choice","position":2,"required":true,"title_format":"heading","default":"","description_enable":false,"description":"","placeholder_enable":false,"placeholder":"","display":"select","restrictions_type":"any_text","adjust_price":false,"price":"","price_type":"","restrictions":false,"min":"0","max":"0","options":[{"label":"","price":"5","price_type":"quantity_based","image":0,"visibility":true},{"label":"","price":"5","price_type":"quantity_based","image":0,"visibility":true},{"label":"","price":"5","price_type":"quantity_based","image":0,"visibility":true},{"label":"","price":"5","price_type":"quantity_based","image":0,"visibility":true},{"label":"","price":"5","price_type":"quantity_based","image":0,"visibility":true},{"label":"","price":"5","price_type":"quantity_based","image":0,"visibility":true},{"label":"","price":"5","price_type":"quantity_based","image":0,"visibility":true}]},{"name":"Color","type":"multiple_choice","position":0,"required":true,"title_format":"heading","default":"","description_enable":true,"description":"Elige el color de PLA para el producto","placeholder_enable":false,"placeholder":"","display":"select","restrictions_type":"any_text","adjust_price":false,"price":"","price_type":"","restrictions":false,"min":"0","max":"0","options":[{"label":"PLA rojo","price":"000","price_type":"quantity_based","image":0,"visibility":true},{"label":"PLA verde","price":"0","price_type":"quantity_based","image":0,"visibility":true},{"label":"PLA amarillo","price":"","price_type":"quantity_based","image":0,"visibility":true},{"label":"PLA azul","price":"","price_type":"quantity_based","image":0,"visibility":true},{"label":"PLA transparente","price":"","price_type":"quantity_based","image":0,"visibility":true},{"label":"PLA naranja","price":"","price_type":"quantity_based","image":0,"visibility":true},{"label":"PLA negro","price":"","price_type":"quantity_based","image":0,"visibility":true}]},{"name":"Texto personalizado","type":"heading","position":0,"required":false,"title_format":"label","default":"","description_enable":true,"description":"**Texto que llevar\u00e1 el objeto al imprimirlo (8 caracteres m\u00e1ximo)","placeholder_enable":false,"placeholder":"","display":"select","restrictions_type":"any_text","adjust_price":false,"price":"","price_type":"","restrictions":false,"min":"0","max":"0","options":[]},{"name":"Texto","type":"custom_text","position":0,"required":false,"title_format":"label","default":"","description_enable":false,"description":"","placeholder_enable":false,"placeholder":"","display":"select","restrictions_type":"any_text","adjust_price":true,"price":"5","price_type":"quantity_based","restrictions":false,"min":"","max":"","options":[]}],"_links":{"self":[{"href":"https:\/\/test.imprimetresde.com\/gl\/wp-json\/wp\/v2\/product\/5197","targetHints":{"allow":["GET"]}}],"collection":[{"href":"https:\/\/test.imprimetresde.com\/gl\/wp-json\/wp\/v2\/product"}],"about":[{"href":"https:\/\/test.imprimetresde.com\/gl\/wp-json\/wp\/v2\/types\/product"}],"replies":[{"embeddable":true,"href":"https:\/\/test.imprimetresde.com\/gl\/wp-json\/wp\/v2\/comments?post=5197"}],"wp:featuredmedia":[{"embeddable":true,"href":"https:\/\/test.imprimetresde.com\/gl\/wp-json\/wp\/v2\/media\/3534"}],"wp:attachment":[{"href":"https:\/\/test.imprimetresde.com\/gl\/wp-json\/wp\/v2\/media?parent=5197"}],"wp:term":[{"taxonomy":"product_brand","embeddable":true,"href":"https:\/\/test.imprimetresde.com\/gl\/wp-json\/wp\/v2\/product_brand?post=5197"},{"taxonomy":"product_cat","embeddable":true,"href":"https:\/\/test.imprimetresde.com\/gl\/wp-json\/wp\/v2\/product_cat?post=5197"},{"taxonomy":"product_tag","embeddable":true,"href":"https:\/\/test.imprimetresde.com\/gl\/wp-json\/wp\/v2\/product_tag?post=5197"}],"curies":[{"name":"wp","href":"https:\/\/api.w.org\/{rel}","templated":true}]}}