{"id":5198,"date":"2015-11-17T10:17:28","date_gmt":"2015-11-17T09:17:28","guid":{"rendered":"https:\/\/test.imprimetresde.com\/producto\/angry-birds-arca-bad-piggy\/"},"modified":"2015-11-17T10:17:28","modified_gmt":"2015-11-17T09:17:28","slug":"angry-birds-arca-bad-piggy","status":"publish","type":"product","link":"https:\/\/test.imprimetresde.com\/gl\/produto\/angry-birds-arca-bad-piggy\/","title":{"rendered":"Angry Birds\u2122 Arca Bad Piggy"},"content":{"rendered":"<h5><strong>Vista 3D<\/strong>\u00a0(Click + izquerda o derecha para rotar)<\/h5>\n<img data-area='' data-attr='{}' data-brake='0.23' data-clickfree='false' data-cursor='url(\"https:\/\/test.imprimetresde.com\/wp-content\/plugins\/wp-reel\/cur\/jquery.reel.cur\"),hand' data-cw='false' data-delay='0' data-directional='' data-draggable='true' data-duration='' data-entry='' data-footage='6' data-framelock='false' data-graph='' data-hint='' data-horizontal='true' data-indicator='0' data-inversed='false' data-klass='' data-lazyness='' data-monitor='' data-opening='0' data-orbital='0' data-orientable='' data-preload='fidelity' data-preloader='4' data-rebound='0.5' data-responsive='false' data-row='1' data-rows='0' data-rowlock='false' data-scrollable='true' data-shy='false' data-spacing='0' data-steppable='true' data-tempo='25' data-throwable='true' data-velocity='0' data-vertical='false' data-wheelable='true' width='575' height='305'  class='reel' data-revolution='575'  data-speed='0'  data-loops='true'  data-frames='40' data-size='' data-frame='1'   data-images='https:\/\/test.imprimetresde.com\/wp-content\/uploads\/2015\/11\/CA_anim000040-opt.jpg,https:\/\/test.imprimetresde.com\/wp-content\/uploads\/2015\/11\/CA_anim000001-opt.jpg,https:\/\/test.imprimetresde.com\/wp-content\/uploads\/2015\/11\/CA_anim000002-opt.jpg,https:\/\/test.imprimetresde.com\/wp-content\/uploads\/2015\/11\/CA_anim000003-opt.jpg,https:\/\/test.imprimetresde.com\/wp-content\/uploads\/2015\/11\/CA_anim000004-opt.jpg,https:\/\/test.imprimetresde.com\/wp-content\/uploads\/2015\/11\/CA_anim000005-opt.jpg,https:\/\/test.imprimetresde.com\/wp-content\/uploads\/2015\/11\/CA_anim000006-opt.jpg,https:\/\/test.imprimetresde.com\/wp-content\/uploads\/2015\/11\/CA_anim000007-opt.jpg,https:\/\/test.imprimetresde.com\/wp-content\/uploads\/2015\/11\/CA_anim000008-opt.jpg,https:\/\/test.imprimetresde.com\/wp-content\/uploads\/2015\/11\/CA_anim000009-opt.jpg,https:\/\/test.imprimetresde.com\/wp-content\/uploads\/2015\/11\/CA_anim000010-opt.jpg,https:\/\/test.imprimetresde.com\/wp-content\/uploads\/2015\/11\/CA_anim000011-opt.jpg,https:\/\/test.imprimetresde.com\/wp-content\/uploads\/2015\/11\/CA_anim000012-opt.jpg,https:\/\/test.imprimetresde.com\/wp-content\/uploads\/2015\/11\/CA_anim000013-opt.jpg,https:\/\/test.imprimetresde.com\/wp-content\/uploads\/2015\/11\/CA_anim000014-opt.jpg,https:\/\/test.imprimetresde.com\/wp-content\/uploads\/2015\/11\/CA_anim000015-opt.jpg,https:\/\/test.imprimetresde.com\/wp-content\/uploads\/2015\/11\/CA_anim000016-opt.jpg,https:\/\/test.imprimetresde.com\/wp-content\/uploads\/2015\/11\/CA_anim000017-opt.jpg,https:\/\/test.imprimetresde.com\/wp-content\/uploads\/2015\/11\/CA_anim000018-opt.jpg,https:\/\/test.imprimetresde.com\/wp-content\/uploads\/2015\/11\/CA_anim000019-opt.jpg,https:\/\/test.imprimetresde.com\/wp-content\/uploads\/2015\/11\/CA_anim000020-opt.jpg,https:\/\/test.imprimetresde.com\/wp-content\/uploads\/2015\/11\/CA_anim000021-opt.jpg,https:\/\/test.imprimetresde.com\/wp-content\/uploads\/2015\/11\/CA_anim000022-opt.jpg,https:\/\/test.imprimetresde.com\/wp-content\/uploads\/2015\/11\/CA_anim000023-opt.jpg,https:\/\/test.imprimetresde.com\/wp-content\/uploads\/2015\/11\/CA_anim000024-opt.jpg,https:\/\/test.imprimetresde.com\/wp-content\/uploads\/2015\/11\/CA_anim000025-opt.jpg,https:\/\/test.imprimetresde.com\/wp-content\/uploads\/2015\/11\/CA_anim000026-opt.jpg,https:\/\/test.imprimetresde.com\/wp-content\/uploads\/2015\/11\/CA_anim000027-opt.jpg,https:\/\/test.imprimetresde.com\/wp-content\/uploads\/2015\/11\/CA_anim000028-opt.jpg,https:\/\/test.imprimetresde.com\/wp-content\/uploads\/2015\/11\/CA_anim000029-opt.jpg,https:\/\/test.imprimetresde.com\/wp-content\/uploads\/2015\/11\/CA_anim000030-opt.jpg,https:\/\/test.imprimetresde.com\/wp-content\/uploads\/2015\/11\/CA_anim000031-opt.jpg,https:\/\/test.imprimetresde.com\/wp-content\/uploads\/2015\/11\/CA_anim000032-opt.jpg,https:\/\/test.imprimetresde.com\/wp-content\/uploads\/2015\/11\/CA_anim000033-opt.jpg,https:\/\/test.imprimetresde.com\/wp-content\/uploads\/2015\/11\/CA_anim000034-opt.jpg,https:\/\/test.imprimetresde.com\/wp-content\/uploads\/2015\/11\/CA_anim000035-opt.jpg,https:\/\/test.imprimetresde.com\/wp-content\/uploads\/2015\/11\/CA_anim000036-opt.jpg,https:\/\/test.imprimetresde.com\/wp-content\/uploads\/2015\/11\/CA_anim000037-opt.jpg,https:\/\/test.imprimetresde.com\/wp-content\/uploads\/2015\/11\/CA_anim000038-opt.jpg,https:\/\/test.imprimetresde.com\/wp-content\/uploads\/2015\/11\/CA_anim000039-opt.jpg' src='https:\/\/test.imprimetresde.com\/wp-content\/uploads\/2015\/11\/CA_anim000040-opt.jpg' >\n<p>&nbsp;<\/p>\n<p>Os Bad Piggies (AKA porcos ou porcos verdes) son os principais antagonistas da serie de Angry Birds, que est\u00e1n constantemente roubando os seus ovos non eclosionados, co desexo de coci\u00f1ar e comer.\u00a0Co fin de evitar que as aves acepten a devoluci\u00f3n dos seus ovos, o Rei Porco comanda ao seu ex\u00e9rcito de porcos para constru\u00edr moitos edificios e estruturas para evitar que as aves cheguen a el.<\/p>\n<p>Todos os porcos son de cor verde clara, e ve\u00f1en en diversas variaci\u00f3ns. En primeiro lugar, est\u00e1 o porco b\u00e1sico que se presenta en tres tama\u00f1os, pequeno, mediano e grande. A\u00ed est\u00e1n os porcos que levan cascos, co\u00f1ecidos como porcos Casco, o segundo ao mando de porco con bigote chamado Pig bigote, e, finalmente, o seu xefe final, o Rei Porco. A partir do cuarto episodio, The Big configuraci\u00f3n, os porcos empezan a usar diferentes chapeus e \/ ou accesorios, inclu\u00edndo cascos, chapeus de cabaza, cabazas, follas de pantasmas, roupa de inverno, chapeus de Santa Claus, chapeus de vaqueiro, chapeus, e os arcos. A pesar destes chapeus que se colocan nos porcos, os porcos seguen sendo a mesma especie, xa que poden ser afectados sen o chapeu de ser destru\u00eddo, ou viceversa.<\/p>\n<p>XYZ WORKSHOP \u00a0realizou esta marabillosa arca inspirada en Angry BirdsTM\u00a0Bad Piggy en apoio dun gran nobre causa, o Very Special Kids Charity.<\/p>\n<p>Este produto entr\u00e9gase sen pintar. A nosa proposta \u00e9 en rosa, an\u00edmate a achegarnos a t\u00faa!<\/p>\n<p>** Pode ser personalizado con ata 8 caracteres, o que permite engadirlle nomes, marcas, etc<\/p>\n","protected":false},"excerpt":{"rendered":"<p>XYZ WORKSHOP Recentemente realizou esta marabillosa hucha inspirada en Angry Birds: Bad Piggy<\/p>\n<p>Os Bad Piggies (AKA porcos ou porcos verdes) son os principais antagonistas da serie de Angry Birds, que est\u00e1n constantemente roubando os seus ovos non eclosionados, co desexo de coci\u00f1ar e comer.<\/p>\n","protected":false},"featured_media":3527,"comment_status":"open","ping_status":"closed","template":"","meta":{"_vp_format_video_url":"","_vp_image_focal_point":[]},"product_brand":[],"product_cat":[313,317,321],"product_tag":[192,245,193,240],"class_list":{"0":"post-5198","1":"product","2":"type-product","3":"status-publish","4":"has-post-thumbnail","6":"product_cat-ambiente-gl","7":"product_cat-gadgets-gl","8":"product_cat-play-gl","9":"product_tag-angry-birds-gl","10":"product_tag-arca","11":"product_tag-bad-piggy-gl","12":"product_tag-xoguete","14":"first","15":"instock","16":"sale","17":"taxable","18":"shipping-taxable","19":"purchasable","20":"product-type-simple"},"exclude_global_add_ons":false,"addons":[{"name":"Color","type":"multiple_choice","position":0,"required":true,"title_format":"heading","default":"","description_enable":true,"description":"Elige el color de PLA para el producto","placeholder_enable":false,"placeholder":"","display":"select","restrictions_type":"any_text","adjust_price":false,"price":"","price_type":"","restrictions":false,"min":"0","max":"0","options":[{"label":"PLA rojo","price":"000","price_type":"quantity_based","image":0,"visibility":true},{"label":"PLA verde","price":"0","price_type":"quantity_based","image":0,"visibility":true},{"label":"PLA amarillo","price":"","price_type":"quantity_based","image":0,"visibility":true},{"label":"PLA azul","price":"","price_type":"quantity_based","image":0,"visibility":true},{"label":"PLA transparente","price":"","price_type":"quantity_based","image":0,"visibility":true},{"label":"PLA naranja","price":"","price_type":"quantity_based","image":0,"visibility":true},{"label":"PLA negro","price":"","price_type":"quantity_based","image":0,"visibility":true}]},{"name":"Texto personalizado","type":"heading","position":0,"required":false,"title_format":"label","default":"","description_enable":true,"description":"**Texto que llevar\u00e1 el objeto al imprimirlo (8 caracteres m\u00e1ximo)","placeholder_enable":false,"placeholder":"","display":"select","restrictions_type":"any_text","adjust_price":false,"price":"","price_type":"","restrictions":false,"min":"0","max":"0","options":[]},{"name":"Texto","type":"custom_text","position":0,"required":false,"title_format":"label","default":"","description_enable":false,"description":"","placeholder_enable":false,"placeholder":"","display":"select","restrictions_type":"any_text","adjust_price":true,"price":"5","price_type":"quantity_based","restrictions":false,"min":"","max":"","options":[]}],"_links":{"self":[{"href":"https:\/\/test.imprimetresde.com\/gl\/wp-json\/wp\/v2\/product\/5198","targetHints":{"allow":["GET"]}}],"collection":[{"href":"https:\/\/test.imprimetresde.com\/gl\/wp-json\/wp\/v2\/product"}],"about":[{"href":"https:\/\/test.imprimetresde.com\/gl\/wp-json\/wp\/v2\/types\/product"}],"replies":[{"embeddable":true,"href":"https:\/\/test.imprimetresde.com\/gl\/wp-json\/wp\/v2\/comments?post=5198"}],"wp:featuredmedia":[{"embeddable":true,"href":"https:\/\/test.imprimetresde.com\/gl\/wp-json\/wp\/v2\/media\/3527"}],"wp:attachment":[{"href":"https:\/\/test.imprimetresde.com\/gl\/wp-json\/wp\/v2\/media?parent=5198"}],"wp:term":[{"taxonomy":"product_brand","embeddable":true,"href":"https:\/\/test.imprimetresde.com\/gl\/wp-json\/wp\/v2\/product_brand?post=5198"},{"taxonomy":"product_cat","embeddable":true,"href":"https:\/\/test.imprimetresde.com\/gl\/wp-json\/wp\/v2\/product_cat?post=5198"},{"taxonomy":"product_tag","embeddable":true,"href":"https:\/\/test.imprimetresde.com\/gl\/wp-json\/wp\/v2\/product_tag?post=5198"}],"curies":[{"name":"wp","href":"https:\/\/api.w.org\/{rel}","templated":true}]}}