{"id":5199,"date":"2015-11-16T22:17:38","date_gmt":"2015-11-16T21:17:38","guid":{"rendered":"https:\/\/test.imprimetresde.com\/producto\/portalapices-arboreo\/"},"modified":"2024-09-09T18:37:56","modified_gmt":"2024-09-09T16:37:56","slug":"portalapices-arboreo","status":"publish","type":"product","link":"https:\/\/test.imprimetresde.com\/gl\/produto\/portalapices-arboreo\/","title":{"rendered":"Portal\u00e1pices Arb\u00f3reo"},"content":{"rendered":"<p>Portal\u00e1pices Arb\u00f3reo. Presentamos unha creaci\u00f3n de &#8220;damm301&#8221;. Un portal\u00e1pices que trata de recrear a natureza, as formas arb\u00f3reas e vexetais. Troncos e p\u00f3las recreadas nunha abstracci\u00f3n que encher\u00e1 calqueira ambente, tanto na casa como no entorno laboral, aportando un toque informal a calqueira espazo.<\/p>\n<p>*O material no que est\u00e1 realizado \u00e9 <a href=\"https:\/\/test.imprimetresde.com\/nuestro-material-de-impresion-el-pla-polimero-biodegradable-procedente-de-recursos-vegetales\/\">PLA<\/a>, material procedente de materia vexetal, <a href=\"https:\/\/es.wikipedia.org\/wiki\/Biodegradabilidad\">biodegrad\u00e1bel<\/a>, non t\u00f3xico e ecol\u00f3xico<\/p>\n<p><strong>Vista 3D<\/strong><\/p>\n<img data-area='' data-attr='{}' data-brake='0.23' data-clickfree='false' data-cursor='url(\"https:\/\/test.imprimetresde.com\/wp-content\/plugins\/wp-reel\/cur\/jquery.reel.cur\"),hand' data-cw='false' data-delay='0' data-directional='' data-draggable='true' data-duration='' data-entry='' data-footage='6' data-framelock='false' data-graph='' data-hint='' data-horizontal='true' data-indicator='0' data-inversed='false' data-klass='' data-lazyness='' data-monitor='' data-opening='0' data-orbital='0' data-orientable='' data-preload='fidelity' data-preloader='4' data-rebound='0.5' data-responsive='true' data-row='1' data-rows='0' data-rowlock='false' data-scrollable='true' data-shy='false' data-spacing='0' data-steppable='true' data-tempo='25' data-throwable='true' data-velocity='0' data-vertical='false' data-wheelable='true' width='575' height='305'  class='reel' data-revolution='575'  data-speed='0'  data-loops='true'  data-frames='40' data-size='' data-frame='1'   data-images='https:\/\/test.imprimetresde.com\/wp-content\/uploads\/2015\/11\/OPH_anim000039.jpg,https:\/\/test.imprimetresde.com\/wp-content\/uploads\/2015\/11\/OPH_anim000038.jpg,https:\/\/test.imprimetresde.com\/wp-content\/uploads\/2015\/11\/OPH_anim000037.jpg,https:\/\/test.imprimetresde.com\/wp-content\/uploads\/2015\/11\/OPH_anim000036.jpg,https:\/\/test.imprimetresde.com\/wp-content\/uploads\/2015\/11\/OPH_anim000035.jpg,https:\/\/test.imprimetresde.com\/wp-content\/uploads\/2015\/11\/OPH_anim000034.jpg,https:\/\/test.imprimetresde.com\/wp-content\/uploads\/2015\/11\/OPH_anim000033.jpg,https:\/\/test.imprimetresde.com\/wp-content\/uploads\/2015\/11\/OPH_anim000032.jpg,https:\/\/test.imprimetresde.com\/wp-content\/uploads\/2015\/11\/OPH_anim000031.jpg,https:\/\/test.imprimetresde.com\/wp-content\/uploads\/2015\/11\/OPH_anim000030.jpg,https:\/\/test.imprimetresde.com\/wp-content\/uploads\/2015\/11\/OPH_anim000029.jpg,https:\/\/test.imprimetresde.com\/wp-content\/uploads\/2015\/11\/OPH_anim000028.jpg,https:\/\/test.imprimetresde.com\/wp-content\/uploads\/2015\/11\/OPH_anim000027.jpg,https:\/\/test.imprimetresde.com\/wp-content\/uploads\/2015\/11\/OPH_anim000026.jpg,https:\/\/test.imprimetresde.com\/wp-content\/uploads\/2015\/11\/OPH_anim000025.jpg,https:\/\/test.imprimetresde.com\/wp-content\/uploads\/2015\/11\/OPH_anim000024.jpg,https:\/\/test.imprimetresde.com\/wp-content\/uploads\/2015\/11\/OPH_anim000023.jpg,https:\/\/test.imprimetresde.com\/wp-content\/uploads\/2015\/11\/OPH_anim000022.jpg,https:\/\/test.imprimetresde.com\/wp-content\/uploads\/2015\/11\/OPH_anim000021.jpg,https:\/\/test.imprimetresde.com\/wp-content\/uploads\/2015\/11\/OPH_anim000020.jpg,https:\/\/test.imprimetresde.com\/wp-content\/uploads\/2015\/11\/OPH_anim000019.jpg,https:\/\/test.imprimetresde.com\/wp-content\/uploads\/2015\/11\/OPH_anim000018.jpg,https:\/\/test.imprimetresde.com\/wp-content\/uploads\/2015\/11\/OPH_anim000017.jpg,https:\/\/test.imprimetresde.com\/wp-content\/uploads\/2015\/11\/OPH_anim000016.jpg,https:\/\/test.imprimetresde.com\/wp-content\/uploads\/2015\/11\/OPH_anim000015.jpg,https:\/\/test.imprimetresde.com\/wp-content\/uploads\/2015\/11\/OPH_anim000014.jpg,https:\/\/test.imprimetresde.com\/wp-content\/uploads\/2015\/11\/OPH_anim000013.jpg,https:\/\/test.imprimetresde.com\/wp-content\/uploads\/2015\/11\/OPH_anim000012.jpg,https:\/\/test.imprimetresde.com\/wp-content\/uploads\/2015\/11\/OPH_anim000011.jpg,https:\/\/test.imprimetresde.com\/wp-content\/uploads\/2015\/11\/OPH_anim000010.jpg,https:\/\/test.imprimetresde.com\/wp-content\/uploads\/2015\/11\/OPH_anim000009.jpg,https:\/\/test.imprimetresde.com\/wp-content\/uploads\/2015\/11\/OPH_anim000008.jpg,https:\/\/test.imprimetresde.com\/wp-content\/uploads\/2015\/11\/OPH_anim000007.jpg,https:\/\/test.imprimetresde.com\/wp-content\/uploads\/2015\/11\/OPH_anim000006.jpg,https:\/\/test.imprimetresde.com\/wp-content\/uploads\/2015\/11\/OPH_anim000005.jpg,https:\/\/test.imprimetresde.com\/wp-content\/uploads\/2015\/11\/OPH_anim000004.jpg,https:\/\/test.imprimetresde.com\/wp-content\/uploads\/2015\/11\/OPH_anim000003.jpg,https:\/\/test.imprimetresde.com\/wp-content\/uploads\/2015\/11\/OPH_anim000002.jpg,https:\/\/test.imprimetresde.com\/wp-content\/uploads\/2015\/11\/OPH_anim000001.jpg,https:\/\/test.imprimetresde.com\/wp-content\/uploads\/2015\/11\/OPH_anim000040.jpg' src='https:\/\/test.imprimetresde.com\/wp-content\/uploads\/2015\/11\/OPH_anim000039.jpg' >\n<p>&nbsp;<\/p>\n<p>&nbsp;<\/p>\n","protected":false},"excerpt":{"rendered":"<p>Portal\u00e1pices Arb\u00f3reo. Presentamos unha creaci\u00f3n de &#8220;damm301&#8221;. Un portal\u00e1pices que trata de recrear a natureza, as formas arb\u00f3reas e vexetais.<\/p>\n","protected":false},"featured_media":3444,"comment_status":"open","ping_status":"closed","template":"","meta":{"_vp_format_video_url":"","_vp_image_focal_point":[]},"product_brand":[],"product_cat":[313],"product_tag":[1458,2715,210,2439,1682,261,239,277,2716,2717],"class_list":{"0":"post-5199","1":"product","2":"type-product","3":"status-publish","4":"has-post-thumbnail","6":"product_cat-ambiente-gl","7":"product_tag-aula","8":"product_tag-clase-gl","9":"product_tag-decoracion-gl","10":"product_tag-estudio","11":"product_tag-oficina-gl","12":"product_tag-organico-gl","13":"product_tag-portalapis","14":"product_tag-portalapis-gl","15":"product_tag-volta-ao-cole-gl","16":"product_tag-volta-as-aulas-gl","18":"first","19":"instock","20":"sale","21":"taxable","22":"shipping-taxable","23":"purchasable","24":"product-type-simple"},"exclude_global_add_ons":[],"addons":[],"_links":{"self":[{"href":"https:\/\/test.imprimetresde.com\/gl\/wp-json\/wp\/v2\/product\/5199","targetHints":{"allow":["GET"]}}],"collection":[{"href":"https:\/\/test.imprimetresde.com\/gl\/wp-json\/wp\/v2\/product"}],"about":[{"href":"https:\/\/test.imprimetresde.com\/gl\/wp-json\/wp\/v2\/types\/product"}],"replies":[{"embeddable":true,"href":"https:\/\/test.imprimetresde.com\/gl\/wp-json\/wp\/v2\/comments?post=5199"}],"wp:featuredmedia":[{"embeddable":true,"href":"https:\/\/test.imprimetresde.com\/gl\/wp-json\/wp\/v2\/media\/3444"}],"wp:attachment":[{"href":"https:\/\/test.imprimetresde.com\/gl\/wp-json\/wp\/v2\/media?parent=5199"}],"wp:term":[{"taxonomy":"product_brand","embeddable":true,"href":"https:\/\/test.imprimetresde.com\/gl\/wp-json\/wp\/v2\/product_brand?post=5199"},{"taxonomy":"product_cat","embeddable":true,"href":"https:\/\/test.imprimetresde.com\/gl\/wp-json\/wp\/v2\/product_cat?post=5199"},{"taxonomy":"product_tag","embeddable":true,"href":"https:\/\/test.imprimetresde.com\/gl\/wp-json\/wp\/v2\/product_tag?post=5199"}],"curies":[{"name":"wp","href":"https:\/\/api.w.org\/{rel}","templated":true}]}}