{"id":5200,"date":"2015-11-12T13:49:37","date_gmt":"2015-11-12T12:49:37","guid":{"rendered":"https:\/\/test.imprimetresde.com\/producto\/xogo-para-cans\/"},"modified":"2015-11-12T13:49:37","modified_gmt":"2015-11-12T12:49:37","slug":"xogo-para-cans","status":"publish","type":"product","link":"https:\/\/test.imprimetresde.com\/gl\/produto\/xogo-para-cans\/","title":{"rendered":"Xogo para Cans"},"content":{"rendered":"<h5><strong>Vista 3D<\/strong>\u00a0(Click + esquerda o dereita para rotar)<\/h5>\n<img data-area='' data-attr='{}' data-brake='0.23' data-clickfree='false' data-cursor='url(\"https:\/\/test.imprimetresde.com\/wp-content\/plugins\/wp-reel\/cur\/jquery.reel.cur\"),hand' data-cw='false' data-delay='0' data-directional='' data-draggable='true' data-duration='' data-entry='' data-footage='6' data-framelock='false' data-graph='' data-hint='' data-horizontal='true' data-indicator='0' data-inversed='false' data-klass='' data-lazyness='' data-monitor='' data-opening='0' data-orbital='0' data-orientable='' data-preload='fidelity' data-preloader='4' data-rebound='0.5' data-responsive='true' data-row='1' data-rows='0' data-rowlock='false' data-scrollable='true' data-shy='false' data-spacing='0' data-steppable='true' data-tempo='25' data-throwable='true' data-velocity='0' data-vertical='false' data-wheelable='true' width='575' height='310'  class='reel' data-revolution='575'  data-speed='0'  data-loops='true'  data-frames='41' data-size='' data-frame='1'   data-images='https:\/\/test.imprimetresde.com\/wp-content\/uploads\/2015\/11\/dog_AN000001.jpg,https:\/\/test.imprimetresde.com\/wp-content\/uploads\/2015\/11\/dog_AN000002.jpg,https:\/\/test.imprimetresde.com\/wp-content\/uploads\/2015\/11\/dog_AN000003.jpg,https:\/\/test.imprimetresde.com\/wp-content\/uploads\/2015\/11\/dog_AN000004.jpg,https:\/\/test.imprimetresde.com\/wp-content\/uploads\/2015\/11\/dog_AN000005.jpg,https:\/\/test.imprimetresde.com\/wp-content\/uploads\/2015\/11\/dog_AN000006.jpg,https:\/\/test.imprimetresde.com\/wp-content\/uploads\/2015\/11\/dog_AN000007.jpg,https:\/\/test.imprimetresde.com\/wp-content\/uploads\/2015\/11\/dog_AN000008.jpg,https:\/\/test.imprimetresde.com\/wp-content\/uploads\/2015\/11\/dog_AN000009.jpg,https:\/\/test.imprimetresde.com\/wp-content\/uploads\/2015\/11\/dog_AN000010.jpg,https:\/\/test.imprimetresde.com\/wp-content\/uploads\/2015\/11\/dog_AN000011.jpg,https:\/\/test.imprimetresde.com\/wp-content\/uploads\/2015\/11\/dog_AN000012.jpg,https:\/\/test.imprimetresde.com\/wp-content\/uploads\/2015\/11\/dog_AN000013.jpg,https:\/\/test.imprimetresde.com\/wp-content\/uploads\/2015\/11\/dog_AN000014.jpg,https:\/\/test.imprimetresde.com\/wp-content\/uploads\/2015\/11\/dog_AN000015.jpg,https:\/\/test.imprimetresde.com\/wp-content\/uploads\/2015\/11\/dog_AN000016.jpg,https:\/\/test.imprimetresde.com\/wp-content\/uploads\/2015\/11\/dog_AN000017.jpg,https:\/\/test.imprimetresde.com\/wp-content\/uploads\/2015\/11\/dog_AN000018.jpg,https:\/\/test.imprimetresde.com\/wp-content\/uploads\/2015\/11\/dog_AN000019.jpg,https:\/\/test.imprimetresde.com\/wp-content\/uploads\/2015\/11\/dog_AN000020.jpg,https:\/\/test.imprimetresde.com\/wp-content\/uploads\/2015\/11\/dog_AN000021.jpg,https:\/\/test.imprimetresde.com\/wp-content\/uploads\/2015\/11\/dog_AN000022.jpg,https:\/\/test.imprimetresde.com\/wp-content\/uploads\/2015\/11\/dog_AN000023.jpg,https:\/\/test.imprimetresde.com\/wp-content\/uploads\/2015\/11\/dog_AN000024.jpg,https:\/\/test.imprimetresde.com\/wp-content\/uploads\/2015\/11\/dog_AN000025.jpg,https:\/\/test.imprimetresde.com\/wp-content\/uploads\/2015\/11\/dog_AN000026.jpg,https:\/\/test.imprimetresde.com\/wp-content\/uploads\/2015\/11\/dog_AN000027.jpg,https:\/\/test.imprimetresde.com\/wp-content\/uploads\/2015\/11\/dog_AN000028.jpg,https:\/\/test.imprimetresde.com\/wp-content\/uploads\/2015\/11\/dog_AN000029.jpg,https:\/\/test.imprimetresde.com\/wp-content\/uploads\/2015\/11\/dog_AN000030.jpg,https:\/\/test.imprimetresde.com\/wp-content\/uploads\/2015\/11\/dog_AN000031.jpg,https:\/\/test.imprimetresde.com\/wp-content\/uploads\/2015\/11\/dog_AN000032.jpg,https:\/\/test.imprimetresde.com\/wp-content\/uploads\/2015\/11\/dog_AN000033.jpg,https:\/\/test.imprimetresde.com\/wp-content\/uploads\/2015\/11\/dog_AN000034.jpg,https:\/\/test.imprimetresde.com\/wp-content\/uploads\/2015\/11\/dog_AN000035.jpg,https:\/\/test.imprimetresde.com\/wp-content\/uploads\/2015\/11\/dog_AN000036.jpg,https:\/\/test.imprimetresde.com\/wp-content\/uploads\/2015\/11\/dog_AN000037.jpg,https:\/\/test.imprimetresde.com\/wp-content\/uploads\/2015\/11\/dog_AN000038.jpg,https:\/\/test.imprimetresde.com\/wp-content\/uploads\/2015\/11\/dog_AN000039.jpg,https:\/\/test.imprimetresde.com\/wp-content\/uploads\/2015\/11\/dog_AN000040.jpg,https:\/\/test.imprimetresde.com\/wp-content\/uploads\/2015\/11\/dog_FI000001.jpg' src='https:\/\/test.imprimetresde.com\/wp-content\/uploads\/2015\/11\/dog_AN000001.jpg' >\n<p>&nbsp;<\/p>\n<p>O xogo consiste nunha serie de pezas que o can pode derrubar co seu fuci\u00f1o e unha peza central m\u00e1is complicada.\u00a0O modo de funcionamento \u00e9 bastante simple. Hai unha bandexa redonda con 7 fendeduras nel. Hai\u00a0que colocar unha lambetada en cada unha destas 7 fendeduras e logo cubrir cada unha coas diferentes pezas. Sobre a base da peza\u00a0que se utiliza para cubrir haber\u00e1 un nivel de\u00a0habilidade diferente requirida polo can co fin de recuperar a comida.<\/p>\n<p>Hai catro niveles dispo\u00f1ibles, que son os seguintes:<\/p>\n<p>Pezas de revoluci\u00f3n\u00a0(vermella, verde e\u00a0amarelo pequena): dificultade\u00a0= 0 \/\u00a0A mascota deber\u00eda retiralos co fuci\u00f1o.<\/p>\n<p>Peza con corda\u00a0(azul): dificultade\u00a0= 1 \/\u00a0a mascota deber\u00eda morder a corda e retirala<\/p>\n<p>Peza con asa (amarela): dificultade\u00a0= 2 \/\u00a0a mascota deber\u00eda levantar a peza cos dentes<\/p>\n<p>Peza \u00f3so\u00a0(branco): dificultade\u00a0= 3 \/ a mascota debe levantar o \u00f3so. Sendo unha superficie\u00a0curva, a peza escorrega e \u00e9 m\u00e1is complicada<\/p>\n<p>En canto \u00e1 base, \u00e9 lixeira e m\u00f3vese con facilidade en calquera piso, polo que \u00e9 a\u00ednda m\u00e1is dif\u00edcil para as mascotas\u00a0eliminar cada peza de xogo e obter as s\u00faas recompensas.<\/p>\n","protected":false},"excerpt":{"rendered":"<p>Este xoguete do equipo de &#8220;Empezando dise\u00f1o&#8221; est\u00e1 dese\u00f1ado para desenvolver a intelixencia canina. Axudar\u00e1 \u00e1 t\u00faa mascota para desenvolver o seu olfacto e ensinaralle m\u00e9todos para eliminar obst\u00e1culos para conseguir o seu premio. Premio que aqu\u00ed \u00e9 unha lambetada para cans.<\/p>\n","protected":false},"featured_media":3400,"comment_status":"open","ping_status":"closed","template":"","meta":{"_vp_format_video_url":"","_vp_image_focal_point":[]},"product_brand":[],"product_cat":[320],"product_tag":[198,205,273,263,227,233,241],"class_list":{"0":"post-5200","1":"product","2":"type-product","3":"status-publish","4":"has-post-thumbnail","6":"product_cat-mascotas-gl","7":"product_tag-aprender-gl","8":"product_tag-cachorro-gl","9":"product_tag-can","10":"product_tag-cheiro","11":"product_tag-dog-gl","12":"product_tag-game-gl","13":"product_tag-xogo","15":"first","16":"instock","17":"sale","18":"taxable","19":"shipping-taxable","20":"purchasable","21":"product-type-simple"},"exclude_global_add_ons":false,"addons":[{"name":"","type":"multiple_choice","position":0,"required":true,"title_format":"heading","default":"","description_enable":false,"description":"","placeholder_enable":false,"placeholder":"","display":"select","restrictions_type":"any_text","adjust_price":false,"price":"","price_type":"","restrictions":false,"min":"0","max":"0","options":[{"label":"","price":"","price_type":"quantity_based","image":0,"visibility":true},{"label":"","price":"","price_type":"quantity_based","image":0,"visibility":true}]},{"name":"Texto personalizado","type":"heading","position":0,"required":false,"title_format":"label","default":"","description_enable":true,"description":"**Texto que llevar\u00e1 el objeto al imprimirlo (8 caracteres m\u00e1ximo)","placeholder_enable":false,"placeholder":"","display":"select","restrictions_type":"any_text","adjust_price":false,"price":"","price_type":"","restrictions":false,"min":"0","max":"0","options":[]},{"name":"Texto","type":"custom_text","position":0,"required":false,"title_format":"label","default":"","description_enable":false,"description":"","placeholder_enable":false,"placeholder":"","display":"select","restrictions_type":"any_text","adjust_price":true,"price":"5","price_type":"quantity_based","restrictions":false,"min":"","max":"","options":[]}],"_links":{"self":[{"href":"https:\/\/test.imprimetresde.com\/gl\/wp-json\/wp\/v2\/product\/5200","targetHints":{"allow":["GET"]}}],"collection":[{"href":"https:\/\/test.imprimetresde.com\/gl\/wp-json\/wp\/v2\/product"}],"about":[{"href":"https:\/\/test.imprimetresde.com\/gl\/wp-json\/wp\/v2\/types\/product"}],"replies":[{"embeddable":true,"href":"https:\/\/test.imprimetresde.com\/gl\/wp-json\/wp\/v2\/comments?post=5200"}],"wp:featuredmedia":[{"embeddable":true,"href":"https:\/\/test.imprimetresde.com\/gl\/wp-json\/wp\/v2\/media\/3400"}],"wp:attachment":[{"href":"https:\/\/test.imprimetresde.com\/gl\/wp-json\/wp\/v2\/media?parent=5200"}],"wp:term":[{"taxonomy":"product_brand","embeddable":true,"href":"https:\/\/test.imprimetresde.com\/gl\/wp-json\/wp\/v2\/product_brand?post=5200"},{"taxonomy":"product_cat","embeddable":true,"href":"https:\/\/test.imprimetresde.com\/gl\/wp-json\/wp\/v2\/product_cat?post=5200"},{"taxonomy":"product_tag","embeddable":true,"href":"https:\/\/test.imprimetresde.com\/gl\/wp-json\/wp\/v2\/product_tag?post=5200"}],"curies":[{"name":"wp","href":"https:\/\/api.w.org\/{rel}","templated":true}]}}