{"id":5201,"date":"2015-11-09T11:44:15","date_gmt":"2015-11-09T10:44:15","guid":{"rendered":"https:\/\/test.imprimetresde.com\/producto\/vaso-stormtrooper\/"},"modified":"2015-11-09T11:44:15","modified_gmt":"2015-11-09T10:44:15","slug":"vaso-stormtrooper","status":"publish","type":"product","link":"https:\/\/test.imprimetresde.com\/gl\/produto\/vaso-stormtrooper\/","title":{"rendered":"Vaso Stormtrooper"},"content":{"rendered":"<h4><strong>Vista 3D<\/strong> (Click + esquerda ou dereita para rotar)<\/h4>\n<img data-area='' data-attr='{}' data-brake='0.23' data-clickfree='false' data-cursor='url(\"https:\/\/test.imprimetresde.com\/wp-content\/plugins\/wp-reel\/cur\/jquery.reel.cur\"),hand' data-cw='false' data-delay='0' data-directional='' data-draggable='true' data-duration='' data-entry='' data-footage='6' data-framelock='false' data-graph='' data-hint='' data-horizontal='true' data-indicator='0' data-inversed='false' data-klass='' data-lazyness='' data-monitor='' data-opening='0' data-orbital='0' data-orientable='' data-preload='fidelity' data-preloader='4' data-rebound='0.5' data-responsive='true' data-row='1' data-rows='0' data-rowlock='false' data-scrollable='true' data-shy='false' data-spacing='0' data-steppable='true' data-tempo='25' data-throwable='true' data-velocity='0' data-vertical='false' data-wheelable='true' width='575' height='305'  class='reel' data-revolution='575'  data-speed='0'  data-loops='true'  data-frames='39' data-size='' data-frame='1'   data-images='https:\/\/test.imprimetresde.com\/wp-content\/uploads\/2015\/11\/ST_anim010040.jpg,https:\/\/test.imprimetresde.com\/wp-content\/uploads\/2015\/11\/ST_anim010039.jpg,https:\/\/test.imprimetresde.com\/wp-content\/uploads\/2015\/11\/ST_anim010038.jpg,https:\/\/test.imprimetresde.com\/wp-content\/uploads\/2015\/11\/ST_anim010037.jpg,https:\/\/test.imprimetresde.com\/wp-content\/uploads\/2015\/11\/ST_anim010036.jpg,https:\/\/test.imprimetresde.com\/wp-content\/uploads\/2015\/11\/ST_anim010035.jpg,https:\/\/test.imprimetresde.com\/wp-content\/uploads\/2015\/11\/ST_anim010034.jpg,https:\/\/test.imprimetresde.com\/wp-content\/uploads\/2015\/11\/ST_anim010033.jpg,https:\/\/test.imprimetresde.com\/wp-content\/uploads\/2015\/11\/ST_anim010032.jpg,https:\/\/test.imprimetresde.com\/wp-content\/uploads\/2015\/11\/ST_anim010031.jpg,https:\/\/test.imprimetresde.com\/wp-content\/uploads\/2015\/11\/ST_anim010030.jpg,https:\/\/test.imprimetresde.com\/wp-content\/uploads\/2015\/11\/ST_anim010029.jpg,https:\/\/test.imprimetresde.com\/wp-content\/uploads\/2015\/11\/ST_anim010028.jpg,https:\/\/test.imprimetresde.com\/wp-content\/uploads\/2015\/11\/ST_anim010027.jpg,https:\/\/test.imprimetresde.com\/wp-content\/uploads\/2015\/11\/ST_anim010026.jpg,https:\/\/test.imprimetresde.com\/wp-content\/uploads\/2015\/11\/ST_anim010025.jpg,https:\/\/test.imprimetresde.com\/wp-content\/uploads\/2015\/11\/ST_anim010024.jpg,https:\/\/test.imprimetresde.com\/wp-content\/uploads\/2015\/11\/ST_anim010023.jpg,https:\/\/test.imprimetresde.com\/wp-content\/uploads\/2015\/11\/ST_anim010022.jpg,https:\/\/test.imprimetresde.com\/wp-content\/uploads\/2015\/11\/ST_anim010021.jpg,https:\/\/test.imprimetresde.com\/wp-content\/uploads\/2015\/11\/ST_anim010019.jpg,https:\/\/test.imprimetresde.com\/wp-content\/uploads\/2015\/11\/ST_anim010018.jpg,https:\/\/test.imprimetresde.com\/wp-content\/uploads\/2015\/11\/ST_anim010017.jpg,https:\/\/test.imprimetresde.com\/wp-content\/uploads\/2015\/11\/ST_anim010016.jpg,https:\/\/test.imprimetresde.com\/wp-content\/uploads\/2015\/11\/ST_anim010015.jpg,https:\/\/test.imprimetresde.com\/wp-content\/uploads\/2015\/11\/ST_anim010014.jpg,https:\/\/test.imprimetresde.com\/wp-content\/uploads\/2015\/11\/ST_anim010013.jpg,https:\/\/test.imprimetresde.com\/wp-content\/uploads\/2015\/11\/ST_anim010012.jpg,https:\/\/test.imprimetresde.com\/wp-content\/uploads\/2015\/11\/ST_anim010011.jpg,https:\/\/test.imprimetresde.com\/wp-content\/uploads\/2015\/11\/ST_anim010010.jpg,https:\/\/test.imprimetresde.com\/wp-content\/uploads\/2015\/11\/ST_anim010009.jpg,https:\/\/test.imprimetresde.com\/wp-content\/uploads\/2015\/11\/ST_anim010008.jpg,https:\/\/test.imprimetresde.com\/wp-content\/uploads\/2015\/11\/ST_anim010007.jpg,https:\/\/test.imprimetresde.com\/wp-content\/uploads\/2015\/11\/ST_anim010006.jpg,https:\/\/test.imprimetresde.com\/wp-content\/uploads\/2015\/11\/ST_anim010005.jpg,https:\/\/test.imprimetresde.com\/wp-content\/uploads\/2015\/11\/ST_anim010004.jpg,https:\/\/test.imprimetresde.com\/wp-content\/uploads\/2015\/11\/ST_anim010003.jpg,https:\/\/test.imprimetresde.com\/wp-content\/uploads\/2015\/11\/ST_anim010002.jpg,https:\/\/test.imprimetresde.com\/wp-content\/uploads\/2015\/11\/ST_anim010001.jpg' src='https:\/\/test.imprimetresde.com\/wp-content\/uploads\/2015\/11\/ST_anim010040.jpg' >\n<p>As Stormtroopers\u00a0son soldados da saga de\u00a0George Lucas &#8220;Star Wars&#8221;. Son a principal forza de terra do Imperio Gal\u00e1ctico, baixo o liderado do Emperador Palpatine e os seus comandantes, sobre todo Darth Vader e o Gran Moff Tarkin. A orde de batalla do Corpo de Stormtroopers non se especifica no universo de Star Wars, pero os seus n\u00fameros son moito menores que os dos soldados regulares do Ex\u00e9rcito Imperial. A pesar disto, a aparentemente alta efectividade no combate das Stormtroopers, as\u00ed como a s\u00faa dura reputaci\u00f3n serven como as principais raz\u00f3ns para implementalas case exclusivamente na maior parte dos compromisos militares do Imperio Gal\u00e1ctico.<i><\/i><\/p>\n<p>Organ\u00edzanse\u00a0en grupos colectivos de diferentes tama\u00f1os de organizaci\u00f3n que van desde os escuadrones de lexi\u00f3ns, e para alg\u00fans, a s\u00faa armadura e a formaci\u00f3n modif\u00edcase para as operaci\u00f3ns e ambientes especiais.<\/p>\n<p>Este vaso ou portal\u00e1pis insp\u00edrase en tan ic\u00f3nicos personaxes da saga de Star Wars.<\/p>\n<p>Este produto entr\u00e9gase sen pintar. Anim\u00e1mosche a que nos env\u00edes unha foto co teu acabado.<\/p>\n","protected":false},"excerpt":{"rendered":"<p>Estes\u00a0ic\u00f3nicos personaxes da saga de Star Wars inspiraron a Stephanie Piper para facer este vaso ou portal\u00e1pis. Os Stormtroopers son soldados da saga de George Lucas &#8220;Star Wars&#8221;.\u00a0O seu ic\u00f3nica armadura branca \u00e9 o seu trazo m\u00e1is distintivo.<\/p>\n","protected":false},"featured_media":3741,"comment_status":"open","ping_status":"closed","template":"","meta":{"_vp_format_video_url":"","_vp_image_focal_point":[]},"product_brand":[],"product_cat":[313,321,322],"product_tag":[271,239,295,296,298,299],"class_list":{"0":"post-5201","1":"product","2":"type-product","3":"status-publish","4":"has-post-thumbnail","6":"product_cat-ambiente-gl","7":"product_cat-play-gl","8":"product_cat-star-wars-gl","9":"product_tag-penholder-gl","10":"product_tag-portalapis","11":"product_tag-star-wars-gl","12":"product_tag-stormtrooper-gl","13":"product_tag-vase-gl","14":"product_tag-vaso-gl","16":"first","17":"instock","18":"sale","19":"taxable","20":"shipping-taxable","21":"purchasable","22":"product-type-simple"},"exclude_global_add_ons":false,"addons":[{"name":"Color","type":"multiple_choice","position":0,"required":true,"title_format":"heading","default":"","description_enable":true,"description":"Elige el color de PLA para el producto","placeholder_enable":false,"placeholder":"","display":"select","restrictions_type":"any_text","adjust_price":false,"price":"","price_type":"","restrictions":false,"min":"0","max":"0","options":[{"label":"PLA rojo","price":"000","price_type":"quantity_based","image":0,"visibility":true},{"label":"PLA verde","price":"0","price_type":"quantity_based","image":0,"visibility":true},{"label":"PLA amarillo","price":"","price_type":"quantity_based","image":0,"visibility":true},{"label":"PLA azul","price":"","price_type":"quantity_based","image":0,"visibility":true},{"label":"PLA transparente","price":"","price_type":"quantity_based","image":0,"visibility":true},{"label":"PLA naranja","price":"","price_type":"quantity_based","image":0,"visibility":true},{"label":"PLA negro","price":"","price_type":"quantity_based","image":0,"visibility":true}]},{"name":"Texto personalizado","type":"heading","position":0,"required":false,"title_format":"label","default":"","description_enable":true,"description":"**Texto que llevar\u00e1 el objeto al imprimirlo (8 caracteres m\u00e1ximo)","placeholder_enable":false,"placeholder":"","display":"select","restrictions_type":"any_text","adjust_price":false,"price":"","price_type":"","restrictions":false,"min":"0","max":"0","options":[]},{"name":"Texto","type":"custom_text","position":0,"required":false,"title_format":"label","default":"","description_enable":false,"description":"","placeholder_enable":false,"placeholder":"","display":"select","restrictions_type":"any_text","adjust_price":true,"price":"5","price_type":"quantity_based","restrictions":false,"min":"","max":"","options":[]}],"_links":{"self":[{"href":"https:\/\/test.imprimetresde.com\/gl\/wp-json\/wp\/v2\/product\/5201","targetHints":{"allow":["GET"]}}],"collection":[{"href":"https:\/\/test.imprimetresde.com\/gl\/wp-json\/wp\/v2\/product"}],"about":[{"href":"https:\/\/test.imprimetresde.com\/gl\/wp-json\/wp\/v2\/types\/product"}],"replies":[{"embeddable":true,"href":"https:\/\/test.imprimetresde.com\/gl\/wp-json\/wp\/v2\/comments?post=5201"}],"wp:featuredmedia":[{"embeddable":true,"href":"https:\/\/test.imprimetresde.com\/gl\/wp-json\/wp\/v2\/media\/3741"}],"wp:attachment":[{"href":"https:\/\/test.imprimetresde.com\/gl\/wp-json\/wp\/v2\/media?parent=5201"}],"wp:term":[{"taxonomy":"product_brand","embeddable":true,"href":"https:\/\/test.imprimetresde.com\/gl\/wp-json\/wp\/v2\/product_brand?post=5201"},{"taxonomy":"product_cat","embeddable":true,"href":"https:\/\/test.imprimetresde.com\/gl\/wp-json\/wp\/v2\/product_cat?post=5201"},{"taxonomy":"product_tag","embeddable":true,"href":"https:\/\/test.imprimetresde.com\/gl\/wp-json\/wp\/v2\/product_tag?post=5201"}],"curies":[{"name":"wp","href":"https:\/\/api.w.org\/{rel}","templated":true}]}}