{"id":5204,"date":"2015-05-04T17:16:45","date_gmt":"2015-05-04T16:16:45","guid":{"rendered":"https:\/\/test.imprimetresde.com\/producto\/portalapis-colmea\/"},"modified":"2015-05-04T17:16:45","modified_gmt":"2015-05-04T16:16:45","slug":"portalapis-colmea","status":"publish","type":"product","link":"https:\/\/test.imprimetresde.com\/gl\/produto\/portalapis-colmea\/","title":{"rendered":"Portal\u00e1pis Colmena"},"content":{"rendered":"<h5><strong>Vista 3D<\/strong>\u00a0(Click + esquerda ou dereita para rotar)<\/h5>\n<img data-area='' data-attr='{}' data-brake='0.23' data-clickfree='false' data-cursor='url(\"https:\/\/test.imprimetresde.com\/wp-content\/plugins\/wp-reel\/cur\/jquery.reel.cur\"),hand' data-cw='false' data-delay='0' data-directional='' data-draggable='true' data-duration='' data-entry='' data-footage='6' data-framelock='false' data-graph='' data-hint='' data-horizontal='true' data-indicator='0' data-inversed='false' data-klass='' data-lazyness='' data-monitor='' data-opening='0' data-orbital='0' data-orientable='' data-preload='fidelity' data-preloader='4' data-rebound='0.5' data-responsive='true' data-row='1' data-rows='0' data-rowlock='false' data-scrollable='true' data-shy='false' data-spacing='0' data-steppable='true' data-tempo='25' data-throwable='true' data-velocity='0' data-vertical='false' data-wheelable='true' width='575' height='305'  class='reel' data-revolution='575'  data-speed='0'  data-loops='true'  data-frames='40' data-size='' data-frame='1'   data-images='https:\/\/test.imprimetresde.com\/wp-content\/uploads\/2015\/05\/PM_anim0001-opt.jpg,https:\/\/test.imprimetresde.com\/wp-content\/uploads\/2015\/05\/PM_anim0002-opt.jpg,https:\/\/test.imprimetresde.com\/wp-content\/uploads\/2015\/05\/PM_anim0003-opt.jpg,https:\/\/test.imprimetresde.com\/wp-content\/uploads\/2015\/05\/PM_anim0004-opt.jpg,https:\/\/test.imprimetresde.com\/wp-content\/uploads\/2015\/05\/PM_anim0005-opt.jpg,https:\/\/test.imprimetresde.com\/wp-content\/uploads\/2015\/05\/PM_anim0006-opt.jpg,https:\/\/test.imprimetresde.com\/wp-content\/uploads\/2015\/05\/PM_anim0007-opt.jpg,https:\/\/test.imprimetresde.com\/wp-content\/uploads\/2015\/05\/PM_anim0008-opt.jpg,https:\/\/test.imprimetresde.com\/wp-content\/uploads\/2015\/05\/PM_anim0009-opt.jpg,https:\/\/test.imprimetresde.com\/wp-content\/uploads\/2015\/05\/PM_anim0010-opt.jpg,https:\/\/test.imprimetresde.com\/wp-content\/uploads\/2015\/05\/PM_anim0011-opt.jpg,https:\/\/test.imprimetresde.com\/wp-content\/uploads\/2015\/05\/PM_anim0012-opt.jpg,https:\/\/test.imprimetresde.com\/wp-content\/uploads\/2015\/05\/PM_anim0013-opt.jpg,https:\/\/test.imprimetresde.com\/wp-content\/uploads\/2015\/05\/PM_anim0014-opt.jpg,https:\/\/test.imprimetresde.com\/wp-content\/uploads\/2015\/05\/PM_anim0015-opt.jpg,https:\/\/test.imprimetresde.com\/wp-content\/uploads\/2015\/05\/PM_anim0016-opt.jpg,https:\/\/test.imprimetresde.com\/wp-content\/uploads\/2015\/05\/PM_anim0017-opt.jpg,https:\/\/test.imprimetresde.com\/wp-content\/uploads\/2015\/05\/PM_anim0018-opt.jpg,https:\/\/test.imprimetresde.com\/wp-content\/uploads\/2015\/05\/PM_anim0019-opt.jpg,https:\/\/test.imprimetresde.com\/wp-content\/uploads\/2015\/05\/PM_anim0020-opt.jpg,https:\/\/test.imprimetresde.com\/wp-content\/uploads\/2015\/05\/PM_anim0021-opt.jpg,https:\/\/test.imprimetresde.com\/wp-content\/uploads\/2015\/05\/PM_anim0022-opt.jpg,https:\/\/test.imprimetresde.com\/wp-content\/uploads\/2015\/05\/PM_anim0023-opt.jpg,https:\/\/test.imprimetresde.com\/wp-content\/uploads\/2015\/05\/PM_anim0024-opt.jpg,https:\/\/test.imprimetresde.com\/wp-content\/uploads\/2015\/05\/PM_anim0025-opt.jpg,https:\/\/test.imprimetresde.com\/wp-content\/uploads\/2015\/05\/PM_anim0026-opt.jpg,https:\/\/test.imprimetresde.com\/wp-content\/uploads\/2015\/05\/PM_anim0027-opt.jpg,https:\/\/test.imprimetresde.com\/wp-content\/uploads\/2015\/05\/PM_anim0028-opt.jpg,https:\/\/test.imprimetresde.com\/wp-content\/uploads\/2015\/05\/PM_anim0029-opt.jpg,https:\/\/test.imprimetresde.com\/wp-content\/uploads\/2015\/05\/PM_anim0030-opt.jpg,https:\/\/test.imprimetresde.com\/wp-content\/uploads\/2015\/05\/PM_anim0031-opt.jpg,https:\/\/test.imprimetresde.com\/wp-content\/uploads\/2015\/05\/PM_anim0032-opt.jpg,https:\/\/test.imprimetresde.com\/wp-content\/uploads\/2015\/05\/PM_anim0033-opt.jpg,https:\/\/test.imprimetresde.com\/wp-content\/uploads\/2015\/05\/PM_anim0034-opt.jpg,https:\/\/test.imprimetresde.com\/wp-content\/uploads\/2015\/05\/PM_anim0035-opt.jpg,https:\/\/test.imprimetresde.com\/wp-content\/uploads\/2015\/05\/PM_anim0036-opt.jpg,https:\/\/test.imprimetresde.com\/wp-content\/uploads\/2015\/05\/PM_anim0037-opt.jpg,https:\/\/test.imprimetresde.com\/wp-content\/uploads\/2015\/05\/PM_anim0038-opt.jpg,https:\/\/test.imprimetresde.com\/wp-content\/uploads\/2015\/05\/PM_anim0039-opt.jpg,https:\/\/test.imprimetresde.com\/wp-content\/uploads\/2015\/05\/PM_anim0040-opt.jpg' src='https:\/\/test.imprimetresde.com\/wp-content\/uploads\/2015\/05\/PM_anim0001-opt.jpg' >\n<p>Portal\u00e1pis desenvolvido polo equipo Digilab para Beecreative, inspirado na materializaci\u00f3n dun panal de colmea, coa t\u00edpica malla de hex\u00e1gonos, con deformaci\u00f3ns e ondulaci\u00f3ns na s\u00faa forma, o que permite aloxar obxectos de diferentes lonxitudes e tama\u00f1os, resultando un obxecto elegante e funcional.<\/p>\n<p>O portal\u00e1pis permite aloxar m\u00e1is de 50 elementos holgadamente (lapis, bol\u00edgrafos, etc), ademais de calquera tipo de complemento que se poida empregar nunha oficina como grampadoras, gomas, correctores, etc. Todo isto permite ter un espazo de traballo organizado, cun \u00fanico elemento decorativo cun alt\u00edsimo valor engadido: o seu espectacular dese\u00f1o.<\/p>\n<p>** Pode ser personalizado con ata 8 caracteres, o que permite engadirlle nomes, marcas, etc<\/p>\n","protected":false},"excerpt":{"rendered":"<p>Portal\u00e1pis desenvolvido polo equipo Digilab para Beecreative, inspirado na materializaci\u00f3n dun panal de colmea, coa t\u00edpica malla de hex\u00e1gonos, con deformaci\u00f3ns e ondulaci\u00f3ns na s\u00faa forma, o que permite aloxar obxectos de diferentes lonxitudes e tama\u00f1os, resultando un obxecto elegante e funcional.<\/p>\n","protected":false},"featured_media":3878,"comment_status":"open","ping_status":"closed","template":"","meta":{"_vp_format_video_url":"","_vp_image_focal_point":[]},"product_brand":[],"product_cat":[313,317],"product_tag":[566,1603,214,210,228,2110,1399,1398,274,277,239,1384],"class_list":{"0":"post-5204","1":"product","2":"type-product","3":"status-publish","4":"has-post-thumbnail","6":"product_cat-ambiente-gl","7":"product_cat-gadgets-gl","8":"product_tag-agasallo","9":"product_tag-casa","10":"product_tag-colmea","11":"product_tag-decoracion-gl","12":"product_tag-deseno","13":"product_tag-domus-gl-2","14":"product_tag-escritorio","15":"product_tag-mesa","16":"product_tag-personalizado-gl","17":"product_tag-portalapis-gl","18":"product_tag-portalapis","19":"product_tag-souvenir","21":"first","22":"instock","23":"taxable","24":"shipping-taxable","25":"purchasable","26":"product-type-simple"},"exclude_global_add_ons":false,"addons":[{"name":"","type":"heading","position":0,"required":false,"title_format":"label","default":"","description_enable":false,"description":"","placeholder_enable":false,"placeholder":"","display":"select","restrictions_type":"any_text","adjust_price":false,"price":"","price_type":"","restrictions":false,"min":"0","max":"0","options":[]},{"name":"","type":"custom_text","position":0,"required":true,"title_format":"hide","default":"","description_enable":false,"description":"","placeholder_enable":false,"placeholder":"","display":"select","restrictions_type":"any_text","adjust_price":false,"price":"","price_type":"quantity_based","restrictions":false,"min":"","max":"","options":[]},{"name":"Texto personalizado","type":"heading","position":0,"required":false,"title_format":"label","default":"","description_enable":true,"description":"**Texto que llevar\u00e1 el objeto al imprimirlo (8 caracteres m\u00e1ximo)","placeholder_enable":false,"placeholder":"","display":"select","restrictions_type":"any_text","adjust_price":false,"price":"","price_type":"","restrictions":false,"min":"0","max":"0","options":[]},{"name":"Texto","type":"custom_text","position":0,"required":false,"title_format":"label","default":"","description_enable":false,"description":"","placeholder_enable":false,"placeholder":"","display":"select","restrictions_type":"any_text","adjust_price":true,"price":"5","price_type":"quantity_based","restrictions":false,"min":"","max":"","options":[]}],"_links":{"self":[{"href":"https:\/\/test.imprimetresde.com\/gl\/wp-json\/wp\/v2\/product\/5204","targetHints":{"allow":["GET"]}}],"collection":[{"href":"https:\/\/test.imprimetresde.com\/gl\/wp-json\/wp\/v2\/product"}],"about":[{"href":"https:\/\/test.imprimetresde.com\/gl\/wp-json\/wp\/v2\/types\/product"}],"replies":[{"embeddable":true,"href":"https:\/\/test.imprimetresde.com\/gl\/wp-json\/wp\/v2\/comments?post=5204"}],"wp:featuredmedia":[{"embeddable":true,"href":"https:\/\/test.imprimetresde.com\/gl\/wp-json\/wp\/v2\/media\/3878"}],"wp:attachment":[{"href":"https:\/\/test.imprimetresde.com\/gl\/wp-json\/wp\/v2\/media?parent=5204"}],"wp:term":[{"taxonomy":"product_brand","embeddable":true,"href":"https:\/\/test.imprimetresde.com\/gl\/wp-json\/wp\/v2\/product_brand?post=5204"},{"taxonomy":"product_cat","embeddable":true,"href":"https:\/\/test.imprimetresde.com\/gl\/wp-json\/wp\/v2\/product_cat?post=5204"},{"taxonomy":"product_tag","embeddable":true,"href":"https:\/\/test.imprimetresde.com\/gl\/wp-json\/wp\/v2\/product_tag?post=5204"}],"curies":[{"name":"wp","href":"https:\/\/api.w.org\/{rel}","templated":true}]}}