{"id":5205,"date":"2014-03-06T09:48:47","date_gmt":"2014-03-06T08:48:47","guid":{"rendered":"https:\/\/test.imprimetresde.com\/producto\/xadrez-vexetal-bauhaus\/"},"modified":"2025-03-11T19:36:41","modified_gmt":"2025-03-11T17:36:41","slug":"xadrez-vexetal-bauhaus","status":"publish","type":"product","link":"https:\/\/test.imprimetresde.com\/gl\/produto\/xadrez-vexetal-bauhaus\/","title":{"rendered":"Xadrez Vexetal Bauhaus"},"content":{"rendered":"<p>Xadrez Vexetal Bauhaus. Esta \u00e9 unha obra ga\u00f1adora de XYZ Work Shop no concurso de dese\u00f1o de MyMiniFactory .<\/p>\n<p>O dese\u00f1o bas\u00e9ase libremente nun Xadrez de Estilo Bauhaus. Resulta interesante a mestura das potentes formas xeom\u00e9tricas simples das pezas de xadrez coa natureza.\u00a0As pezas de xadrez permiten aos amantes da natureza integrar as s\u00faas herbas arom\u00e1ticas favoritas no xogo.<br \/>\nCada peza de xadrez pode ser plantada con herbas arom\u00e1ticas ou plantas espec\u00edficas para darlles un nivel de individualidade e personalidade.\u00a0Isto tam\u00e9n permite que o xogador asigne texturas \u00fanicas, cores e cheiro \u00e1s pezas.\u00a0Usa un pouco de menta para traer un pouco de frescor mentolado no xogo, ou talvez unha serie de cactus resistentes se non tes un recuncho verde.<\/p>\n<p>Tam\u00e9n se incl\u00fae unha base de taboleiro de xadrez port\u00e1til, que mide s\u00f3 0,6 mm de espesor, formada por catro pezas.\u00a0A colocaci\u00f3n destas catro pezas permite ao xogador poder converter calquera superficie plana no seu taboleiro de xadrez.<\/p>\n<p>Converte este Xadrez Vexetal nunha peza destacada do teu xard\u00edn, ou trae o xard\u00edn \u00e1 t\u00faa sala de estar.<\/p>\n<p>** O texto personalizado ir\u00e1 colocado na cara frontal da peza do rei.<\/p>\n<h5><\/h5>\n<h5><\/h5>\n<h5><strong>Vista 3D<\/strong>\u00a0(Click + izquerda o derecha para rotar)<\/h5>\n<img data-area='' data-attr='{}' data-brake='0.23' data-clickfree='false' data-cursor='url(\"https:\/\/test.imprimetresde.com\/wp-content\/plugins\/wp-reel\/cur\/jquery.reel.cur\"),hand' data-cw='false' data-delay='0' data-directional='' data-draggable='true' data-duration='' data-entry='' data-footage='6' data-framelock='false' data-graph='' data-hint='' data-horizontal='true' data-indicator='0' data-inversed='false' data-klass='' data-lazyness='' data-monitor='' data-opening='0' data-orbital='0' data-orientable='' data-preload='fidelity' data-preloader='4' data-rebound='0.5' data-responsive='true' data-row='1' data-rows='0' data-rowlock='false' data-scrollable='true' data-shy='false' data-spacing='0' data-steppable='true' data-tempo='25' data-throwable='true' data-velocity='0' data-vertical='false' data-wheelable='true' width='575' height='305'  class='reel' data-revolution='575'  data-speed='0'  data-loops='true'  data-frames='40' data-size='' data-frame='1'   data-images='https:\/\/test.imprimetresde.com\/wp-content\/uploads\/2014\/03\/CHP_anim0000401.jpg,https:\/\/test.imprimetresde.com\/wp-content\/uploads\/2014\/03\/CHP_anim0000011.jpg,https:\/\/test.imprimetresde.com\/wp-content\/uploads\/2014\/03\/CHP_anim0000021.jpg,https:\/\/test.imprimetresde.com\/wp-content\/uploads\/2014\/03\/CHP_anim0000031.jpg,https:\/\/test.imprimetresde.com\/wp-content\/uploads\/2014\/03\/CHP_anim0000041.jpg,https:\/\/test.imprimetresde.com\/wp-content\/uploads\/2014\/03\/CHP_anim0000051.jpg,https:\/\/test.imprimetresde.com\/wp-content\/uploads\/2014\/03\/CHP_anim0000061.jpg,https:\/\/test.imprimetresde.com\/wp-content\/uploads\/2014\/03\/CHP_anim0000071.jpg,https:\/\/test.imprimetresde.com\/wp-content\/uploads\/2014\/03\/CHP_anim0000081.jpg,https:\/\/test.imprimetresde.com\/wp-content\/uploads\/2014\/03\/CHP_anim0000091.jpg,https:\/\/test.imprimetresde.com\/wp-content\/uploads\/2014\/03\/CHP_anim0000101.jpg,https:\/\/test.imprimetresde.com\/wp-content\/uploads\/2014\/03\/CHP_anim0000111.jpg,https:\/\/test.imprimetresde.com\/wp-content\/uploads\/2014\/03\/CHP_anim0000121.jpg,https:\/\/test.imprimetresde.com\/wp-content\/uploads\/2014\/03\/CHP_anim0000131.jpg,https:\/\/test.imprimetresde.com\/wp-content\/uploads\/2014\/03\/CHP_anim0000141.jpg,https:\/\/test.imprimetresde.com\/wp-content\/uploads\/2014\/03\/CHP_anim0000151.jpg,https:\/\/test.imprimetresde.com\/wp-content\/uploads\/2014\/03\/CHP_anim0000161.jpg,https:\/\/test.imprimetresde.com\/wp-content\/uploads\/2014\/03\/CHP_anim0000171.jpg,https:\/\/test.imprimetresde.com\/wp-content\/uploads\/2014\/03\/CHP_anim0000181.jpg,https:\/\/test.imprimetresde.com\/wp-content\/uploads\/2014\/03\/CHP_anim0000191.jpg,https:\/\/test.imprimetresde.com\/wp-content\/uploads\/2014\/03\/CHP_anim0000201.jpg,https:\/\/test.imprimetresde.com\/wp-content\/uploads\/2014\/03\/CHP_anim0000211.jpg,https:\/\/test.imprimetresde.com\/wp-content\/uploads\/2014\/03\/CHP_anim0000221.jpg,https:\/\/test.imprimetresde.com\/wp-content\/uploads\/2014\/03\/CHP_anim0000231.jpg,https:\/\/test.imprimetresde.com\/wp-content\/uploads\/2014\/03\/CHP_anim0000241.jpg,https:\/\/test.imprimetresde.com\/wp-content\/uploads\/2014\/03\/CHP_anim0000251.jpg,https:\/\/test.imprimetresde.com\/wp-content\/uploads\/2014\/03\/CHP_anim0000261.jpg,https:\/\/test.imprimetresde.com\/wp-content\/uploads\/2014\/03\/CHP_anim0000271.jpg,https:\/\/test.imprimetresde.com\/wp-content\/uploads\/2014\/03\/CHP_anim0000281.jpg,https:\/\/test.imprimetresde.com\/wp-content\/uploads\/2014\/03\/CHP_anim0000291.jpg,https:\/\/test.imprimetresde.com\/wp-content\/uploads\/2014\/03\/CHP_anim0000301.jpg,https:\/\/test.imprimetresde.com\/wp-content\/uploads\/2014\/03\/CHP_anim0000311.jpg,https:\/\/test.imprimetresde.com\/wp-content\/uploads\/2014\/03\/CHP_anim0000321.jpg,https:\/\/test.imprimetresde.com\/wp-content\/uploads\/2014\/03\/CHP_anim0000331.jpg,https:\/\/test.imprimetresde.com\/wp-content\/uploads\/2014\/03\/CHP_anim0000341.jpg,https:\/\/test.imprimetresde.com\/wp-content\/uploads\/2014\/03\/CHP_anim0000351.jpg,https:\/\/test.imprimetresde.com\/wp-content\/uploads\/2014\/03\/CHP_anim0000361.jpg,https:\/\/test.imprimetresde.com\/wp-content\/uploads\/2014\/03\/CHP_anim0000371.jpg,https:\/\/test.imprimetresde.com\/wp-content\/uploads\/2014\/03\/CHP_anim0000381.jpg,https:\/\/test.imprimetresde.com\/wp-content\/uploads\/2014\/03\/CHP_anim0000391.jpg' src='https:\/\/test.imprimetresde.com\/wp-content\/uploads\/2014\/03\/CHP_anim0000401.jpg' >\n<p>&nbsp;<\/p>\n<p>&nbsp;<\/p>\n<p><script src=\"moz-extension:\/\/5bdaac7b-9cd7-491b-8ff4-ed31f89b43b7\/js\/app.js\" type=\"text\/javascript\"><\/script><\/p>\n<p><script src=\"moz-extension:\/\/5bdaac7b-9cd7-491b-8ff4-ed31f89b43b7\/js\/app.js\" type=\"text\/javascript\"><\/script><\/p>\n","protected":false},"excerpt":{"rendered":"<p>Xogo de xadrez impreso en d\u00faas cores (branco e negro habitualmente, a\u00ednda que poden ser noutras cores) pensado para ter unha pequena plantaci\u00f3n na casa que sirva tanto como xogo ou como obxecto decorativo.<\/p>\n<p><script src=\"moz-extension:\/\/5bdaac7b-9cd7-491b-8ff4-ed31f89b43b7\/js\/app.js\" type=\"text\/javascript\"><\/script><\/p>\n","protected":false},"featured_media":3241,"comment_status":"open","ping_status":"closed","template":"","meta":{"_vp_format_video_url":"","_vp_image_focal_point":[]},"product_brand":[],"product_cat":[313,321],"product_tag":[210,246,276,194],"class_list":{"0":"post-5205","1":"product","2":"type-product","3":"status-publish","4":"has-post-thumbnail","6":"product_cat-ambiente-gl","7":"product_cat-play-gl","8":"product_tag-decoracion-gl","9":"product_tag-fogar","10":"product_tag-prantas","11":"product_tag-xadrez","13":"first","14":"instock","15":"sale","16":"taxable","17":"shipping-taxable","18":"purchasable","19":"product-type-simple"},"exclude_global_add_ons":false,"addons":[{"name":"Color","type":"multiple_choice","position":0,"required":true,"title_format":"heading","default":"","description_enable":true,"description":"Elige el color de PLA para el producto","placeholder_enable":false,"placeholder":"","display":"select","restrictions_type":"any_text","adjust_price":false,"price":"","price_type":"","restrictions":false,"min":"0","max":"0","options":[{"label":"PLA rojo","price":"000","price_type":"quantity_based","image":0,"visibility":true},{"label":"PLA verde","price":"0","price_type":"quantity_based","image":0,"visibility":true},{"label":"PLA amarillo","price":"","price_type":"quantity_based","image":0,"visibility":true},{"label":"PLA azul","price":"","price_type":"quantity_based","image":0,"visibility":true},{"label":"PLA transparente","price":"","price_type":"quantity_based","image":0,"visibility":true},{"label":"PLA naranja","price":"","price_type":"quantity_based","image":0,"visibility":true},{"label":"PLA negro","price":"","price_type":"quantity_based","image":0,"visibility":true}]},{"name":"Texto personalizado","type":"heading","position":0,"required":false,"title_format":"label","default":"","description_enable":true,"description":"**Texto que llevar\u00e1 el objeto al imprimirlo (8 caracteres m\u00e1ximo)","placeholder_enable":false,"placeholder":"","display":"select","restrictions_type":"any_text","adjust_price":false,"price":"","price_type":"","restrictions":false,"min":"0","max":"0","options":[]},{"name":"Texto","type":"custom_text","position":0,"required":false,"title_format":"label","default":"","description_enable":false,"description":"","placeholder_enable":false,"placeholder":"","display":"select","restrictions_type":"any_text","adjust_price":true,"price":"5","price_type":"quantity_based","restrictions":false,"min":"","max":"","options":[]}],"_links":{"self":[{"href":"https:\/\/test.imprimetresde.com\/gl\/wp-json\/wp\/v2\/product\/5205","targetHints":{"allow":["GET"]}}],"collection":[{"href":"https:\/\/test.imprimetresde.com\/gl\/wp-json\/wp\/v2\/product"}],"about":[{"href":"https:\/\/test.imprimetresde.com\/gl\/wp-json\/wp\/v2\/types\/product"}],"replies":[{"embeddable":true,"href":"https:\/\/test.imprimetresde.com\/gl\/wp-json\/wp\/v2\/comments?post=5205"}],"wp:featuredmedia":[{"embeddable":true,"href":"https:\/\/test.imprimetresde.com\/gl\/wp-json\/wp\/v2\/media\/3241"}],"wp:attachment":[{"href":"https:\/\/test.imprimetresde.com\/gl\/wp-json\/wp\/v2\/media?parent=5205"}],"wp:term":[{"taxonomy":"product_brand","embeddable":true,"href":"https:\/\/test.imprimetresde.com\/gl\/wp-json\/wp\/v2\/product_brand?post=5205"},{"taxonomy":"product_cat","embeddable":true,"href":"https:\/\/test.imprimetresde.com\/gl\/wp-json\/wp\/v2\/product_cat?post=5205"},{"taxonomy":"product_tag","embeddable":true,"href":"https:\/\/test.imprimetresde.com\/gl\/wp-json\/wp\/v2\/product_tag?post=5205"}],"curies":[{"name":"wp","href":"https:\/\/api.w.org\/{rel}","templated":true}]}}