{"id":5231,"date":"2014-03-06T09:48:38","date_gmt":"2014-03-06T08:48:38","guid":{"rendered":"https:\/\/test.imprimetresde.com\/producto\/lampada-celular\/"},"modified":"2021-03-11T15:20:25","modified_gmt":"2021-03-11T13:20:25","slug":"lampada-celular","status":"publish","type":"product","link":"https:\/\/test.imprimetresde.com\/gl\/produto\/lampada-celular\/","title":{"rendered":"Lampada Cellular"},"content":{"rendered":"<p>Cellular Lamp. Dese\u00f1ada polo estudo <strong><a href=\"http:\/\/n-e-r-v-o-u-s.com\/cellCycle\/?l=4276\" rel=\"nofollow\">n-e-r-v-o-u-s<\/a>\u00a0system<\/strong>, presentamos a pantalla para l\u00e1mpara Cellular, un escultural dese\u00f1o org\u00e1nico que pode ser empregado como pantalla para unha l\u00e1mpada LED ou como un elemento escult\u00f3rico decorativo para calquera ambiente. Formas org\u00e1nicas basadas en algoritmos computerizados para unha peza cuxa singularidad radica no feito de que emula as formas da natureza sintetizadas e impresas por medios tecnol\u00f3xicos.<\/p>\n<p>* O\u00a0 material utilizado \u00e9 <a href=\"https:\/\/test.imprimetresde.com\/gl\/o-noso-material-de-impresion-o-pla-polimero-biodegradabel-procedente-de-recursos-vexetais\/\">PLA\u00a0<\/a>ecol\u00f3xico.<\/p>\n<h5><\/h5>\n<h5><strong>Vista 3D<\/strong> (Click + esquerda ou dereita para rotar)<\/h5>\n<img data-area='' data-attr='{}' data-brake='0.23' data-clickfree='false' data-cursor='url(\"https:\/\/test.imprimetresde.com\/wp-content\/plugins\/wp-reel\/cur\/jquery.reel.cur\"),hand' data-cw='false' data-delay='0' data-directional='' data-draggable='true' data-duration='' data-entry='' data-footage='6' data-framelock='false' data-graph='' data-hint='' data-horizontal='true' data-indicator='0' data-inversed='false' data-klass='' data-lazyness='' data-monitor='' data-opening='0' data-orbital='0' data-orientable='' data-preload='fidelity' data-preloader='4' data-rebound='0.5' data-responsive='true' data-row='1' data-rows='0' data-rowlock='false' data-scrollable='true' data-shy='false' data-spacing='0' data-steppable='true' data-tempo='25' data-throwable='true' data-velocity='0' data-vertical='false' data-wheelable='true' width='575' height='310'  class='reel' data-revolution='575'  data-speed='0'  data-loops='true'  data-frames='40' data-size='' data-frame='1'   data-images='https:\/\/test.imprimetresde.com\/wp-content\/uploads\/2014\/03\/cell_anim000040-opt.jpg,https:\/\/test.imprimetresde.com\/wp-content\/uploads\/2014\/03\/cell_anim000001-opt.jpg,https:\/\/test.imprimetresde.com\/wp-content\/uploads\/2014\/03\/cell_anim000002-opt.jpg,https:\/\/test.imprimetresde.com\/wp-content\/uploads\/2014\/03\/cell_anim000003-opt.jpg,https:\/\/test.imprimetresde.com\/wp-content\/uploads\/2014\/03\/cell_anim000004-opt.jpg,https:\/\/test.imprimetresde.com\/wp-content\/uploads\/2014\/03\/cell_anim000005-opt.jpg,https:\/\/test.imprimetresde.com\/wp-content\/uploads\/2014\/03\/cell_anim000006-opt.jpg,https:\/\/test.imprimetresde.com\/wp-content\/uploads\/2014\/03\/cell_anim000007-opt.jpg,https:\/\/test.imprimetresde.com\/wp-content\/uploads\/2014\/03\/cell_anim000008-opt.jpg,https:\/\/test.imprimetresde.com\/wp-content\/uploads\/2014\/03\/cell_anim000009-opt.jpg,https:\/\/test.imprimetresde.com\/wp-content\/uploads\/2014\/03\/cell_anim000010-opt.jpg,https:\/\/test.imprimetresde.com\/wp-content\/uploads\/2014\/03\/cell_anim000011-opt.jpg,https:\/\/test.imprimetresde.com\/wp-content\/uploads\/2014\/03\/cell_anim000012-opt.jpg,https:\/\/test.imprimetresde.com\/wp-content\/uploads\/2014\/03\/cell_anim000013-opt.jpg,https:\/\/test.imprimetresde.com\/wp-content\/uploads\/2014\/03\/cell_anim000014-opt.jpg,https:\/\/test.imprimetresde.com\/wp-content\/uploads\/2014\/03\/cell_anim000015-opt.jpg,https:\/\/test.imprimetresde.com\/wp-content\/uploads\/2014\/03\/cell_anim000016-opt.jpg,https:\/\/test.imprimetresde.com\/wp-content\/uploads\/2014\/03\/cell_anim000017-opt.jpg,https:\/\/test.imprimetresde.com\/wp-content\/uploads\/2014\/03\/cell_anim000018-opt.jpg,https:\/\/test.imprimetresde.com\/wp-content\/uploads\/2014\/03\/cell_anim000019-opt.jpg,https:\/\/test.imprimetresde.com\/wp-content\/uploads\/2014\/03\/cell_anim000020-opt.jpg,https:\/\/test.imprimetresde.com\/wp-content\/uploads\/2014\/03\/cell_anim000021-opt.jpg,https:\/\/test.imprimetresde.com\/wp-content\/uploads\/2014\/03\/cell_anim000022-opt.jpg,https:\/\/test.imprimetresde.com\/wp-content\/uploads\/2014\/03\/cell_anim000023-opt.jpg,https:\/\/test.imprimetresde.com\/wp-content\/uploads\/2014\/03\/cell_anim000024-opt.jpg,https:\/\/test.imprimetresde.com\/wp-content\/uploads\/2014\/03\/cell_anim000025-opt.jpg,https:\/\/test.imprimetresde.com\/wp-content\/uploads\/2014\/03\/cell_anim000026-opt.jpg,https:\/\/test.imprimetresde.com\/wp-content\/uploads\/2014\/03\/cell_anim000027-opt.jpg,https:\/\/test.imprimetresde.com\/wp-content\/uploads\/2014\/03\/cell_anim000028-opt.jpg,https:\/\/test.imprimetresde.com\/wp-content\/uploads\/2014\/03\/cell_anim000029-opt.jpg,https:\/\/test.imprimetresde.com\/wp-content\/uploads\/2014\/03\/cell_anim000030-opt.jpg,https:\/\/test.imprimetresde.com\/wp-content\/uploads\/2014\/03\/cell_anim000031-opt.jpg,https:\/\/test.imprimetresde.com\/wp-content\/uploads\/2014\/03\/cell_anim000032-opt.jpg,https:\/\/test.imprimetresde.com\/wp-content\/uploads\/2014\/03\/cell_anim000033-opt.jpg,https:\/\/test.imprimetresde.com\/wp-content\/uploads\/2014\/03\/cell_anim000034-opt.jpg,https:\/\/test.imprimetresde.com\/wp-content\/uploads\/2014\/03\/cell_anim000035-opt.jpg,https:\/\/test.imprimetresde.com\/wp-content\/uploads\/2014\/03\/cell_anim000036-opt.jpg,https:\/\/test.imprimetresde.com\/wp-content\/uploads\/2014\/03\/cell_anim000037-opt.jpg,https:\/\/test.imprimetresde.com\/wp-content\/uploads\/2014\/03\/cell_anim000038-opt.jpg,https:\/\/test.imprimetresde.com\/wp-content\/uploads\/2014\/03\/cell_anim000039-opt.jpg' src='https:\/\/test.imprimetresde.com\/wp-content\/uploads\/2014\/03\/cell_anim000040-opt.jpg' >\n<p>&nbsp;<\/p>\n<p>&nbsp;<\/p>\n<p>&nbsp;<\/p>\n","protected":false},"excerpt":{"rendered":"<p>Cellular Lamp. Dese\u00f1ada polo estudo <strong><a href=\"http:\/\/n-e-r-v-o-u-s.com\/cellCycle\/?l=4276\" rel=\"nofollow\">n-e-r-v-o-u-s<\/a>\u00a0system<\/strong>, presentamos a pantalla para l\u00e1mpara Cellular, un escultural dese\u00f1o org\u00e1nico.<\/p>\n","protected":false},"featured_media":3256,"comment_status":"open","ping_status":"closed","template":"","meta":{"_vp_format_video_url":"","_vp_image_focal_point":[]},"product_brand":[],"product_cat":[313,319],"product_tag":[566,1603,218,1685,210,1483,1681,1684,1683,255,1682,261],"class_list":{"0":"post-5231","1":"product","2":"type-product","3":"status-publish","4":"has-post-thumbnail","6":"product_cat-ambiente-gl","7":"product_cat-iluminacion-gl","8":"product_tag-agasallo","9":"product_tag-casa","10":"product_tag-celular-gl","11":"product_tag-deco-gl","12":"product_tag-decoracion-gl","13":"product_tag-decorativa","14":"product_tag-ecoloxico-gl","15":"product_tag-estancia-gl","16":"product_tag-habitacion-gl","17":"product_tag-lampada","18":"product_tag-oficina-gl","19":"product_tag-organico-gl","21":"first","22":"instock","23":"sale","24":"taxable","25":"shipping-taxable","26":"purchasable","27":"product-type-simple"},"exclude_global_add_ons":[],"addons":[],"_links":{"self":[{"href":"https:\/\/test.imprimetresde.com\/gl\/wp-json\/wp\/v2\/product\/5231","targetHints":{"allow":["GET"]}}],"collection":[{"href":"https:\/\/test.imprimetresde.com\/gl\/wp-json\/wp\/v2\/product"}],"about":[{"href":"https:\/\/test.imprimetresde.com\/gl\/wp-json\/wp\/v2\/types\/product"}],"replies":[{"embeddable":true,"href":"https:\/\/test.imprimetresde.com\/gl\/wp-json\/wp\/v2\/comments?post=5231"}],"wp:featuredmedia":[{"embeddable":true,"href":"https:\/\/test.imprimetresde.com\/gl\/wp-json\/wp\/v2\/media\/3256"}],"wp:attachment":[{"href":"https:\/\/test.imprimetresde.com\/gl\/wp-json\/wp\/v2\/media?parent=5231"}],"wp:term":[{"taxonomy":"product_brand","embeddable":true,"href":"https:\/\/test.imprimetresde.com\/gl\/wp-json\/wp\/v2\/product_brand?post=5231"},{"taxonomy":"product_cat","embeddable":true,"href":"https:\/\/test.imprimetresde.com\/gl\/wp-json\/wp\/v2\/product_cat?post=5231"},{"taxonomy":"product_tag","embeddable":true,"href":"https:\/\/test.imprimetresde.com\/gl\/wp-json\/wp\/v2\/product_tag?post=5231"}],"curies":[{"name":"wp","href":"https:\/\/api.w.org\/{rel}","templated":true}]}}